{"id":50134,"date":"2025-08-30T09:17:47","date_gmt":"2025-08-30T07:17:47","guid":{"rendered":"https:\/\/librairie7l.com\/?post_type=product&#038;p=50134"},"modified":"2026-04-21T11:36:58","modified_gmt":"2026-04-21T09:36:58","slug":"joan-mitchell-et-ses-chiens-2","status":"publish","type":"product","link":"https:\/\/librairie7l.com\/en\/produit\/joan-mitchell-et-ses-chiens-2\/","title":{"rendered":"JOAN MITCHELL ET SES CHIENS"},"content":{"rendered":"<p>Figure incontournable de l&#8217;abstraction, Joan Mitchell (1925-1992) a trouv\u00e9 une inspiration in\u00e9puisable en la pr\u00e9sence de ses chiens. Compagnons fid\u00e8les l&#8217;accompagnant entre New York et Paris, en passant par sa propri\u00e9t\u00e9 de V\u00e9theuil, ils sont les seules \u00e2mes admises dans son studio lorsqu&#8217;elle y travaille. Parmi eux, Patou, un \u00e9pagneul breton, et Iva, un berger allemand, ont \u00e9t\u00e9 particuli\u00e8rement importants, et nombre de ses tableaux portent le nom de ses chiens.<br \/>\nRichement illustr\u00e9 d&#8217;oeuvres de l&#8217;artiste et de photographies d&#8217;archives, cet ouvrage ouvre les portes de son intimit\u00e9 et laisse entrevoir son processus de cr\u00e9ation.<br \/>\nJoan Mitchell et ses chiens est le troisi\u00e8me livre de la collection Amigos Forever (dont le titre est un clin d&#8217;oeil \u00e0 Picasso et Lump) qui propose un regard sur la vie et l&#8217;oeuvre de grands artistes et amoureux de l&#8217;art du XXe et du XXIe si\u00e8cle sous l&#8217;angle de la relation aux \u00ab chiens de leur vie \u00bb. Des ouvrages \u00e9rudits et l\u00e9gers, confi\u00e9s aux meilleurs sp\u00e9cialistes, m\u00ealant t\u00e9moignages et r\u00e9cits, citations, photographies d&#8217;archive et reproductions d&#8217;oeuvres, qui invitent \u00e0 une approche singuli\u00e8re, entre sensibilit\u00e9 et humour, de la vie et de l&#8217;oeuvre de Pablo Picasso, Joan Mitchell, Andy Warhol, Francis Picabia, Pierre Bonnard, David Hockney, William Wegman, ou encore Gertrude Stein, Peggy Guggenheim, Yves Saint Laurent&#8230;<\/p>\n","protected":false},"excerpt":{"rendered":"<p>Figure incontournable de l&#8217;abstraction, Joan Mitchell (1925-1992) a trouv\u00e9 une inspiration in\u00e9puisable en la pr\u00e9sence de ses chiens. Compagnons fid\u00e8les l&#8217;accompagnant entre New York et Paris, en passant par sa propri\u00e9t\u00e9 de V\u00e9theuil, ils sont les seules \u00e2mes admises dans son studio lorsqu&#8217;elle y travaille. Parmi eux, Patou, un \u00e9pagneul breton, et Iva, un berger [&hellip;]<\/p>\n","protected":false},"featured_media":50132,"template":"","meta":[],"product_cat":[2948,2953],"product_tag":[],"acf":[],"yoast_head":"<!-- This site is optimized with the Yoast SEO plugin v20.11 - https:\/\/yoast.com\/wordpress\/plugins\/seo\/ -->\n<title>Joan Mitchell et ses chiens - Librairie 7L<\/title>\n<meta name=\"robots\" content=\"index, follow, max-snippet:-1, max-image-preview:large, max-video-preview:-1\" \/>\n<link rel=\"canonical\" href=\"https:\/\/librairie7l.com\/en\/produit\/joan-mitchell-et-ses-chiens-2\/\" \/>\n<meta property=\"og:locale\" content=\"en_US\" \/>\n<meta property=\"og:type\" content=\"article\" \/>\n<meta property=\"og:title\" content=\"Joan Mitchell et ses chiens - Librairie 7L\" \/>\n<meta property=\"og:description\" content=\"Figure incontournable de l&#8217;abstraction, Joan Mitchell (1925-1992) a trouv\u00e9 une inspiration in\u00e9puisable en la pr\u00e9sence de ses chiens. Compagnons fid\u00e8les l&#8217;accompagnant entre New York et Paris, en passant par sa propri\u00e9t\u00e9 de V\u00e9theuil, ils sont les seules \u00e2mes admises dans son studio lorsqu&#8217;elle y travaille. Parmi eux, Patou, un \u00e9pagneul breton, et Iva, un berger [&hellip;]\" \/>\n<meta property=\"og:url\" content=\"https:\/\/librairie7l.com\/en\/produit\/joan-mitchell-et-ses-chiens-2\/\" \/>\n<meta property=\"og:site_name\" content=\"Librairie 7L\" \/>\n<meta property=\"article:modified_time\" content=\"2026-04-21T09:36:58+00:00\" \/>\n<meta property=\"og:image\" content=\"https:\/\/librairie7l.com\/wp-content\/uploads\/2025\/01\/9782376661047_1_75.jpg\" \/>\n\t<meta property=\"og:image:width\" content=\"600\" \/>\n\t<meta property=\"og:image:height\" content=\"787\" \/>\n\t<meta property=\"og:image:type\" content=\"image\/jpeg\" \/>\n<meta name=\"twitter:card\" content=\"summary_large_image\" \/>\n<meta name=\"twitter:label1\" content=\"Est. reading time\" \/>\n\t<meta name=\"twitter:data1\" content=\"1 minute\" \/>\n<script type=\"application\/ld+json\" class=\"yoast-schema-graph\">{\"@context\":\"https:\/\/schema.org\",\"@graph\":[{\"@type\":\"WebPage\",\"@id\":\"https:\/\/librairie7l.com\/en\/produit\/joan-mitchell-et-ses-chiens-2\/\",\"url\":\"https:\/\/librairie7l.com\/en\/produit\/joan-mitchell-et-ses-chiens-2\/\",\"name\":\"Joan Mitchell et ses chiens - Librairie 7L\",\"isPartOf\":{\"@id\":\"https:\/\/librairie7l.com\/en\/#website\"},\"datePublished\":\"2025-08-30T07:17:47+00:00\",\"dateModified\":\"2026-04-21T09:36:58+00:00\",\"breadcrumb\":{\"@id\":\"https:\/\/librairie7l.com\/en\/produit\/joan-mitchell-et-ses-chiens-2\/#breadcrumb\"},\"inLanguage\":\"en-US\",\"potentialAction\":[{\"@type\":\"ReadAction\",\"target\":[\"https:\/\/librairie7l.com\/en\/produit\/joan-mitchell-et-ses-chiens-2\/\"]}]},{\"@type\":\"BreadcrumbList\",\"@id\":\"https:\/\/librairie7l.com\/en\/produit\/joan-mitchell-et-ses-chiens-2\/#breadcrumb\",\"itemListElement\":[{\"@type\":\"ListItem\",\"position\":1,\"name\":\"Accueil\",\"item\":\"https:\/\/librairie7l.com\/en\/\"},{\"@type\":\"ListItem\",\"position\":2,\"name\":\"Shop\",\"item\":\"https:\/\/librairie7l.com\/en\/shop\/\"},{\"@type\":\"ListItem\",\"position\":3,\"name\":\"JOAN MITCHELL ET SES CHIENS\"}]},{\"@type\":\"WebSite\",\"@id\":\"https:\/\/librairie7l.com\/en\/#website\",\"url\":\"https:\/\/librairie7l.com\/en\/\",\"name\":\"Librairie 7L\",\"description\":\"Librairie fond\u00e9e en 1999 par Karl Lagerfeld \u00e0 Paris\",\"publisher\":{\"@id\":\"https:\/\/librairie7l.com\/en\/#organization\"},\"potentialAction\":[{\"@type\":\"SearchAction\",\"target\":{\"@type\":\"EntryPoint\",\"urlTemplate\":\"https:\/\/librairie7l.com\/en\/?s={search_term_string}\"},\"query-input\":\"required name=search_term_string\"}],\"inLanguage\":\"en-US\"},{\"@type\":\"Organization\",\"@id\":\"https:\/\/librairie7l.com\/en\/#organization\",\"name\":\"Librairie 7L\",\"url\":\"https:\/\/librairie7l.com\/en\/\",\"logo\":{\"@type\":\"ImageObject\",\"inLanguage\":\"en-US\",\"@id\":\"https:\/\/librairie7l.com\/en\/#\/schema\/logo\/image\/\",\"url\":\"https:\/\/librairie7l.com\/wp-content\/uploads\/2022\/08\/logo-1.png\",\"contentUrl\":\"https:\/\/librairie7l.com\/wp-content\/uploads\/2022\/08\/logo-1.png\",\"width\":227,\"height\":301,\"caption\":\"Librairie 7L\"},\"image\":{\"@id\":\"https:\/\/librairie7l.com\/en\/#\/schema\/logo\/image\/\"}}]}<\/script>\n<!-- \/ Yoast SEO plugin. -->","yoast_head_json":{"title":"Joan Mitchell et ses chiens - Librairie 7L","robots":{"index":"index","follow":"follow","max-snippet":"max-snippet:-1","max-image-preview":"max-image-preview:large","max-video-preview":"max-video-preview:-1"},"canonical":"https:\/\/librairie7l.com\/en\/produit\/joan-mitchell-et-ses-chiens-2\/","og_locale":"en_US","og_type":"article","og_title":"Joan Mitchell et ses chiens - Librairie 7L","og_description":"Figure incontournable de l&#8217;abstraction, Joan Mitchell (1925-1992) a trouv\u00e9 une inspiration in\u00e9puisable en la pr\u00e9sence de ses chiens. Compagnons fid\u00e8les l&#8217;accompagnant entre New York et Paris, en passant par sa propri\u00e9t\u00e9 de V\u00e9theuil, ils sont les seules \u00e2mes admises dans son studio lorsqu&#8217;elle y travaille. Parmi eux, Patou, un \u00e9pagneul breton, et Iva, un berger [&hellip;]","og_url":"https:\/\/librairie7l.com\/en\/produit\/joan-mitchell-et-ses-chiens-2\/","og_site_name":"Librairie 7L","article_modified_time":"2026-04-21T09:36:58+00:00","og_image":[{"width":600,"height":787,"url":"https:\/\/librairie7l.com\/wp-content\/uploads\/2025\/01\/9782376661047_1_75.jpg","type":"image\/jpeg"}],"twitter_card":"summary_large_image","twitter_misc":{"Est. reading time":"1 minute"},"schema":{"@context":"https:\/\/schema.org","@graph":[{"@type":"WebPage","@id":"https:\/\/librairie7l.com\/en\/produit\/joan-mitchell-et-ses-chiens-2\/","url":"https:\/\/librairie7l.com\/en\/produit\/joan-mitchell-et-ses-chiens-2\/","name":"Joan Mitchell et ses chiens - Librairie 7L","isPartOf":{"@id":"https:\/\/librairie7l.com\/en\/#website"},"datePublished":"2025-08-30T07:17:47+00:00","dateModified":"2026-04-21T09:36:58+00:00","breadcrumb":{"@id":"https:\/\/librairie7l.com\/en\/produit\/joan-mitchell-et-ses-chiens-2\/#breadcrumb"},"inLanguage":"en-US","potentialAction":[{"@type":"ReadAction","target":["https:\/\/librairie7l.com\/en\/produit\/joan-mitchell-et-ses-chiens-2\/"]}]},{"@type":"BreadcrumbList","@id":"https:\/\/librairie7l.com\/en\/produit\/joan-mitchell-et-ses-chiens-2\/#breadcrumb","itemListElement":[{"@type":"ListItem","position":1,"name":"Accueil","item":"https:\/\/librairie7l.com\/en\/"},{"@type":"ListItem","position":2,"name":"Shop","item":"https:\/\/librairie7l.com\/en\/shop\/"},{"@type":"ListItem","position":3,"name":"JOAN MITCHELL ET SES CHIENS"}]},{"@type":"WebSite","@id":"https:\/\/librairie7l.com\/en\/#website","url":"https:\/\/librairie7l.com\/en\/","name":"Librairie 7L","description":"Librairie fond\u00e9e en 1999 par Karl Lagerfeld \u00e0 Paris","publisher":{"@id":"https:\/\/librairie7l.com\/en\/#organization"},"potentialAction":[{"@type":"SearchAction","target":{"@type":"EntryPoint","urlTemplate":"https:\/\/librairie7l.com\/en\/?s={search_term_string}"},"query-input":"required name=search_term_string"}],"inLanguage":"en-US"},{"@type":"Organization","@id":"https:\/\/librairie7l.com\/en\/#organization","name":"Librairie 7L","url":"https:\/\/librairie7l.com\/en\/","logo":{"@type":"ImageObject","inLanguage":"en-US","@id":"https:\/\/librairie7l.com\/en\/#\/schema\/logo\/image\/","url":"https:\/\/librairie7l.com\/wp-content\/uploads\/2022\/08\/logo-1.png","contentUrl":"https:\/\/librairie7l.com\/wp-content\/uploads\/2022\/08\/logo-1.png","width":227,"height":301,"caption":"Librairie 7L"},"image":{"@id":"https:\/\/librairie7l.com\/en\/#\/schema\/logo\/image\/"}}]}},"_links":{"self":[{"href":"https:\/\/librairie7l.com\/en\/wp-json\/wp\/v2\/product\/50134"}],"collection":[{"href":"https:\/\/librairie7l.com\/en\/wp-json\/wp\/v2\/product"}],"about":[{"href":"https:\/\/librairie7l.com\/en\/wp-json\/wp\/v2\/types\/product"}],"wp:featuredmedia":[{"embeddable":true,"href":"https:\/\/librairie7l.com\/en\/wp-json\/wp\/v2\/media\/50132"}],"wp:attachment":[{"href":"https:\/\/librairie7l.com\/en\/wp-json\/wp\/v2\/media?parent=50134"}],"wp:term":[{"taxonomy":"product_cat","embeddable":true,"href":"https:\/\/librairie7l.com\/en\/wp-json\/wp\/v2\/product_cat?post=50134"},{"taxonomy":"product_tag","embeddable":true,"href":"https:\/\/librairie7l.com\/en\/wp-json\/wp\/v2\/product_tag?post=50134"}],"curies":[{"name":"wp","href":"https:\/\/api.w.org\/{rel}","templated":true}]}}