{"id":50142,"date":"2025-08-31T11:30:51","date_gmt":"2025-08-31T09:30:51","guid":{"rendered":"https:\/\/librairie7l.com\/?post_type=product&#038;p=50142"},"modified":"2026-04-06T12:55:42","modified_gmt":"2026-04-06T10:55:42","slug":"nosferatu-par-dela-lhorreur-et-la-mort-2","status":"publish","type":"product","link":"https:\/\/librairie7l.com\/en\/produit\/nosferatu-par-dela-lhorreur-et-la-mort-2\/","title":{"rendered":"NOSFERATU : PAR DEL\u00c0 L&#8217;HORREUR ET LA MORT"},"content":{"rendered":"<p>En 1838, apr\u00e8s avoir rencontr\u00e9 Thomas Hutter, le Comte Orlok accepte de quitter son ch\u00e2teau des Carpates et de prendre la direction du port naval de Br\u00eame. Seulement, le comte est un vampire et avec son voyage se propage la peste&#8230; Seul un sacrifice volontaire pourrait venir \u00e0 bout de la cr\u00e9ature et de cette \u00e9pid\u00e9mie&#8230;<\/p>\n","protected":false},"excerpt":{"rendered":"<p>En 1838, apr\u00e8s avoir rencontr\u00e9 Thomas Hutter, le Comte Orlok accepte de quitter son ch\u00e2teau des Carpates et de prendre la direction du port naval de Br\u00eame. Seulement, le comte est un vampire et avec son voyage se propage la peste&#8230; Seul un sacrifice volontaire pourrait venir \u00e0 bout de la cr\u00e9ature et de cette [&hellip;]<\/p>\n","protected":false},"featured_media":50140,"template":"","meta":[],"product_cat":[7364,2948],"product_tag":[],"acf":[],"yoast_head":"<!-- This site is optimized with the Yoast SEO plugin v20.11 - https:\/\/yoast.com\/wordpress\/plugins\/seo\/ -->\n<title>Nosferatu : Par del\u00e0 l&#039;horreur et la mort - Librairie 7L<\/title>\n<meta name=\"robots\" content=\"index, follow, max-snippet:-1, max-image-preview:large, max-video-preview:-1\" \/>\n<link rel=\"canonical\" href=\"https:\/\/librairie7l.com\/en\/produit\/nosferatu-par-dela-lhorreur-et-la-mort-2\/\" \/>\n<meta property=\"og:locale\" content=\"en_US\" \/>\n<meta property=\"og:type\" content=\"article\" \/>\n<meta property=\"og:title\" content=\"Nosferatu : Par del\u00e0 l&#039;horreur et la mort - Librairie 7L\" \/>\n<meta property=\"og:description\" content=\"En 1838, apr\u00e8s avoir rencontr\u00e9 Thomas Hutter, le Comte Orlok accepte de quitter son ch\u00e2teau des Carpates et de prendre la direction du port naval de Br\u00eame. Seulement, le comte est un vampire et avec son voyage se propage la peste&#8230; Seul un sacrifice volontaire pourrait venir \u00e0 bout de la cr\u00e9ature et de cette [&hellip;]\" \/>\n<meta property=\"og:url\" content=\"https:\/\/librairie7l.com\/en\/produit\/nosferatu-par-dela-lhorreur-et-la-mort-2\/\" \/>\n<meta property=\"og:site_name\" content=\"Librairie 7L\" \/>\n<meta property=\"article:modified_time\" content=\"2026-04-06T10:55:42+00:00\" \/>\n<meta property=\"og:image\" content=\"https:\/\/librairie7l.com\/wp-content\/uploads\/2024\/09\/9782386030765_1_75.jpg\" \/>\n\t<meta property=\"og:image:width\" content=\"808\" \/>\n\t<meta property=\"og:image:height\" content=\"600\" \/>\n\t<meta property=\"og:image:type\" content=\"image\/jpeg\" \/>\n<meta name=\"twitter:card\" content=\"summary_large_image\" \/>\n<script type=\"application\/ld+json\" class=\"yoast-schema-graph\">{\"@context\":\"https:\/\/schema.org\",\"@graph\":[{\"@type\":\"WebPage\",\"@id\":\"https:\/\/librairie7l.com\/en\/produit\/nosferatu-par-dela-lhorreur-et-la-mort-2\/\",\"url\":\"https:\/\/librairie7l.com\/en\/produit\/nosferatu-par-dela-lhorreur-et-la-mort-2\/\",\"name\":\"Nosferatu : Par del\u00e0 l'horreur et la mort - Librairie 7L\",\"isPartOf\":{\"@id\":\"https:\/\/librairie7l.com\/en\/#website\"},\"datePublished\":\"2025-08-31T09:30:51+00:00\",\"dateModified\":\"2026-04-06T10:55:42+00:00\",\"breadcrumb\":{\"@id\":\"https:\/\/librairie7l.com\/en\/produit\/nosferatu-par-dela-lhorreur-et-la-mort-2\/#breadcrumb\"},\"inLanguage\":\"en-US\",\"potentialAction\":[{\"@type\":\"ReadAction\",\"target\":[\"https:\/\/librairie7l.com\/en\/produit\/nosferatu-par-dela-lhorreur-et-la-mort-2\/\"]}]},{\"@type\":\"BreadcrumbList\",\"@id\":\"https:\/\/librairie7l.com\/en\/produit\/nosferatu-par-dela-lhorreur-et-la-mort-2\/#breadcrumb\",\"itemListElement\":[{\"@type\":\"ListItem\",\"position\":1,\"name\":\"Accueil\",\"item\":\"https:\/\/librairie7l.com\/en\/\"},{\"@type\":\"ListItem\",\"position\":2,\"name\":\"Shop\",\"item\":\"https:\/\/librairie7l.com\/en\/shop\/\"},{\"@type\":\"ListItem\",\"position\":3,\"name\":\"NOSFERATU : PAR DEL\u00c0 L&#8217;HORREUR ET LA MORT\"}]},{\"@type\":\"WebSite\",\"@id\":\"https:\/\/librairie7l.com\/en\/#website\",\"url\":\"https:\/\/librairie7l.com\/en\/\",\"name\":\"Librairie 7L\",\"description\":\"Librairie fond\u00e9e en 1999 par Karl Lagerfeld \u00e0 Paris\",\"publisher\":{\"@id\":\"https:\/\/librairie7l.com\/en\/#organization\"},\"potentialAction\":[{\"@type\":\"SearchAction\",\"target\":{\"@type\":\"EntryPoint\",\"urlTemplate\":\"https:\/\/librairie7l.com\/en\/?s={search_term_string}\"},\"query-input\":\"required name=search_term_string\"}],\"inLanguage\":\"en-US\"},{\"@type\":\"Organization\",\"@id\":\"https:\/\/librairie7l.com\/en\/#organization\",\"name\":\"Librairie 7L\",\"url\":\"https:\/\/librairie7l.com\/en\/\",\"logo\":{\"@type\":\"ImageObject\",\"inLanguage\":\"en-US\",\"@id\":\"https:\/\/librairie7l.com\/en\/#\/schema\/logo\/image\/\",\"url\":\"https:\/\/librairie7l.com\/wp-content\/uploads\/2022\/08\/logo-1.png\",\"contentUrl\":\"https:\/\/librairie7l.com\/wp-content\/uploads\/2022\/08\/logo-1.png\",\"width\":227,\"height\":301,\"caption\":\"Librairie 7L\"},\"image\":{\"@id\":\"https:\/\/librairie7l.com\/en\/#\/schema\/logo\/image\/\"}}]}<\/script>\n<!-- \/ Yoast SEO plugin. -->","yoast_head_json":{"title":"Nosferatu : Par del\u00e0 l'horreur et la mort - Librairie 7L","robots":{"index":"index","follow":"follow","max-snippet":"max-snippet:-1","max-image-preview":"max-image-preview:large","max-video-preview":"max-video-preview:-1"},"canonical":"https:\/\/librairie7l.com\/en\/produit\/nosferatu-par-dela-lhorreur-et-la-mort-2\/","og_locale":"en_US","og_type":"article","og_title":"Nosferatu : Par del\u00e0 l'horreur et la mort - Librairie 7L","og_description":"En 1838, apr\u00e8s avoir rencontr\u00e9 Thomas Hutter, le Comte Orlok accepte de quitter son ch\u00e2teau des Carpates et de prendre la direction du port naval de Br\u00eame. Seulement, le comte est un vampire et avec son voyage se propage la peste&#8230; Seul un sacrifice volontaire pourrait venir \u00e0 bout de la cr\u00e9ature et de cette [&hellip;]","og_url":"https:\/\/librairie7l.com\/en\/produit\/nosferatu-par-dela-lhorreur-et-la-mort-2\/","og_site_name":"Librairie 7L","article_modified_time":"2026-04-06T10:55:42+00:00","og_image":[{"width":808,"height":600,"url":"https:\/\/librairie7l.com\/wp-content\/uploads\/2024\/09\/9782386030765_1_75.jpg","type":"image\/jpeg"}],"twitter_card":"summary_large_image","schema":{"@context":"https:\/\/schema.org","@graph":[{"@type":"WebPage","@id":"https:\/\/librairie7l.com\/en\/produit\/nosferatu-par-dela-lhorreur-et-la-mort-2\/","url":"https:\/\/librairie7l.com\/en\/produit\/nosferatu-par-dela-lhorreur-et-la-mort-2\/","name":"Nosferatu : Par del\u00e0 l'horreur et la mort - Librairie 7L","isPartOf":{"@id":"https:\/\/librairie7l.com\/en\/#website"},"datePublished":"2025-08-31T09:30:51+00:00","dateModified":"2026-04-06T10:55:42+00:00","breadcrumb":{"@id":"https:\/\/librairie7l.com\/en\/produit\/nosferatu-par-dela-lhorreur-et-la-mort-2\/#breadcrumb"},"inLanguage":"en-US","potentialAction":[{"@type":"ReadAction","target":["https:\/\/librairie7l.com\/en\/produit\/nosferatu-par-dela-lhorreur-et-la-mort-2\/"]}]},{"@type":"BreadcrumbList","@id":"https:\/\/librairie7l.com\/en\/produit\/nosferatu-par-dela-lhorreur-et-la-mort-2\/#breadcrumb","itemListElement":[{"@type":"ListItem","position":1,"name":"Accueil","item":"https:\/\/librairie7l.com\/en\/"},{"@type":"ListItem","position":2,"name":"Shop","item":"https:\/\/librairie7l.com\/en\/shop\/"},{"@type":"ListItem","position":3,"name":"NOSFERATU : PAR DEL\u00c0 L&#8217;HORREUR ET LA MORT"}]},{"@type":"WebSite","@id":"https:\/\/librairie7l.com\/en\/#website","url":"https:\/\/librairie7l.com\/en\/","name":"Librairie 7L","description":"Librairie fond\u00e9e en 1999 par Karl Lagerfeld \u00e0 Paris","publisher":{"@id":"https:\/\/librairie7l.com\/en\/#organization"},"potentialAction":[{"@type":"SearchAction","target":{"@type":"EntryPoint","urlTemplate":"https:\/\/librairie7l.com\/en\/?s={search_term_string}"},"query-input":"required name=search_term_string"}],"inLanguage":"en-US"},{"@type":"Organization","@id":"https:\/\/librairie7l.com\/en\/#organization","name":"Librairie 7L","url":"https:\/\/librairie7l.com\/en\/","logo":{"@type":"ImageObject","inLanguage":"en-US","@id":"https:\/\/librairie7l.com\/en\/#\/schema\/logo\/image\/","url":"https:\/\/librairie7l.com\/wp-content\/uploads\/2022\/08\/logo-1.png","contentUrl":"https:\/\/librairie7l.com\/wp-content\/uploads\/2022\/08\/logo-1.png","width":227,"height":301,"caption":"Librairie 7L"},"image":{"@id":"https:\/\/librairie7l.com\/en\/#\/schema\/logo\/image\/"}}]}},"_links":{"self":[{"href":"https:\/\/librairie7l.com\/en\/wp-json\/wp\/v2\/product\/50142"}],"collection":[{"href":"https:\/\/librairie7l.com\/en\/wp-json\/wp\/v2\/product"}],"about":[{"href":"https:\/\/librairie7l.com\/en\/wp-json\/wp\/v2\/types\/product"}],"wp:featuredmedia":[{"embeddable":true,"href":"https:\/\/librairie7l.com\/en\/wp-json\/wp\/v2\/media\/50140"}],"wp:attachment":[{"href":"https:\/\/librairie7l.com\/en\/wp-json\/wp\/v2\/media?parent=50142"}],"wp:term":[{"taxonomy":"product_cat","embeddable":true,"href":"https:\/\/librairie7l.com\/en\/wp-json\/wp\/v2\/product_cat?post=50142"},{"taxonomy":"product_tag","embeddable":true,"href":"https:\/\/librairie7l.com\/en\/wp-json\/wp\/v2\/product_tag?post=50142"}],"curies":[{"name":"wp","href":"https:\/\/api.w.org\/{rel}","templated":true}]}}