{"id":50175,"date":"2025-09-03T09:17:45","date_gmt":"2025-09-03T07:17:45","guid":{"rendered":"https:\/\/librairie7l.com\/?post_type=product&#038;p=50175"},"modified":"2026-04-20T00:11:08","modified_gmt":"2026-04-19T22:11:08","slug":"dior-par-yuriko-takagi-2","status":"publish","type":"product","link":"https:\/\/librairie7l.com\/en\/produit\/dior-par-yuriko-takagi-2\/","title":{"rendered":"DIOR PAR YURIKO TAKAGI"},"content":{"rendered":"<p>Yuriko Takagi, photographe japonaise connue<br \/>\npour ses images construites avec une attention<br \/>\nparticuli\u00e8re pour les jeux d&#8217;ombre et lumi\u00e8re,<br \/>\ns&#8217;invite au sein du berceau historique de la maison<br \/>\nDior, le 30 avenue Montaigne, pour apporter son<br \/>\nunique perspective aux cr\u00e9ations de la maison.<br \/>\nYuriko Takagi rend gr\u00e2ce aux cr\u00e9ations de Christian<br \/>\nDior et des directeurs artistiques qui lui ont<br \/>\nsucc\u00e9d\u00e9. Elle capture les mouvements des mod\u00e8les<br \/>\net associe son style de photographie aux \u00e9l\u00e9ments<br \/>\nembl\u00e9matiques de la maison Dior comme les fleurs,<br \/>\nl&#8217;adresse mythique et son architecture, et le rouge.<br \/>\nLa photographe joue avec les toiles des robes,<br \/>\nles ombres, les lumi\u00e8res et les superpositions, cr\u00e9ant<br \/>\nainsi une atmosph\u00e8re emplie d&#8217;une grande po\u00e9sie.<br \/>\nUn dialogue se noue alors entre Yuriko Takagi<br \/>\net les robes, toiles, souliers, bijoux et accessoires<br \/>\nde la maison Dior.<br \/>\nKazuko Koike d\u00e9crit avec po\u00e9sie le travail<br \/>\nonirique de la photographe et Olivier Saillard,<br \/>\nsp\u00e9cialiste de la mode, apporte son regard sur<br \/>\nles toiles, qui sont devenues, \u00e0 travers l&#8217;objectif<br \/>\nde Yuriko Takagi, des \u00e9crans de projection<br \/>\ndes cr\u00e9ations de la maison Dior.<\/p>\n","protected":false},"excerpt":{"rendered":"<p>Yuriko Takagi, photographe japonaise connue pour ses images construites avec une attention particuli\u00e8re pour les jeux d&#8217;ombre et lumi\u00e8re, s&#8217;invite au sein du berceau historique de la maison Dior, le 30 avenue Montaigne, pour apporter son unique perspective aux cr\u00e9ations de la maison. Yuriko Takagi rend gr\u00e2ce aux cr\u00e9ations de Christian Dior et des directeurs [&hellip;]<\/p>\n","protected":false},"featured_media":50173,"template":"","meta":[],"product_cat":[2948,2957],"product_tag":[],"acf":[],"yoast_head":"<!-- This site is optimized with the Yoast SEO plugin v20.11 - https:\/\/yoast.com\/wordpress\/plugins\/seo\/ -->\n<title>Dior par Yuriko Takagi - Librairie 7L<\/title>\n<meta name=\"robots\" content=\"index, follow, max-snippet:-1, max-image-preview:large, max-video-preview:-1\" \/>\n<link rel=\"canonical\" href=\"https:\/\/librairie7l.com\/en\/produit\/dior-par-yuriko-takagi-2\/\" \/>\n<meta property=\"og:locale\" content=\"en_US\" \/>\n<meta property=\"og:type\" content=\"article\" \/>\n<meta property=\"og:title\" content=\"Dior par Yuriko Takagi - Librairie 7L\" \/>\n<meta property=\"og:description\" content=\"Yuriko Takagi, photographe japonaise connue pour ses images construites avec une attention particuli\u00e8re pour les jeux d&#8217;ombre et lumi\u00e8re, s&#8217;invite au sein du berceau historique de la maison Dior, le 30 avenue Montaigne, pour apporter son unique perspective aux cr\u00e9ations de la maison. Yuriko Takagi rend gr\u00e2ce aux cr\u00e9ations de Christian Dior et des directeurs [&hellip;]\" \/>\n<meta property=\"og:url\" content=\"https:\/\/librairie7l.com\/en\/produit\/dior-par-yuriko-takagi-2\/\" \/>\n<meta property=\"og:site_name\" content=\"Librairie 7L\" \/>\n<meta property=\"article:modified_time\" content=\"2026-04-19T22:11:08+00:00\" \/>\n<meta property=\"og:image\" content=\"https:\/\/librairie7l.com\/wp-content\/uploads\/2025\/04\/9780847875849_1_75.jpg\" \/>\n\t<meta property=\"og:image:width\" content=\"400\" \/>\n\t<meta property=\"og:image:height\" content=\"559\" \/>\n\t<meta property=\"og:image:type\" content=\"image\/jpeg\" \/>\n<meta name=\"twitter:card\" content=\"summary_large_image\" \/>\n<meta name=\"twitter:label1\" content=\"Est. reading time\" \/>\n\t<meta name=\"twitter:data1\" content=\"1 minute\" \/>\n<script type=\"application\/ld+json\" class=\"yoast-schema-graph\">{\"@context\":\"https:\/\/schema.org\",\"@graph\":[{\"@type\":\"WebPage\",\"@id\":\"https:\/\/librairie7l.com\/en\/produit\/dior-par-yuriko-takagi-2\/\",\"url\":\"https:\/\/librairie7l.com\/en\/produit\/dior-par-yuriko-takagi-2\/\",\"name\":\"Dior par Yuriko Takagi - Librairie 7L\",\"isPartOf\":{\"@id\":\"https:\/\/librairie7l.com\/en\/#website\"},\"datePublished\":\"2025-09-03T07:17:45+00:00\",\"dateModified\":\"2026-04-19T22:11:08+00:00\",\"breadcrumb\":{\"@id\":\"https:\/\/librairie7l.com\/en\/produit\/dior-par-yuriko-takagi-2\/#breadcrumb\"},\"inLanguage\":\"en-US\",\"potentialAction\":[{\"@type\":\"ReadAction\",\"target\":[\"https:\/\/librairie7l.com\/en\/produit\/dior-par-yuriko-takagi-2\/\"]}]},{\"@type\":\"BreadcrumbList\",\"@id\":\"https:\/\/librairie7l.com\/en\/produit\/dior-par-yuriko-takagi-2\/#breadcrumb\",\"itemListElement\":[{\"@type\":\"ListItem\",\"position\":1,\"name\":\"Accueil\",\"item\":\"https:\/\/librairie7l.com\/en\/\"},{\"@type\":\"ListItem\",\"position\":2,\"name\":\"Shop\",\"item\":\"https:\/\/librairie7l.com\/en\/shop\/\"},{\"@type\":\"ListItem\",\"position\":3,\"name\":\"DIOR PAR YURIKO TAKAGI\"}]},{\"@type\":\"WebSite\",\"@id\":\"https:\/\/librairie7l.com\/en\/#website\",\"url\":\"https:\/\/librairie7l.com\/en\/\",\"name\":\"Librairie 7L\",\"description\":\"Librairie fond\u00e9e en 1999 par Karl Lagerfeld \u00e0 Paris\",\"publisher\":{\"@id\":\"https:\/\/librairie7l.com\/en\/#organization\"},\"potentialAction\":[{\"@type\":\"SearchAction\",\"target\":{\"@type\":\"EntryPoint\",\"urlTemplate\":\"https:\/\/librairie7l.com\/en\/?s={search_term_string}\"},\"query-input\":\"required name=search_term_string\"}],\"inLanguage\":\"en-US\"},{\"@type\":\"Organization\",\"@id\":\"https:\/\/librairie7l.com\/en\/#organization\",\"name\":\"Librairie 7L\",\"url\":\"https:\/\/librairie7l.com\/en\/\",\"logo\":{\"@type\":\"ImageObject\",\"inLanguage\":\"en-US\",\"@id\":\"https:\/\/librairie7l.com\/en\/#\/schema\/logo\/image\/\",\"url\":\"https:\/\/librairie7l.com\/wp-content\/uploads\/2022\/08\/logo-1.png\",\"contentUrl\":\"https:\/\/librairie7l.com\/wp-content\/uploads\/2022\/08\/logo-1.png\",\"width\":227,\"height\":301,\"caption\":\"Librairie 7L\"},\"image\":{\"@id\":\"https:\/\/librairie7l.com\/en\/#\/schema\/logo\/image\/\"}}]}<\/script>\n<!-- \/ Yoast SEO plugin. -->","yoast_head_json":{"title":"Dior par Yuriko Takagi - Librairie 7L","robots":{"index":"index","follow":"follow","max-snippet":"max-snippet:-1","max-image-preview":"max-image-preview:large","max-video-preview":"max-video-preview:-1"},"canonical":"https:\/\/librairie7l.com\/en\/produit\/dior-par-yuriko-takagi-2\/","og_locale":"en_US","og_type":"article","og_title":"Dior par Yuriko Takagi - Librairie 7L","og_description":"Yuriko Takagi, photographe japonaise connue pour ses images construites avec une attention particuli\u00e8re pour les jeux d&#8217;ombre et lumi\u00e8re, s&#8217;invite au sein du berceau historique de la maison Dior, le 30 avenue Montaigne, pour apporter son unique perspective aux cr\u00e9ations de la maison. Yuriko Takagi rend gr\u00e2ce aux cr\u00e9ations de Christian Dior et des directeurs [&hellip;]","og_url":"https:\/\/librairie7l.com\/en\/produit\/dior-par-yuriko-takagi-2\/","og_site_name":"Librairie 7L","article_modified_time":"2026-04-19T22:11:08+00:00","og_image":[{"width":400,"height":559,"url":"https:\/\/librairie7l.com\/wp-content\/uploads\/2025\/04\/9780847875849_1_75.jpg","type":"image\/jpeg"}],"twitter_card":"summary_large_image","twitter_misc":{"Est. reading time":"1 minute"},"schema":{"@context":"https:\/\/schema.org","@graph":[{"@type":"WebPage","@id":"https:\/\/librairie7l.com\/en\/produit\/dior-par-yuriko-takagi-2\/","url":"https:\/\/librairie7l.com\/en\/produit\/dior-par-yuriko-takagi-2\/","name":"Dior par Yuriko Takagi - Librairie 7L","isPartOf":{"@id":"https:\/\/librairie7l.com\/en\/#website"},"datePublished":"2025-09-03T07:17:45+00:00","dateModified":"2026-04-19T22:11:08+00:00","breadcrumb":{"@id":"https:\/\/librairie7l.com\/en\/produit\/dior-par-yuriko-takagi-2\/#breadcrumb"},"inLanguage":"en-US","potentialAction":[{"@type":"ReadAction","target":["https:\/\/librairie7l.com\/en\/produit\/dior-par-yuriko-takagi-2\/"]}]},{"@type":"BreadcrumbList","@id":"https:\/\/librairie7l.com\/en\/produit\/dior-par-yuriko-takagi-2\/#breadcrumb","itemListElement":[{"@type":"ListItem","position":1,"name":"Accueil","item":"https:\/\/librairie7l.com\/en\/"},{"@type":"ListItem","position":2,"name":"Shop","item":"https:\/\/librairie7l.com\/en\/shop\/"},{"@type":"ListItem","position":3,"name":"DIOR PAR YURIKO TAKAGI"}]},{"@type":"WebSite","@id":"https:\/\/librairie7l.com\/en\/#website","url":"https:\/\/librairie7l.com\/en\/","name":"Librairie 7L","description":"Librairie fond\u00e9e en 1999 par Karl Lagerfeld \u00e0 Paris","publisher":{"@id":"https:\/\/librairie7l.com\/en\/#organization"},"potentialAction":[{"@type":"SearchAction","target":{"@type":"EntryPoint","urlTemplate":"https:\/\/librairie7l.com\/en\/?s={search_term_string}"},"query-input":"required name=search_term_string"}],"inLanguage":"en-US"},{"@type":"Organization","@id":"https:\/\/librairie7l.com\/en\/#organization","name":"Librairie 7L","url":"https:\/\/librairie7l.com\/en\/","logo":{"@type":"ImageObject","inLanguage":"en-US","@id":"https:\/\/librairie7l.com\/en\/#\/schema\/logo\/image\/","url":"https:\/\/librairie7l.com\/wp-content\/uploads\/2022\/08\/logo-1.png","contentUrl":"https:\/\/librairie7l.com\/wp-content\/uploads\/2022\/08\/logo-1.png","width":227,"height":301,"caption":"Librairie 7L"},"image":{"@id":"https:\/\/librairie7l.com\/en\/#\/schema\/logo\/image\/"}}]}},"_links":{"self":[{"href":"https:\/\/librairie7l.com\/en\/wp-json\/wp\/v2\/product\/50175"}],"collection":[{"href":"https:\/\/librairie7l.com\/en\/wp-json\/wp\/v2\/product"}],"about":[{"href":"https:\/\/librairie7l.com\/en\/wp-json\/wp\/v2\/types\/product"}],"wp:featuredmedia":[{"embeddable":true,"href":"https:\/\/librairie7l.com\/en\/wp-json\/wp\/v2\/media\/50173"}],"wp:attachment":[{"href":"https:\/\/librairie7l.com\/en\/wp-json\/wp\/v2\/media?parent=50175"}],"wp:term":[{"taxonomy":"product_cat","embeddable":true,"href":"https:\/\/librairie7l.com\/en\/wp-json\/wp\/v2\/product_cat?post=50175"},{"taxonomy":"product_tag","embeddable":true,"href":"https:\/\/librairie7l.com\/en\/wp-json\/wp\/v2\/product_tag?post=50175"}],"curies":[{"name":"wp","href":"https:\/\/api.w.org\/{rel}","templated":true}]}}