{"id":50177,"date":"2025-09-03T09:17:47","date_gmt":"2025-09-03T07:17:47","guid":{"rendered":"https:\/\/librairie7l.com\/?post_type=product&#038;p=50177"},"modified":"2026-04-17T09:02:01","modified_gmt":"2026-04-17T07:02:01","slug":"sheila-hicks-3","status":"publish","type":"product","link":"https:\/\/librairie7l.com\/en\/produit\/sheila-hicks-3\/","title":{"rendered":"SHEILA HICKS"},"content":{"rendered":"<p>R\u00e9\u00e9dition augment\u00e9e du livre Sheila Hicks \u00e9crit par Monique L\u00e9vi-Strauss en 1973, qui<br \/>\ndialogue avec l&#8217;exposition Le Fil voyageur. Racont\u00e9 par Sheila Hicks et Monique L\u00e9viStrauss (mus\u00e9e du quai Branly &#8211; Jacques Chirac, du 30\/09\/2025 au 08\/03\/2026).<br \/>\nCe livre, dont l&#8217;\u00e9dition originale est d\u00e9sormais \u00e9puis\u00e9e, est le premier ouvrage en<br \/>\nfran\u00e7ais sur Sheila Hicks, avant sa reconnaissance sur la sc\u00e8ne internationale. Le texte,<br \/>\n\u00e9crit par Monique L\u00e9vi-Strauss apr\u00e8s sa rencontre avec Sheila Hicks \u00e0 la fin des ann\u00e9es<br \/>\n1960, t\u00e9moigne d&#8217;une amiti\u00e9 et d&#8217;une passion commune autour des textiles et du fil.<\/p>\n","protected":false},"excerpt":{"rendered":"<p>R\u00e9\u00e9dition augment\u00e9e du livre Sheila Hicks \u00e9crit par Monique L\u00e9vi-Strauss en 1973, qui dialogue avec l&#8217;exposition Le Fil voyageur. Racont\u00e9 par Sheila Hicks et Monique L\u00e9viStrauss (mus\u00e9e du quai Branly &#8211; Jacques Chirac, du 30\/09\/2025 au 08\/03\/2026). Ce livre, dont l&#8217;\u00e9dition originale est d\u00e9sormais \u00e9puis\u00e9e, est le premier ouvrage en fran\u00e7ais sur Sheila Hicks, avant [&hellip;]<\/p>\n","protected":false},"featured_media":50518,"template":"","meta":[],"product_cat":[2948,2953],"product_tag":[],"acf":[],"yoast_head":"<!-- This site is optimized with the Yoast SEO plugin v20.11 - https:\/\/yoast.com\/wordpress\/plugins\/seo\/ -->\n<title>Sheila Hicks - Librairie 7L<\/title>\n<meta name=\"robots\" content=\"index, follow, max-snippet:-1, max-image-preview:large, max-video-preview:-1\" \/>\n<link rel=\"canonical\" href=\"https:\/\/librairie7l.com\/en\/produit\/sheila-hicks-3\/\" \/>\n<meta property=\"og:locale\" content=\"en_US\" \/>\n<meta property=\"og:type\" content=\"article\" \/>\n<meta property=\"og:title\" content=\"Sheila Hicks - Librairie 7L\" \/>\n<meta property=\"og:description\" content=\"R\u00e9\u00e9dition augment\u00e9e du livre Sheila Hicks \u00e9crit par Monique L\u00e9vi-Strauss en 1973, qui dialogue avec l&#8217;exposition Le Fil voyageur. Racont\u00e9 par Sheila Hicks et Monique L\u00e9viStrauss (mus\u00e9e du quai Branly &#8211; Jacques Chirac, du 30\/09\/2025 au 08\/03\/2026). Ce livre, dont l&#8217;\u00e9dition originale est d\u00e9sormais \u00e9puis\u00e9e, est le premier ouvrage en fran\u00e7ais sur Sheila Hicks, avant [&hellip;]\" \/>\n<meta property=\"og:url\" content=\"https:\/\/librairie7l.com\/en\/produit\/sheila-hicks-3\/\" \/>\n<meta property=\"og:site_name\" content=\"Librairie 7L\" \/>\n<meta property=\"article:modified_time\" content=\"2026-04-17T07:02:01+00:00\" \/>\n<meta name=\"twitter:card\" content=\"summary_large_image\" \/>\n<meta name=\"twitter:label1\" content=\"Est. reading time\" \/>\n\t<meta name=\"twitter:data1\" content=\"1 minute\" \/>\n<script type=\"application\/ld+json\" class=\"yoast-schema-graph\">{\"@context\":\"https:\/\/schema.org\",\"@graph\":[{\"@type\":\"WebPage\",\"@id\":\"https:\/\/librairie7l.com\/en\/produit\/sheila-hicks-3\/\",\"url\":\"https:\/\/librairie7l.com\/en\/produit\/sheila-hicks-3\/\",\"name\":\"Sheila Hicks - Librairie 7L\",\"isPartOf\":{\"@id\":\"https:\/\/librairie7l.com\/en\/#website\"},\"datePublished\":\"2025-09-03T07:17:47+00:00\",\"dateModified\":\"2026-04-17T07:02:01+00:00\",\"breadcrumb\":{\"@id\":\"https:\/\/librairie7l.com\/en\/produit\/sheila-hicks-3\/#breadcrumb\"},\"inLanguage\":\"en-US\",\"potentialAction\":[{\"@type\":\"ReadAction\",\"target\":[\"https:\/\/librairie7l.com\/en\/produit\/sheila-hicks-3\/\"]}]},{\"@type\":\"BreadcrumbList\",\"@id\":\"https:\/\/librairie7l.com\/en\/produit\/sheila-hicks-3\/#breadcrumb\",\"itemListElement\":[{\"@type\":\"ListItem\",\"position\":1,\"name\":\"Accueil\",\"item\":\"https:\/\/librairie7l.com\/en\/\"},{\"@type\":\"ListItem\",\"position\":2,\"name\":\"Shop\",\"item\":\"https:\/\/librairie7l.com\/en\/shop\/\"},{\"@type\":\"ListItem\",\"position\":3,\"name\":\"SHEILA HICKS\"}]},{\"@type\":\"WebSite\",\"@id\":\"https:\/\/librairie7l.com\/en\/#website\",\"url\":\"https:\/\/librairie7l.com\/en\/\",\"name\":\"Librairie 7L\",\"description\":\"Librairie fond\u00e9e en 1999 par Karl Lagerfeld \u00e0 Paris\",\"publisher\":{\"@id\":\"https:\/\/librairie7l.com\/en\/#organization\"},\"potentialAction\":[{\"@type\":\"SearchAction\",\"target\":{\"@type\":\"EntryPoint\",\"urlTemplate\":\"https:\/\/librairie7l.com\/en\/?s={search_term_string}\"},\"query-input\":\"required name=search_term_string\"}],\"inLanguage\":\"en-US\"},{\"@type\":\"Organization\",\"@id\":\"https:\/\/librairie7l.com\/en\/#organization\",\"name\":\"Librairie 7L\",\"url\":\"https:\/\/librairie7l.com\/en\/\",\"logo\":{\"@type\":\"ImageObject\",\"inLanguage\":\"en-US\",\"@id\":\"https:\/\/librairie7l.com\/en\/#\/schema\/logo\/image\/\",\"url\":\"https:\/\/librairie7l.com\/wp-content\/uploads\/2022\/08\/logo-1.png\",\"contentUrl\":\"https:\/\/librairie7l.com\/wp-content\/uploads\/2022\/08\/logo-1.png\",\"width\":227,\"height\":301,\"caption\":\"Librairie 7L\"},\"image\":{\"@id\":\"https:\/\/librairie7l.com\/en\/#\/schema\/logo\/image\/\"}}]}<\/script>\n<!-- \/ Yoast SEO plugin. -->","yoast_head_json":{"title":"Sheila Hicks - Librairie 7L","robots":{"index":"index","follow":"follow","max-snippet":"max-snippet:-1","max-image-preview":"max-image-preview:large","max-video-preview":"max-video-preview:-1"},"canonical":"https:\/\/librairie7l.com\/en\/produit\/sheila-hicks-3\/","og_locale":"en_US","og_type":"article","og_title":"Sheila Hicks - Librairie 7L","og_description":"R\u00e9\u00e9dition augment\u00e9e du livre Sheila Hicks \u00e9crit par Monique L\u00e9vi-Strauss en 1973, qui dialogue avec l&#8217;exposition Le Fil voyageur. Racont\u00e9 par Sheila Hicks et Monique L\u00e9viStrauss (mus\u00e9e du quai Branly &#8211; Jacques Chirac, du 30\/09\/2025 au 08\/03\/2026). Ce livre, dont l&#8217;\u00e9dition originale est d\u00e9sormais \u00e9puis\u00e9e, est le premier ouvrage en fran\u00e7ais sur Sheila Hicks, avant [&hellip;]","og_url":"https:\/\/librairie7l.com\/en\/produit\/sheila-hicks-3\/","og_site_name":"Librairie 7L","article_modified_time":"2026-04-17T07:02:01+00:00","twitter_card":"summary_large_image","twitter_misc":{"Est. reading time":"1 minute"},"schema":{"@context":"https:\/\/schema.org","@graph":[{"@type":"WebPage","@id":"https:\/\/librairie7l.com\/en\/produit\/sheila-hicks-3\/","url":"https:\/\/librairie7l.com\/en\/produit\/sheila-hicks-3\/","name":"Sheila Hicks - Librairie 7L","isPartOf":{"@id":"https:\/\/librairie7l.com\/en\/#website"},"datePublished":"2025-09-03T07:17:47+00:00","dateModified":"2026-04-17T07:02:01+00:00","breadcrumb":{"@id":"https:\/\/librairie7l.com\/en\/produit\/sheila-hicks-3\/#breadcrumb"},"inLanguage":"en-US","potentialAction":[{"@type":"ReadAction","target":["https:\/\/librairie7l.com\/en\/produit\/sheila-hicks-3\/"]}]},{"@type":"BreadcrumbList","@id":"https:\/\/librairie7l.com\/en\/produit\/sheila-hicks-3\/#breadcrumb","itemListElement":[{"@type":"ListItem","position":1,"name":"Accueil","item":"https:\/\/librairie7l.com\/en\/"},{"@type":"ListItem","position":2,"name":"Shop","item":"https:\/\/librairie7l.com\/en\/shop\/"},{"@type":"ListItem","position":3,"name":"SHEILA HICKS"}]},{"@type":"WebSite","@id":"https:\/\/librairie7l.com\/en\/#website","url":"https:\/\/librairie7l.com\/en\/","name":"Librairie 7L","description":"Librairie fond\u00e9e en 1999 par Karl Lagerfeld \u00e0 Paris","publisher":{"@id":"https:\/\/librairie7l.com\/en\/#organization"},"potentialAction":[{"@type":"SearchAction","target":{"@type":"EntryPoint","urlTemplate":"https:\/\/librairie7l.com\/en\/?s={search_term_string}"},"query-input":"required name=search_term_string"}],"inLanguage":"en-US"},{"@type":"Organization","@id":"https:\/\/librairie7l.com\/en\/#organization","name":"Librairie 7L","url":"https:\/\/librairie7l.com\/en\/","logo":{"@type":"ImageObject","inLanguage":"en-US","@id":"https:\/\/librairie7l.com\/en\/#\/schema\/logo\/image\/","url":"https:\/\/librairie7l.com\/wp-content\/uploads\/2022\/08\/logo-1.png","contentUrl":"https:\/\/librairie7l.com\/wp-content\/uploads\/2022\/08\/logo-1.png","width":227,"height":301,"caption":"Librairie 7L"},"image":{"@id":"https:\/\/librairie7l.com\/en\/#\/schema\/logo\/image\/"}}]}},"_links":{"self":[{"href":"https:\/\/librairie7l.com\/en\/wp-json\/wp\/v2\/product\/50177"}],"collection":[{"href":"https:\/\/librairie7l.com\/en\/wp-json\/wp\/v2\/product"}],"about":[{"href":"https:\/\/librairie7l.com\/en\/wp-json\/wp\/v2\/types\/product"}],"wp:featuredmedia":[{"embeddable":true,"href":"https:\/\/librairie7l.com\/en\/wp-json\/wp\/v2\/media\/50518"}],"wp:attachment":[{"href":"https:\/\/librairie7l.com\/en\/wp-json\/wp\/v2\/media?parent=50177"}],"wp:term":[{"taxonomy":"product_cat","embeddable":true,"href":"https:\/\/librairie7l.com\/en\/wp-json\/wp\/v2\/product_cat?post=50177"},{"taxonomy":"product_tag","embeddable":true,"href":"https:\/\/librairie7l.com\/en\/wp-json\/wp\/v2\/product_tag?post=50177"}],"curies":[{"name":"wp","href":"https:\/\/api.w.org\/{rel}","templated":true}]}}