{"id":50185,"date":"2025-09-03T09:17:52","date_gmt":"2025-09-03T07:17:52","guid":{"rendered":"https:\/\/librairie7l.com\/?post_type=product&#038;p=50185"},"modified":"2026-04-17T09:02:02","modified_gmt":"2026-04-17T07:02:02","slug":"pan-dans-loeil-ou-trente-ans-dans-les-coulisses-de-la-peinture-contemporaine-1900-1930-2","status":"publish","type":"product","link":"https:\/\/librairie7l.com\/en\/produit\/pan-dans-loeil-ou-trente-ans-dans-les-coulisses-de-la-peinture-contemporaine-1900-1930-2\/","title":{"rendered":"PAN !.. DANS L&#8217;OEIL.. OU TRENTE ANS DANS LES COULISSES DE LA PEINTURE CONTEMPORAINE 1900-1930"},"content":{"rendered":"<p>N\u00e9e \u00e0 Paris vers 1865 \u00e0 Paris, Berthe Weill travaille d&#8217;abord chez un antiquaire de renom du nom de Mayer, avant de fonder sa propre galerie en 1901 consacr\u00e9e aux jeunes ma\u00eetres de la peinture nouvelle. Elle d\u00e9m\u00e9nagea \u00e0 plusieurs reprises avant de s&#8217;installer en 1920 au 46 rue Laffite. Tout au long de sa carri\u00e8re, elle exposa des artistes, peintres essentiellment, mais aussi graveurs, dessinateurs, affichiers, etc. Elle participa \u00e0 mettre en avant des peintres aussi diff\u00e9rents que talentueux, tels Picasso, Dufy, Suzanne Valladon, Braque, Derain, Marie Laurencin, Modigliani, Pascin, Utrillo, Vlaminck, etc. Par ses choix audacieux, Berthe Weill a maintes fois \u00e9t\u00e9 en butte \u00e0 l&#8217;hostilit\u00e9. D\u00e8s 1904, Picasso la quitte pour le marchand Clovis Sagot&#8230; Dot\u00e9e d&#8217;une intuition extraordinaire, elle n&#8217;a pourtant pas r\u00e9ussi \u00e0 faire fortune dans le milieu de l&#8217;art. Dans son livre de souvenirs paru en 1933, elle raconte des anecdotes savoureuses sur de nombreux artistes. Sa galerie fermera en 1939 et traversera l&#8217;Occupation sans se faire arr\u00eater. Elle mourra presque aveugle en banlieue parisienne en 1951. Elle est aujourd&#8217;hui red\u00e9couverte.<\/p>\n","protected":false},"excerpt":{"rendered":"<p>N\u00e9e \u00e0 Paris vers 1865 \u00e0 Paris, Berthe Weill travaille d&#8217;abord chez un antiquaire de renom du nom de Mayer, avant de fonder sa propre galerie en 1901 consacr\u00e9e aux jeunes ma\u00eetres de la peinture nouvelle. Elle d\u00e9m\u00e9nagea \u00e0 plusieurs reprises avant de s&#8217;installer en 1920 au 46 rue Laffite. Tout au long de sa [&hellip;]<\/p>\n","protected":false},"featured_media":50183,"template":"","meta":[],"product_cat":[2948,2953],"product_tag":[],"acf":[],"yoast_head":"<!-- This site is optimized with the Yoast SEO plugin v20.11 - https:\/\/yoast.com\/wordpress\/plugins\/seo\/ -->\n<title>Pan !.. dans l&#039;oeil.. ou trente ans dans les coulisses de la peinture contemporaine 1900-1930 - Librairie 7L<\/title>\n<meta name=\"robots\" content=\"index, follow, max-snippet:-1, max-image-preview:large, max-video-preview:-1\" \/>\n<link rel=\"canonical\" href=\"https:\/\/librairie7l.com\/en\/produit\/pan-dans-loeil-ou-trente-ans-dans-les-coulisses-de-la-peinture-contemporaine-1900-1930-2\/\" \/>\n<meta property=\"og:locale\" content=\"en_US\" \/>\n<meta property=\"og:type\" content=\"article\" \/>\n<meta property=\"og:title\" content=\"Pan !.. dans l&#039;oeil.. ou trente ans dans les coulisses de la peinture contemporaine 1900-1930 - Librairie 7L\" \/>\n<meta property=\"og:description\" content=\"N\u00e9e \u00e0 Paris vers 1865 \u00e0 Paris, Berthe Weill travaille d&#8217;abord chez un antiquaire de renom du nom de Mayer, avant de fonder sa propre galerie en 1901 consacr\u00e9e aux jeunes ma\u00eetres de la peinture nouvelle. Elle d\u00e9m\u00e9nagea \u00e0 plusieurs reprises avant de s&#8217;installer en 1920 au 46 rue Laffite. Tout au long de sa [&hellip;]\" \/>\n<meta property=\"og:url\" content=\"https:\/\/librairie7l.com\/en\/produit\/pan-dans-loeil-ou-trente-ans-dans-les-coulisses-de-la-peinture-contemporaine-1900-1930-2\/\" \/>\n<meta property=\"og:site_name\" content=\"Librairie 7L\" \/>\n<meta property=\"article:modified_time\" content=\"2026-04-17T07:02:02+00:00\" \/>\n<meta property=\"og:image\" content=\"https:\/\/librairie7l.com\/wp-content\/uploads\/2025\/04\/9782841007936_1_75.jpg\" \/>\n\t<meta property=\"og:image:width\" content=\"600\" \/>\n\t<meta property=\"og:image:height\" content=\"881\" \/>\n\t<meta property=\"og:image:type\" content=\"image\/jpeg\" \/>\n<meta name=\"twitter:card\" content=\"summary_large_image\" \/>\n<meta name=\"twitter:label1\" content=\"Est. reading time\" \/>\n\t<meta name=\"twitter:data1\" content=\"1 minute\" \/>\n<script type=\"application\/ld+json\" class=\"yoast-schema-graph\">{\"@context\":\"https:\/\/schema.org\",\"@graph\":[{\"@type\":\"WebPage\",\"@id\":\"https:\/\/librairie7l.com\/en\/produit\/pan-dans-loeil-ou-trente-ans-dans-les-coulisses-de-la-peinture-contemporaine-1900-1930-2\/\",\"url\":\"https:\/\/librairie7l.com\/en\/produit\/pan-dans-loeil-ou-trente-ans-dans-les-coulisses-de-la-peinture-contemporaine-1900-1930-2\/\",\"name\":\"Pan !.. dans l'oeil.. ou trente ans dans les coulisses de la peinture contemporaine 1900-1930 - Librairie 7L\",\"isPartOf\":{\"@id\":\"https:\/\/librairie7l.com\/en\/#website\"},\"datePublished\":\"2025-09-03T07:17:52+00:00\",\"dateModified\":\"2026-04-17T07:02:02+00:00\",\"breadcrumb\":{\"@id\":\"https:\/\/librairie7l.com\/en\/produit\/pan-dans-loeil-ou-trente-ans-dans-les-coulisses-de-la-peinture-contemporaine-1900-1930-2\/#breadcrumb\"},\"inLanguage\":\"en-US\",\"potentialAction\":[{\"@type\":\"ReadAction\",\"target\":[\"https:\/\/librairie7l.com\/en\/produit\/pan-dans-loeil-ou-trente-ans-dans-les-coulisses-de-la-peinture-contemporaine-1900-1930-2\/\"]}]},{\"@type\":\"BreadcrumbList\",\"@id\":\"https:\/\/librairie7l.com\/en\/produit\/pan-dans-loeil-ou-trente-ans-dans-les-coulisses-de-la-peinture-contemporaine-1900-1930-2\/#breadcrumb\",\"itemListElement\":[{\"@type\":\"ListItem\",\"position\":1,\"name\":\"Accueil\",\"item\":\"https:\/\/librairie7l.com\/en\/\"},{\"@type\":\"ListItem\",\"position\":2,\"name\":\"Shop\",\"item\":\"https:\/\/librairie7l.com\/en\/shop\/\"},{\"@type\":\"ListItem\",\"position\":3,\"name\":\"PAN !.. DANS L&#8217;OEIL.. OU TRENTE ANS DANS LES COULISSES DE LA PEINTURE CONTEMPORAINE 1900-1930\"}]},{\"@type\":\"WebSite\",\"@id\":\"https:\/\/librairie7l.com\/en\/#website\",\"url\":\"https:\/\/librairie7l.com\/en\/\",\"name\":\"Librairie 7L\",\"description\":\"Librairie fond\u00e9e en 1999 par Karl Lagerfeld \u00e0 Paris\",\"publisher\":{\"@id\":\"https:\/\/librairie7l.com\/en\/#organization\"},\"potentialAction\":[{\"@type\":\"SearchAction\",\"target\":{\"@type\":\"EntryPoint\",\"urlTemplate\":\"https:\/\/librairie7l.com\/en\/?s={search_term_string}\"},\"query-input\":\"required name=search_term_string\"}],\"inLanguage\":\"en-US\"},{\"@type\":\"Organization\",\"@id\":\"https:\/\/librairie7l.com\/en\/#organization\",\"name\":\"Librairie 7L\",\"url\":\"https:\/\/librairie7l.com\/en\/\",\"logo\":{\"@type\":\"ImageObject\",\"inLanguage\":\"en-US\",\"@id\":\"https:\/\/librairie7l.com\/en\/#\/schema\/logo\/image\/\",\"url\":\"https:\/\/librairie7l.com\/wp-content\/uploads\/2022\/08\/logo-1.png\",\"contentUrl\":\"https:\/\/librairie7l.com\/wp-content\/uploads\/2022\/08\/logo-1.png\",\"width\":227,\"height\":301,\"caption\":\"Librairie 7L\"},\"image\":{\"@id\":\"https:\/\/librairie7l.com\/en\/#\/schema\/logo\/image\/\"}}]}<\/script>\n<!-- \/ Yoast SEO plugin. -->","yoast_head_json":{"title":"Pan !.. dans l'oeil.. ou trente ans dans les coulisses de la peinture contemporaine 1900-1930 - Librairie 7L","robots":{"index":"index","follow":"follow","max-snippet":"max-snippet:-1","max-image-preview":"max-image-preview:large","max-video-preview":"max-video-preview:-1"},"canonical":"https:\/\/librairie7l.com\/en\/produit\/pan-dans-loeil-ou-trente-ans-dans-les-coulisses-de-la-peinture-contemporaine-1900-1930-2\/","og_locale":"en_US","og_type":"article","og_title":"Pan !.. dans l'oeil.. ou trente ans dans les coulisses de la peinture contemporaine 1900-1930 - Librairie 7L","og_description":"N\u00e9e \u00e0 Paris vers 1865 \u00e0 Paris, Berthe Weill travaille d&#8217;abord chez un antiquaire de renom du nom de Mayer, avant de fonder sa propre galerie en 1901 consacr\u00e9e aux jeunes ma\u00eetres de la peinture nouvelle. Elle d\u00e9m\u00e9nagea \u00e0 plusieurs reprises avant de s&#8217;installer en 1920 au 46 rue Laffite. Tout au long de sa [&hellip;]","og_url":"https:\/\/librairie7l.com\/en\/produit\/pan-dans-loeil-ou-trente-ans-dans-les-coulisses-de-la-peinture-contemporaine-1900-1930-2\/","og_site_name":"Librairie 7L","article_modified_time":"2026-04-17T07:02:02+00:00","og_image":[{"width":600,"height":881,"url":"https:\/\/librairie7l.com\/wp-content\/uploads\/2025\/04\/9782841007936_1_75.jpg","type":"image\/jpeg"}],"twitter_card":"summary_large_image","twitter_misc":{"Est. reading time":"1 minute"},"schema":{"@context":"https:\/\/schema.org","@graph":[{"@type":"WebPage","@id":"https:\/\/librairie7l.com\/en\/produit\/pan-dans-loeil-ou-trente-ans-dans-les-coulisses-de-la-peinture-contemporaine-1900-1930-2\/","url":"https:\/\/librairie7l.com\/en\/produit\/pan-dans-loeil-ou-trente-ans-dans-les-coulisses-de-la-peinture-contemporaine-1900-1930-2\/","name":"Pan !.. dans l'oeil.. ou trente ans dans les coulisses de la peinture contemporaine 1900-1930 - Librairie 7L","isPartOf":{"@id":"https:\/\/librairie7l.com\/en\/#website"},"datePublished":"2025-09-03T07:17:52+00:00","dateModified":"2026-04-17T07:02:02+00:00","breadcrumb":{"@id":"https:\/\/librairie7l.com\/en\/produit\/pan-dans-loeil-ou-trente-ans-dans-les-coulisses-de-la-peinture-contemporaine-1900-1930-2\/#breadcrumb"},"inLanguage":"en-US","potentialAction":[{"@type":"ReadAction","target":["https:\/\/librairie7l.com\/en\/produit\/pan-dans-loeil-ou-trente-ans-dans-les-coulisses-de-la-peinture-contemporaine-1900-1930-2\/"]}]},{"@type":"BreadcrumbList","@id":"https:\/\/librairie7l.com\/en\/produit\/pan-dans-loeil-ou-trente-ans-dans-les-coulisses-de-la-peinture-contemporaine-1900-1930-2\/#breadcrumb","itemListElement":[{"@type":"ListItem","position":1,"name":"Accueil","item":"https:\/\/librairie7l.com\/en\/"},{"@type":"ListItem","position":2,"name":"Shop","item":"https:\/\/librairie7l.com\/en\/shop\/"},{"@type":"ListItem","position":3,"name":"PAN !.. DANS L&#8217;OEIL.. OU TRENTE ANS DANS LES COULISSES DE LA PEINTURE CONTEMPORAINE 1900-1930"}]},{"@type":"WebSite","@id":"https:\/\/librairie7l.com\/en\/#website","url":"https:\/\/librairie7l.com\/en\/","name":"Librairie 7L","description":"Librairie fond\u00e9e en 1999 par Karl Lagerfeld \u00e0 Paris","publisher":{"@id":"https:\/\/librairie7l.com\/en\/#organization"},"potentialAction":[{"@type":"SearchAction","target":{"@type":"EntryPoint","urlTemplate":"https:\/\/librairie7l.com\/en\/?s={search_term_string}"},"query-input":"required name=search_term_string"}],"inLanguage":"en-US"},{"@type":"Organization","@id":"https:\/\/librairie7l.com\/en\/#organization","name":"Librairie 7L","url":"https:\/\/librairie7l.com\/en\/","logo":{"@type":"ImageObject","inLanguage":"en-US","@id":"https:\/\/librairie7l.com\/en\/#\/schema\/logo\/image\/","url":"https:\/\/librairie7l.com\/wp-content\/uploads\/2022\/08\/logo-1.png","contentUrl":"https:\/\/librairie7l.com\/wp-content\/uploads\/2022\/08\/logo-1.png","width":227,"height":301,"caption":"Librairie 7L"},"image":{"@id":"https:\/\/librairie7l.com\/en\/#\/schema\/logo\/image\/"}}]}},"_links":{"self":[{"href":"https:\/\/librairie7l.com\/en\/wp-json\/wp\/v2\/product\/50185"}],"collection":[{"href":"https:\/\/librairie7l.com\/en\/wp-json\/wp\/v2\/product"}],"about":[{"href":"https:\/\/librairie7l.com\/en\/wp-json\/wp\/v2\/types\/product"}],"wp:featuredmedia":[{"embeddable":true,"href":"https:\/\/librairie7l.com\/en\/wp-json\/wp\/v2\/media\/50183"}],"wp:attachment":[{"href":"https:\/\/librairie7l.com\/en\/wp-json\/wp\/v2\/media?parent=50185"}],"wp:term":[{"taxonomy":"product_cat","embeddable":true,"href":"https:\/\/librairie7l.com\/en\/wp-json\/wp\/v2\/product_cat?post=50185"},{"taxonomy":"product_tag","embeddable":true,"href":"https:\/\/librairie7l.com\/en\/wp-json\/wp\/v2\/product_tag?post=50185"}],"curies":[{"name":"wp","href":"https:\/\/api.w.org\/{rel}","templated":true}]}}