{"id":50189,"date":"2025-09-03T09:17:54","date_gmt":"2025-09-03T07:17:54","guid":{"rendered":"https:\/\/librairie7l.com\/?post_type=product&#038;p=50189"},"modified":"2026-04-17T09:02:36","modified_gmt":"2026-04-17T07:02:36","slug":"impressions-nabies-bonnard-vuillard-denis-vallotton-2","status":"publish","type":"product","link":"https:\/\/librairie7l.com\/en\/produit\/impressions-nabies-bonnard-vuillard-denis-vallotton-2\/","title":{"rendered":"IMPRESSIONS NABIES : BONNARD, VUILLARD, DENIS, VALLOTTON"},"content":{"rendered":"<p>Les Nabis, parmi lesquels Pierre Bonnard, \u00c9douard Vuillard, Maurice Denis et F\u00e9lix Vallotton, sont connus pour avoir r\u00e9volutionn\u00e9 l&#8217;estampe en une d\u00e9cennie, \u00e0 la fin du XIXe si\u00e8cle.<br \/>\nUn v\u00e9ritable \u00e2ge d&#8217;or de l&#8217;estampe originale que la Biblioth\u00e8que nationale de France a choisi de mettre en valeur dans une exposition d\u00e9di\u00e9e, s&#8217;appuyant sur ses collections exceptionnelles.<br \/>\nLes Nabis forment une communaut\u00e9 d&#8217;artistes li\u00e9s par une amiti\u00e9 tr\u00e8s forte qui vont cheminer ensemble \u00e0 la fin du XIXe si\u00e8cle, avant de prendre des directions artistiques diff\u00e9rentes.<br \/>\nSur une d\u00e9cennie, ils vont \u00e9crire une des plus belles pages de l&#8217;histoire de l&#8217;estampe originale en cr\u00e9ant de nombreuses planches autonomes ou rassembl\u00e9es en albums, sous l&#8217;impulsion d&#8217;\u00e9diteurs et de marchands novateurs, tel Ambroise Vollard.<br \/>\nLeurs cadrages audacieux, associ\u00e9s \u00e0 un usage in\u00e9dit de la couleur, sont mis au service de la modernit\u00e9 des sujets abord\u00e9s, que ce soit dans les sc\u00e8nes d&#8217;int\u00e9rieur, les paysages ou les tableaux parisiens.<br \/>\nIls con\u00e7oivent l&#8217;estampe comme un \u00e9l\u00e9ment de d\u00e9coration accessible au plus grand nombre : leur production s&#8217;inscrit ainsi dans un d\u00e9sir d&#8217;int\u00e9grer l&#8217;art \u00e0 la vie quotidienne en abolissant la fronti\u00e8re entre beaux-arts et arts d\u00e9coratifs.<br \/>\nExplorant les ressources de la lithographie en couleurs, \u00e0 l&#8217;exception de F\u00e9lix Vallotton et d&#8217;Aristide Maillol qui s&#8217;emparent de la gravure sur bois de fil, ils cr\u00e9ent aussi bien des estampes artistiques que des affiches, des illustrations pour des revues (La Revue Blanche) ou des livres de bibliophilie (Parall\u00e8lement de Verlaine, illustr\u00e9 par Pierre Bonnard et Sagesse de Verlaine, illustr\u00e9 par Maurice Denis), des programmes de spectacle, des partitions de musique et des objets d&#8217;art d\u00e9coratif (paravents, papiers peints, \u00e9ventails&#8230;).<br \/>\nC&#8217;est cette foisonnante vari\u00e9t\u00e9 de supports et de techniques que viennent illustrer pr\u00e8s de deux cents oeuvres principalement issues des collections de la Biblioth\u00e8que nationale de France, auxquelles s&#8217;ajoutent des pr\u00eats ext\u00e9rieurs d&#8217;exception (Mus\u00e9e d&#8217;Orsay, Biblioth\u00e8que de l&#8217;Institut national d&#8217;histoire de l&#8217;art, Mus\u00e9e Maurice Denis de Saint-Germain-en-Laye, Mus\u00e9e Van Gogh d&#8217;Amsterdam).<\/p>\n","protected":false},"excerpt":{"rendered":"<p>Les Nabis, parmi lesquels Pierre Bonnard, \u00c9douard Vuillard, Maurice Denis et F\u00e9lix Vallotton, sont connus pour avoir r\u00e9volutionn\u00e9 l&#8217;estampe en une d\u00e9cennie, \u00e0 la fin du XIXe si\u00e8cle. Un v\u00e9ritable \u00e2ge d&#8217;or de l&#8217;estampe originale que la Biblioth\u00e8que nationale de France a choisi de mettre en valeur dans une exposition d\u00e9di\u00e9e, s&#8217;appuyant sur ses collections [&hellip;]<\/p>\n","protected":false},"featured_media":50187,"template":"","meta":[],"product_cat":[2948,2953],"product_tag":[],"acf":[],"yoast_head":"<!-- This site is optimized with the Yoast SEO plugin v20.11 - https:\/\/yoast.com\/wordpress\/plugins\/seo\/ -->\n<title>Impressions nabies : Bonnard, Vuillard, Denis, Vallotton - Librairie 7L<\/title>\n<meta name=\"robots\" content=\"index, follow, max-snippet:-1, max-image-preview:large, max-video-preview:-1\" \/>\n<link rel=\"canonical\" href=\"https:\/\/librairie7l.com\/en\/produit\/impressions-nabies-bonnard-vuillard-denis-vallotton-2\/\" \/>\n<meta property=\"og:locale\" content=\"en_US\" \/>\n<meta property=\"og:type\" content=\"article\" \/>\n<meta property=\"og:title\" content=\"Impressions nabies : Bonnard, Vuillard, Denis, Vallotton - Librairie 7L\" \/>\n<meta property=\"og:description\" content=\"Les Nabis, parmi lesquels Pierre Bonnard, \u00c9douard Vuillard, Maurice Denis et F\u00e9lix Vallotton, sont connus pour avoir r\u00e9volutionn\u00e9 l&#8217;estampe en une d\u00e9cennie, \u00e0 la fin du XIXe si\u00e8cle. Un v\u00e9ritable \u00e2ge d&#8217;or de l&#8217;estampe originale que la Biblioth\u00e8que nationale de France a choisi de mettre en valeur dans une exposition d\u00e9di\u00e9e, s&#8217;appuyant sur ses collections [&hellip;]\" \/>\n<meta property=\"og:url\" content=\"https:\/\/librairie7l.com\/en\/produit\/impressions-nabies-bonnard-vuillard-denis-vallotton-2\/\" \/>\n<meta property=\"og:site_name\" content=\"Librairie 7L\" \/>\n<meta property=\"article:modified_time\" content=\"2026-04-17T07:02:36+00:00\" \/>\n<meta property=\"og:image\" content=\"https:\/\/librairie7l.com\/wp-content\/uploads\/2025\/04\/9782717730029_1_75.jpg\" \/>\n\t<meta property=\"og:image:width\" content=\"600\" \/>\n\t<meta property=\"og:image:height\" content=\"736\" \/>\n\t<meta property=\"og:image:type\" content=\"image\/jpeg\" \/>\n<meta name=\"twitter:card\" content=\"summary_large_image\" \/>\n<meta name=\"twitter:label1\" content=\"Est. reading time\" \/>\n\t<meta name=\"twitter:data1\" content=\"2 minutes\" \/>\n<script type=\"application\/ld+json\" class=\"yoast-schema-graph\">{\"@context\":\"https:\/\/schema.org\",\"@graph\":[{\"@type\":\"WebPage\",\"@id\":\"https:\/\/librairie7l.com\/en\/produit\/impressions-nabies-bonnard-vuillard-denis-vallotton-2\/\",\"url\":\"https:\/\/librairie7l.com\/en\/produit\/impressions-nabies-bonnard-vuillard-denis-vallotton-2\/\",\"name\":\"Impressions nabies : Bonnard, Vuillard, Denis, Vallotton - Librairie 7L\",\"isPartOf\":{\"@id\":\"https:\/\/librairie7l.com\/en\/#website\"},\"datePublished\":\"2025-09-03T07:17:54+00:00\",\"dateModified\":\"2026-04-17T07:02:36+00:00\",\"breadcrumb\":{\"@id\":\"https:\/\/librairie7l.com\/en\/produit\/impressions-nabies-bonnard-vuillard-denis-vallotton-2\/#breadcrumb\"},\"inLanguage\":\"en-US\",\"potentialAction\":[{\"@type\":\"ReadAction\",\"target\":[\"https:\/\/librairie7l.com\/en\/produit\/impressions-nabies-bonnard-vuillard-denis-vallotton-2\/\"]}]},{\"@type\":\"BreadcrumbList\",\"@id\":\"https:\/\/librairie7l.com\/en\/produit\/impressions-nabies-bonnard-vuillard-denis-vallotton-2\/#breadcrumb\",\"itemListElement\":[{\"@type\":\"ListItem\",\"position\":1,\"name\":\"Accueil\",\"item\":\"https:\/\/librairie7l.com\/en\/\"},{\"@type\":\"ListItem\",\"position\":2,\"name\":\"Shop\",\"item\":\"https:\/\/librairie7l.com\/en\/shop\/\"},{\"@type\":\"ListItem\",\"position\":3,\"name\":\"IMPRESSIONS NABIES : BONNARD, VUILLARD, DENIS, VALLOTTON\"}]},{\"@type\":\"WebSite\",\"@id\":\"https:\/\/librairie7l.com\/en\/#website\",\"url\":\"https:\/\/librairie7l.com\/en\/\",\"name\":\"Librairie 7L\",\"description\":\"Librairie fond\u00e9e en 1999 par Karl Lagerfeld \u00e0 Paris\",\"publisher\":{\"@id\":\"https:\/\/librairie7l.com\/en\/#organization\"},\"potentialAction\":[{\"@type\":\"SearchAction\",\"target\":{\"@type\":\"EntryPoint\",\"urlTemplate\":\"https:\/\/librairie7l.com\/en\/?s={search_term_string}\"},\"query-input\":\"required name=search_term_string\"}],\"inLanguage\":\"en-US\"},{\"@type\":\"Organization\",\"@id\":\"https:\/\/librairie7l.com\/en\/#organization\",\"name\":\"Librairie 7L\",\"url\":\"https:\/\/librairie7l.com\/en\/\",\"logo\":{\"@type\":\"ImageObject\",\"inLanguage\":\"en-US\",\"@id\":\"https:\/\/librairie7l.com\/en\/#\/schema\/logo\/image\/\",\"url\":\"https:\/\/librairie7l.com\/wp-content\/uploads\/2022\/08\/logo-1.png\",\"contentUrl\":\"https:\/\/librairie7l.com\/wp-content\/uploads\/2022\/08\/logo-1.png\",\"width\":227,\"height\":301,\"caption\":\"Librairie 7L\"},\"image\":{\"@id\":\"https:\/\/librairie7l.com\/en\/#\/schema\/logo\/image\/\"}}]}<\/script>\n<!-- \/ Yoast SEO plugin. -->","yoast_head_json":{"title":"Impressions nabies : Bonnard, Vuillard, Denis, Vallotton - Librairie 7L","robots":{"index":"index","follow":"follow","max-snippet":"max-snippet:-1","max-image-preview":"max-image-preview:large","max-video-preview":"max-video-preview:-1"},"canonical":"https:\/\/librairie7l.com\/en\/produit\/impressions-nabies-bonnard-vuillard-denis-vallotton-2\/","og_locale":"en_US","og_type":"article","og_title":"Impressions nabies : Bonnard, Vuillard, Denis, Vallotton - Librairie 7L","og_description":"Les Nabis, parmi lesquels Pierre Bonnard, \u00c9douard Vuillard, Maurice Denis et F\u00e9lix Vallotton, sont connus pour avoir r\u00e9volutionn\u00e9 l&#8217;estampe en une d\u00e9cennie, \u00e0 la fin du XIXe si\u00e8cle. Un v\u00e9ritable \u00e2ge d&#8217;or de l&#8217;estampe originale que la Biblioth\u00e8que nationale de France a choisi de mettre en valeur dans une exposition d\u00e9di\u00e9e, s&#8217;appuyant sur ses collections [&hellip;]","og_url":"https:\/\/librairie7l.com\/en\/produit\/impressions-nabies-bonnard-vuillard-denis-vallotton-2\/","og_site_name":"Librairie 7L","article_modified_time":"2026-04-17T07:02:36+00:00","og_image":[{"width":600,"height":736,"url":"https:\/\/librairie7l.com\/wp-content\/uploads\/2025\/04\/9782717730029_1_75.jpg","type":"image\/jpeg"}],"twitter_card":"summary_large_image","twitter_misc":{"Est. reading time":"2 minutes"},"schema":{"@context":"https:\/\/schema.org","@graph":[{"@type":"WebPage","@id":"https:\/\/librairie7l.com\/en\/produit\/impressions-nabies-bonnard-vuillard-denis-vallotton-2\/","url":"https:\/\/librairie7l.com\/en\/produit\/impressions-nabies-bonnard-vuillard-denis-vallotton-2\/","name":"Impressions nabies : Bonnard, Vuillard, Denis, Vallotton - Librairie 7L","isPartOf":{"@id":"https:\/\/librairie7l.com\/en\/#website"},"datePublished":"2025-09-03T07:17:54+00:00","dateModified":"2026-04-17T07:02:36+00:00","breadcrumb":{"@id":"https:\/\/librairie7l.com\/en\/produit\/impressions-nabies-bonnard-vuillard-denis-vallotton-2\/#breadcrumb"},"inLanguage":"en-US","potentialAction":[{"@type":"ReadAction","target":["https:\/\/librairie7l.com\/en\/produit\/impressions-nabies-bonnard-vuillard-denis-vallotton-2\/"]}]},{"@type":"BreadcrumbList","@id":"https:\/\/librairie7l.com\/en\/produit\/impressions-nabies-bonnard-vuillard-denis-vallotton-2\/#breadcrumb","itemListElement":[{"@type":"ListItem","position":1,"name":"Accueil","item":"https:\/\/librairie7l.com\/en\/"},{"@type":"ListItem","position":2,"name":"Shop","item":"https:\/\/librairie7l.com\/en\/shop\/"},{"@type":"ListItem","position":3,"name":"IMPRESSIONS NABIES : BONNARD, VUILLARD, DENIS, VALLOTTON"}]},{"@type":"WebSite","@id":"https:\/\/librairie7l.com\/en\/#website","url":"https:\/\/librairie7l.com\/en\/","name":"Librairie 7L","description":"Librairie fond\u00e9e en 1999 par Karl Lagerfeld \u00e0 Paris","publisher":{"@id":"https:\/\/librairie7l.com\/en\/#organization"},"potentialAction":[{"@type":"SearchAction","target":{"@type":"EntryPoint","urlTemplate":"https:\/\/librairie7l.com\/en\/?s={search_term_string}"},"query-input":"required name=search_term_string"}],"inLanguage":"en-US"},{"@type":"Organization","@id":"https:\/\/librairie7l.com\/en\/#organization","name":"Librairie 7L","url":"https:\/\/librairie7l.com\/en\/","logo":{"@type":"ImageObject","inLanguage":"en-US","@id":"https:\/\/librairie7l.com\/en\/#\/schema\/logo\/image\/","url":"https:\/\/librairie7l.com\/wp-content\/uploads\/2022\/08\/logo-1.png","contentUrl":"https:\/\/librairie7l.com\/wp-content\/uploads\/2022\/08\/logo-1.png","width":227,"height":301,"caption":"Librairie 7L"},"image":{"@id":"https:\/\/librairie7l.com\/en\/#\/schema\/logo\/image\/"}}]}},"_links":{"self":[{"href":"https:\/\/librairie7l.com\/en\/wp-json\/wp\/v2\/product\/50189"}],"collection":[{"href":"https:\/\/librairie7l.com\/en\/wp-json\/wp\/v2\/product"}],"about":[{"href":"https:\/\/librairie7l.com\/en\/wp-json\/wp\/v2\/types\/product"}],"wp:featuredmedia":[{"embeddable":true,"href":"https:\/\/librairie7l.com\/en\/wp-json\/wp\/v2\/media\/50187"}],"wp:attachment":[{"href":"https:\/\/librairie7l.com\/en\/wp-json\/wp\/v2\/media?parent=50189"}],"wp:term":[{"taxonomy":"product_cat","embeddable":true,"href":"https:\/\/librairie7l.com\/en\/wp-json\/wp\/v2\/product_cat?post=50189"},{"taxonomy":"product_tag","embeddable":true,"href":"https:\/\/librairie7l.com\/en\/wp-json\/wp\/v2\/product_tag?post=50189"}],"curies":[{"name":"wp","href":"https:\/\/api.w.org\/{rel}","templated":true}]}}