{"id":50193,"date":"2025-09-03T09:17:56","date_gmt":"2025-09-03T07:17:56","guid":{"rendered":"https:\/\/librairie7l.com\/?post_type=product&#038;p=50193"},"modified":"2026-04-15T21:05:55","modified_gmt":"2026-04-15T19:05:55","slug":"les-robes-histoire-technique-et-culture-une-etude-de-la-mode-feminine-de-la-renaissance-a-nos-jours-2","status":"publish","type":"product","link":"https:\/\/librairie7l.com\/en\/produit\/les-robes-histoire-technique-et-culture-une-etude-de-la-mode-feminine-de-la-renaissance-a-nos-jours-2\/","title":{"rendered":"LES ROBES : HISTOIRE, TECHNIQUE ET CULTURE, UNE \u00c9TUDE DE LA MODE F\u00c9MININE DE LA RENAISSANCE \u00c0 NOS JOURS"},"content":{"rendered":"<p>V\u00eatement f\u00e9minin le plus iconique, la robe a<br \/>\nconnu de multiples formes et vari\u00e9t\u00e9s au cours des<br \/>\nsi\u00e8cles. Cette \u00e9tude richement document\u00e9e et illustr\u00e9e<br \/>\nnous raconte cette histoire, de 1550 \u00e0 2020. Chaque<br \/>\np\u00e9riode historique est replac\u00e9e dans son contexte<br \/>\nculturel, avec une attention port\u00e9e \u00e0 la place des<br \/>\nfemmes dans la soci\u00e9t\u00e9. Puis, des robes repr\u00e9sentatives<br \/>\nde chaque \u00e9poque sont d\u00e9crypt\u00e9es, point par point, du<br \/>\ncol \u00e0 l&#8217;ourlet, des manches jusqu&#8217;au bustier.<br \/>\nTechniques de confection, symboliques de certaines<br \/>\npi\u00e8ces et anecdotes sur les femmes qui les ont port\u00e9es<br \/>\nsont au programme de cette v\u00e9ritable histoire de la<br \/>\nmode. Destin\u00e9 aux enseignants, aux \u00e9tudiants et aux<br \/>\nprofessionnels de la mode, du stylisme et de la<br \/>\nconfection, ce livre s\u00e9duira aussi tous les amoureux du<br \/>\ncostume f\u00e9minin<\/p>\n","protected":false},"excerpt":{"rendered":"<p>V\u00eatement f\u00e9minin le plus iconique, la robe a connu de multiples formes et vari\u00e9t\u00e9s au cours des si\u00e8cles. Cette \u00e9tude richement document\u00e9e et illustr\u00e9e nous raconte cette histoire, de 1550 \u00e0 2020. Chaque p\u00e9riode historique est replac\u00e9e dans son contexte culturel, avec une attention port\u00e9e \u00e0 la place des femmes dans la soci\u00e9t\u00e9. Puis, des [&hellip;]<\/p>\n","protected":false},"featured_media":50191,"template":"","meta":[],"product_cat":[2948,2957],"product_tag":[],"acf":[],"yoast_head":"<!-- This site is optimized with the Yoast SEO plugin v20.11 - https:\/\/yoast.com\/wordpress\/plugins\/seo\/ -->\n<title>Les robes : Histoire, technique et culture, Une \u00e9tude de la mode f\u00e9minine de la Renaissance \u00e0 nos jours - Librairie 7L<\/title>\n<meta name=\"robots\" content=\"index, follow, max-snippet:-1, max-image-preview:large, max-video-preview:-1\" \/>\n<link rel=\"canonical\" href=\"https:\/\/librairie7l.com\/en\/produit\/les-robes-histoire-technique-et-culture-une-etude-de-la-mode-feminine-de-la-renaissance-a-nos-jours-2\/\" \/>\n<meta property=\"og:locale\" content=\"en_US\" \/>\n<meta property=\"og:type\" content=\"article\" \/>\n<meta property=\"og:title\" content=\"Les robes : Histoire, technique et culture, Une \u00e9tude de la mode f\u00e9minine de la Renaissance \u00e0 nos jours - Librairie 7L\" \/>\n<meta property=\"og:description\" content=\"V\u00eatement f\u00e9minin le plus iconique, la robe a connu de multiples formes et vari\u00e9t\u00e9s au cours des si\u00e8cles. Cette \u00e9tude richement document\u00e9e et illustr\u00e9e nous raconte cette histoire, de 1550 \u00e0 2020. Chaque p\u00e9riode historique est replac\u00e9e dans son contexte culturel, avec une attention port\u00e9e \u00e0 la place des femmes dans la soci\u00e9t\u00e9. Puis, des [&hellip;]\" \/>\n<meta property=\"og:url\" content=\"https:\/\/librairie7l.com\/en\/produit\/les-robes-histoire-technique-et-culture-une-etude-de-la-mode-feminine-de-la-renaissance-a-nos-jours-2\/\" \/>\n<meta property=\"og:site_name\" content=\"Librairie 7L\" \/>\n<meta property=\"article:modified_time\" content=\"2026-04-15T19:05:55+00:00\" \/>\n<meta property=\"og:image\" content=\"https:\/\/librairie7l.com\/wp-content\/uploads\/2025\/04\/9782350176086_1_75.jpg\" \/>\n\t<meta property=\"og:image:width\" content=\"600\" \/>\n\t<meta property=\"og:image:height\" content=\"718\" \/>\n\t<meta property=\"og:image:type\" content=\"image\/jpeg\" \/>\n<meta name=\"twitter:card\" content=\"summary_large_image\" \/>\n<meta name=\"twitter:label1\" content=\"Est. reading time\" \/>\n\t<meta name=\"twitter:data1\" content=\"1 minute\" \/>\n<script type=\"application\/ld+json\" class=\"yoast-schema-graph\">{\"@context\":\"https:\/\/schema.org\",\"@graph\":[{\"@type\":\"WebPage\",\"@id\":\"https:\/\/librairie7l.com\/en\/produit\/les-robes-histoire-technique-et-culture-une-etude-de-la-mode-feminine-de-la-renaissance-a-nos-jours-2\/\",\"url\":\"https:\/\/librairie7l.com\/en\/produit\/les-robes-histoire-technique-et-culture-une-etude-de-la-mode-feminine-de-la-renaissance-a-nos-jours-2\/\",\"name\":\"Les robes : Histoire, technique et culture, Une \u00e9tude de la mode f\u00e9minine de la Renaissance \u00e0 nos jours - Librairie 7L\",\"isPartOf\":{\"@id\":\"https:\/\/librairie7l.com\/en\/#website\"},\"datePublished\":\"2025-09-03T07:17:56+00:00\",\"dateModified\":\"2026-04-15T19:05:55+00:00\",\"breadcrumb\":{\"@id\":\"https:\/\/librairie7l.com\/en\/produit\/les-robes-histoire-technique-et-culture-une-etude-de-la-mode-feminine-de-la-renaissance-a-nos-jours-2\/#breadcrumb\"},\"inLanguage\":\"en-US\",\"potentialAction\":[{\"@type\":\"ReadAction\",\"target\":[\"https:\/\/librairie7l.com\/en\/produit\/les-robes-histoire-technique-et-culture-une-etude-de-la-mode-feminine-de-la-renaissance-a-nos-jours-2\/\"]}]},{\"@type\":\"BreadcrumbList\",\"@id\":\"https:\/\/librairie7l.com\/en\/produit\/les-robes-histoire-technique-et-culture-une-etude-de-la-mode-feminine-de-la-renaissance-a-nos-jours-2\/#breadcrumb\",\"itemListElement\":[{\"@type\":\"ListItem\",\"position\":1,\"name\":\"Accueil\",\"item\":\"https:\/\/librairie7l.com\/en\/\"},{\"@type\":\"ListItem\",\"position\":2,\"name\":\"Shop\",\"item\":\"https:\/\/librairie7l.com\/en\/shop\/\"},{\"@type\":\"ListItem\",\"position\":3,\"name\":\"LES ROBES : HISTOIRE, TECHNIQUE ET CULTURE, UNE \u00c9TUDE DE LA MODE F\u00c9MININE DE LA RENAISSANCE \u00c0 NOS JOURS\"}]},{\"@type\":\"WebSite\",\"@id\":\"https:\/\/librairie7l.com\/en\/#website\",\"url\":\"https:\/\/librairie7l.com\/en\/\",\"name\":\"Librairie 7L\",\"description\":\"Librairie fond\u00e9e en 1999 par Karl Lagerfeld \u00e0 Paris\",\"publisher\":{\"@id\":\"https:\/\/librairie7l.com\/en\/#organization\"},\"potentialAction\":[{\"@type\":\"SearchAction\",\"target\":{\"@type\":\"EntryPoint\",\"urlTemplate\":\"https:\/\/librairie7l.com\/en\/?s={search_term_string}\"},\"query-input\":\"required name=search_term_string\"}],\"inLanguage\":\"en-US\"},{\"@type\":\"Organization\",\"@id\":\"https:\/\/librairie7l.com\/en\/#organization\",\"name\":\"Librairie 7L\",\"url\":\"https:\/\/librairie7l.com\/en\/\",\"logo\":{\"@type\":\"ImageObject\",\"inLanguage\":\"en-US\",\"@id\":\"https:\/\/librairie7l.com\/en\/#\/schema\/logo\/image\/\",\"url\":\"https:\/\/librairie7l.com\/wp-content\/uploads\/2022\/08\/logo-1.png\",\"contentUrl\":\"https:\/\/librairie7l.com\/wp-content\/uploads\/2022\/08\/logo-1.png\",\"width\":227,\"height\":301,\"caption\":\"Librairie 7L\"},\"image\":{\"@id\":\"https:\/\/librairie7l.com\/en\/#\/schema\/logo\/image\/\"}}]}<\/script>\n<!-- \/ Yoast SEO plugin. -->","yoast_head_json":{"title":"Les robes : Histoire, technique et culture, Une \u00e9tude de la mode f\u00e9minine de la Renaissance \u00e0 nos jours - Librairie 7L","robots":{"index":"index","follow":"follow","max-snippet":"max-snippet:-1","max-image-preview":"max-image-preview:large","max-video-preview":"max-video-preview:-1"},"canonical":"https:\/\/librairie7l.com\/en\/produit\/les-robes-histoire-technique-et-culture-une-etude-de-la-mode-feminine-de-la-renaissance-a-nos-jours-2\/","og_locale":"en_US","og_type":"article","og_title":"Les robes : Histoire, technique et culture, Une \u00e9tude de la mode f\u00e9minine de la Renaissance \u00e0 nos jours - Librairie 7L","og_description":"V\u00eatement f\u00e9minin le plus iconique, la robe a connu de multiples formes et vari\u00e9t\u00e9s au cours des si\u00e8cles. Cette \u00e9tude richement document\u00e9e et illustr\u00e9e nous raconte cette histoire, de 1550 \u00e0 2020. Chaque p\u00e9riode historique est replac\u00e9e dans son contexte culturel, avec une attention port\u00e9e \u00e0 la place des femmes dans la soci\u00e9t\u00e9. Puis, des [&hellip;]","og_url":"https:\/\/librairie7l.com\/en\/produit\/les-robes-histoire-technique-et-culture-une-etude-de-la-mode-feminine-de-la-renaissance-a-nos-jours-2\/","og_site_name":"Librairie 7L","article_modified_time":"2026-04-15T19:05:55+00:00","og_image":[{"width":600,"height":718,"url":"https:\/\/librairie7l.com\/wp-content\/uploads\/2025\/04\/9782350176086_1_75.jpg","type":"image\/jpeg"}],"twitter_card":"summary_large_image","twitter_misc":{"Est. reading time":"1 minute"},"schema":{"@context":"https:\/\/schema.org","@graph":[{"@type":"WebPage","@id":"https:\/\/librairie7l.com\/en\/produit\/les-robes-histoire-technique-et-culture-une-etude-de-la-mode-feminine-de-la-renaissance-a-nos-jours-2\/","url":"https:\/\/librairie7l.com\/en\/produit\/les-robes-histoire-technique-et-culture-une-etude-de-la-mode-feminine-de-la-renaissance-a-nos-jours-2\/","name":"Les robes : Histoire, technique et culture, Une \u00e9tude de la mode f\u00e9minine de la Renaissance \u00e0 nos jours - Librairie 7L","isPartOf":{"@id":"https:\/\/librairie7l.com\/en\/#website"},"datePublished":"2025-09-03T07:17:56+00:00","dateModified":"2026-04-15T19:05:55+00:00","breadcrumb":{"@id":"https:\/\/librairie7l.com\/en\/produit\/les-robes-histoire-technique-et-culture-une-etude-de-la-mode-feminine-de-la-renaissance-a-nos-jours-2\/#breadcrumb"},"inLanguage":"en-US","potentialAction":[{"@type":"ReadAction","target":["https:\/\/librairie7l.com\/en\/produit\/les-robes-histoire-technique-et-culture-une-etude-de-la-mode-feminine-de-la-renaissance-a-nos-jours-2\/"]}]},{"@type":"BreadcrumbList","@id":"https:\/\/librairie7l.com\/en\/produit\/les-robes-histoire-technique-et-culture-une-etude-de-la-mode-feminine-de-la-renaissance-a-nos-jours-2\/#breadcrumb","itemListElement":[{"@type":"ListItem","position":1,"name":"Accueil","item":"https:\/\/librairie7l.com\/en\/"},{"@type":"ListItem","position":2,"name":"Shop","item":"https:\/\/librairie7l.com\/en\/shop\/"},{"@type":"ListItem","position":3,"name":"LES ROBES : HISTOIRE, TECHNIQUE ET CULTURE, UNE \u00c9TUDE DE LA MODE F\u00c9MININE DE LA RENAISSANCE \u00c0 NOS JOURS"}]},{"@type":"WebSite","@id":"https:\/\/librairie7l.com\/en\/#website","url":"https:\/\/librairie7l.com\/en\/","name":"Librairie 7L","description":"Librairie fond\u00e9e en 1999 par Karl Lagerfeld \u00e0 Paris","publisher":{"@id":"https:\/\/librairie7l.com\/en\/#organization"},"potentialAction":[{"@type":"SearchAction","target":{"@type":"EntryPoint","urlTemplate":"https:\/\/librairie7l.com\/en\/?s={search_term_string}"},"query-input":"required name=search_term_string"}],"inLanguage":"en-US"},{"@type":"Organization","@id":"https:\/\/librairie7l.com\/en\/#organization","name":"Librairie 7L","url":"https:\/\/librairie7l.com\/en\/","logo":{"@type":"ImageObject","inLanguage":"en-US","@id":"https:\/\/librairie7l.com\/en\/#\/schema\/logo\/image\/","url":"https:\/\/librairie7l.com\/wp-content\/uploads\/2022\/08\/logo-1.png","contentUrl":"https:\/\/librairie7l.com\/wp-content\/uploads\/2022\/08\/logo-1.png","width":227,"height":301,"caption":"Librairie 7L"},"image":{"@id":"https:\/\/librairie7l.com\/en\/#\/schema\/logo\/image\/"}}]}},"_links":{"self":[{"href":"https:\/\/librairie7l.com\/en\/wp-json\/wp\/v2\/product\/50193"}],"collection":[{"href":"https:\/\/librairie7l.com\/en\/wp-json\/wp\/v2\/product"}],"about":[{"href":"https:\/\/librairie7l.com\/en\/wp-json\/wp\/v2\/types\/product"}],"wp:featuredmedia":[{"embeddable":true,"href":"https:\/\/librairie7l.com\/en\/wp-json\/wp\/v2\/media\/50191"}],"wp:attachment":[{"href":"https:\/\/librairie7l.com\/en\/wp-json\/wp\/v2\/media?parent=50193"}],"wp:term":[{"taxonomy":"product_cat","embeddable":true,"href":"https:\/\/librairie7l.com\/en\/wp-json\/wp\/v2\/product_cat?post=50193"},{"taxonomy":"product_tag","embeddable":true,"href":"https:\/\/librairie7l.com\/en\/wp-json\/wp\/v2\/product_tag?post=50193"}],"curies":[{"name":"wp","href":"https:\/\/api.w.org\/{rel}","templated":true}]}}