{"id":50197,"date":"2025-09-03T09:17:58","date_gmt":"2025-09-03T07:17:58","guid":{"rendered":"https:\/\/librairie7l.com\/?post_type=product&#038;p=50197"},"modified":"2026-04-17T09:03:03","modified_gmt":"2026-04-17T07:03:03","slug":"chere-dr-mueller-2","status":"publish","type":"product","link":"https:\/\/librairie7l.com\/en\/produit\/chere-dr-mueller-2\/","title":{"rendered":"CH\u00c8RE DR. MUELLER"},"content":{"rendered":"<p>Actrice, gogo danseuse, critique d&#8217;art, junkie, \u00e9crivain, a priori pas le CV id\u00e9al pour tenir la chronique sant\u00e9 d&#8217;un magazine, fut-il underground et new-yorkais ! De 1982 \u00e0 1985, Cookie Mueller r\u00e9pondra pourtant au courrier sant\u00e9 des lecteurs du East Village Eye, r\u00e9digeant souvent elle-m\u00eame les questions et les r\u00e9ponses. Acn\u00e9, overdose, cellulite, MST, calvitie, elle a un avis sur tout et le donne avec un aplomb incroyable et un humour subversif.<\/p>\n<p>Entre rem\u00e8des de grands-m\u00e8res et conseils malicieux, ces chroniques fa\u00e7on Dr Cookie sous coca\u00efne sont le reflet d&#8217;une \u00e9poque insouciante, foutraque et libre.<\/p>\n","protected":false},"excerpt":{"rendered":"<p>Actrice, gogo danseuse, critique d&#8217;art, junkie, \u00e9crivain, a priori pas le CV id\u00e9al pour tenir la chronique sant\u00e9 d&#8217;un magazine, fut-il underground et new-yorkais ! De 1982 \u00e0 1985, Cookie Mueller r\u00e9pondra pourtant au courrier sant\u00e9 des lecteurs du East Village Eye, r\u00e9digeant souvent elle-m\u00eame les questions et les r\u00e9ponses. Acn\u00e9, overdose, cellulite, MST, calvitie, [&hellip;]<\/p>\n","protected":false},"featured_media":50195,"template":"","meta":[],"product_cat":[2948,2953],"product_tag":[],"acf":[],"yoast_head":"<!-- This site is optimized with the Yoast SEO plugin v20.11 - https:\/\/yoast.com\/wordpress\/plugins\/seo\/ -->\n<title>Ch\u00e8re Dr. Mueller - Librairie 7L<\/title>\n<meta name=\"robots\" content=\"index, follow, max-snippet:-1, max-image-preview:large, max-video-preview:-1\" \/>\n<link rel=\"canonical\" href=\"https:\/\/librairie7l.com\/en\/produit\/chere-dr-mueller-2\/\" \/>\n<meta property=\"og:locale\" content=\"en_US\" \/>\n<meta property=\"og:type\" content=\"article\" \/>\n<meta property=\"og:title\" content=\"Ch\u00e8re Dr. Mueller - Librairie 7L\" \/>\n<meta property=\"og:description\" content=\"Actrice, gogo danseuse, critique d&#8217;art, junkie, \u00e9crivain, a priori pas le CV id\u00e9al pour tenir la chronique sant\u00e9 d&#8217;un magazine, fut-il underground et new-yorkais ! De 1982 \u00e0 1985, Cookie Mueller r\u00e9pondra pourtant au courrier sant\u00e9 des lecteurs du East Village Eye, r\u00e9digeant souvent elle-m\u00eame les questions et les r\u00e9ponses. Acn\u00e9, overdose, cellulite, MST, calvitie, [&hellip;]\" \/>\n<meta property=\"og:url\" content=\"https:\/\/librairie7l.com\/en\/produit\/chere-dr-mueller-2\/\" \/>\n<meta property=\"og:site_name\" content=\"Librairie 7L\" \/>\n<meta property=\"article:modified_time\" content=\"2026-04-17T07:03:03+00:00\" \/>\n<meta property=\"og:image\" content=\"https:\/\/librairie7l.com\/wp-content\/uploads\/2024\/06\/9782363392169_1_75.jpg\" \/>\n\t<meta property=\"og:image:width\" content=\"600\" \/>\n\t<meta property=\"og:image:height\" content=\"888\" \/>\n\t<meta property=\"og:image:type\" content=\"image\/jpeg\" \/>\n<meta name=\"twitter:card\" content=\"summary_large_image\" \/>\n<meta name=\"twitter:label1\" content=\"Est. reading time\" \/>\n\t<meta name=\"twitter:data1\" content=\"1 minute\" \/>\n<script type=\"application\/ld+json\" class=\"yoast-schema-graph\">{\"@context\":\"https:\/\/schema.org\",\"@graph\":[{\"@type\":\"WebPage\",\"@id\":\"https:\/\/librairie7l.com\/en\/produit\/chere-dr-mueller-2\/\",\"url\":\"https:\/\/librairie7l.com\/en\/produit\/chere-dr-mueller-2\/\",\"name\":\"Ch\u00e8re Dr. Mueller - Librairie 7L\",\"isPartOf\":{\"@id\":\"https:\/\/librairie7l.com\/en\/#website\"},\"datePublished\":\"2025-09-03T07:17:58+00:00\",\"dateModified\":\"2026-04-17T07:03:03+00:00\",\"breadcrumb\":{\"@id\":\"https:\/\/librairie7l.com\/en\/produit\/chere-dr-mueller-2\/#breadcrumb\"},\"inLanguage\":\"en-US\",\"potentialAction\":[{\"@type\":\"ReadAction\",\"target\":[\"https:\/\/librairie7l.com\/en\/produit\/chere-dr-mueller-2\/\"]}]},{\"@type\":\"BreadcrumbList\",\"@id\":\"https:\/\/librairie7l.com\/en\/produit\/chere-dr-mueller-2\/#breadcrumb\",\"itemListElement\":[{\"@type\":\"ListItem\",\"position\":1,\"name\":\"Accueil\",\"item\":\"https:\/\/librairie7l.com\/en\/\"},{\"@type\":\"ListItem\",\"position\":2,\"name\":\"Shop\",\"item\":\"https:\/\/librairie7l.com\/en\/shop\/\"},{\"@type\":\"ListItem\",\"position\":3,\"name\":\"CH\u00c8RE DR. MUELLER\"}]},{\"@type\":\"WebSite\",\"@id\":\"https:\/\/librairie7l.com\/en\/#website\",\"url\":\"https:\/\/librairie7l.com\/en\/\",\"name\":\"Librairie 7L\",\"description\":\"Librairie fond\u00e9e en 1999 par Karl Lagerfeld \u00e0 Paris\",\"publisher\":{\"@id\":\"https:\/\/librairie7l.com\/en\/#organization\"},\"potentialAction\":[{\"@type\":\"SearchAction\",\"target\":{\"@type\":\"EntryPoint\",\"urlTemplate\":\"https:\/\/librairie7l.com\/en\/?s={search_term_string}\"},\"query-input\":\"required name=search_term_string\"}],\"inLanguage\":\"en-US\"},{\"@type\":\"Organization\",\"@id\":\"https:\/\/librairie7l.com\/en\/#organization\",\"name\":\"Librairie 7L\",\"url\":\"https:\/\/librairie7l.com\/en\/\",\"logo\":{\"@type\":\"ImageObject\",\"inLanguage\":\"en-US\",\"@id\":\"https:\/\/librairie7l.com\/en\/#\/schema\/logo\/image\/\",\"url\":\"https:\/\/librairie7l.com\/wp-content\/uploads\/2022\/08\/logo-1.png\",\"contentUrl\":\"https:\/\/librairie7l.com\/wp-content\/uploads\/2022\/08\/logo-1.png\",\"width\":227,\"height\":301,\"caption\":\"Librairie 7L\"},\"image\":{\"@id\":\"https:\/\/librairie7l.com\/en\/#\/schema\/logo\/image\/\"}}]}<\/script>\n<!-- \/ Yoast SEO plugin. -->","yoast_head_json":{"title":"Ch\u00e8re Dr. Mueller - Librairie 7L","robots":{"index":"index","follow":"follow","max-snippet":"max-snippet:-1","max-image-preview":"max-image-preview:large","max-video-preview":"max-video-preview:-1"},"canonical":"https:\/\/librairie7l.com\/en\/produit\/chere-dr-mueller-2\/","og_locale":"en_US","og_type":"article","og_title":"Ch\u00e8re Dr. Mueller - Librairie 7L","og_description":"Actrice, gogo danseuse, critique d&#8217;art, junkie, \u00e9crivain, a priori pas le CV id\u00e9al pour tenir la chronique sant\u00e9 d&#8217;un magazine, fut-il underground et new-yorkais ! De 1982 \u00e0 1985, Cookie Mueller r\u00e9pondra pourtant au courrier sant\u00e9 des lecteurs du East Village Eye, r\u00e9digeant souvent elle-m\u00eame les questions et les r\u00e9ponses. Acn\u00e9, overdose, cellulite, MST, calvitie, [&hellip;]","og_url":"https:\/\/librairie7l.com\/en\/produit\/chere-dr-mueller-2\/","og_site_name":"Librairie 7L","article_modified_time":"2026-04-17T07:03:03+00:00","og_image":[{"width":600,"height":888,"url":"https:\/\/librairie7l.com\/wp-content\/uploads\/2024\/06\/9782363392169_1_75.jpg","type":"image\/jpeg"}],"twitter_card":"summary_large_image","twitter_misc":{"Est. reading time":"1 minute"},"schema":{"@context":"https:\/\/schema.org","@graph":[{"@type":"WebPage","@id":"https:\/\/librairie7l.com\/en\/produit\/chere-dr-mueller-2\/","url":"https:\/\/librairie7l.com\/en\/produit\/chere-dr-mueller-2\/","name":"Ch\u00e8re Dr. Mueller - Librairie 7L","isPartOf":{"@id":"https:\/\/librairie7l.com\/en\/#website"},"datePublished":"2025-09-03T07:17:58+00:00","dateModified":"2026-04-17T07:03:03+00:00","breadcrumb":{"@id":"https:\/\/librairie7l.com\/en\/produit\/chere-dr-mueller-2\/#breadcrumb"},"inLanguage":"en-US","potentialAction":[{"@type":"ReadAction","target":["https:\/\/librairie7l.com\/en\/produit\/chere-dr-mueller-2\/"]}]},{"@type":"BreadcrumbList","@id":"https:\/\/librairie7l.com\/en\/produit\/chere-dr-mueller-2\/#breadcrumb","itemListElement":[{"@type":"ListItem","position":1,"name":"Accueil","item":"https:\/\/librairie7l.com\/en\/"},{"@type":"ListItem","position":2,"name":"Shop","item":"https:\/\/librairie7l.com\/en\/shop\/"},{"@type":"ListItem","position":3,"name":"CH\u00c8RE DR. MUELLER"}]},{"@type":"WebSite","@id":"https:\/\/librairie7l.com\/en\/#website","url":"https:\/\/librairie7l.com\/en\/","name":"Librairie 7L","description":"Librairie fond\u00e9e en 1999 par Karl Lagerfeld \u00e0 Paris","publisher":{"@id":"https:\/\/librairie7l.com\/en\/#organization"},"potentialAction":[{"@type":"SearchAction","target":{"@type":"EntryPoint","urlTemplate":"https:\/\/librairie7l.com\/en\/?s={search_term_string}"},"query-input":"required name=search_term_string"}],"inLanguage":"en-US"},{"@type":"Organization","@id":"https:\/\/librairie7l.com\/en\/#organization","name":"Librairie 7L","url":"https:\/\/librairie7l.com\/en\/","logo":{"@type":"ImageObject","inLanguage":"en-US","@id":"https:\/\/librairie7l.com\/en\/#\/schema\/logo\/image\/","url":"https:\/\/librairie7l.com\/wp-content\/uploads\/2022\/08\/logo-1.png","contentUrl":"https:\/\/librairie7l.com\/wp-content\/uploads\/2022\/08\/logo-1.png","width":227,"height":301,"caption":"Librairie 7L"},"image":{"@id":"https:\/\/librairie7l.com\/en\/#\/schema\/logo\/image\/"}}]}},"_links":{"self":[{"href":"https:\/\/librairie7l.com\/en\/wp-json\/wp\/v2\/product\/50197"}],"collection":[{"href":"https:\/\/librairie7l.com\/en\/wp-json\/wp\/v2\/product"}],"about":[{"href":"https:\/\/librairie7l.com\/en\/wp-json\/wp\/v2\/types\/product"}],"wp:featuredmedia":[{"embeddable":true,"href":"https:\/\/librairie7l.com\/en\/wp-json\/wp\/v2\/media\/50195"}],"wp:attachment":[{"href":"https:\/\/librairie7l.com\/en\/wp-json\/wp\/v2\/media?parent=50197"}],"wp:term":[{"taxonomy":"product_cat","embeddable":true,"href":"https:\/\/librairie7l.com\/en\/wp-json\/wp\/v2\/product_cat?post=50197"},{"taxonomy":"product_tag","embeddable":true,"href":"https:\/\/librairie7l.com\/en\/wp-json\/wp\/v2\/product_tag?post=50197"}],"curies":[{"name":"wp","href":"https:\/\/api.w.org\/{rel}","templated":true}]}}