{"id":50201,"date":"2025-09-03T12:55:42","date_gmt":"2025-09-03T10:55:42","guid":{"rendered":"https:\/\/librairie7l.com\/?post_type=product&#038;p=50201"},"modified":"2026-04-06T11:58:11","modified_gmt":"2026-04-06T09:58:11","slug":"la-disparition-a2-2","status":"publish","type":"product","link":"https:\/\/librairie7l.com\/en\/produit\/la-disparition-a2-2\/","title":{"rendered":"LA DISPARITION ; A2"},"content":{"rendered":"<p>Elle est arriv\u00e9e le jour de la rentr\u00e9e, le 5 septembre. Tout le monde la regardait parce que dans la classe on est ensemble depuis l&#8217;\u00e9cole primaire, alors, \u00e9videmment, l&#8217;arriv\u00e9e d&#8217;un nouveau ou d&#8217;une nouvelle, c&#8217;est un \u00e9v\u00e9nement&#8230;<\/p>\n<p>Pour motiver les adolescents  et les amener \u00e0 lire en fran\u00e7ais, la collection Lire en fran\u00e7ais facile vous pr\u00e9sente des histoires illustr\u00e9es in\u00e9dites, adapt\u00e9es au niveau de langue des apprenants et proche de leurs go\u00fbts et de leur centres d&#8217;int\u00e9r\u00eat.<\/p>\n<p>A la fin de chaque r\u00e9cit, un dossier p\u00e9dagogique propose :<br \/>\n&#8211; des activit\u00e9s pour une exploitation ludique du texte;<br \/>\n&#8211; un lexique monolingue pour la compr\u00e9hension des mots et expressions difficiles.<\/p>\n","protected":false},"excerpt":{"rendered":"<p>Elle est arriv\u00e9e le jour de la rentr\u00e9e, le 5 septembre. Tout le monde la regardait parce que dans la classe on est ensemble depuis l&#8217;\u00e9cole primaire, alors, \u00e9videmment, l&#8217;arriv\u00e9e d&#8217;un nouveau ou d&#8217;une nouvelle, c&#8217;est un \u00e9v\u00e9nement&#8230; Pour motiver les adolescents et les amener \u00e0 lire en fran\u00e7ais, la collection Lire en fran\u00e7ais facile [&hellip;]<\/p>\n","protected":false},"featured_media":50199,"template":"","meta":[],"product_cat":[7364,2948],"product_tag":[],"acf":[],"yoast_head":"<!-- This site is optimized with the Yoast SEO plugin v20.11 - https:\/\/yoast.com\/wordpress\/plugins\/seo\/ -->\n<title>La disparition ; A2 - Librairie 7L<\/title>\n<meta name=\"robots\" content=\"index, follow, max-snippet:-1, max-image-preview:large, max-video-preview:-1\" \/>\n<link rel=\"canonical\" href=\"https:\/\/librairie7l.com\/en\/produit\/la-disparition-a2-2\/\" \/>\n<meta property=\"og:locale\" content=\"en_US\" \/>\n<meta property=\"og:type\" content=\"article\" \/>\n<meta property=\"og:title\" content=\"La disparition ; A2 - Librairie 7L\" \/>\n<meta property=\"og:description\" content=\"Elle est arriv\u00e9e le jour de la rentr\u00e9e, le 5 septembre. Tout le monde la regardait parce que dans la classe on est ensemble depuis l&#8217;\u00e9cole primaire, alors, \u00e9videmment, l&#8217;arriv\u00e9e d&#8217;un nouveau ou d&#8217;une nouvelle, c&#8217;est un \u00e9v\u00e9nement&#8230; Pour motiver les adolescents et les amener \u00e0 lire en fran\u00e7ais, la collection Lire en fran\u00e7ais facile [&hellip;]\" \/>\n<meta property=\"og:url\" content=\"https:\/\/librairie7l.com\/en\/produit\/la-disparition-a2-2\/\" \/>\n<meta property=\"og:site_name\" content=\"Librairie 7L\" \/>\n<meta property=\"article:modified_time\" content=\"2026-04-06T09:58:11+00:00\" \/>\n<meta property=\"og:image\" content=\"https:\/\/librairie7l.com\/wp-content\/uploads\/2005\/01\/9782011553966_1_75.jpg\" \/>\n\t<meta property=\"og:image:width\" content=\"600\" \/>\n\t<meta property=\"og:image:height\" content=\"888\" \/>\n\t<meta property=\"og:image:type\" content=\"image\/jpeg\" \/>\n<meta name=\"twitter:card\" content=\"summary_large_image\" \/>\n<meta name=\"twitter:label1\" content=\"Est. reading time\" \/>\n\t<meta name=\"twitter:data1\" content=\"1 minute\" \/>\n<script type=\"application\/ld+json\" class=\"yoast-schema-graph\">{\"@context\":\"https:\/\/schema.org\",\"@graph\":[{\"@type\":\"WebPage\",\"@id\":\"https:\/\/librairie7l.com\/en\/produit\/la-disparition-a2-2\/\",\"url\":\"https:\/\/librairie7l.com\/en\/produit\/la-disparition-a2-2\/\",\"name\":\"La disparition ; A2 - Librairie 7L\",\"isPartOf\":{\"@id\":\"https:\/\/librairie7l.com\/en\/#website\"},\"datePublished\":\"2025-09-03T10:55:42+00:00\",\"dateModified\":\"2026-04-06T09:58:11+00:00\",\"breadcrumb\":{\"@id\":\"https:\/\/librairie7l.com\/en\/produit\/la-disparition-a2-2\/#breadcrumb\"},\"inLanguage\":\"en-US\",\"potentialAction\":[{\"@type\":\"ReadAction\",\"target\":[\"https:\/\/librairie7l.com\/en\/produit\/la-disparition-a2-2\/\"]}]},{\"@type\":\"BreadcrumbList\",\"@id\":\"https:\/\/librairie7l.com\/en\/produit\/la-disparition-a2-2\/#breadcrumb\",\"itemListElement\":[{\"@type\":\"ListItem\",\"position\":1,\"name\":\"Accueil\",\"item\":\"https:\/\/librairie7l.com\/en\/\"},{\"@type\":\"ListItem\",\"position\":2,\"name\":\"Shop\",\"item\":\"https:\/\/librairie7l.com\/en\/shop\/\"},{\"@type\":\"ListItem\",\"position\":3,\"name\":\"LA DISPARITION ; A2\"}]},{\"@type\":\"WebSite\",\"@id\":\"https:\/\/librairie7l.com\/en\/#website\",\"url\":\"https:\/\/librairie7l.com\/en\/\",\"name\":\"Librairie 7L\",\"description\":\"Librairie fond\u00e9e en 1999 par Karl Lagerfeld \u00e0 Paris\",\"publisher\":{\"@id\":\"https:\/\/librairie7l.com\/en\/#organization\"},\"potentialAction\":[{\"@type\":\"SearchAction\",\"target\":{\"@type\":\"EntryPoint\",\"urlTemplate\":\"https:\/\/librairie7l.com\/en\/?s={search_term_string}\"},\"query-input\":\"required name=search_term_string\"}],\"inLanguage\":\"en-US\"},{\"@type\":\"Organization\",\"@id\":\"https:\/\/librairie7l.com\/en\/#organization\",\"name\":\"Librairie 7L\",\"url\":\"https:\/\/librairie7l.com\/en\/\",\"logo\":{\"@type\":\"ImageObject\",\"inLanguage\":\"en-US\",\"@id\":\"https:\/\/librairie7l.com\/en\/#\/schema\/logo\/image\/\",\"url\":\"https:\/\/librairie7l.com\/wp-content\/uploads\/2022\/08\/logo-1.png\",\"contentUrl\":\"https:\/\/librairie7l.com\/wp-content\/uploads\/2022\/08\/logo-1.png\",\"width\":227,\"height\":301,\"caption\":\"Librairie 7L\"},\"image\":{\"@id\":\"https:\/\/librairie7l.com\/en\/#\/schema\/logo\/image\/\"}}]}<\/script>\n<!-- \/ Yoast SEO plugin. -->","yoast_head_json":{"title":"La disparition ; A2 - Librairie 7L","robots":{"index":"index","follow":"follow","max-snippet":"max-snippet:-1","max-image-preview":"max-image-preview:large","max-video-preview":"max-video-preview:-1"},"canonical":"https:\/\/librairie7l.com\/en\/produit\/la-disparition-a2-2\/","og_locale":"en_US","og_type":"article","og_title":"La disparition ; A2 - Librairie 7L","og_description":"Elle est arriv\u00e9e le jour de la rentr\u00e9e, le 5 septembre. Tout le monde la regardait parce que dans la classe on est ensemble depuis l&#8217;\u00e9cole primaire, alors, \u00e9videmment, l&#8217;arriv\u00e9e d&#8217;un nouveau ou d&#8217;une nouvelle, c&#8217;est un \u00e9v\u00e9nement&#8230; Pour motiver les adolescents et les amener \u00e0 lire en fran\u00e7ais, la collection Lire en fran\u00e7ais facile [&hellip;]","og_url":"https:\/\/librairie7l.com\/en\/produit\/la-disparition-a2-2\/","og_site_name":"Librairie 7L","article_modified_time":"2026-04-06T09:58:11+00:00","og_image":[{"width":600,"height":888,"url":"https:\/\/librairie7l.com\/wp-content\/uploads\/2005\/01\/9782011553966_1_75.jpg","type":"image\/jpeg"}],"twitter_card":"summary_large_image","twitter_misc":{"Est. reading time":"1 minute"},"schema":{"@context":"https:\/\/schema.org","@graph":[{"@type":"WebPage","@id":"https:\/\/librairie7l.com\/en\/produit\/la-disparition-a2-2\/","url":"https:\/\/librairie7l.com\/en\/produit\/la-disparition-a2-2\/","name":"La disparition ; A2 - Librairie 7L","isPartOf":{"@id":"https:\/\/librairie7l.com\/en\/#website"},"datePublished":"2025-09-03T10:55:42+00:00","dateModified":"2026-04-06T09:58:11+00:00","breadcrumb":{"@id":"https:\/\/librairie7l.com\/en\/produit\/la-disparition-a2-2\/#breadcrumb"},"inLanguage":"en-US","potentialAction":[{"@type":"ReadAction","target":["https:\/\/librairie7l.com\/en\/produit\/la-disparition-a2-2\/"]}]},{"@type":"BreadcrumbList","@id":"https:\/\/librairie7l.com\/en\/produit\/la-disparition-a2-2\/#breadcrumb","itemListElement":[{"@type":"ListItem","position":1,"name":"Accueil","item":"https:\/\/librairie7l.com\/en\/"},{"@type":"ListItem","position":2,"name":"Shop","item":"https:\/\/librairie7l.com\/en\/shop\/"},{"@type":"ListItem","position":3,"name":"LA DISPARITION ; A2"}]},{"@type":"WebSite","@id":"https:\/\/librairie7l.com\/en\/#website","url":"https:\/\/librairie7l.com\/en\/","name":"Librairie 7L","description":"Librairie fond\u00e9e en 1999 par Karl Lagerfeld \u00e0 Paris","publisher":{"@id":"https:\/\/librairie7l.com\/en\/#organization"},"potentialAction":[{"@type":"SearchAction","target":{"@type":"EntryPoint","urlTemplate":"https:\/\/librairie7l.com\/en\/?s={search_term_string}"},"query-input":"required name=search_term_string"}],"inLanguage":"en-US"},{"@type":"Organization","@id":"https:\/\/librairie7l.com\/en\/#organization","name":"Librairie 7L","url":"https:\/\/librairie7l.com\/en\/","logo":{"@type":"ImageObject","inLanguage":"en-US","@id":"https:\/\/librairie7l.com\/en\/#\/schema\/logo\/image\/","url":"https:\/\/librairie7l.com\/wp-content\/uploads\/2022\/08\/logo-1.png","contentUrl":"https:\/\/librairie7l.com\/wp-content\/uploads\/2022\/08\/logo-1.png","width":227,"height":301,"caption":"Librairie 7L"},"image":{"@id":"https:\/\/librairie7l.com\/en\/#\/schema\/logo\/image\/"}}]}},"_links":{"self":[{"href":"https:\/\/librairie7l.com\/en\/wp-json\/wp\/v2\/product\/50201"}],"collection":[{"href":"https:\/\/librairie7l.com\/en\/wp-json\/wp\/v2\/product"}],"about":[{"href":"https:\/\/librairie7l.com\/en\/wp-json\/wp\/v2\/types\/product"}],"wp:featuredmedia":[{"embeddable":true,"href":"https:\/\/librairie7l.com\/en\/wp-json\/wp\/v2\/media\/50199"}],"wp:attachment":[{"href":"https:\/\/librairie7l.com\/en\/wp-json\/wp\/v2\/media?parent=50201"}],"wp:term":[{"taxonomy":"product_cat","embeddable":true,"href":"https:\/\/librairie7l.com\/en\/wp-json\/wp\/v2\/product_cat?post=50201"},{"taxonomy":"product_tag","embeddable":true,"href":"https:\/\/librairie7l.com\/en\/wp-json\/wp\/v2\/product_tag?post=50201"}],"curies":[{"name":"wp","href":"https:\/\/api.w.org\/{rel}","templated":true}]}}