{"id":50218,"date":"2025-09-04T09:17:50","date_gmt":"2025-09-04T07:17:50","guid":{"rendered":"https:\/\/librairie7l.com\/?post_type=product&#038;p=50218"},"modified":"2026-04-17T15:55:12","modified_gmt":"2026-04-17T13:55:12","slug":"andrea-branzi-le-regne-des-vivants-2","status":"publish","type":"product","link":"https:\/\/librairie7l.com\/en\/produit\/andrea-branzi-le-regne-des-vivants-2\/","title":{"rendered":"ANDREA BRANZI, LE REGNE DES VIVANTS"},"content":{"rendered":"<p>Designer, architecte, th\u00e9oricien, professeur, auteur de nombreux ouvrages, Andrea Branzi a accompli une oeuvre consid\u00e9rable, tourn\u00e9e vers une exp\u00e9rimentation radicale du design, qui interroge la soci\u00e9t\u00e9 post-industrielle des XXe et XXIe si\u00e8cles.<br \/>\nMembre du groupe Archizoom Associati de 1964 \u00e0 1974, il participe \u00e0 la cr\u00e9ation du Studio Alchimia en 1977 avant de rejoindre le collectif Memphis en 1981.  \u00c0 travers dessins, objets de design, projets d&#8217;architecture, peintures ou encore installations, Branzi s&#8217;int\u00e9resse au rapport entre le design industriel et la notion de \u00ab nature \u00bb, qui n&#8217;existe plus en tant que telle, mais devient une \u00ab seconde nature \u00bb artificielle. Pour Branzi, le design est avant tout \u00e9motionnel. Son oeuvre prot\u00e9iforme questionne l&#8217;environnement domestique et les objets qui nous accompagnent : comment donner \u00ab un monde hospitalier \u00bb aux hommes, aux vivants ? Quel est le sens de notre appartenance au \u00ab r\u00e8gne des vivants \u00bb ?<br \/>\nCatalogue de l&#8217;exposition \u00ab Andrea Branzi, le r\u00e8gne des vivants \u00bb se tenant au mus\u00e9e des impressionnismes Giverny du  11  juillet au 2 novembre 2025, dirig\u00e9 par Marie-Ange Brayer, conservatrice en chef, cheffe du service Design et prospective industrielle au mus\u00e9e national d&#8217;Art moderne, Centre Pompidou.<\/p>\n","protected":false},"excerpt":{"rendered":"<p>Designer, architecte, th\u00e9oricien, professeur, auteur de nombreux ouvrages, Andrea Branzi a accompli une oeuvre consid\u00e9rable, tourn\u00e9e vers une exp\u00e9rimentation radicale du design, qui interroge la soci\u00e9t\u00e9 post-industrielle des XXe et XXIe si\u00e8cles. Membre du groupe Archizoom Associati de 1964 \u00e0 1974, il participe \u00e0 la cr\u00e9ation du Studio Alchimia en 1977 avant de rejoindre le [&hellip;]<\/p>\n","protected":false},"featured_media":50216,"template":"","meta":[],"product_cat":[2948,2952],"product_tag":[],"acf":[],"yoast_head":"<!-- This site is optimized with the Yoast SEO plugin v20.11 - https:\/\/yoast.com\/wordpress\/plugins\/seo\/ -->\n<title>Andrea branzi, le regne des vivants - Librairie 7L<\/title>\n<meta name=\"robots\" content=\"index, follow, max-snippet:-1, max-image-preview:large, max-video-preview:-1\" \/>\n<link rel=\"canonical\" href=\"https:\/\/librairie7l.com\/en\/produit\/andrea-branzi-le-regne-des-vivants-2\/\" \/>\n<meta property=\"og:locale\" content=\"en_US\" \/>\n<meta property=\"og:type\" content=\"article\" \/>\n<meta property=\"og:title\" content=\"Andrea branzi, le regne des vivants - Librairie 7L\" \/>\n<meta property=\"og:description\" content=\"Designer, architecte, th\u00e9oricien, professeur, auteur de nombreux ouvrages, Andrea Branzi a accompli une oeuvre consid\u00e9rable, tourn\u00e9e vers une exp\u00e9rimentation radicale du design, qui interroge la soci\u00e9t\u00e9 post-industrielle des XXe et XXIe si\u00e8cles. Membre du groupe Archizoom Associati de 1964 \u00e0 1974, il participe \u00e0 la cr\u00e9ation du Studio Alchimia en 1977 avant de rejoindre le [&hellip;]\" \/>\n<meta property=\"og:url\" content=\"https:\/\/librairie7l.com\/en\/produit\/andrea-branzi-le-regne-des-vivants-2\/\" \/>\n<meta property=\"og:site_name\" content=\"Librairie 7L\" \/>\n<meta property=\"article:modified_time\" content=\"2026-04-17T13:55:12+00:00\" \/>\n<meta property=\"og:image\" content=\"https:\/\/librairie7l.com\/wp-content\/uploads\/2025\/06\/9782376661108_1_75.jpg\" \/>\n\t<meta property=\"og:image:width\" content=\"600\" \/>\n\t<meta property=\"og:image:height\" content=\"900\" \/>\n\t<meta property=\"og:image:type\" content=\"image\/jpeg\" \/>\n<meta name=\"twitter:card\" content=\"summary_large_image\" \/>\n<meta name=\"twitter:label1\" content=\"Est. reading time\" \/>\n\t<meta name=\"twitter:data1\" content=\"1 minute\" \/>\n<script type=\"application\/ld+json\" class=\"yoast-schema-graph\">{\"@context\":\"https:\/\/schema.org\",\"@graph\":[{\"@type\":\"WebPage\",\"@id\":\"https:\/\/librairie7l.com\/en\/produit\/andrea-branzi-le-regne-des-vivants-2\/\",\"url\":\"https:\/\/librairie7l.com\/en\/produit\/andrea-branzi-le-regne-des-vivants-2\/\",\"name\":\"Andrea branzi, le regne des vivants - Librairie 7L\",\"isPartOf\":{\"@id\":\"https:\/\/librairie7l.com\/en\/#website\"},\"datePublished\":\"2025-09-04T07:17:50+00:00\",\"dateModified\":\"2026-04-17T13:55:12+00:00\",\"breadcrumb\":{\"@id\":\"https:\/\/librairie7l.com\/en\/produit\/andrea-branzi-le-regne-des-vivants-2\/#breadcrumb\"},\"inLanguage\":\"en-US\",\"potentialAction\":[{\"@type\":\"ReadAction\",\"target\":[\"https:\/\/librairie7l.com\/en\/produit\/andrea-branzi-le-regne-des-vivants-2\/\"]}]},{\"@type\":\"BreadcrumbList\",\"@id\":\"https:\/\/librairie7l.com\/en\/produit\/andrea-branzi-le-regne-des-vivants-2\/#breadcrumb\",\"itemListElement\":[{\"@type\":\"ListItem\",\"position\":1,\"name\":\"Accueil\",\"item\":\"https:\/\/librairie7l.com\/en\/\"},{\"@type\":\"ListItem\",\"position\":2,\"name\":\"Shop\",\"item\":\"https:\/\/librairie7l.com\/en\/shop\/\"},{\"@type\":\"ListItem\",\"position\":3,\"name\":\"ANDREA BRANZI, LE REGNE DES VIVANTS\"}]},{\"@type\":\"WebSite\",\"@id\":\"https:\/\/librairie7l.com\/en\/#website\",\"url\":\"https:\/\/librairie7l.com\/en\/\",\"name\":\"Librairie 7L\",\"description\":\"Librairie fond\u00e9e en 1999 par Karl Lagerfeld \u00e0 Paris\",\"publisher\":{\"@id\":\"https:\/\/librairie7l.com\/en\/#organization\"},\"potentialAction\":[{\"@type\":\"SearchAction\",\"target\":{\"@type\":\"EntryPoint\",\"urlTemplate\":\"https:\/\/librairie7l.com\/en\/?s={search_term_string}\"},\"query-input\":\"required name=search_term_string\"}],\"inLanguage\":\"en-US\"},{\"@type\":\"Organization\",\"@id\":\"https:\/\/librairie7l.com\/en\/#organization\",\"name\":\"Librairie 7L\",\"url\":\"https:\/\/librairie7l.com\/en\/\",\"logo\":{\"@type\":\"ImageObject\",\"inLanguage\":\"en-US\",\"@id\":\"https:\/\/librairie7l.com\/en\/#\/schema\/logo\/image\/\",\"url\":\"https:\/\/librairie7l.com\/wp-content\/uploads\/2022\/08\/logo-1.png\",\"contentUrl\":\"https:\/\/librairie7l.com\/wp-content\/uploads\/2022\/08\/logo-1.png\",\"width\":227,\"height\":301,\"caption\":\"Librairie 7L\"},\"image\":{\"@id\":\"https:\/\/librairie7l.com\/en\/#\/schema\/logo\/image\/\"}}]}<\/script>\n<!-- \/ Yoast SEO plugin. -->","yoast_head_json":{"title":"Andrea branzi, le regne des vivants - Librairie 7L","robots":{"index":"index","follow":"follow","max-snippet":"max-snippet:-1","max-image-preview":"max-image-preview:large","max-video-preview":"max-video-preview:-1"},"canonical":"https:\/\/librairie7l.com\/en\/produit\/andrea-branzi-le-regne-des-vivants-2\/","og_locale":"en_US","og_type":"article","og_title":"Andrea branzi, le regne des vivants - Librairie 7L","og_description":"Designer, architecte, th\u00e9oricien, professeur, auteur de nombreux ouvrages, Andrea Branzi a accompli une oeuvre consid\u00e9rable, tourn\u00e9e vers une exp\u00e9rimentation radicale du design, qui interroge la soci\u00e9t\u00e9 post-industrielle des XXe et XXIe si\u00e8cles. Membre du groupe Archizoom Associati de 1964 \u00e0 1974, il participe \u00e0 la cr\u00e9ation du Studio Alchimia en 1977 avant de rejoindre le [&hellip;]","og_url":"https:\/\/librairie7l.com\/en\/produit\/andrea-branzi-le-regne-des-vivants-2\/","og_site_name":"Librairie 7L","article_modified_time":"2026-04-17T13:55:12+00:00","og_image":[{"width":600,"height":900,"url":"https:\/\/librairie7l.com\/wp-content\/uploads\/2025\/06\/9782376661108_1_75.jpg","type":"image\/jpeg"}],"twitter_card":"summary_large_image","twitter_misc":{"Est. reading time":"1 minute"},"schema":{"@context":"https:\/\/schema.org","@graph":[{"@type":"WebPage","@id":"https:\/\/librairie7l.com\/en\/produit\/andrea-branzi-le-regne-des-vivants-2\/","url":"https:\/\/librairie7l.com\/en\/produit\/andrea-branzi-le-regne-des-vivants-2\/","name":"Andrea branzi, le regne des vivants - Librairie 7L","isPartOf":{"@id":"https:\/\/librairie7l.com\/en\/#website"},"datePublished":"2025-09-04T07:17:50+00:00","dateModified":"2026-04-17T13:55:12+00:00","breadcrumb":{"@id":"https:\/\/librairie7l.com\/en\/produit\/andrea-branzi-le-regne-des-vivants-2\/#breadcrumb"},"inLanguage":"en-US","potentialAction":[{"@type":"ReadAction","target":["https:\/\/librairie7l.com\/en\/produit\/andrea-branzi-le-regne-des-vivants-2\/"]}]},{"@type":"BreadcrumbList","@id":"https:\/\/librairie7l.com\/en\/produit\/andrea-branzi-le-regne-des-vivants-2\/#breadcrumb","itemListElement":[{"@type":"ListItem","position":1,"name":"Accueil","item":"https:\/\/librairie7l.com\/en\/"},{"@type":"ListItem","position":2,"name":"Shop","item":"https:\/\/librairie7l.com\/en\/shop\/"},{"@type":"ListItem","position":3,"name":"ANDREA BRANZI, LE REGNE DES VIVANTS"}]},{"@type":"WebSite","@id":"https:\/\/librairie7l.com\/en\/#website","url":"https:\/\/librairie7l.com\/en\/","name":"Librairie 7L","description":"Librairie fond\u00e9e en 1999 par Karl Lagerfeld \u00e0 Paris","publisher":{"@id":"https:\/\/librairie7l.com\/en\/#organization"},"potentialAction":[{"@type":"SearchAction","target":{"@type":"EntryPoint","urlTemplate":"https:\/\/librairie7l.com\/en\/?s={search_term_string}"},"query-input":"required name=search_term_string"}],"inLanguage":"en-US"},{"@type":"Organization","@id":"https:\/\/librairie7l.com\/en\/#organization","name":"Librairie 7L","url":"https:\/\/librairie7l.com\/en\/","logo":{"@type":"ImageObject","inLanguage":"en-US","@id":"https:\/\/librairie7l.com\/en\/#\/schema\/logo\/image\/","url":"https:\/\/librairie7l.com\/wp-content\/uploads\/2022\/08\/logo-1.png","contentUrl":"https:\/\/librairie7l.com\/wp-content\/uploads\/2022\/08\/logo-1.png","width":227,"height":301,"caption":"Librairie 7L"},"image":{"@id":"https:\/\/librairie7l.com\/en\/#\/schema\/logo\/image\/"}}]}},"_links":{"self":[{"href":"https:\/\/librairie7l.com\/en\/wp-json\/wp\/v2\/product\/50218"}],"collection":[{"href":"https:\/\/librairie7l.com\/en\/wp-json\/wp\/v2\/product"}],"about":[{"href":"https:\/\/librairie7l.com\/en\/wp-json\/wp\/v2\/types\/product"}],"wp:featuredmedia":[{"embeddable":true,"href":"https:\/\/librairie7l.com\/en\/wp-json\/wp\/v2\/media\/50216"}],"wp:attachment":[{"href":"https:\/\/librairie7l.com\/en\/wp-json\/wp\/v2\/media?parent=50218"}],"wp:term":[{"taxonomy":"product_cat","embeddable":true,"href":"https:\/\/librairie7l.com\/en\/wp-json\/wp\/v2\/product_cat?post=50218"},{"taxonomy":"product_tag","embeddable":true,"href":"https:\/\/librairie7l.com\/en\/wp-json\/wp\/v2\/product_tag?post=50218"}],"curies":[{"name":"wp","href":"https:\/\/api.w.org\/{rel}","templated":true}]}}