{"id":50226,"date":"2025-09-04T09:17:55","date_gmt":"2025-09-04T07:17:55","guid":{"rendered":"https:\/\/librairie7l.com\/?post_type=product&#038;p=50226"},"modified":"2026-04-17T15:55:12","modified_gmt":"2026-04-17T13:55:12","slug":"de-lart-des-remedes-a-la-science-fragments-dhistoire-pharmaceutique-2","status":"publish","type":"product","link":"https:\/\/librairie7l.com\/en\/produit\/de-lart-des-remedes-a-la-science-fragments-dhistoire-pharmaceutique-2\/","title":{"rendered":"DE L&#8217;ART DES REM\u00c8DES \u00c0 LA SCIENCE : FRAGMENTS D&#8217;HISTOIRE PHARMAC\u00c9UTIQUE"},"content":{"rendered":"<p>Au de&#8217;tour d&#8217;une promenade dans le parc Monceau, l&#8217;oeil s&#8217;attarde sur un ensemble architectural singulier : le sie&#8217;ge de l&#8217;Ordre national des pharmaciens, installe&#8217; dans deux ho^tels particuliers situe&#8217;s avenue Ruysdael. Construits a&#8217; la fin du xixe sie&#8217;cle, ces ba^timents &#8211; dont l&#8217;un appartint a&#8217; la famille Menier, ce&#8217;le&#8217;bre pour ses chocolats &#8211; incarnent l&#8217;e&#8217;clectisme stylistique caracte&#8217;ristique du Second Empire. Ve&#8217;ritables te&#8217;moins d&#8217;une e&#8217;poque re&#8217;volue et d&#8217;un art de vivre de&#8217;sormais disparu, ils plongent le visiteur dans le Paris de la Belle E&#8217;poque. Au coeur de cet ensemble se dresse le Pavillon mauresque, e&#8217;difie&#8217; a&#8217; l&#8217;initiative de Gaston Menier. Il abrite une riche collection d&#8217;objets retracant l&#8217;histoire mille&#8217;naire de la pharmacie. Instruments anciens, e&#8217;tiquettes de reme&#8217;des oublie&#8217;s, livres rares et pre&#8217;cieux, pots myste&#8217;rieux nous de&#8217;voilent les pages fascinantes de cette longue e&#8217;volution, qui me^le savoir-faire ancestraux, curiosite&#8217; et de&#8217;couvertes scientifiques. De la pharmacope&#8217;e me&#8217;sopotamienne aux caduce&#8217;es de Salvador Dali, en passant par les centaines de bocaux du droguier Menier, cet ouvrage vous propose de de&#8217;couvrir, a&#8217; travers les collections de l&#8217;Ordre, des jalons marquants et parfois inattendus de l&#8217;histoire de la pharmacie.<\/p>\n","protected":false},"excerpt":{"rendered":"<p>Au de&#8217;tour d&#8217;une promenade dans le parc Monceau, l&#8217;oeil s&#8217;attarde sur un ensemble architectural singulier : le sie&#8217;ge de l&#8217;Ordre national des pharmaciens, installe&#8217; dans deux ho^tels particuliers situe&#8217;s avenue Ruysdael. Construits a&#8217; la fin du xixe sie&#8217;cle, ces ba^timents &#8211; dont l&#8217;un appartint a&#8217; la famille Menier, ce&#8217;le&#8217;bre pour ses chocolats &#8211; incarnent l&#8217;e&#8217;clectisme [&hellip;]<\/p>\n","protected":false},"featured_media":50224,"template":"","meta":[],"product_cat":[2948,2952],"product_tag":[],"acf":[],"yoast_head":"<!-- This site is optimized with the Yoast SEO plugin v20.11 - https:\/\/yoast.com\/wordpress\/plugins\/seo\/ -->\n<title>De l&#039;art des rem\u00e8des \u00e0 la science : Fragments d&#039;histoire pharmac\u00e9utique - Librairie 7L<\/title>\n<meta name=\"robots\" content=\"index, follow, max-snippet:-1, max-image-preview:large, max-video-preview:-1\" \/>\n<link rel=\"canonical\" href=\"https:\/\/librairie7l.com\/en\/produit\/de-lart-des-remedes-a-la-science-fragments-dhistoire-pharmaceutique-2\/\" \/>\n<meta property=\"og:locale\" content=\"en_US\" \/>\n<meta property=\"og:type\" content=\"article\" \/>\n<meta property=\"og:title\" content=\"De l&#039;art des rem\u00e8des \u00e0 la science : Fragments d&#039;histoire pharmac\u00e9utique - Librairie 7L\" \/>\n<meta property=\"og:description\" content=\"Au de&#8217;tour d&#8217;une promenade dans le parc Monceau, l&#8217;oeil s&#8217;attarde sur un ensemble architectural singulier : le sie&#8217;ge de l&#8217;Ordre national des pharmaciens, installe&#8217; dans deux ho^tels particuliers situe&#8217;s avenue Ruysdael. Construits a&#8217; la fin du xixe sie&#8217;cle, ces ba^timents &#8211; dont l&#8217;un appartint a&#8217; la famille Menier, ce&#8217;le&#8217;bre pour ses chocolats &#8211; incarnent l&#8217;e&#8217;clectisme [&hellip;]\" \/>\n<meta property=\"og:url\" content=\"https:\/\/librairie7l.com\/en\/produit\/de-lart-des-remedes-a-la-science-fragments-dhistoire-pharmaceutique-2\/\" \/>\n<meta property=\"og:site_name\" content=\"Librairie 7L\" \/>\n<meta property=\"article:modified_time\" content=\"2026-04-17T13:55:12+00:00\" \/>\n<meta property=\"og:image\" content=\"https:\/\/librairie7l.com\/wp-content\/uploads\/2024\/12\/9782878443882_1_75.jpg\" \/>\n\t<meta property=\"og:image:width\" content=\"600\" \/>\n\t<meta property=\"og:image:height\" content=\"848\" \/>\n\t<meta property=\"og:image:type\" content=\"image\/jpeg\" \/>\n<meta name=\"twitter:card\" content=\"summary_large_image\" \/>\n<meta name=\"twitter:label1\" content=\"Est. reading time\" \/>\n\t<meta name=\"twitter:data1\" content=\"1 minute\" \/>\n<script type=\"application\/ld+json\" class=\"yoast-schema-graph\">{\"@context\":\"https:\/\/schema.org\",\"@graph\":[{\"@type\":\"WebPage\",\"@id\":\"https:\/\/librairie7l.com\/en\/produit\/de-lart-des-remedes-a-la-science-fragments-dhistoire-pharmaceutique-2\/\",\"url\":\"https:\/\/librairie7l.com\/en\/produit\/de-lart-des-remedes-a-la-science-fragments-dhistoire-pharmaceutique-2\/\",\"name\":\"De l'art des rem\u00e8des \u00e0 la science : Fragments d'histoire pharmac\u00e9utique - Librairie 7L\",\"isPartOf\":{\"@id\":\"https:\/\/librairie7l.com\/en\/#website\"},\"datePublished\":\"2025-09-04T07:17:55+00:00\",\"dateModified\":\"2026-04-17T13:55:12+00:00\",\"breadcrumb\":{\"@id\":\"https:\/\/librairie7l.com\/en\/produit\/de-lart-des-remedes-a-la-science-fragments-dhistoire-pharmaceutique-2\/#breadcrumb\"},\"inLanguage\":\"en-US\",\"potentialAction\":[{\"@type\":\"ReadAction\",\"target\":[\"https:\/\/librairie7l.com\/en\/produit\/de-lart-des-remedes-a-la-science-fragments-dhistoire-pharmaceutique-2\/\"]}]},{\"@type\":\"BreadcrumbList\",\"@id\":\"https:\/\/librairie7l.com\/en\/produit\/de-lart-des-remedes-a-la-science-fragments-dhistoire-pharmaceutique-2\/#breadcrumb\",\"itemListElement\":[{\"@type\":\"ListItem\",\"position\":1,\"name\":\"Accueil\",\"item\":\"https:\/\/librairie7l.com\/en\/\"},{\"@type\":\"ListItem\",\"position\":2,\"name\":\"Shop\",\"item\":\"https:\/\/librairie7l.com\/en\/shop\/\"},{\"@type\":\"ListItem\",\"position\":3,\"name\":\"DE L&#8217;ART DES REM\u00c8DES \u00c0 LA SCIENCE : FRAGMENTS D&#8217;HISTOIRE PHARMAC\u00c9UTIQUE\"}]},{\"@type\":\"WebSite\",\"@id\":\"https:\/\/librairie7l.com\/en\/#website\",\"url\":\"https:\/\/librairie7l.com\/en\/\",\"name\":\"Librairie 7L\",\"description\":\"Librairie fond\u00e9e en 1999 par Karl Lagerfeld \u00e0 Paris\",\"publisher\":{\"@id\":\"https:\/\/librairie7l.com\/en\/#organization\"},\"potentialAction\":[{\"@type\":\"SearchAction\",\"target\":{\"@type\":\"EntryPoint\",\"urlTemplate\":\"https:\/\/librairie7l.com\/en\/?s={search_term_string}\"},\"query-input\":\"required name=search_term_string\"}],\"inLanguage\":\"en-US\"},{\"@type\":\"Organization\",\"@id\":\"https:\/\/librairie7l.com\/en\/#organization\",\"name\":\"Librairie 7L\",\"url\":\"https:\/\/librairie7l.com\/en\/\",\"logo\":{\"@type\":\"ImageObject\",\"inLanguage\":\"en-US\",\"@id\":\"https:\/\/librairie7l.com\/en\/#\/schema\/logo\/image\/\",\"url\":\"https:\/\/librairie7l.com\/wp-content\/uploads\/2022\/08\/logo-1.png\",\"contentUrl\":\"https:\/\/librairie7l.com\/wp-content\/uploads\/2022\/08\/logo-1.png\",\"width\":227,\"height\":301,\"caption\":\"Librairie 7L\"},\"image\":{\"@id\":\"https:\/\/librairie7l.com\/en\/#\/schema\/logo\/image\/\"}}]}<\/script>\n<!-- \/ Yoast SEO plugin. -->","yoast_head_json":{"title":"De l'art des rem\u00e8des \u00e0 la science : Fragments d'histoire pharmac\u00e9utique - Librairie 7L","robots":{"index":"index","follow":"follow","max-snippet":"max-snippet:-1","max-image-preview":"max-image-preview:large","max-video-preview":"max-video-preview:-1"},"canonical":"https:\/\/librairie7l.com\/en\/produit\/de-lart-des-remedes-a-la-science-fragments-dhistoire-pharmaceutique-2\/","og_locale":"en_US","og_type":"article","og_title":"De l'art des rem\u00e8des \u00e0 la science : Fragments d'histoire pharmac\u00e9utique - Librairie 7L","og_description":"Au de&#8217;tour d&#8217;une promenade dans le parc Monceau, l&#8217;oeil s&#8217;attarde sur un ensemble architectural singulier : le sie&#8217;ge de l&#8217;Ordre national des pharmaciens, installe&#8217; dans deux ho^tels particuliers situe&#8217;s avenue Ruysdael. Construits a&#8217; la fin du xixe sie&#8217;cle, ces ba^timents &#8211; dont l&#8217;un appartint a&#8217; la famille Menier, ce&#8217;le&#8217;bre pour ses chocolats &#8211; incarnent l&#8217;e&#8217;clectisme [&hellip;]","og_url":"https:\/\/librairie7l.com\/en\/produit\/de-lart-des-remedes-a-la-science-fragments-dhistoire-pharmaceutique-2\/","og_site_name":"Librairie 7L","article_modified_time":"2026-04-17T13:55:12+00:00","og_image":[{"width":600,"height":848,"url":"https:\/\/librairie7l.com\/wp-content\/uploads\/2024\/12\/9782878443882_1_75.jpg","type":"image\/jpeg"}],"twitter_card":"summary_large_image","twitter_misc":{"Est. reading time":"1 minute"},"schema":{"@context":"https:\/\/schema.org","@graph":[{"@type":"WebPage","@id":"https:\/\/librairie7l.com\/en\/produit\/de-lart-des-remedes-a-la-science-fragments-dhistoire-pharmaceutique-2\/","url":"https:\/\/librairie7l.com\/en\/produit\/de-lart-des-remedes-a-la-science-fragments-dhistoire-pharmaceutique-2\/","name":"De l'art des rem\u00e8des \u00e0 la science : Fragments d'histoire pharmac\u00e9utique - Librairie 7L","isPartOf":{"@id":"https:\/\/librairie7l.com\/en\/#website"},"datePublished":"2025-09-04T07:17:55+00:00","dateModified":"2026-04-17T13:55:12+00:00","breadcrumb":{"@id":"https:\/\/librairie7l.com\/en\/produit\/de-lart-des-remedes-a-la-science-fragments-dhistoire-pharmaceutique-2\/#breadcrumb"},"inLanguage":"en-US","potentialAction":[{"@type":"ReadAction","target":["https:\/\/librairie7l.com\/en\/produit\/de-lart-des-remedes-a-la-science-fragments-dhistoire-pharmaceutique-2\/"]}]},{"@type":"BreadcrumbList","@id":"https:\/\/librairie7l.com\/en\/produit\/de-lart-des-remedes-a-la-science-fragments-dhistoire-pharmaceutique-2\/#breadcrumb","itemListElement":[{"@type":"ListItem","position":1,"name":"Accueil","item":"https:\/\/librairie7l.com\/en\/"},{"@type":"ListItem","position":2,"name":"Shop","item":"https:\/\/librairie7l.com\/en\/shop\/"},{"@type":"ListItem","position":3,"name":"DE L&#8217;ART DES REM\u00c8DES \u00c0 LA SCIENCE : FRAGMENTS D&#8217;HISTOIRE PHARMAC\u00c9UTIQUE"}]},{"@type":"WebSite","@id":"https:\/\/librairie7l.com\/en\/#website","url":"https:\/\/librairie7l.com\/en\/","name":"Librairie 7L","description":"Librairie fond\u00e9e en 1999 par Karl Lagerfeld \u00e0 Paris","publisher":{"@id":"https:\/\/librairie7l.com\/en\/#organization"},"potentialAction":[{"@type":"SearchAction","target":{"@type":"EntryPoint","urlTemplate":"https:\/\/librairie7l.com\/en\/?s={search_term_string}"},"query-input":"required name=search_term_string"}],"inLanguage":"en-US"},{"@type":"Organization","@id":"https:\/\/librairie7l.com\/en\/#organization","name":"Librairie 7L","url":"https:\/\/librairie7l.com\/en\/","logo":{"@type":"ImageObject","inLanguage":"en-US","@id":"https:\/\/librairie7l.com\/en\/#\/schema\/logo\/image\/","url":"https:\/\/librairie7l.com\/wp-content\/uploads\/2022\/08\/logo-1.png","contentUrl":"https:\/\/librairie7l.com\/wp-content\/uploads\/2022\/08\/logo-1.png","width":227,"height":301,"caption":"Librairie 7L"},"image":{"@id":"https:\/\/librairie7l.com\/en\/#\/schema\/logo\/image\/"}}]}},"_links":{"self":[{"href":"https:\/\/librairie7l.com\/en\/wp-json\/wp\/v2\/product\/50226"}],"collection":[{"href":"https:\/\/librairie7l.com\/en\/wp-json\/wp\/v2\/product"}],"about":[{"href":"https:\/\/librairie7l.com\/en\/wp-json\/wp\/v2\/types\/product"}],"wp:featuredmedia":[{"embeddable":true,"href":"https:\/\/librairie7l.com\/en\/wp-json\/wp\/v2\/media\/50224"}],"wp:attachment":[{"href":"https:\/\/librairie7l.com\/en\/wp-json\/wp\/v2\/media?parent=50226"}],"wp:term":[{"taxonomy":"product_cat","embeddable":true,"href":"https:\/\/librairie7l.com\/en\/wp-json\/wp\/v2\/product_cat?post=50226"},{"taxonomy":"product_tag","embeddable":true,"href":"https:\/\/librairie7l.com\/en\/wp-json\/wp\/v2\/product_tag?post=50226"}],"curies":[{"name":"wp","href":"https:\/\/api.w.org\/{rel}","templated":true}]}}