{"id":50230,"date":"2025-09-04T09:17:58","date_gmt":"2025-09-04T07:17:58","guid":{"rendered":"https:\/\/librairie7l.com\/?post_type=product&#038;p=50230"},"modified":"2026-04-20T00:07:18","modified_gmt":"2026-04-19T22:07:18","slug":"marcel-rochas-jeunesse-simplicite-personnalite-2","status":"publish","type":"product","link":"https:\/\/librairie7l.com\/en\/produit\/marcel-rochas-jeunesse-simplicite-personnalite-2\/","title":{"rendered":"MARCEL ROCHAS : JEUNESSE, SIMPLICIT\u00c9, PERSONNALIT\u00c9"},"content":{"rendered":"<p>Bien que Marcel Rochas ait marqu\u00e9 l&#8217;histoire de la mode, des ann\u00e9es 1920 jusqu&#8217;\u00e0 sa disparition, en 1955, son oeuvre et son parcours sont largement m\u00e9connus. Au mieux, certains gardent \u00e0 l&#8217;esprit sa gu\u00eapi\u00e8re, ils se souviennent peut-\u00eatre aussi de l&#8217;iconique dentelle noire ou, plus probablement encore, de ses parfums dont certains sont toujours commercialis\u00e9s. C&#8217;est oublier que sa renomm\u00e9e a \u00e9t\u00e9 \u00e9clatante en son temps, \u00e0 l&#8217;\u00e9gal de celles de Patou, Schiaparelli ou Lelong, et qu&#8217;elle a largement d\u00e9pass\u00e9 les fronti\u00e8res.<br \/>\nRochas entre en couture un peu par hasard : en grand admirateur des femmes, il con\u00e7oit des lignes simples, jeunes, \u00e9l\u00e9gantes et sportives, \u00e0 l&#8217;image de sa jeune \u00e9pouse Yvonne, qui le distinguent et lui offrent ses premiers succ\u00e8s. D\u00e8s lors, et au gr\u00e9 de ses mariages, il ne cesse de proposer une vision de la femme en constante \u00e9volution et de r\u00e9inventer son style : architectural et artistique sous l&#8217;influence de Rina, puis classique, sage et d\u00e9licat lorsqu&#8217;il \u00e9pouse H\u00e9l\u00e8ne. Il exp\u00e9rimente ainsi tous azimuts, maniant les formes, les motifs &#8211; comme avec sa collection des oiseaux -, les textiles et de leurs textures. Il rencontre alors un \u00e9cho m\u00e9diatique sans pr\u00e9c\u00e9dent, dont il saura jouer en ma\u00eetre.<br \/>\nSa contribution ne se limite pas \u00e0 la haute couture, accompagnant l&#8217;av\u00e8nement du pr\u00eat-\u00e0-porter. Rochas ouvre une boutique des frivolit\u00e9s dans laquelle il commercialise des v\u00eatements plus abordables, ainsi qu&#8217;un ensemble d&#8217;accessoires &#8211; au titre desquels ses parfums &#8211; qui, toujours, se d\u00e9clinent dans une m\u00eame coh\u00e9rence esth\u00e9tique. En v\u00e9ritable touche-\u00e0-tout, il dessine \u00e9galement des mod\u00e8les de costumes de th\u00e9\u00e2tre et de cin\u00e9ma, comme pour le film Falbala de Jacques Becker. Enfin, il d\u00e9veloppe un syst\u00e8me de communication qu&#8217;il d\u00e9cline sur tous types de supports : publicit\u00e9s, griffes ou encore revers de ses v\u00eatements sont au pas de sa charte graphique.<br \/>\nCet ouvrage retrace l&#8217;itin\u00e9raire de Marcel Rochas en le repla\u00e7ant au coeur de l&#8217;histoire de la mode. Il pr\u00e9sente toute l&#8217;\u00e9tendue de la pratique de celui qui fut \u00e0 la fois homme de mode, homme d&#8217;affaires, mondain m\u00e9diatique et communicant avis\u00e9&#8230; toujours avec un certain sens de l&#8217;audace.<\/p>\n","protected":false},"excerpt":{"rendered":"<p>Bien que Marcel Rochas ait marqu\u00e9 l&#8217;histoire de la mode, des ann\u00e9es 1920 jusqu&#8217;\u00e0 sa disparition, en 1955, son oeuvre et son parcours sont largement m\u00e9connus. Au mieux, certains gardent \u00e0 l&#8217;esprit sa gu\u00eapi\u00e8re, ils se souviennent peut-\u00eatre aussi de l&#8217;iconique dentelle noire ou, plus probablement encore, de ses parfums dont certains sont toujours commercialis\u00e9s. [&hellip;]<\/p>\n","protected":false},"featured_media":50228,"template":"","meta":[],"product_cat":[2948,2957],"product_tag":[],"acf":[],"yoast_head":"<!-- This site is optimized with the Yoast SEO plugin v20.11 - https:\/\/yoast.com\/wordpress\/plugins\/seo\/ -->\n<title>Marcel Rochas : Jeunesse, simplicit\u00e9, personnalit\u00e9 - Librairie 7L<\/title>\n<meta name=\"robots\" content=\"index, follow, max-snippet:-1, max-image-preview:large, max-video-preview:-1\" \/>\n<link rel=\"canonical\" href=\"https:\/\/librairie7l.com\/en\/produit\/marcel-rochas-jeunesse-simplicite-personnalite-2\/\" \/>\n<meta property=\"og:locale\" content=\"en_US\" \/>\n<meta property=\"og:type\" content=\"article\" \/>\n<meta property=\"og:title\" content=\"Marcel Rochas : Jeunesse, simplicit\u00e9, personnalit\u00e9 - Librairie 7L\" \/>\n<meta property=\"og:description\" content=\"Bien que Marcel Rochas ait marqu\u00e9 l&#8217;histoire de la mode, des ann\u00e9es 1920 jusqu&#8217;\u00e0 sa disparition, en 1955, son oeuvre et son parcours sont largement m\u00e9connus. Au mieux, certains gardent \u00e0 l&#8217;esprit sa gu\u00eapi\u00e8re, ils se souviennent peut-\u00eatre aussi de l&#8217;iconique dentelle noire ou, plus probablement encore, de ses parfums dont certains sont toujours commercialis\u00e9s. [&hellip;]\" \/>\n<meta property=\"og:url\" content=\"https:\/\/librairie7l.com\/en\/produit\/marcel-rochas-jeunesse-simplicite-personnalite-2\/\" \/>\n<meta property=\"og:site_name\" content=\"Librairie 7L\" \/>\n<meta property=\"article:modified_time\" content=\"2026-04-19T22:07:18+00:00\" \/>\n<meta property=\"og:image\" content=\"https:\/\/librairie7l.com\/wp-content\/uploads\/2025\/03\/9782383140306_1_75.jpg\" \/>\n\t<meta property=\"og:image:width\" content=\"600\" \/>\n\t<meta property=\"og:image:height\" content=\"852\" \/>\n\t<meta property=\"og:image:type\" content=\"image\/jpeg\" \/>\n<meta name=\"twitter:card\" content=\"summary_large_image\" \/>\n<meta name=\"twitter:label1\" content=\"Est. reading time\" \/>\n\t<meta name=\"twitter:data1\" content=\"2 minutes\" \/>\n<script type=\"application\/ld+json\" class=\"yoast-schema-graph\">{\"@context\":\"https:\/\/schema.org\",\"@graph\":[{\"@type\":\"WebPage\",\"@id\":\"https:\/\/librairie7l.com\/en\/produit\/marcel-rochas-jeunesse-simplicite-personnalite-2\/\",\"url\":\"https:\/\/librairie7l.com\/en\/produit\/marcel-rochas-jeunesse-simplicite-personnalite-2\/\",\"name\":\"Marcel Rochas : Jeunesse, simplicit\u00e9, personnalit\u00e9 - Librairie 7L\",\"isPartOf\":{\"@id\":\"https:\/\/librairie7l.com\/en\/#website\"},\"datePublished\":\"2025-09-04T07:17:58+00:00\",\"dateModified\":\"2026-04-19T22:07:18+00:00\",\"breadcrumb\":{\"@id\":\"https:\/\/librairie7l.com\/en\/produit\/marcel-rochas-jeunesse-simplicite-personnalite-2\/#breadcrumb\"},\"inLanguage\":\"en-US\",\"potentialAction\":[{\"@type\":\"ReadAction\",\"target\":[\"https:\/\/librairie7l.com\/en\/produit\/marcel-rochas-jeunesse-simplicite-personnalite-2\/\"]}]},{\"@type\":\"BreadcrumbList\",\"@id\":\"https:\/\/librairie7l.com\/en\/produit\/marcel-rochas-jeunesse-simplicite-personnalite-2\/#breadcrumb\",\"itemListElement\":[{\"@type\":\"ListItem\",\"position\":1,\"name\":\"Accueil\",\"item\":\"https:\/\/librairie7l.com\/en\/\"},{\"@type\":\"ListItem\",\"position\":2,\"name\":\"Shop\",\"item\":\"https:\/\/librairie7l.com\/en\/shop\/\"},{\"@type\":\"ListItem\",\"position\":3,\"name\":\"MARCEL ROCHAS : JEUNESSE, SIMPLICIT\u00c9, PERSONNALIT\u00c9\"}]},{\"@type\":\"WebSite\",\"@id\":\"https:\/\/librairie7l.com\/en\/#website\",\"url\":\"https:\/\/librairie7l.com\/en\/\",\"name\":\"Librairie 7L\",\"description\":\"Librairie fond\u00e9e en 1999 par Karl Lagerfeld \u00e0 Paris\",\"publisher\":{\"@id\":\"https:\/\/librairie7l.com\/en\/#organization\"},\"potentialAction\":[{\"@type\":\"SearchAction\",\"target\":{\"@type\":\"EntryPoint\",\"urlTemplate\":\"https:\/\/librairie7l.com\/en\/?s={search_term_string}\"},\"query-input\":\"required name=search_term_string\"}],\"inLanguage\":\"en-US\"},{\"@type\":\"Organization\",\"@id\":\"https:\/\/librairie7l.com\/en\/#organization\",\"name\":\"Librairie 7L\",\"url\":\"https:\/\/librairie7l.com\/en\/\",\"logo\":{\"@type\":\"ImageObject\",\"inLanguage\":\"en-US\",\"@id\":\"https:\/\/librairie7l.com\/en\/#\/schema\/logo\/image\/\",\"url\":\"https:\/\/librairie7l.com\/wp-content\/uploads\/2022\/08\/logo-1.png\",\"contentUrl\":\"https:\/\/librairie7l.com\/wp-content\/uploads\/2022\/08\/logo-1.png\",\"width\":227,\"height\":301,\"caption\":\"Librairie 7L\"},\"image\":{\"@id\":\"https:\/\/librairie7l.com\/en\/#\/schema\/logo\/image\/\"}}]}<\/script>\n<!-- \/ Yoast SEO plugin. -->","yoast_head_json":{"title":"Marcel Rochas : Jeunesse, simplicit\u00e9, personnalit\u00e9 - Librairie 7L","robots":{"index":"index","follow":"follow","max-snippet":"max-snippet:-1","max-image-preview":"max-image-preview:large","max-video-preview":"max-video-preview:-1"},"canonical":"https:\/\/librairie7l.com\/en\/produit\/marcel-rochas-jeunesse-simplicite-personnalite-2\/","og_locale":"en_US","og_type":"article","og_title":"Marcel Rochas : Jeunesse, simplicit\u00e9, personnalit\u00e9 - Librairie 7L","og_description":"Bien que Marcel Rochas ait marqu\u00e9 l&#8217;histoire de la mode, des ann\u00e9es 1920 jusqu&#8217;\u00e0 sa disparition, en 1955, son oeuvre et son parcours sont largement m\u00e9connus. Au mieux, certains gardent \u00e0 l&#8217;esprit sa gu\u00eapi\u00e8re, ils se souviennent peut-\u00eatre aussi de l&#8217;iconique dentelle noire ou, plus probablement encore, de ses parfums dont certains sont toujours commercialis\u00e9s. [&hellip;]","og_url":"https:\/\/librairie7l.com\/en\/produit\/marcel-rochas-jeunesse-simplicite-personnalite-2\/","og_site_name":"Librairie 7L","article_modified_time":"2026-04-19T22:07:18+00:00","og_image":[{"width":600,"height":852,"url":"https:\/\/librairie7l.com\/wp-content\/uploads\/2025\/03\/9782383140306_1_75.jpg","type":"image\/jpeg"}],"twitter_card":"summary_large_image","twitter_misc":{"Est. reading time":"2 minutes"},"schema":{"@context":"https:\/\/schema.org","@graph":[{"@type":"WebPage","@id":"https:\/\/librairie7l.com\/en\/produit\/marcel-rochas-jeunesse-simplicite-personnalite-2\/","url":"https:\/\/librairie7l.com\/en\/produit\/marcel-rochas-jeunesse-simplicite-personnalite-2\/","name":"Marcel Rochas : Jeunesse, simplicit\u00e9, personnalit\u00e9 - Librairie 7L","isPartOf":{"@id":"https:\/\/librairie7l.com\/en\/#website"},"datePublished":"2025-09-04T07:17:58+00:00","dateModified":"2026-04-19T22:07:18+00:00","breadcrumb":{"@id":"https:\/\/librairie7l.com\/en\/produit\/marcel-rochas-jeunesse-simplicite-personnalite-2\/#breadcrumb"},"inLanguage":"en-US","potentialAction":[{"@type":"ReadAction","target":["https:\/\/librairie7l.com\/en\/produit\/marcel-rochas-jeunesse-simplicite-personnalite-2\/"]}]},{"@type":"BreadcrumbList","@id":"https:\/\/librairie7l.com\/en\/produit\/marcel-rochas-jeunesse-simplicite-personnalite-2\/#breadcrumb","itemListElement":[{"@type":"ListItem","position":1,"name":"Accueil","item":"https:\/\/librairie7l.com\/en\/"},{"@type":"ListItem","position":2,"name":"Shop","item":"https:\/\/librairie7l.com\/en\/shop\/"},{"@type":"ListItem","position":3,"name":"MARCEL ROCHAS : JEUNESSE, SIMPLICIT\u00c9, PERSONNALIT\u00c9"}]},{"@type":"WebSite","@id":"https:\/\/librairie7l.com\/en\/#website","url":"https:\/\/librairie7l.com\/en\/","name":"Librairie 7L","description":"Librairie fond\u00e9e en 1999 par Karl Lagerfeld \u00e0 Paris","publisher":{"@id":"https:\/\/librairie7l.com\/en\/#organization"},"potentialAction":[{"@type":"SearchAction","target":{"@type":"EntryPoint","urlTemplate":"https:\/\/librairie7l.com\/en\/?s={search_term_string}"},"query-input":"required name=search_term_string"}],"inLanguage":"en-US"},{"@type":"Organization","@id":"https:\/\/librairie7l.com\/en\/#organization","name":"Librairie 7L","url":"https:\/\/librairie7l.com\/en\/","logo":{"@type":"ImageObject","inLanguage":"en-US","@id":"https:\/\/librairie7l.com\/en\/#\/schema\/logo\/image\/","url":"https:\/\/librairie7l.com\/wp-content\/uploads\/2022\/08\/logo-1.png","contentUrl":"https:\/\/librairie7l.com\/wp-content\/uploads\/2022\/08\/logo-1.png","width":227,"height":301,"caption":"Librairie 7L"},"image":{"@id":"https:\/\/librairie7l.com\/en\/#\/schema\/logo\/image\/"}}]}},"_links":{"self":[{"href":"https:\/\/librairie7l.com\/en\/wp-json\/wp\/v2\/product\/50230"}],"collection":[{"href":"https:\/\/librairie7l.com\/en\/wp-json\/wp\/v2\/product"}],"about":[{"href":"https:\/\/librairie7l.com\/en\/wp-json\/wp\/v2\/types\/product"}],"wp:featuredmedia":[{"embeddable":true,"href":"https:\/\/librairie7l.com\/en\/wp-json\/wp\/v2\/media\/50228"}],"wp:attachment":[{"href":"https:\/\/librairie7l.com\/en\/wp-json\/wp\/v2\/media?parent=50230"}],"wp:term":[{"taxonomy":"product_cat","embeddable":true,"href":"https:\/\/librairie7l.com\/en\/wp-json\/wp\/v2\/product_cat?post=50230"},{"taxonomy":"product_tag","embeddable":true,"href":"https:\/\/librairie7l.com\/en\/wp-json\/wp\/v2\/product_tag?post=50230"}],"curies":[{"name":"wp","href":"https:\/\/api.w.org\/{rel}","templated":true}]}}