{"id":50234,"date":"2025-09-04T09:18:01","date_gmt":"2025-09-04T07:18:01","guid":{"rendered":"https:\/\/librairie7l.com\/?post_type=product&#038;p=50234"},"modified":"2026-04-05T17:03:50","modified_gmt":"2026-04-05T15:03:50","slug":"du-beton-et-dautres-secrets-de-larchitecture-2","status":"publish","type":"product","link":"https:\/\/librairie7l.com\/en\/produit\/du-beton-et-dautres-secrets-de-larchitecture-2\/","title":{"rendered":"DU B\u00c9TON ET D&#8217;AUTRES SECRETS DE L&#8217;ARCHITECTURE"},"content":{"rendered":"<p>Qui conna\u00eet Tadao Ando ? Sait-on qu&#8217;il a commenc\u00e9 \u00e0 construire \u00e0 l&#8217;\u00e2ge de quatorze ans ? Pour agrandir un peu la maison de sa grand-m\u00e8re, une petite commer\u00e7ante du centre ville d&#8217;Osaka. Qu&#8217;il a fait le voyage jusqu&#8217;en France au d\u00e9but des ann\u00e9es soixante, d&#8217;abord par bateau puis par le transsib\u00e9rien pour rendre visite \u00e0 Le Corbusier, sur lequel il avait trouv\u00e9 chez les bouquinistes un livre qui le fascinait. Quand il arrive, Le Corbusier vient de mourir. Il visite ses constructions, Ando est fascin\u00e9. Le b\u00e9ton et tout ce qui en d\u00e9coule ne le quitteront plus.<\/p>\n<p>Quelle que soit la p\u00e9riode du b\u00e9ton &#8211; au sens physique du terme &#8211; il est devenu un \u00e9l\u00e9ment de construction incontournable. Il est laid, le plus souvent, et il vieillit mal, le plus souvent. Mais les b\u00e2timents d&#8217;Ando sont vraiment radieux. Inond\u00e9s par la lumi\u00e8re, ils cr\u00e9ent des sensations nouvelles d&#8217;espaces, comme toute architecture novatrice. Et leur b\u00e9ton a quelque chose de particulier.<\/p>\n","protected":false},"excerpt":{"rendered":"<p>Qui conna\u00eet Tadao Ando ? Sait-on qu&#8217;il a commenc\u00e9 \u00e0 construire \u00e0 l&#8217;\u00e2ge de quatorze ans ? Pour agrandir un peu la maison de sa grand-m\u00e8re, une petite commer\u00e7ante du centre ville d&#8217;Osaka. Qu&#8217;il a fait le voyage jusqu&#8217;en France au d\u00e9but des ann\u00e9es soixante, d&#8217;abord par bateau puis par le transsib\u00e9rien pour rendre visite [&hellip;]<\/p>\n","protected":false},"featured_media":50232,"template":"","meta":[],"product_cat":[2948,2950],"product_tag":[],"acf":[],"yoast_head":"<!-- This site is optimized with the Yoast SEO plugin v20.11 - https:\/\/yoast.com\/wordpress\/plugins\/seo\/ -->\n<title>Du b\u00e9ton et d&#039;autres secrets de l&#039;architecture - Librairie 7L<\/title>\n<meta name=\"robots\" content=\"index, follow, max-snippet:-1, max-image-preview:large, max-video-preview:-1\" \/>\n<link rel=\"canonical\" href=\"https:\/\/librairie7l.com\/en\/produit\/du-beton-et-dautres-secrets-de-larchitecture-2\/\" \/>\n<meta property=\"og:locale\" content=\"en_US\" \/>\n<meta property=\"og:type\" content=\"article\" \/>\n<meta property=\"og:title\" content=\"Du b\u00e9ton et d&#039;autres secrets de l&#039;architecture - Librairie 7L\" \/>\n<meta property=\"og:description\" content=\"Qui conna\u00eet Tadao Ando ? Sait-on qu&#8217;il a commenc\u00e9 \u00e0 construire \u00e0 l&#8217;\u00e2ge de quatorze ans ? Pour agrandir un peu la maison de sa grand-m\u00e8re, une petite commer\u00e7ante du centre ville d&#8217;Osaka. Qu&#8217;il a fait le voyage jusqu&#8217;en France au d\u00e9but des ann\u00e9es soixante, d&#8217;abord par bateau puis par le transsib\u00e9rien pour rendre visite [&hellip;]\" \/>\n<meta property=\"og:url\" content=\"https:\/\/librairie7l.com\/en\/produit\/du-beton-et-dautres-secrets-de-larchitecture-2\/\" \/>\n<meta property=\"og:site_name\" content=\"Librairie 7L\" \/>\n<meta property=\"article:modified_time\" content=\"2026-04-05T15:03:50+00:00\" \/>\n<meta property=\"og:image\" content=\"https:\/\/librairie7l.com\/wp-content\/uploads\/2007\/11\/9782851816474_1_75.jpg\" \/>\n\t<meta property=\"og:image:width\" content=\"600\" \/>\n\t<meta property=\"og:image:height\" content=\"973\" \/>\n\t<meta property=\"og:image:type\" content=\"image\/jpeg\" \/>\n<meta name=\"twitter:card\" content=\"summary_large_image\" \/>\n<meta name=\"twitter:label1\" content=\"Est. reading time\" \/>\n\t<meta name=\"twitter:data1\" content=\"1 minute\" \/>\n<script type=\"application\/ld+json\" class=\"yoast-schema-graph\">{\"@context\":\"https:\/\/schema.org\",\"@graph\":[{\"@type\":\"WebPage\",\"@id\":\"https:\/\/librairie7l.com\/en\/produit\/du-beton-et-dautres-secrets-de-larchitecture-2\/\",\"url\":\"https:\/\/librairie7l.com\/en\/produit\/du-beton-et-dautres-secrets-de-larchitecture-2\/\",\"name\":\"Du b\u00e9ton et d'autres secrets de l'architecture - Librairie 7L\",\"isPartOf\":{\"@id\":\"https:\/\/librairie7l.com\/en\/#website\"},\"datePublished\":\"2025-09-04T07:18:01+00:00\",\"dateModified\":\"2026-04-05T15:03:50+00:00\",\"breadcrumb\":{\"@id\":\"https:\/\/librairie7l.com\/en\/produit\/du-beton-et-dautres-secrets-de-larchitecture-2\/#breadcrumb\"},\"inLanguage\":\"en-US\",\"potentialAction\":[{\"@type\":\"ReadAction\",\"target\":[\"https:\/\/librairie7l.com\/en\/produit\/du-beton-et-dautres-secrets-de-larchitecture-2\/\"]}]},{\"@type\":\"BreadcrumbList\",\"@id\":\"https:\/\/librairie7l.com\/en\/produit\/du-beton-et-dautres-secrets-de-larchitecture-2\/#breadcrumb\",\"itemListElement\":[{\"@type\":\"ListItem\",\"position\":1,\"name\":\"Accueil\",\"item\":\"https:\/\/librairie7l.com\/en\/\"},{\"@type\":\"ListItem\",\"position\":2,\"name\":\"Shop\",\"item\":\"https:\/\/librairie7l.com\/en\/shop\/\"},{\"@type\":\"ListItem\",\"position\":3,\"name\":\"DU B\u00c9TON ET D&#8217;AUTRES SECRETS DE L&#8217;ARCHITECTURE\"}]},{\"@type\":\"WebSite\",\"@id\":\"https:\/\/librairie7l.com\/en\/#website\",\"url\":\"https:\/\/librairie7l.com\/en\/\",\"name\":\"Librairie 7L\",\"description\":\"Librairie fond\u00e9e en 1999 par Karl Lagerfeld \u00e0 Paris\",\"publisher\":{\"@id\":\"https:\/\/librairie7l.com\/en\/#organization\"},\"potentialAction\":[{\"@type\":\"SearchAction\",\"target\":{\"@type\":\"EntryPoint\",\"urlTemplate\":\"https:\/\/librairie7l.com\/en\/?s={search_term_string}\"},\"query-input\":\"required name=search_term_string\"}],\"inLanguage\":\"en-US\"},{\"@type\":\"Organization\",\"@id\":\"https:\/\/librairie7l.com\/en\/#organization\",\"name\":\"Librairie 7L\",\"url\":\"https:\/\/librairie7l.com\/en\/\",\"logo\":{\"@type\":\"ImageObject\",\"inLanguage\":\"en-US\",\"@id\":\"https:\/\/librairie7l.com\/en\/#\/schema\/logo\/image\/\",\"url\":\"https:\/\/librairie7l.com\/wp-content\/uploads\/2022\/08\/logo-1.png\",\"contentUrl\":\"https:\/\/librairie7l.com\/wp-content\/uploads\/2022\/08\/logo-1.png\",\"width\":227,\"height\":301,\"caption\":\"Librairie 7L\"},\"image\":{\"@id\":\"https:\/\/librairie7l.com\/en\/#\/schema\/logo\/image\/\"}}]}<\/script>\n<!-- \/ Yoast SEO plugin. -->","yoast_head_json":{"title":"Du b\u00e9ton et d'autres secrets de l'architecture - Librairie 7L","robots":{"index":"index","follow":"follow","max-snippet":"max-snippet:-1","max-image-preview":"max-image-preview:large","max-video-preview":"max-video-preview:-1"},"canonical":"https:\/\/librairie7l.com\/en\/produit\/du-beton-et-dautres-secrets-de-larchitecture-2\/","og_locale":"en_US","og_type":"article","og_title":"Du b\u00e9ton et d'autres secrets de l'architecture - Librairie 7L","og_description":"Qui conna\u00eet Tadao Ando ? Sait-on qu&#8217;il a commenc\u00e9 \u00e0 construire \u00e0 l&#8217;\u00e2ge de quatorze ans ? Pour agrandir un peu la maison de sa grand-m\u00e8re, une petite commer\u00e7ante du centre ville d&#8217;Osaka. Qu&#8217;il a fait le voyage jusqu&#8217;en France au d\u00e9but des ann\u00e9es soixante, d&#8217;abord par bateau puis par le transsib\u00e9rien pour rendre visite [&hellip;]","og_url":"https:\/\/librairie7l.com\/en\/produit\/du-beton-et-dautres-secrets-de-larchitecture-2\/","og_site_name":"Librairie 7L","article_modified_time":"2026-04-05T15:03:50+00:00","og_image":[{"width":600,"height":973,"url":"https:\/\/librairie7l.com\/wp-content\/uploads\/2007\/11\/9782851816474_1_75.jpg","type":"image\/jpeg"}],"twitter_card":"summary_large_image","twitter_misc":{"Est. reading time":"1 minute"},"schema":{"@context":"https:\/\/schema.org","@graph":[{"@type":"WebPage","@id":"https:\/\/librairie7l.com\/en\/produit\/du-beton-et-dautres-secrets-de-larchitecture-2\/","url":"https:\/\/librairie7l.com\/en\/produit\/du-beton-et-dautres-secrets-de-larchitecture-2\/","name":"Du b\u00e9ton et d'autres secrets de l'architecture - Librairie 7L","isPartOf":{"@id":"https:\/\/librairie7l.com\/en\/#website"},"datePublished":"2025-09-04T07:18:01+00:00","dateModified":"2026-04-05T15:03:50+00:00","breadcrumb":{"@id":"https:\/\/librairie7l.com\/en\/produit\/du-beton-et-dautres-secrets-de-larchitecture-2\/#breadcrumb"},"inLanguage":"en-US","potentialAction":[{"@type":"ReadAction","target":["https:\/\/librairie7l.com\/en\/produit\/du-beton-et-dautres-secrets-de-larchitecture-2\/"]}]},{"@type":"BreadcrumbList","@id":"https:\/\/librairie7l.com\/en\/produit\/du-beton-et-dautres-secrets-de-larchitecture-2\/#breadcrumb","itemListElement":[{"@type":"ListItem","position":1,"name":"Accueil","item":"https:\/\/librairie7l.com\/en\/"},{"@type":"ListItem","position":2,"name":"Shop","item":"https:\/\/librairie7l.com\/en\/shop\/"},{"@type":"ListItem","position":3,"name":"DU B\u00c9TON ET D&#8217;AUTRES SECRETS DE L&#8217;ARCHITECTURE"}]},{"@type":"WebSite","@id":"https:\/\/librairie7l.com\/en\/#website","url":"https:\/\/librairie7l.com\/en\/","name":"Librairie 7L","description":"Librairie fond\u00e9e en 1999 par Karl Lagerfeld \u00e0 Paris","publisher":{"@id":"https:\/\/librairie7l.com\/en\/#organization"},"potentialAction":[{"@type":"SearchAction","target":{"@type":"EntryPoint","urlTemplate":"https:\/\/librairie7l.com\/en\/?s={search_term_string}"},"query-input":"required name=search_term_string"}],"inLanguage":"en-US"},{"@type":"Organization","@id":"https:\/\/librairie7l.com\/en\/#organization","name":"Librairie 7L","url":"https:\/\/librairie7l.com\/en\/","logo":{"@type":"ImageObject","inLanguage":"en-US","@id":"https:\/\/librairie7l.com\/en\/#\/schema\/logo\/image\/","url":"https:\/\/librairie7l.com\/wp-content\/uploads\/2022\/08\/logo-1.png","contentUrl":"https:\/\/librairie7l.com\/wp-content\/uploads\/2022\/08\/logo-1.png","width":227,"height":301,"caption":"Librairie 7L"},"image":{"@id":"https:\/\/librairie7l.com\/en\/#\/schema\/logo\/image\/"}}]}},"_links":{"self":[{"href":"https:\/\/librairie7l.com\/en\/wp-json\/wp\/v2\/product\/50234"}],"collection":[{"href":"https:\/\/librairie7l.com\/en\/wp-json\/wp\/v2\/product"}],"about":[{"href":"https:\/\/librairie7l.com\/en\/wp-json\/wp\/v2\/types\/product"}],"wp:featuredmedia":[{"embeddable":true,"href":"https:\/\/librairie7l.com\/en\/wp-json\/wp\/v2\/media\/50232"}],"wp:attachment":[{"href":"https:\/\/librairie7l.com\/en\/wp-json\/wp\/v2\/media?parent=50234"}],"wp:term":[{"taxonomy":"product_cat","embeddable":true,"href":"https:\/\/librairie7l.com\/en\/wp-json\/wp\/v2\/product_cat?post=50234"},{"taxonomy":"product_tag","embeddable":true,"href":"https:\/\/librairie7l.com\/en\/wp-json\/wp\/v2\/product_tag?post=50234"}],"curies":[{"name":"wp","href":"https:\/\/api.w.org\/{rel}","templated":true}]}}