{"id":50236,"date":"2025-09-04T09:18:03","date_gmt":"2025-09-04T07:18:03","guid":{"rendered":"https:\/\/librairie7l.com\/?post_type=product&#038;p=50236"},"modified":"2026-04-17T12:06:08","modified_gmt":"2026-04-17T10:06:08","slug":"elegance-et-modernite-lart-deco-a-100-ans-2","status":"publish","type":"product","link":"https:\/\/librairie7l.com\/en\/produit\/elegance-et-modernite-lart-deco-a-100-ans-2\/","title":{"rendered":"\u00c9L\u00c9GANCE ET MODERNIT\u00c9 : L&#8217;ART D\u00c9CO A 100 ANS!"},"content":{"rendered":"<p>L&#8217;Exposition internationale des Arts d\u00e9coratifs industriels et modernes qui se tient \u00e0 Paris en 1925, marque le point de d\u00e9part du rayonnement du mouvement Art D\u00e9co \u00e0 travers le monde. \u00c0 l&#8217;occasion de son centenaire, l&#8217;exposition \u00c9L\u00c9GANCE &amp; MODERNIT\u00c9, l&#8217;Art d\u00e9co a 100 ans\u00e2E%!, \u00e0 travers une s\u00e9lection de plus de 200 oeuvres issues de collections publiques et priv\u00e9es propose une mise en lumi\u00e8re de la cr\u00e9ation artistique, des innovations techniques et des savoir-faire fran\u00e7ais en 1925.<br \/>\n L&#8217;ouvrage l&#8217;accompagnant, \u00e9crit par un collectif d&#8217;auteurs sp\u00e9cialistes de la p\u00e9riode, pr\u00e9sente en quoi ce nouveau style est une v\u00e9ritable r\u00e9volution artistique port\u00e9e par les grandes personnalit\u00e9s et les grandes maisons fran\u00e7aises de l&#8217;Art d\u00e9co que sont Andr\u00e9 Groult, Ren\u00e9 Lalique, Sonia Delaunay, \u00c9mile Ruhlmann, Francis Jourdain, Puiforcat ou Christofle. Un focus est fait sur Gaston Suisse et la technique de la laque. Dans le domaine de mode et de la parure, les cr\u00e9ations de Jeanne Lanvin, Sandoz, Guerlain ou Coty bouleversent, pour certains durablement, les codes de la parure et de l&#8217;\u00e9l\u00e9gance. Enfin, l&#8217;ouvrage aborde les canaux de diffusion de cette modernit\u00e9\u00e2E%: la presse, la photo, notamment \u00e0 travers la collection d&#8217;Albert Khan, le cin\u00e9ma ou les grands magasins.<\/p>\n","protected":false},"excerpt":{"rendered":"<p>L&#8217;Exposition internationale des Arts d\u00e9coratifs industriels et modernes qui se tient \u00e0 Paris en 1925, marque le point de d\u00e9part du rayonnement du mouvement Art D\u00e9co \u00e0 travers le monde. \u00c0 l&#8217;occasion de son centenaire, l&#8217;exposition \u00c9L\u00c9GANCE &amp; MODERNIT\u00c9, l&#8217;Art d\u00e9co a 100 ans\u00e2E%!, \u00e0 travers une s\u00e9lection de plus de 200 oeuvres issues de [&hellip;]<\/p>\n","protected":false},"featured_media":50777,"template":"","meta":[],"product_cat":[2948,2952],"product_tag":[],"acf":[],"yoast_head":"<!-- This site is optimized with the Yoast SEO plugin v20.11 - https:\/\/yoast.com\/wordpress\/plugins\/seo\/ -->\n<title>\u00c9l\u00e9gance et modernit\u00e9 : L&#039;art d\u00e9co a 100 ans! - Librairie 7L<\/title>\n<meta name=\"robots\" content=\"index, follow, max-snippet:-1, max-image-preview:large, max-video-preview:-1\" \/>\n<link rel=\"canonical\" href=\"https:\/\/librairie7l.com\/en\/produit\/elegance-et-modernite-lart-deco-a-100-ans-2\/\" \/>\n<meta property=\"og:locale\" content=\"en_US\" \/>\n<meta property=\"og:type\" content=\"article\" \/>\n<meta property=\"og:title\" content=\"\u00c9l\u00e9gance et modernit\u00e9 : L&#039;art d\u00e9co a 100 ans! - Librairie 7L\" \/>\n<meta property=\"og:description\" content=\"L&#8217;Exposition internationale des Arts d\u00e9coratifs industriels et modernes qui se tient \u00e0 Paris en 1925, marque le point de d\u00e9part du rayonnement du mouvement Art D\u00e9co \u00e0 travers le monde. \u00c0 l&#8217;occasion de son centenaire, l&#8217;exposition \u00c9L\u00c9GANCE &amp; MODERNIT\u00c9, l&#8217;Art d\u00e9co a 100 ans\u00e2E%!, \u00e0 travers une s\u00e9lection de plus de 200 oeuvres issues de [&hellip;]\" \/>\n<meta property=\"og:url\" content=\"https:\/\/librairie7l.com\/en\/produit\/elegance-et-modernite-lart-deco-a-100-ans-2\/\" \/>\n<meta property=\"og:site_name\" content=\"Librairie 7L\" \/>\n<meta property=\"article:modified_time\" content=\"2026-04-17T10:06:08+00:00\" \/>\n<meta name=\"twitter:card\" content=\"summary_large_image\" \/>\n<meta name=\"twitter:label1\" content=\"Est. reading time\" \/>\n\t<meta name=\"twitter:data1\" content=\"1 minute\" \/>\n<script type=\"application\/ld+json\" class=\"yoast-schema-graph\">{\"@context\":\"https:\/\/schema.org\",\"@graph\":[{\"@type\":\"WebPage\",\"@id\":\"https:\/\/librairie7l.com\/en\/produit\/elegance-et-modernite-lart-deco-a-100-ans-2\/\",\"url\":\"https:\/\/librairie7l.com\/en\/produit\/elegance-et-modernite-lart-deco-a-100-ans-2\/\",\"name\":\"\u00c9l\u00e9gance et modernit\u00e9 : L'art d\u00e9co a 100 ans! - Librairie 7L\",\"isPartOf\":{\"@id\":\"https:\/\/librairie7l.com\/en\/#website\"},\"datePublished\":\"2025-09-04T07:18:03+00:00\",\"dateModified\":\"2026-04-17T10:06:08+00:00\",\"breadcrumb\":{\"@id\":\"https:\/\/librairie7l.com\/en\/produit\/elegance-et-modernite-lart-deco-a-100-ans-2\/#breadcrumb\"},\"inLanguage\":\"en-US\",\"potentialAction\":[{\"@type\":\"ReadAction\",\"target\":[\"https:\/\/librairie7l.com\/en\/produit\/elegance-et-modernite-lart-deco-a-100-ans-2\/\"]}]},{\"@type\":\"BreadcrumbList\",\"@id\":\"https:\/\/librairie7l.com\/en\/produit\/elegance-et-modernite-lart-deco-a-100-ans-2\/#breadcrumb\",\"itemListElement\":[{\"@type\":\"ListItem\",\"position\":1,\"name\":\"Accueil\",\"item\":\"https:\/\/librairie7l.com\/en\/\"},{\"@type\":\"ListItem\",\"position\":2,\"name\":\"Shop\",\"item\":\"https:\/\/librairie7l.com\/en\/shop\/\"},{\"@type\":\"ListItem\",\"position\":3,\"name\":\"\u00c9L\u00c9GANCE ET MODERNIT\u00c9 : L&#8217;ART D\u00c9CO A 100 ANS!\"}]},{\"@type\":\"WebSite\",\"@id\":\"https:\/\/librairie7l.com\/en\/#website\",\"url\":\"https:\/\/librairie7l.com\/en\/\",\"name\":\"Librairie 7L\",\"description\":\"Librairie fond\u00e9e en 1999 par Karl Lagerfeld \u00e0 Paris\",\"publisher\":{\"@id\":\"https:\/\/librairie7l.com\/en\/#organization\"},\"potentialAction\":[{\"@type\":\"SearchAction\",\"target\":{\"@type\":\"EntryPoint\",\"urlTemplate\":\"https:\/\/librairie7l.com\/en\/?s={search_term_string}\"},\"query-input\":\"required name=search_term_string\"}],\"inLanguage\":\"en-US\"},{\"@type\":\"Organization\",\"@id\":\"https:\/\/librairie7l.com\/en\/#organization\",\"name\":\"Librairie 7L\",\"url\":\"https:\/\/librairie7l.com\/en\/\",\"logo\":{\"@type\":\"ImageObject\",\"inLanguage\":\"en-US\",\"@id\":\"https:\/\/librairie7l.com\/en\/#\/schema\/logo\/image\/\",\"url\":\"https:\/\/librairie7l.com\/wp-content\/uploads\/2022\/08\/logo-1.png\",\"contentUrl\":\"https:\/\/librairie7l.com\/wp-content\/uploads\/2022\/08\/logo-1.png\",\"width\":227,\"height\":301,\"caption\":\"Librairie 7L\"},\"image\":{\"@id\":\"https:\/\/librairie7l.com\/en\/#\/schema\/logo\/image\/\"}}]}<\/script>\n<!-- \/ Yoast SEO plugin. -->","yoast_head_json":{"title":"\u00c9l\u00e9gance et modernit\u00e9 : L'art d\u00e9co a 100 ans! - Librairie 7L","robots":{"index":"index","follow":"follow","max-snippet":"max-snippet:-1","max-image-preview":"max-image-preview:large","max-video-preview":"max-video-preview:-1"},"canonical":"https:\/\/librairie7l.com\/en\/produit\/elegance-et-modernite-lart-deco-a-100-ans-2\/","og_locale":"en_US","og_type":"article","og_title":"\u00c9l\u00e9gance et modernit\u00e9 : L'art d\u00e9co a 100 ans! - Librairie 7L","og_description":"L&#8217;Exposition internationale des Arts d\u00e9coratifs industriels et modernes qui se tient \u00e0 Paris en 1925, marque le point de d\u00e9part du rayonnement du mouvement Art D\u00e9co \u00e0 travers le monde. \u00c0 l&#8217;occasion de son centenaire, l&#8217;exposition \u00c9L\u00c9GANCE &amp; MODERNIT\u00c9, l&#8217;Art d\u00e9co a 100 ans\u00e2E%!, \u00e0 travers une s\u00e9lection de plus de 200 oeuvres issues de [&hellip;]","og_url":"https:\/\/librairie7l.com\/en\/produit\/elegance-et-modernite-lart-deco-a-100-ans-2\/","og_site_name":"Librairie 7L","article_modified_time":"2026-04-17T10:06:08+00:00","twitter_card":"summary_large_image","twitter_misc":{"Est. reading time":"1 minute"},"schema":{"@context":"https:\/\/schema.org","@graph":[{"@type":"WebPage","@id":"https:\/\/librairie7l.com\/en\/produit\/elegance-et-modernite-lart-deco-a-100-ans-2\/","url":"https:\/\/librairie7l.com\/en\/produit\/elegance-et-modernite-lart-deco-a-100-ans-2\/","name":"\u00c9l\u00e9gance et modernit\u00e9 : L'art d\u00e9co a 100 ans! - Librairie 7L","isPartOf":{"@id":"https:\/\/librairie7l.com\/en\/#website"},"datePublished":"2025-09-04T07:18:03+00:00","dateModified":"2026-04-17T10:06:08+00:00","breadcrumb":{"@id":"https:\/\/librairie7l.com\/en\/produit\/elegance-et-modernite-lart-deco-a-100-ans-2\/#breadcrumb"},"inLanguage":"en-US","potentialAction":[{"@type":"ReadAction","target":["https:\/\/librairie7l.com\/en\/produit\/elegance-et-modernite-lart-deco-a-100-ans-2\/"]}]},{"@type":"BreadcrumbList","@id":"https:\/\/librairie7l.com\/en\/produit\/elegance-et-modernite-lart-deco-a-100-ans-2\/#breadcrumb","itemListElement":[{"@type":"ListItem","position":1,"name":"Accueil","item":"https:\/\/librairie7l.com\/en\/"},{"@type":"ListItem","position":2,"name":"Shop","item":"https:\/\/librairie7l.com\/en\/shop\/"},{"@type":"ListItem","position":3,"name":"\u00c9L\u00c9GANCE ET MODERNIT\u00c9 : L&#8217;ART D\u00c9CO A 100 ANS!"}]},{"@type":"WebSite","@id":"https:\/\/librairie7l.com\/en\/#website","url":"https:\/\/librairie7l.com\/en\/","name":"Librairie 7L","description":"Librairie fond\u00e9e en 1999 par Karl Lagerfeld \u00e0 Paris","publisher":{"@id":"https:\/\/librairie7l.com\/en\/#organization"},"potentialAction":[{"@type":"SearchAction","target":{"@type":"EntryPoint","urlTemplate":"https:\/\/librairie7l.com\/en\/?s={search_term_string}"},"query-input":"required name=search_term_string"}],"inLanguage":"en-US"},{"@type":"Organization","@id":"https:\/\/librairie7l.com\/en\/#organization","name":"Librairie 7L","url":"https:\/\/librairie7l.com\/en\/","logo":{"@type":"ImageObject","inLanguage":"en-US","@id":"https:\/\/librairie7l.com\/en\/#\/schema\/logo\/image\/","url":"https:\/\/librairie7l.com\/wp-content\/uploads\/2022\/08\/logo-1.png","contentUrl":"https:\/\/librairie7l.com\/wp-content\/uploads\/2022\/08\/logo-1.png","width":227,"height":301,"caption":"Librairie 7L"},"image":{"@id":"https:\/\/librairie7l.com\/en\/#\/schema\/logo\/image\/"}}]}},"_links":{"self":[{"href":"https:\/\/librairie7l.com\/en\/wp-json\/wp\/v2\/product\/50236"}],"collection":[{"href":"https:\/\/librairie7l.com\/en\/wp-json\/wp\/v2\/product"}],"about":[{"href":"https:\/\/librairie7l.com\/en\/wp-json\/wp\/v2\/types\/product"}],"wp:featuredmedia":[{"embeddable":true,"href":"https:\/\/librairie7l.com\/en\/wp-json\/wp\/v2\/media\/50777"}],"wp:attachment":[{"href":"https:\/\/librairie7l.com\/en\/wp-json\/wp\/v2\/media?parent=50236"}],"wp:term":[{"taxonomy":"product_cat","embeddable":true,"href":"https:\/\/librairie7l.com\/en\/wp-json\/wp\/v2\/product_cat?post=50236"},{"taxonomy":"product_tag","embeddable":true,"href":"https:\/\/librairie7l.com\/en\/wp-json\/wp\/v2\/product_tag?post=50236"}],"curies":[{"name":"wp","href":"https:\/\/api.w.org\/{rel}","templated":true}]}}