{"id":50240,"date":"2025-09-04T09:18:06","date_gmt":"2025-09-04T07:18:06","guid":{"rendered":"https:\/\/librairie7l.com\/?post_type=product&#038;p=50240"},"modified":"2026-04-04T23:07:48","modified_gmt":"2026-04-04T21:07:48","slug":"apophenia-2","status":"publish","type":"product","link":"https:\/\/librairie7l.com\/en\/produit\/apophenia-2\/","title":{"rendered":"APOPHENIA"},"content":{"rendered":"<p>L&#8217;apoph\u00e9nie est une \u00ab alt\u00e9ration de la perception, qui conduit un individu \u00e0 attribuer un sens particulier \u00e0 des \u00e9v\u00e9nements banals en \u00e9tablissant des rapports non motiv\u00e9s entre les choses \u00bb. La mati\u00e8re photographique g\u00e9n\u00e8re une exploration des couches sensibles de la substance, prenant une multitude de formes. Lors de ses cheminements intuitifs et sensoriels dans les paysages de la R\u00e9publique d\u00e9mocratique du Congo, L\u00e9onard Pongo a photographi\u00e9 des fragments de la nature, qui r\u00e9sonnent en lui avec des r\u00e9cits ou des formes traditionnels. <\/p>\n<p> L\u00e9onard Pongo transforme ces images en \u00ab objets \u00bb nouveaux : ici, des transferts de g\u00e9latine d&#8217;impression photographique sur plaques de verre. D\u00e9tach\u00e9e du papier puis recoll\u00e9e sur plaques, cette pellicule fragile cr\u00e9e des plis, des d\u00e9chirures, des fragmentations. Autant d&#8217;\u00e9l\u00e9ments qui vont perturber l&#8217;image initiale et proposer des formes nouvelles, nous encourageant \u00e0 activer diff\u00e9remment nos modes de perception. Tout comme l&#8217;artiste s&#8217;est plong\u00e9 dans les paysages congolais, nous nous immergeons dans ces images sur plaques de verre rappelant les d\u00e9buts de la photographie.<\/p>\n","protected":false},"excerpt":{"rendered":"<p>L&#8217;apoph\u00e9nie est une \u00ab alt\u00e9ration de la perception, qui conduit un individu \u00e0 attribuer un sens particulier \u00e0 des \u00e9v\u00e9nements banals en \u00e9tablissant des rapports non motiv\u00e9s entre les choses \u00bb. La mati\u00e8re photographique g\u00e9n\u00e8re une exploration des couches sensibles de la substance, prenant une multitude de formes. Lors de ses cheminements intuitifs et sensoriels [&hellip;]<\/p>\n","protected":false},"featured_media":50238,"template":"","meta":[],"product_cat":[2948,2958],"product_tag":[],"acf":[],"yoast_head":"<!-- This site is optimized with the Yoast SEO plugin v20.11 - https:\/\/yoast.com\/wordpress\/plugins\/seo\/ -->\n<title>Apophenia - Librairie 7L<\/title>\n<meta name=\"robots\" content=\"index, follow, max-snippet:-1, max-image-preview:large, max-video-preview:-1\" \/>\n<link rel=\"canonical\" href=\"https:\/\/librairie7l.com\/en\/produit\/apophenia-2\/\" \/>\n<meta property=\"og:locale\" content=\"en_US\" \/>\n<meta property=\"og:type\" content=\"article\" \/>\n<meta property=\"og:title\" content=\"Apophenia - Librairie 7L\" \/>\n<meta property=\"og:description\" content=\"L&#8217;apoph\u00e9nie est une \u00ab alt\u00e9ration de la perception, qui conduit un individu \u00e0 attribuer un sens particulier \u00e0 des \u00e9v\u00e9nements banals en \u00e9tablissant des rapports non motiv\u00e9s entre les choses \u00bb. La mati\u00e8re photographique g\u00e9n\u00e8re une exploration des couches sensibles de la substance, prenant une multitude de formes. Lors de ses cheminements intuitifs et sensoriels [&hellip;]\" \/>\n<meta property=\"og:url\" content=\"https:\/\/librairie7l.com\/en\/produit\/apophenia-2\/\" \/>\n<meta property=\"og:site_name\" content=\"Librairie 7L\" \/>\n<meta property=\"article:modified_time\" content=\"2026-04-04T21:07:48+00:00\" \/>\n<meta property=\"og:image\" content=\"https:\/\/librairie7l.com\/wp-content\/uploads\/2025\/05\/9782875721211_1_75.jpg\" \/>\n\t<meta property=\"og:image:width\" content=\"600\" \/>\n\t<meta property=\"og:image:height\" content=\"851\" \/>\n\t<meta property=\"og:image:type\" content=\"image\/jpeg\" \/>\n<meta name=\"twitter:card\" content=\"summary_large_image\" \/>\n<meta name=\"twitter:label1\" content=\"Est. reading time\" \/>\n\t<meta name=\"twitter:data1\" content=\"1 minute\" \/>\n<script type=\"application\/ld+json\" class=\"yoast-schema-graph\">{\"@context\":\"https:\/\/schema.org\",\"@graph\":[{\"@type\":\"WebPage\",\"@id\":\"https:\/\/librairie7l.com\/en\/produit\/apophenia-2\/\",\"url\":\"https:\/\/librairie7l.com\/en\/produit\/apophenia-2\/\",\"name\":\"Apophenia - Librairie 7L\",\"isPartOf\":{\"@id\":\"https:\/\/librairie7l.com\/en\/#website\"},\"datePublished\":\"2025-09-04T07:18:06+00:00\",\"dateModified\":\"2026-04-04T21:07:48+00:00\",\"breadcrumb\":{\"@id\":\"https:\/\/librairie7l.com\/en\/produit\/apophenia-2\/#breadcrumb\"},\"inLanguage\":\"en-US\",\"potentialAction\":[{\"@type\":\"ReadAction\",\"target\":[\"https:\/\/librairie7l.com\/en\/produit\/apophenia-2\/\"]}]},{\"@type\":\"BreadcrumbList\",\"@id\":\"https:\/\/librairie7l.com\/en\/produit\/apophenia-2\/#breadcrumb\",\"itemListElement\":[{\"@type\":\"ListItem\",\"position\":1,\"name\":\"Accueil\",\"item\":\"https:\/\/librairie7l.com\/en\/\"},{\"@type\":\"ListItem\",\"position\":2,\"name\":\"Shop\",\"item\":\"https:\/\/librairie7l.com\/en\/shop\/\"},{\"@type\":\"ListItem\",\"position\":3,\"name\":\"APOPHENIA\"}]},{\"@type\":\"WebSite\",\"@id\":\"https:\/\/librairie7l.com\/en\/#website\",\"url\":\"https:\/\/librairie7l.com\/en\/\",\"name\":\"Librairie 7L\",\"description\":\"Librairie fond\u00e9e en 1999 par Karl Lagerfeld \u00e0 Paris\",\"publisher\":{\"@id\":\"https:\/\/librairie7l.com\/en\/#organization\"},\"potentialAction\":[{\"@type\":\"SearchAction\",\"target\":{\"@type\":\"EntryPoint\",\"urlTemplate\":\"https:\/\/librairie7l.com\/en\/?s={search_term_string}\"},\"query-input\":\"required name=search_term_string\"}],\"inLanguage\":\"en-US\"},{\"@type\":\"Organization\",\"@id\":\"https:\/\/librairie7l.com\/en\/#organization\",\"name\":\"Librairie 7L\",\"url\":\"https:\/\/librairie7l.com\/en\/\",\"logo\":{\"@type\":\"ImageObject\",\"inLanguage\":\"en-US\",\"@id\":\"https:\/\/librairie7l.com\/en\/#\/schema\/logo\/image\/\",\"url\":\"https:\/\/librairie7l.com\/wp-content\/uploads\/2022\/08\/logo-1.png\",\"contentUrl\":\"https:\/\/librairie7l.com\/wp-content\/uploads\/2022\/08\/logo-1.png\",\"width\":227,\"height\":301,\"caption\":\"Librairie 7L\"},\"image\":{\"@id\":\"https:\/\/librairie7l.com\/en\/#\/schema\/logo\/image\/\"}}]}<\/script>\n<!-- \/ Yoast SEO plugin. -->","yoast_head_json":{"title":"Apophenia - Librairie 7L","robots":{"index":"index","follow":"follow","max-snippet":"max-snippet:-1","max-image-preview":"max-image-preview:large","max-video-preview":"max-video-preview:-1"},"canonical":"https:\/\/librairie7l.com\/en\/produit\/apophenia-2\/","og_locale":"en_US","og_type":"article","og_title":"Apophenia - Librairie 7L","og_description":"L&#8217;apoph\u00e9nie est une \u00ab alt\u00e9ration de la perception, qui conduit un individu \u00e0 attribuer un sens particulier \u00e0 des \u00e9v\u00e9nements banals en \u00e9tablissant des rapports non motiv\u00e9s entre les choses \u00bb. La mati\u00e8re photographique g\u00e9n\u00e8re une exploration des couches sensibles de la substance, prenant une multitude de formes. Lors de ses cheminements intuitifs et sensoriels [&hellip;]","og_url":"https:\/\/librairie7l.com\/en\/produit\/apophenia-2\/","og_site_name":"Librairie 7L","article_modified_time":"2026-04-04T21:07:48+00:00","og_image":[{"width":600,"height":851,"url":"https:\/\/librairie7l.com\/wp-content\/uploads\/2025\/05\/9782875721211_1_75.jpg","type":"image\/jpeg"}],"twitter_card":"summary_large_image","twitter_misc":{"Est. reading time":"1 minute"},"schema":{"@context":"https:\/\/schema.org","@graph":[{"@type":"WebPage","@id":"https:\/\/librairie7l.com\/en\/produit\/apophenia-2\/","url":"https:\/\/librairie7l.com\/en\/produit\/apophenia-2\/","name":"Apophenia - Librairie 7L","isPartOf":{"@id":"https:\/\/librairie7l.com\/en\/#website"},"datePublished":"2025-09-04T07:18:06+00:00","dateModified":"2026-04-04T21:07:48+00:00","breadcrumb":{"@id":"https:\/\/librairie7l.com\/en\/produit\/apophenia-2\/#breadcrumb"},"inLanguage":"en-US","potentialAction":[{"@type":"ReadAction","target":["https:\/\/librairie7l.com\/en\/produit\/apophenia-2\/"]}]},{"@type":"BreadcrumbList","@id":"https:\/\/librairie7l.com\/en\/produit\/apophenia-2\/#breadcrumb","itemListElement":[{"@type":"ListItem","position":1,"name":"Accueil","item":"https:\/\/librairie7l.com\/en\/"},{"@type":"ListItem","position":2,"name":"Shop","item":"https:\/\/librairie7l.com\/en\/shop\/"},{"@type":"ListItem","position":3,"name":"APOPHENIA"}]},{"@type":"WebSite","@id":"https:\/\/librairie7l.com\/en\/#website","url":"https:\/\/librairie7l.com\/en\/","name":"Librairie 7L","description":"Librairie fond\u00e9e en 1999 par Karl Lagerfeld \u00e0 Paris","publisher":{"@id":"https:\/\/librairie7l.com\/en\/#organization"},"potentialAction":[{"@type":"SearchAction","target":{"@type":"EntryPoint","urlTemplate":"https:\/\/librairie7l.com\/en\/?s={search_term_string}"},"query-input":"required name=search_term_string"}],"inLanguage":"en-US"},{"@type":"Organization","@id":"https:\/\/librairie7l.com\/en\/#organization","name":"Librairie 7L","url":"https:\/\/librairie7l.com\/en\/","logo":{"@type":"ImageObject","inLanguage":"en-US","@id":"https:\/\/librairie7l.com\/en\/#\/schema\/logo\/image\/","url":"https:\/\/librairie7l.com\/wp-content\/uploads\/2022\/08\/logo-1.png","contentUrl":"https:\/\/librairie7l.com\/wp-content\/uploads\/2022\/08\/logo-1.png","width":227,"height":301,"caption":"Librairie 7L"},"image":{"@id":"https:\/\/librairie7l.com\/en\/#\/schema\/logo\/image\/"}}]}},"_links":{"self":[{"href":"https:\/\/librairie7l.com\/en\/wp-json\/wp\/v2\/product\/50240"}],"collection":[{"href":"https:\/\/librairie7l.com\/en\/wp-json\/wp\/v2\/product"}],"about":[{"href":"https:\/\/librairie7l.com\/en\/wp-json\/wp\/v2\/types\/product"}],"wp:featuredmedia":[{"embeddable":true,"href":"https:\/\/librairie7l.com\/en\/wp-json\/wp\/v2\/media\/50238"}],"wp:attachment":[{"href":"https:\/\/librairie7l.com\/en\/wp-json\/wp\/v2\/media?parent=50240"}],"wp:term":[{"taxonomy":"product_cat","embeddable":true,"href":"https:\/\/librairie7l.com\/en\/wp-json\/wp\/v2\/product_cat?post=50240"},{"taxonomy":"product_tag","embeddable":true,"href":"https:\/\/librairie7l.com\/en\/wp-json\/wp\/v2\/product_tag?post=50240"}],"curies":[{"name":"wp","href":"https:\/\/api.w.org\/{rel}","templated":true}]}}