{"id":50244,"date":"2025-09-04T09:18:09","date_gmt":"2025-09-04T07:18:09","guid":{"rendered":"https:\/\/librairie7l.com\/?post_type=product&#038;p=50244"},"modified":"2026-04-04T15:37:31","modified_gmt":"2026-04-04T13:37:31","slug":"francoise-2","status":"publish","type":"product","link":"https:\/\/librairie7l.com\/en\/produit\/francoise-2\/","title":{"rendered":"FRAN\u00c7OISE"},"content":{"rendered":"<p>Le livre Fran\u00e7oise est un hommage \u00e0 Fran\u00e7oise Nu\u00f1ez, photographe et compagne de Bernard Plossu. \u00c0 travers 75 photographies, il retrace une vie d\u00e9di\u00e9e \u00e0 l&#8217;image, aux voyages et aux rencontres.  <\/p>\n<p> Fran\u00e7oise et Bernard ont partag\u00e9 une existence nomade, parcourant le Mexique, l&#8217;Inde, la Turquie, la Gr\u00e8ce et l&#8217;Andalousie, capturant la lumi\u00e8re et l&#8217;instant avec une sensibilit\u00e9 unique. Dans l&#8217;objectif de Bernard, Fran\u00e7oise appara\u00eet \u00e0 la fois comme muse, complice et t\u00e9moin d&#8217;un monde en perp\u00e9tuel mouvement.  <\/p>\n<p> Ce livre ne se limite pas au portrait d&#8217;une femme, il \u00e9voque aussi une \u00e9poque, une mani\u00e8re de vivre et de photographier, o\u00f9 l&#8217;image devient m\u00e9moire et trace d&#8217;une humanit\u00e9 \u00e9ph\u00e9m\u00e8re. Entre instants saisis et silences habit\u00e9s, il c\u00e9l\u00e8bre un regard et une pr\u00e9sence, ancr\u00e9s dans une esth\u00e9tique de l&#8217;\u00e9pure et de l&#8217;\u00e9motion.  <\/p>\n<p> Un ouvrage essentiel pour les amateurs de photographie et de r\u00e9cits de voyage, mais aussi pour ceux qui s&#8217;int\u00e9ressent \u00e0 l&#8217;oeuvre de Bernard Plossu et \u00e0 son rapport singulier au temps et \u00e0 l&#8217;image. Ce livre est un t\u00e9moignage intime et universel, o\u00f9 l&#8217;absence devient pr\u00e9sence et o\u00f9 chaque photographie r\u00e9sonne comme une ode \u00e0 la lumi\u00e8re et \u00e0 l&#8217;instant.<\/p>\n","protected":false},"excerpt":{"rendered":"<p>Le livre Fran\u00e7oise est un hommage \u00e0 Fran\u00e7oise Nu\u00f1ez, photographe et compagne de Bernard Plossu. \u00c0 travers 75 photographies, il retrace une vie d\u00e9di\u00e9e \u00e0 l&#8217;image, aux voyages et aux rencontres. Fran\u00e7oise et Bernard ont partag\u00e9 une existence nomade, parcourant le Mexique, l&#8217;Inde, la Turquie, la Gr\u00e8ce et l&#8217;Andalousie, capturant la lumi\u00e8re et l&#8217;instant avec [&hellip;]<\/p>\n","protected":false},"featured_media":50242,"template":"","meta":[],"product_cat":[2948,2958],"product_tag":[],"acf":[],"yoast_head":"<!-- This site is optimized with the Yoast SEO plugin v20.11 - https:\/\/yoast.com\/wordpress\/plugins\/seo\/ -->\n<title>Fran\u00e7oise - Librairie 7L<\/title>\n<meta name=\"robots\" content=\"index, follow, max-snippet:-1, max-image-preview:large, max-video-preview:-1\" \/>\n<link rel=\"canonical\" href=\"https:\/\/librairie7l.com\/en\/produit\/francoise-2\/\" \/>\n<meta property=\"og:locale\" content=\"en_US\" \/>\n<meta property=\"og:type\" content=\"article\" \/>\n<meta property=\"og:title\" content=\"Fran\u00e7oise - Librairie 7L\" \/>\n<meta property=\"og:description\" content=\"Le livre Fran\u00e7oise est un hommage \u00e0 Fran\u00e7oise Nu\u00f1ez, photographe et compagne de Bernard Plossu. \u00c0 travers 75 photographies, il retrace une vie d\u00e9di\u00e9e \u00e0 l&#8217;image, aux voyages et aux rencontres. Fran\u00e7oise et Bernard ont partag\u00e9 une existence nomade, parcourant le Mexique, l&#8217;Inde, la Turquie, la Gr\u00e8ce et l&#8217;Andalousie, capturant la lumi\u00e8re et l&#8217;instant avec [&hellip;]\" \/>\n<meta property=\"og:url\" content=\"https:\/\/librairie7l.com\/en\/produit\/francoise-2\/\" \/>\n<meta property=\"og:site_name\" content=\"Librairie 7L\" \/>\n<meta property=\"article:modified_time\" content=\"2026-04-04T13:37:31+00:00\" \/>\n<meta property=\"og:image\" content=\"https:\/\/librairie7l.com\/wp-content\/uploads\/2025\/04\/9782350466446_1_75.jpg\" \/>\n\t<meta property=\"og:image:width\" content=\"600\" \/>\n\t<meta property=\"og:image:height\" content=\"844\" \/>\n\t<meta property=\"og:image:type\" content=\"image\/jpeg\" \/>\n<meta name=\"twitter:card\" content=\"summary_large_image\" \/>\n<meta name=\"twitter:label1\" content=\"Est. reading time\" \/>\n\t<meta name=\"twitter:data1\" content=\"1 minute\" \/>\n<script type=\"application\/ld+json\" class=\"yoast-schema-graph\">{\"@context\":\"https:\/\/schema.org\",\"@graph\":[{\"@type\":\"WebPage\",\"@id\":\"https:\/\/librairie7l.com\/en\/produit\/francoise-2\/\",\"url\":\"https:\/\/librairie7l.com\/en\/produit\/francoise-2\/\",\"name\":\"Fran\u00e7oise - Librairie 7L\",\"isPartOf\":{\"@id\":\"https:\/\/librairie7l.com\/en\/#website\"},\"datePublished\":\"2025-09-04T07:18:09+00:00\",\"dateModified\":\"2026-04-04T13:37:31+00:00\",\"breadcrumb\":{\"@id\":\"https:\/\/librairie7l.com\/en\/produit\/francoise-2\/#breadcrumb\"},\"inLanguage\":\"en-US\",\"potentialAction\":[{\"@type\":\"ReadAction\",\"target\":[\"https:\/\/librairie7l.com\/en\/produit\/francoise-2\/\"]}]},{\"@type\":\"BreadcrumbList\",\"@id\":\"https:\/\/librairie7l.com\/en\/produit\/francoise-2\/#breadcrumb\",\"itemListElement\":[{\"@type\":\"ListItem\",\"position\":1,\"name\":\"Accueil\",\"item\":\"https:\/\/librairie7l.com\/en\/\"},{\"@type\":\"ListItem\",\"position\":2,\"name\":\"Shop\",\"item\":\"https:\/\/librairie7l.com\/en\/shop\/\"},{\"@type\":\"ListItem\",\"position\":3,\"name\":\"FRAN\u00c7OISE\"}]},{\"@type\":\"WebSite\",\"@id\":\"https:\/\/librairie7l.com\/en\/#website\",\"url\":\"https:\/\/librairie7l.com\/en\/\",\"name\":\"Librairie 7L\",\"description\":\"Librairie fond\u00e9e en 1999 par Karl Lagerfeld \u00e0 Paris\",\"publisher\":{\"@id\":\"https:\/\/librairie7l.com\/en\/#organization\"},\"potentialAction\":[{\"@type\":\"SearchAction\",\"target\":{\"@type\":\"EntryPoint\",\"urlTemplate\":\"https:\/\/librairie7l.com\/en\/?s={search_term_string}\"},\"query-input\":\"required name=search_term_string\"}],\"inLanguage\":\"en-US\"},{\"@type\":\"Organization\",\"@id\":\"https:\/\/librairie7l.com\/en\/#organization\",\"name\":\"Librairie 7L\",\"url\":\"https:\/\/librairie7l.com\/en\/\",\"logo\":{\"@type\":\"ImageObject\",\"inLanguage\":\"en-US\",\"@id\":\"https:\/\/librairie7l.com\/en\/#\/schema\/logo\/image\/\",\"url\":\"https:\/\/librairie7l.com\/wp-content\/uploads\/2022\/08\/logo-1.png\",\"contentUrl\":\"https:\/\/librairie7l.com\/wp-content\/uploads\/2022\/08\/logo-1.png\",\"width\":227,\"height\":301,\"caption\":\"Librairie 7L\"},\"image\":{\"@id\":\"https:\/\/librairie7l.com\/en\/#\/schema\/logo\/image\/\"}}]}<\/script>\n<!-- \/ Yoast SEO plugin. -->","yoast_head_json":{"title":"Fran\u00e7oise - Librairie 7L","robots":{"index":"index","follow":"follow","max-snippet":"max-snippet:-1","max-image-preview":"max-image-preview:large","max-video-preview":"max-video-preview:-1"},"canonical":"https:\/\/librairie7l.com\/en\/produit\/francoise-2\/","og_locale":"en_US","og_type":"article","og_title":"Fran\u00e7oise - Librairie 7L","og_description":"Le livre Fran\u00e7oise est un hommage \u00e0 Fran\u00e7oise Nu\u00f1ez, photographe et compagne de Bernard Plossu. \u00c0 travers 75 photographies, il retrace une vie d\u00e9di\u00e9e \u00e0 l&#8217;image, aux voyages et aux rencontres. Fran\u00e7oise et Bernard ont partag\u00e9 une existence nomade, parcourant le Mexique, l&#8217;Inde, la Turquie, la Gr\u00e8ce et l&#8217;Andalousie, capturant la lumi\u00e8re et l&#8217;instant avec [&hellip;]","og_url":"https:\/\/librairie7l.com\/en\/produit\/francoise-2\/","og_site_name":"Librairie 7L","article_modified_time":"2026-04-04T13:37:31+00:00","og_image":[{"width":600,"height":844,"url":"https:\/\/librairie7l.com\/wp-content\/uploads\/2025\/04\/9782350466446_1_75.jpg","type":"image\/jpeg"}],"twitter_card":"summary_large_image","twitter_misc":{"Est. reading time":"1 minute"},"schema":{"@context":"https:\/\/schema.org","@graph":[{"@type":"WebPage","@id":"https:\/\/librairie7l.com\/en\/produit\/francoise-2\/","url":"https:\/\/librairie7l.com\/en\/produit\/francoise-2\/","name":"Fran\u00e7oise - Librairie 7L","isPartOf":{"@id":"https:\/\/librairie7l.com\/en\/#website"},"datePublished":"2025-09-04T07:18:09+00:00","dateModified":"2026-04-04T13:37:31+00:00","breadcrumb":{"@id":"https:\/\/librairie7l.com\/en\/produit\/francoise-2\/#breadcrumb"},"inLanguage":"en-US","potentialAction":[{"@type":"ReadAction","target":["https:\/\/librairie7l.com\/en\/produit\/francoise-2\/"]}]},{"@type":"BreadcrumbList","@id":"https:\/\/librairie7l.com\/en\/produit\/francoise-2\/#breadcrumb","itemListElement":[{"@type":"ListItem","position":1,"name":"Accueil","item":"https:\/\/librairie7l.com\/en\/"},{"@type":"ListItem","position":2,"name":"Shop","item":"https:\/\/librairie7l.com\/en\/shop\/"},{"@type":"ListItem","position":3,"name":"FRAN\u00c7OISE"}]},{"@type":"WebSite","@id":"https:\/\/librairie7l.com\/en\/#website","url":"https:\/\/librairie7l.com\/en\/","name":"Librairie 7L","description":"Librairie fond\u00e9e en 1999 par Karl Lagerfeld \u00e0 Paris","publisher":{"@id":"https:\/\/librairie7l.com\/en\/#organization"},"potentialAction":[{"@type":"SearchAction","target":{"@type":"EntryPoint","urlTemplate":"https:\/\/librairie7l.com\/en\/?s={search_term_string}"},"query-input":"required name=search_term_string"}],"inLanguage":"en-US"},{"@type":"Organization","@id":"https:\/\/librairie7l.com\/en\/#organization","name":"Librairie 7L","url":"https:\/\/librairie7l.com\/en\/","logo":{"@type":"ImageObject","inLanguage":"en-US","@id":"https:\/\/librairie7l.com\/en\/#\/schema\/logo\/image\/","url":"https:\/\/librairie7l.com\/wp-content\/uploads\/2022\/08\/logo-1.png","contentUrl":"https:\/\/librairie7l.com\/wp-content\/uploads\/2022\/08\/logo-1.png","width":227,"height":301,"caption":"Librairie 7L"},"image":{"@id":"https:\/\/librairie7l.com\/en\/#\/schema\/logo\/image\/"}}]}},"_links":{"self":[{"href":"https:\/\/librairie7l.com\/en\/wp-json\/wp\/v2\/product\/50244"}],"collection":[{"href":"https:\/\/librairie7l.com\/en\/wp-json\/wp\/v2\/product"}],"about":[{"href":"https:\/\/librairie7l.com\/en\/wp-json\/wp\/v2\/types\/product"}],"wp:featuredmedia":[{"embeddable":true,"href":"https:\/\/librairie7l.com\/en\/wp-json\/wp\/v2\/media\/50242"}],"wp:attachment":[{"href":"https:\/\/librairie7l.com\/en\/wp-json\/wp\/v2\/media?parent=50244"}],"wp:term":[{"taxonomy":"product_cat","embeddable":true,"href":"https:\/\/librairie7l.com\/en\/wp-json\/wp\/v2\/product_cat?post=50244"},{"taxonomy":"product_tag","embeddable":true,"href":"https:\/\/librairie7l.com\/en\/wp-json\/wp\/v2\/product_tag?post=50244"}],"curies":[{"name":"wp","href":"https:\/\/api.w.org\/{rel}","templated":true}]}}