{"id":50256,"date":"2025-09-04T09:18:17","date_gmt":"2025-09-04T07:18:17","guid":{"rendered":"https:\/\/librairie7l.com\/?post_type=product&#038;p=50256"},"modified":"2026-04-17T21:07:10","modified_gmt":"2026-04-17T19:07:10","slug":"the-travellers-paris-lhotel-de-paiva-2","status":"publish","type":"product","link":"https:\/\/librairie7l.com\/en\/produit\/the-travellers-paris-lhotel-de-paiva-2\/","title":{"rendered":"THE TRAVELLERS, PARIS : L&#8217;H\u00d4TEL DE PA\u00cfVA"},"content":{"rendered":"<p>Pour la premi\u00e8re fois, The Travellers, cercle parisien l\u00e9gendaire, entre-ouvre les portes de son histoire.<\/p>\n<p>Fond\u00e9 \u00e0 la fin du XIXe si\u00e8cle par neuf ducs anglais, The Travellers s&#8217;installe en 1904 dans l&#8217;h\u00f4tel de Pa\u00efva, chef-d&#8217;oeuvre de l&#8217;architecture et des arts d\u00e9coratifs du Second Empire \u00e9difi\u00e9 par la c\u00e9l\u00e8bre courtisane. Gr\u00e2ce aux archives in\u00e9dites du cercle &#8211; jamais exploit\u00e9es- cet ouvrage r\u00e9v\u00e8le l&#8217;histoire d&#8217;une institution unique. Entre salons feutr\u00e9s o\u00f9 se perp\u00e9tue l&#8217;art du jeu, la diplomatie, le renseignement, une table raffin\u00e9e c\u00e9l\u00e9brant la gastronomie fran\u00e7aise et des portraits de membres illustres, Dominique de Lastours d\u00e9voile un univers pr\u00e9serv\u00e9 o\u00f9 se m\u00ealent patrimoine architectural et art de vivre \u00e0 la fran\u00e7aise.<\/p>\n<p>Au-del\u00e0 de l&#8217;histoire, c&#8217;est un regard in situ sur ce que Hadelin, comte de Liedekeke-Beaufort, ancien pr\u00e9sident du Travellers, d\u00e9finissait ainsi : \u00ab Le seul cercle de ce genre qui existe dans le Monde. \u00bb Une plong\u00e9e in\u00e9dite dans l&#8217;intimit\u00e9 d&#8217;un cercle \u00e0 nul autre pareil, richement illustr\u00e9e de photographies et documents d&#8217;archives exceptionnels.<\/p>\n","protected":false},"excerpt":{"rendered":"<p>Pour la premi\u00e8re fois, The Travellers, cercle parisien l\u00e9gendaire, entre-ouvre les portes de son histoire. Fond\u00e9 \u00e0 la fin du XIXe si\u00e8cle par neuf ducs anglais, The Travellers s&#8217;installe en 1904 dans l&#8217;h\u00f4tel de Pa\u00efva, chef-d&#8217;oeuvre de l&#8217;architecture et des arts d\u00e9coratifs du Second Empire \u00e9difi\u00e9 par la c\u00e9l\u00e8bre courtisane. Gr\u00e2ce aux archives in\u00e9dites du [&hellip;]<\/p>\n","protected":false},"featured_media":50254,"template":"","meta":[],"product_cat":[2948,2951],"product_tag":[],"acf":[],"yoast_head":"<!-- This site is optimized with the Yoast SEO plugin v20.11 - https:\/\/yoast.com\/wordpress\/plugins\/seo\/ -->\n<title>The Travellers, Paris : L&#039;H\u00f4tel de Pa\u00efva - Librairie 7L<\/title>\n<meta name=\"robots\" content=\"index, follow, max-snippet:-1, max-image-preview:large, max-video-preview:-1\" \/>\n<link rel=\"canonical\" href=\"https:\/\/librairie7l.com\/en\/produit\/the-travellers-paris-lhotel-de-paiva-2\/\" \/>\n<meta property=\"og:locale\" content=\"en_US\" \/>\n<meta property=\"og:type\" content=\"article\" \/>\n<meta property=\"og:title\" content=\"The Travellers, Paris : L&#039;H\u00f4tel de Pa\u00efva - Librairie 7L\" \/>\n<meta property=\"og:description\" content=\"Pour la premi\u00e8re fois, The Travellers, cercle parisien l\u00e9gendaire, entre-ouvre les portes de son histoire. Fond\u00e9 \u00e0 la fin du XIXe si\u00e8cle par neuf ducs anglais, The Travellers s&#8217;installe en 1904 dans l&#8217;h\u00f4tel de Pa\u00efva, chef-d&#8217;oeuvre de l&#8217;architecture et des arts d\u00e9coratifs du Second Empire \u00e9difi\u00e9 par la c\u00e9l\u00e8bre courtisane. Gr\u00e2ce aux archives in\u00e9dites du [&hellip;]\" \/>\n<meta property=\"og:url\" content=\"https:\/\/librairie7l.com\/en\/produit\/the-travellers-paris-lhotel-de-paiva-2\/\" \/>\n<meta property=\"og:site_name\" content=\"Librairie 7L\" \/>\n<meta property=\"article:modified_time\" content=\"2026-04-17T19:07:10+00:00\" \/>\n<meta property=\"og:image\" content=\"https:\/\/librairie7l.com\/wp-content\/uploads\/2025\/04\/9791021064027_1_75.jpg\" \/>\n\t<meta property=\"og:image:width\" content=\"600\" \/>\n\t<meta property=\"og:image:height\" content=\"800\" \/>\n\t<meta property=\"og:image:type\" content=\"image\/jpeg\" \/>\n<meta name=\"twitter:card\" content=\"summary_large_image\" \/>\n<meta name=\"twitter:label1\" content=\"Est. reading time\" \/>\n\t<meta name=\"twitter:data1\" content=\"1 minute\" \/>\n<script type=\"application\/ld+json\" class=\"yoast-schema-graph\">{\"@context\":\"https:\/\/schema.org\",\"@graph\":[{\"@type\":\"WebPage\",\"@id\":\"https:\/\/librairie7l.com\/en\/produit\/the-travellers-paris-lhotel-de-paiva-2\/\",\"url\":\"https:\/\/librairie7l.com\/en\/produit\/the-travellers-paris-lhotel-de-paiva-2\/\",\"name\":\"The Travellers, Paris : L'H\u00f4tel de Pa\u00efva - Librairie 7L\",\"isPartOf\":{\"@id\":\"https:\/\/librairie7l.com\/en\/#website\"},\"datePublished\":\"2025-09-04T07:18:17+00:00\",\"dateModified\":\"2026-04-17T19:07:10+00:00\",\"breadcrumb\":{\"@id\":\"https:\/\/librairie7l.com\/en\/produit\/the-travellers-paris-lhotel-de-paiva-2\/#breadcrumb\"},\"inLanguage\":\"en-US\",\"potentialAction\":[{\"@type\":\"ReadAction\",\"target\":[\"https:\/\/librairie7l.com\/en\/produit\/the-travellers-paris-lhotel-de-paiva-2\/\"]}]},{\"@type\":\"BreadcrumbList\",\"@id\":\"https:\/\/librairie7l.com\/en\/produit\/the-travellers-paris-lhotel-de-paiva-2\/#breadcrumb\",\"itemListElement\":[{\"@type\":\"ListItem\",\"position\":1,\"name\":\"Accueil\",\"item\":\"https:\/\/librairie7l.com\/en\/\"},{\"@type\":\"ListItem\",\"position\":2,\"name\":\"Shop\",\"item\":\"https:\/\/librairie7l.com\/en\/shop\/\"},{\"@type\":\"ListItem\",\"position\":3,\"name\":\"THE TRAVELLERS, PARIS : L&#8217;H\u00d4TEL DE PA\u00cfVA\"}]},{\"@type\":\"WebSite\",\"@id\":\"https:\/\/librairie7l.com\/en\/#website\",\"url\":\"https:\/\/librairie7l.com\/en\/\",\"name\":\"Librairie 7L\",\"description\":\"Librairie fond\u00e9e en 1999 par Karl Lagerfeld \u00e0 Paris\",\"publisher\":{\"@id\":\"https:\/\/librairie7l.com\/en\/#organization\"},\"potentialAction\":[{\"@type\":\"SearchAction\",\"target\":{\"@type\":\"EntryPoint\",\"urlTemplate\":\"https:\/\/librairie7l.com\/en\/?s={search_term_string}\"},\"query-input\":\"required name=search_term_string\"}],\"inLanguage\":\"en-US\"},{\"@type\":\"Organization\",\"@id\":\"https:\/\/librairie7l.com\/en\/#organization\",\"name\":\"Librairie 7L\",\"url\":\"https:\/\/librairie7l.com\/en\/\",\"logo\":{\"@type\":\"ImageObject\",\"inLanguage\":\"en-US\",\"@id\":\"https:\/\/librairie7l.com\/en\/#\/schema\/logo\/image\/\",\"url\":\"https:\/\/librairie7l.com\/wp-content\/uploads\/2022\/08\/logo-1.png\",\"contentUrl\":\"https:\/\/librairie7l.com\/wp-content\/uploads\/2022\/08\/logo-1.png\",\"width\":227,\"height\":301,\"caption\":\"Librairie 7L\"},\"image\":{\"@id\":\"https:\/\/librairie7l.com\/en\/#\/schema\/logo\/image\/\"}}]}<\/script>\n<!-- \/ Yoast SEO plugin. -->","yoast_head_json":{"title":"The Travellers, Paris : L'H\u00f4tel de Pa\u00efva - Librairie 7L","robots":{"index":"index","follow":"follow","max-snippet":"max-snippet:-1","max-image-preview":"max-image-preview:large","max-video-preview":"max-video-preview:-1"},"canonical":"https:\/\/librairie7l.com\/en\/produit\/the-travellers-paris-lhotel-de-paiva-2\/","og_locale":"en_US","og_type":"article","og_title":"The Travellers, Paris : L'H\u00f4tel de Pa\u00efva - Librairie 7L","og_description":"Pour la premi\u00e8re fois, The Travellers, cercle parisien l\u00e9gendaire, entre-ouvre les portes de son histoire. Fond\u00e9 \u00e0 la fin du XIXe si\u00e8cle par neuf ducs anglais, The Travellers s&#8217;installe en 1904 dans l&#8217;h\u00f4tel de Pa\u00efva, chef-d&#8217;oeuvre de l&#8217;architecture et des arts d\u00e9coratifs du Second Empire \u00e9difi\u00e9 par la c\u00e9l\u00e8bre courtisane. Gr\u00e2ce aux archives in\u00e9dites du [&hellip;]","og_url":"https:\/\/librairie7l.com\/en\/produit\/the-travellers-paris-lhotel-de-paiva-2\/","og_site_name":"Librairie 7L","article_modified_time":"2026-04-17T19:07:10+00:00","og_image":[{"width":600,"height":800,"url":"https:\/\/librairie7l.com\/wp-content\/uploads\/2025\/04\/9791021064027_1_75.jpg","type":"image\/jpeg"}],"twitter_card":"summary_large_image","twitter_misc":{"Est. reading time":"1 minute"},"schema":{"@context":"https:\/\/schema.org","@graph":[{"@type":"WebPage","@id":"https:\/\/librairie7l.com\/en\/produit\/the-travellers-paris-lhotel-de-paiva-2\/","url":"https:\/\/librairie7l.com\/en\/produit\/the-travellers-paris-lhotel-de-paiva-2\/","name":"The Travellers, Paris : L'H\u00f4tel de Pa\u00efva - Librairie 7L","isPartOf":{"@id":"https:\/\/librairie7l.com\/en\/#website"},"datePublished":"2025-09-04T07:18:17+00:00","dateModified":"2026-04-17T19:07:10+00:00","breadcrumb":{"@id":"https:\/\/librairie7l.com\/en\/produit\/the-travellers-paris-lhotel-de-paiva-2\/#breadcrumb"},"inLanguage":"en-US","potentialAction":[{"@type":"ReadAction","target":["https:\/\/librairie7l.com\/en\/produit\/the-travellers-paris-lhotel-de-paiva-2\/"]}]},{"@type":"BreadcrumbList","@id":"https:\/\/librairie7l.com\/en\/produit\/the-travellers-paris-lhotel-de-paiva-2\/#breadcrumb","itemListElement":[{"@type":"ListItem","position":1,"name":"Accueil","item":"https:\/\/librairie7l.com\/en\/"},{"@type":"ListItem","position":2,"name":"Shop","item":"https:\/\/librairie7l.com\/en\/shop\/"},{"@type":"ListItem","position":3,"name":"THE TRAVELLERS, PARIS : L&#8217;H\u00d4TEL DE PA\u00cfVA"}]},{"@type":"WebSite","@id":"https:\/\/librairie7l.com\/en\/#website","url":"https:\/\/librairie7l.com\/en\/","name":"Librairie 7L","description":"Librairie fond\u00e9e en 1999 par Karl Lagerfeld \u00e0 Paris","publisher":{"@id":"https:\/\/librairie7l.com\/en\/#organization"},"potentialAction":[{"@type":"SearchAction","target":{"@type":"EntryPoint","urlTemplate":"https:\/\/librairie7l.com\/en\/?s={search_term_string}"},"query-input":"required name=search_term_string"}],"inLanguage":"en-US"},{"@type":"Organization","@id":"https:\/\/librairie7l.com\/en\/#organization","name":"Librairie 7L","url":"https:\/\/librairie7l.com\/en\/","logo":{"@type":"ImageObject","inLanguage":"en-US","@id":"https:\/\/librairie7l.com\/en\/#\/schema\/logo\/image\/","url":"https:\/\/librairie7l.com\/wp-content\/uploads\/2022\/08\/logo-1.png","contentUrl":"https:\/\/librairie7l.com\/wp-content\/uploads\/2022\/08\/logo-1.png","width":227,"height":301,"caption":"Librairie 7L"},"image":{"@id":"https:\/\/librairie7l.com\/en\/#\/schema\/logo\/image\/"}}]}},"_links":{"self":[{"href":"https:\/\/librairie7l.com\/en\/wp-json\/wp\/v2\/product\/50256"}],"collection":[{"href":"https:\/\/librairie7l.com\/en\/wp-json\/wp\/v2\/product"}],"about":[{"href":"https:\/\/librairie7l.com\/en\/wp-json\/wp\/v2\/types\/product"}],"wp:featuredmedia":[{"embeddable":true,"href":"https:\/\/librairie7l.com\/en\/wp-json\/wp\/v2\/media\/50254"}],"wp:attachment":[{"href":"https:\/\/librairie7l.com\/en\/wp-json\/wp\/v2\/media?parent=50256"}],"wp:term":[{"taxonomy":"product_cat","embeddable":true,"href":"https:\/\/librairie7l.com\/en\/wp-json\/wp\/v2\/product_cat?post=50256"},{"taxonomy":"product_tag","embeddable":true,"href":"https:\/\/librairie7l.com\/en\/wp-json\/wp\/v2\/product_tag?post=50256"}],"curies":[{"name":"wp","href":"https:\/\/api.w.org\/{rel}","templated":true}]}}