{"id":50302,"date":"2025-09-04T10:16:39","date_gmt":"2025-09-04T08:16:39","guid":{"rendered":"https:\/\/librairie7l.com\/?post_type=product&#038;p=50302"},"modified":"2026-04-17T09:02:01","modified_gmt":"2026-04-17T07:02:01","slug":"ernst-beyeler-la-passion-de-lart-entretiens-avec-christophe-mory-2","status":"publish","type":"product","link":"https:\/\/librairie7l.com\/en\/produit\/ernst-beyeler-la-passion-de-lart-entretiens-avec-christophe-mory-2\/","title":{"rendered":"ERNST BEYELER ; LA PASSION DE L&#8217;ART ; ENTRETIENS AVEC CHRISTOPHE MORY"},"content":{"rendered":"<p>L&#8217;un des plus grands marchands du XXe si\u00e8cle, Ernst Beyeler, a commenc\u00e9 sa carri\u00e8re comme libraire en 1944. Abandonnant les livres au profit du commerce d&#8217;estampes, il transforme la librairie en une galerie dans le centre de B\u00e2le. L\u00e0, il organise plus de deux cents expositions dont la qualit\u00e9 ne se d\u00e9mentira jamais. En 1997, il fait don de toute sa collection (l&#8217;une des plus belles du monde) \u00e0 travers une Fondation construite par Renzo Piano dans la campagne b\u00e2loise. Christophe Mory a eu l&#8217;id\u00e9e de faire raconter pour la premi\u00e8re fois \u00e0 cette personnalit\u00e9 hors pair son parcours exceptionnel. La publication d&#8217;une premi\u00e8re \u00e9dition de La passion de l&#8217;art, par les Editions Gallimard en 2003, a permis de mieux faire conna\u00eetre Ernst Beyeler, \u00e0 la discr\u00e9tion l\u00e9gendaire. Ces entretiens d\u00e9crivent ses relations avec les artistes (Picasso, Giacometti, Tobey, Dubuffet, etc.), les marchands (Castelli, Matisse, Janis, etc.) et ses nombreux clients. Ernst Beyeler raconte avec d\u00e9tails et pudeur, m\u00ealant la plus grande simplicit\u00e9 \u00e0 la clart\u00e9 de son esprit. Pour la collection &#8221; T\u00e9moins de l&#8217;art &#8220;, il paraissait indispensable de publier une \u00e9dition enti\u00e8rement revue et corrig\u00e9e par les auteurs, augment\u00e9e d&#8217;un chapitre in\u00e9dit, et enrichie de nombreuses photographies illustrant la vie de la galerie.<\/p>\n","protected":false},"excerpt":{"rendered":"<p>L&#8217;un des plus grands marchands du XXe si\u00e8cle, Ernst Beyeler, a commenc\u00e9 sa carri\u00e8re comme libraire en 1944. Abandonnant les livres au profit du commerce d&#8217;estampes, il transforme la librairie en une galerie dans le centre de B\u00e2le. L\u00e0, il organise plus de deux cents expositions dont la qualit\u00e9 ne se d\u00e9mentira jamais. En 1997, [&hellip;]<\/p>\n","protected":false},"featured_media":50300,"template":"","meta":[],"product_cat":[2948,2953],"product_tag":[],"acf":[],"yoast_head":"<!-- This site is optimized with the Yoast SEO plugin v20.11 - https:\/\/yoast.com\/wordpress\/plugins\/seo\/ -->\n<title>Ernst Beyeler ; la passion de l&#039;art ; entretiens avec Christophe Mory - Librairie 7L<\/title>\n<meta name=\"robots\" content=\"index, follow, max-snippet:-1, max-image-preview:large, max-video-preview:-1\" \/>\n<link rel=\"canonical\" href=\"https:\/\/librairie7l.com\/en\/produit\/ernst-beyeler-la-passion-de-lart-entretiens-avec-christophe-mory-2\/\" \/>\n<meta property=\"og:locale\" content=\"en_US\" \/>\n<meta property=\"og:type\" content=\"article\" \/>\n<meta property=\"og:title\" content=\"Ernst Beyeler ; la passion de l&#039;art ; entretiens avec Christophe Mory - Librairie 7L\" \/>\n<meta property=\"og:description\" content=\"L&#8217;un des plus grands marchands du XXe si\u00e8cle, Ernst Beyeler, a commenc\u00e9 sa carri\u00e8re comme libraire en 1944. Abandonnant les livres au profit du commerce d&#8217;estampes, il transforme la librairie en une galerie dans le centre de B\u00e2le. L\u00e0, il organise plus de deux cents expositions dont la qualit\u00e9 ne se d\u00e9mentira jamais. En 1997, [&hellip;]\" \/>\n<meta property=\"og:url\" content=\"https:\/\/librairie7l.com\/en\/produit\/ernst-beyeler-la-passion-de-lart-entretiens-avec-christophe-mory-2\/\" \/>\n<meta property=\"og:site_name\" content=\"Librairie 7L\" \/>\n<meta property=\"article:modified_time\" content=\"2026-04-17T07:02:01+00:00\" \/>\n<meta property=\"og:image\" content=\"https:\/\/librairie7l.com\/wp-content\/uploads\/2009\/05\/9782070119349_1_75.jpg\" \/>\n\t<meta property=\"og:image:width\" content=\"420\" \/>\n\t<meta property=\"og:image:height\" content=\"626\" \/>\n\t<meta property=\"og:image:type\" content=\"image\/jpeg\" \/>\n<meta name=\"twitter:card\" content=\"summary_large_image\" \/>\n<meta name=\"twitter:label1\" content=\"Est. reading time\" \/>\n\t<meta name=\"twitter:data1\" content=\"1 minute\" \/>\n<script type=\"application\/ld+json\" class=\"yoast-schema-graph\">{\"@context\":\"https:\/\/schema.org\",\"@graph\":[{\"@type\":\"WebPage\",\"@id\":\"https:\/\/librairie7l.com\/en\/produit\/ernst-beyeler-la-passion-de-lart-entretiens-avec-christophe-mory-2\/\",\"url\":\"https:\/\/librairie7l.com\/en\/produit\/ernst-beyeler-la-passion-de-lart-entretiens-avec-christophe-mory-2\/\",\"name\":\"Ernst Beyeler ; la passion de l'art ; entretiens avec Christophe Mory - Librairie 7L\",\"isPartOf\":{\"@id\":\"https:\/\/librairie7l.com\/en\/#website\"},\"datePublished\":\"2025-09-04T08:16:39+00:00\",\"dateModified\":\"2026-04-17T07:02:01+00:00\",\"breadcrumb\":{\"@id\":\"https:\/\/librairie7l.com\/en\/produit\/ernst-beyeler-la-passion-de-lart-entretiens-avec-christophe-mory-2\/#breadcrumb\"},\"inLanguage\":\"en-US\",\"potentialAction\":[{\"@type\":\"ReadAction\",\"target\":[\"https:\/\/librairie7l.com\/en\/produit\/ernst-beyeler-la-passion-de-lart-entretiens-avec-christophe-mory-2\/\"]}]},{\"@type\":\"BreadcrumbList\",\"@id\":\"https:\/\/librairie7l.com\/en\/produit\/ernst-beyeler-la-passion-de-lart-entretiens-avec-christophe-mory-2\/#breadcrumb\",\"itemListElement\":[{\"@type\":\"ListItem\",\"position\":1,\"name\":\"Accueil\",\"item\":\"https:\/\/librairie7l.com\/en\/\"},{\"@type\":\"ListItem\",\"position\":2,\"name\":\"Shop\",\"item\":\"https:\/\/librairie7l.com\/en\/shop\/\"},{\"@type\":\"ListItem\",\"position\":3,\"name\":\"ERNST BEYELER ; LA PASSION DE L&#8217;ART ; ENTRETIENS AVEC CHRISTOPHE MORY\"}]},{\"@type\":\"WebSite\",\"@id\":\"https:\/\/librairie7l.com\/en\/#website\",\"url\":\"https:\/\/librairie7l.com\/en\/\",\"name\":\"Librairie 7L\",\"description\":\"Librairie fond\u00e9e en 1999 par Karl Lagerfeld \u00e0 Paris\",\"publisher\":{\"@id\":\"https:\/\/librairie7l.com\/en\/#organization\"},\"potentialAction\":[{\"@type\":\"SearchAction\",\"target\":{\"@type\":\"EntryPoint\",\"urlTemplate\":\"https:\/\/librairie7l.com\/en\/?s={search_term_string}\"},\"query-input\":\"required name=search_term_string\"}],\"inLanguage\":\"en-US\"},{\"@type\":\"Organization\",\"@id\":\"https:\/\/librairie7l.com\/en\/#organization\",\"name\":\"Librairie 7L\",\"url\":\"https:\/\/librairie7l.com\/en\/\",\"logo\":{\"@type\":\"ImageObject\",\"inLanguage\":\"en-US\",\"@id\":\"https:\/\/librairie7l.com\/en\/#\/schema\/logo\/image\/\",\"url\":\"https:\/\/librairie7l.com\/wp-content\/uploads\/2022\/08\/logo-1.png\",\"contentUrl\":\"https:\/\/librairie7l.com\/wp-content\/uploads\/2022\/08\/logo-1.png\",\"width\":227,\"height\":301,\"caption\":\"Librairie 7L\"},\"image\":{\"@id\":\"https:\/\/librairie7l.com\/en\/#\/schema\/logo\/image\/\"}}]}<\/script>\n<!-- \/ Yoast SEO plugin. -->","yoast_head_json":{"title":"Ernst Beyeler ; la passion de l'art ; entretiens avec Christophe Mory - Librairie 7L","robots":{"index":"index","follow":"follow","max-snippet":"max-snippet:-1","max-image-preview":"max-image-preview:large","max-video-preview":"max-video-preview:-1"},"canonical":"https:\/\/librairie7l.com\/en\/produit\/ernst-beyeler-la-passion-de-lart-entretiens-avec-christophe-mory-2\/","og_locale":"en_US","og_type":"article","og_title":"Ernst Beyeler ; la passion de l'art ; entretiens avec Christophe Mory - Librairie 7L","og_description":"L&#8217;un des plus grands marchands du XXe si\u00e8cle, Ernst Beyeler, a commenc\u00e9 sa carri\u00e8re comme libraire en 1944. Abandonnant les livres au profit du commerce d&#8217;estampes, il transforme la librairie en une galerie dans le centre de B\u00e2le. L\u00e0, il organise plus de deux cents expositions dont la qualit\u00e9 ne se d\u00e9mentira jamais. En 1997, [&hellip;]","og_url":"https:\/\/librairie7l.com\/en\/produit\/ernst-beyeler-la-passion-de-lart-entretiens-avec-christophe-mory-2\/","og_site_name":"Librairie 7L","article_modified_time":"2026-04-17T07:02:01+00:00","og_image":[{"width":420,"height":626,"url":"https:\/\/librairie7l.com\/wp-content\/uploads\/2009\/05\/9782070119349_1_75.jpg","type":"image\/jpeg"}],"twitter_card":"summary_large_image","twitter_misc":{"Est. reading time":"1 minute"},"schema":{"@context":"https:\/\/schema.org","@graph":[{"@type":"WebPage","@id":"https:\/\/librairie7l.com\/en\/produit\/ernst-beyeler-la-passion-de-lart-entretiens-avec-christophe-mory-2\/","url":"https:\/\/librairie7l.com\/en\/produit\/ernst-beyeler-la-passion-de-lart-entretiens-avec-christophe-mory-2\/","name":"Ernst Beyeler ; la passion de l'art ; entretiens avec Christophe Mory - Librairie 7L","isPartOf":{"@id":"https:\/\/librairie7l.com\/en\/#website"},"datePublished":"2025-09-04T08:16:39+00:00","dateModified":"2026-04-17T07:02:01+00:00","breadcrumb":{"@id":"https:\/\/librairie7l.com\/en\/produit\/ernst-beyeler-la-passion-de-lart-entretiens-avec-christophe-mory-2\/#breadcrumb"},"inLanguage":"en-US","potentialAction":[{"@type":"ReadAction","target":["https:\/\/librairie7l.com\/en\/produit\/ernst-beyeler-la-passion-de-lart-entretiens-avec-christophe-mory-2\/"]}]},{"@type":"BreadcrumbList","@id":"https:\/\/librairie7l.com\/en\/produit\/ernst-beyeler-la-passion-de-lart-entretiens-avec-christophe-mory-2\/#breadcrumb","itemListElement":[{"@type":"ListItem","position":1,"name":"Accueil","item":"https:\/\/librairie7l.com\/en\/"},{"@type":"ListItem","position":2,"name":"Shop","item":"https:\/\/librairie7l.com\/en\/shop\/"},{"@type":"ListItem","position":3,"name":"ERNST BEYELER ; LA PASSION DE L&#8217;ART ; ENTRETIENS AVEC CHRISTOPHE MORY"}]},{"@type":"WebSite","@id":"https:\/\/librairie7l.com\/en\/#website","url":"https:\/\/librairie7l.com\/en\/","name":"Librairie 7L","description":"Librairie fond\u00e9e en 1999 par Karl Lagerfeld \u00e0 Paris","publisher":{"@id":"https:\/\/librairie7l.com\/en\/#organization"},"potentialAction":[{"@type":"SearchAction","target":{"@type":"EntryPoint","urlTemplate":"https:\/\/librairie7l.com\/en\/?s={search_term_string}"},"query-input":"required name=search_term_string"}],"inLanguage":"en-US"},{"@type":"Organization","@id":"https:\/\/librairie7l.com\/en\/#organization","name":"Librairie 7L","url":"https:\/\/librairie7l.com\/en\/","logo":{"@type":"ImageObject","inLanguage":"en-US","@id":"https:\/\/librairie7l.com\/en\/#\/schema\/logo\/image\/","url":"https:\/\/librairie7l.com\/wp-content\/uploads\/2022\/08\/logo-1.png","contentUrl":"https:\/\/librairie7l.com\/wp-content\/uploads\/2022\/08\/logo-1.png","width":227,"height":301,"caption":"Librairie 7L"},"image":{"@id":"https:\/\/librairie7l.com\/en\/#\/schema\/logo\/image\/"}}]}},"_links":{"self":[{"href":"https:\/\/librairie7l.com\/en\/wp-json\/wp\/v2\/product\/50302"}],"collection":[{"href":"https:\/\/librairie7l.com\/en\/wp-json\/wp\/v2\/product"}],"about":[{"href":"https:\/\/librairie7l.com\/en\/wp-json\/wp\/v2\/types\/product"}],"wp:featuredmedia":[{"embeddable":true,"href":"https:\/\/librairie7l.com\/en\/wp-json\/wp\/v2\/media\/50300"}],"wp:attachment":[{"href":"https:\/\/librairie7l.com\/en\/wp-json\/wp\/v2\/media?parent=50302"}],"wp:term":[{"taxonomy":"product_cat","embeddable":true,"href":"https:\/\/librairie7l.com\/en\/wp-json\/wp\/v2\/product_cat?post=50302"},{"taxonomy":"product_tag","embeddable":true,"href":"https:\/\/librairie7l.com\/en\/wp-json\/wp\/v2\/product_tag?post=50302"}],"curies":[{"name":"wp","href":"https:\/\/api.w.org\/{rel}","templated":true}]}}