{"id":50314,"date":"2025-09-05T01:21:08","date_gmt":"2025-09-04T23:21:08","guid":{"rendered":"https:\/\/librairie7l.com\/?post_type=product&#038;p=50314"},"modified":"2026-04-06T10:23:38","modified_gmt":"2026-04-06T08:23:38","slug":"autant-dactes-damour-de-dieu-que-de-points-daiguille-le-grand-antependium-des-ursulines-damiens-chef-doeuvre-de-broderie-du-grand-siecle-2","status":"publish","type":"product","link":"https:\/\/librairie7l.com\/en\/produit\/autant-dactes-damour-de-dieu-que-de-points-daiguille-le-grand-antependium-des-ursulines-damiens-chef-doeuvre-de-broderie-du-grand-siecle-2\/","title":{"rendered":"\u00ab AUTANT D&#8217;ACTES D&#8217;AMOUR DE DIEU QUE DE POINTS D&#8217;AIGUILLE \u00bb : LE GRAND ANTEPENDIUM DES URSULINES D&#8217;AMIENS, CHEF-D&#8217;OEUVRE DE BRODERIE DU GRAND SI\u00c8CLE"},"content":{"rendered":"<p>\u00ab Il est des objets intimement li\u00e9s \u00e0 l&#8217;histoire d&#8217;un lieu et poss\u00e9dant en eux-m\u00eames une puissance d&#8217;\u00e9vocation exc\u00e9dant largement leur propre nature. \u00bb<br \/>\nFond\u00e9 en 1614 et ferm\u00e9 depuis 2024, le couvent des ursulines fait partie int\u00e9grante du matrimoine d&#8217;Amiens, de par sa localisation, son histoire forte de 400 ans mais surtout pour ses cr\u00e9ations de broderie \u00e0 laiguille en fil dor et dargent, en soie et en laine.<br \/>\nL&#8217;une des plus c\u00e9l\u00e8bre est l&#8217;Antependium (vers 1660) qui, apr\u00e8s un d\u00e9tour sur le march\u00e9 de l&#8217;art, revient enfin \u00e0 Amiens gr\u00e2ce au financement participatif lanc\u00e9 par le Mus\u00e9e de Picardie et \u00e0 la g\u00e9n\u00e9rosit\u00e9 des donateurs. Cette oeuvre monumentale de 3 m\u00e8tres par 1 m enti\u00e8rement, r\u00e9alis\u00e9e par les religieuses du couvent des Ursulines \u00e0 Amiens sera r\u00e9v\u00e9l\u00e9e pour la premi\u00e8re fois au public lors des prochaines Journ\u00e9es europ\u00e9ennes du patrimoine en 2025.<br \/>\nC&#8217;est \u00e0 cet \u00e9v\u00e9nement que cette publication est consacr\u00e9e, mettant largement en avant l&#8217;histoire du couvent et de son atelier de broderies avec d&#8217;autres pi\u00e8ces de la collection du mus\u00e9e et montrant l&#8217;importance de ce site de production dans l&#8217;histoire de la broderie aux XVIIe et XVIIIe si\u00e8cles.<\/p>\n","protected":false},"excerpt":{"rendered":"<p>\u00ab Il est des objets intimement li\u00e9s \u00e0 l&#8217;histoire d&#8217;un lieu et poss\u00e9dant en eux-m\u00eames une puissance d&#8217;\u00e9vocation exc\u00e9dant largement leur propre nature. \u00bb Fond\u00e9 en 1614 et ferm\u00e9 depuis 2024, le couvent des ursulines fait partie int\u00e9grante du matrimoine d&#8217;Amiens, de par sa localisation, son histoire forte de 400 ans mais surtout pour ses [&hellip;]<\/p>\n","protected":false},"featured_media":50312,"template":"","meta":[],"product_cat":[7364,2948],"product_tag":[],"acf":[],"yoast_head":"<!-- This site is optimized with the Yoast SEO plugin v20.11 - https:\/\/yoast.com\/wordpress\/plugins\/seo\/ -->\n<title>\u00ab Autant d&#039;actes d&#039;amour de Dieu que de points d&#039;aiguille \u00bb : le grand Antependium des Ursulines d&#039;Amiens, chef-d&#039;oeuvre de broderie du Grand Si\u00e8cle - Librairie 7L<\/title>\n<meta name=\"robots\" content=\"index, follow, max-snippet:-1, max-image-preview:large, max-video-preview:-1\" \/>\n<link rel=\"canonical\" href=\"https:\/\/librairie7l.com\/en\/produit\/autant-dactes-damour-de-dieu-que-de-points-daiguille-le-grand-antependium-des-ursulines-damiens-chef-doeuvre-de-broderie-du-grand-siecle-2\/\" \/>\n<meta property=\"og:locale\" content=\"en_US\" \/>\n<meta property=\"og:type\" content=\"article\" \/>\n<meta property=\"og:title\" content=\"\u00ab Autant d&#039;actes d&#039;amour de Dieu que de points d&#039;aiguille \u00bb : le grand Antependium des Ursulines d&#039;Amiens, chef-d&#039;oeuvre de broderie du Grand Si\u00e8cle - Librairie 7L\" \/>\n<meta property=\"og:description\" content=\"\u00ab Il est des objets intimement li\u00e9s \u00e0 l&#8217;histoire d&#8217;un lieu et poss\u00e9dant en eux-m\u00eames une puissance d&#8217;\u00e9vocation exc\u00e9dant largement leur propre nature. \u00bb Fond\u00e9 en 1614 et ferm\u00e9 depuis 2024, le couvent des ursulines fait partie int\u00e9grante du matrimoine d&#8217;Amiens, de par sa localisation, son histoire forte de 400 ans mais surtout pour ses [&hellip;]\" \/>\n<meta property=\"og:url\" content=\"https:\/\/librairie7l.com\/en\/produit\/autant-dactes-damour-de-dieu-que-de-points-daiguille-le-grand-antependium-des-ursulines-damiens-chef-doeuvre-de-broderie-du-grand-siecle-2\/\" \/>\n<meta property=\"og:site_name\" content=\"Librairie 7L\" \/>\n<meta property=\"article:modified_time\" content=\"2026-04-06T08:23:38+00:00\" \/>\n<meta property=\"og:image\" content=\"https:\/\/librairie7l.com\/wp-content\/uploads\/2025\/01\/9782376801368_1_75.jpg\" \/>\n\t<meta property=\"og:image:width\" content=\"600\" \/>\n\t<meta property=\"og:image:height\" content=\"890\" \/>\n\t<meta property=\"og:image:type\" content=\"image\/jpeg\" \/>\n<meta name=\"twitter:card\" content=\"summary_large_image\" \/>\n<meta name=\"twitter:label1\" content=\"Est. reading time\" \/>\n\t<meta name=\"twitter:data1\" content=\"1 minute\" \/>\n<script type=\"application\/ld+json\" class=\"yoast-schema-graph\">{\"@context\":\"https:\/\/schema.org\",\"@graph\":[{\"@type\":\"WebPage\",\"@id\":\"https:\/\/librairie7l.com\/en\/produit\/autant-dactes-damour-de-dieu-que-de-points-daiguille-le-grand-antependium-des-ursulines-damiens-chef-doeuvre-de-broderie-du-grand-siecle-2\/\",\"url\":\"https:\/\/librairie7l.com\/en\/produit\/autant-dactes-damour-de-dieu-que-de-points-daiguille-le-grand-antependium-des-ursulines-damiens-chef-doeuvre-de-broderie-du-grand-siecle-2\/\",\"name\":\"\u00ab Autant d'actes d'amour de Dieu que de points d'aiguille \u00bb : le grand Antependium des Ursulines d'Amiens, chef-d'oeuvre de broderie du Grand Si\u00e8cle - Librairie 7L\",\"isPartOf\":{\"@id\":\"https:\/\/librairie7l.com\/en\/#website\"},\"datePublished\":\"2025-09-04T23:21:08+00:00\",\"dateModified\":\"2026-04-06T08:23:38+00:00\",\"breadcrumb\":{\"@id\":\"https:\/\/librairie7l.com\/en\/produit\/autant-dactes-damour-de-dieu-que-de-points-daiguille-le-grand-antependium-des-ursulines-damiens-chef-doeuvre-de-broderie-du-grand-siecle-2\/#breadcrumb\"},\"inLanguage\":\"en-US\",\"potentialAction\":[{\"@type\":\"ReadAction\",\"target\":[\"https:\/\/librairie7l.com\/en\/produit\/autant-dactes-damour-de-dieu-que-de-points-daiguille-le-grand-antependium-des-ursulines-damiens-chef-doeuvre-de-broderie-du-grand-siecle-2\/\"]}]},{\"@type\":\"BreadcrumbList\",\"@id\":\"https:\/\/librairie7l.com\/en\/produit\/autant-dactes-damour-de-dieu-que-de-points-daiguille-le-grand-antependium-des-ursulines-damiens-chef-doeuvre-de-broderie-du-grand-siecle-2\/#breadcrumb\",\"itemListElement\":[{\"@type\":\"ListItem\",\"position\":1,\"name\":\"Accueil\",\"item\":\"https:\/\/librairie7l.com\/en\/\"},{\"@type\":\"ListItem\",\"position\":2,\"name\":\"Shop\",\"item\":\"https:\/\/librairie7l.com\/en\/shop\/\"},{\"@type\":\"ListItem\",\"position\":3,\"name\":\"\u00ab AUTANT D&#8217;ACTES D&#8217;AMOUR DE DIEU QUE DE POINTS D&#8217;AIGUILLE \u00bb : LE GRAND ANTEPENDIUM DES URSULINES D&#8217;AMIENS, CHEF-D&#8217;OEUVRE DE BRODERIE DU GRAND SI\u00c8CLE\"}]},{\"@type\":\"WebSite\",\"@id\":\"https:\/\/librairie7l.com\/en\/#website\",\"url\":\"https:\/\/librairie7l.com\/en\/\",\"name\":\"Librairie 7L\",\"description\":\"Librairie fond\u00e9e en 1999 par Karl Lagerfeld \u00e0 Paris\",\"publisher\":{\"@id\":\"https:\/\/librairie7l.com\/en\/#organization\"},\"potentialAction\":[{\"@type\":\"SearchAction\",\"target\":{\"@type\":\"EntryPoint\",\"urlTemplate\":\"https:\/\/librairie7l.com\/en\/?s={search_term_string}\"},\"query-input\":\"required name=search_term_string\"}],\"inLanguage\":\"en-US\"},{\"@type\":\"Organization\",\"@id\":\"https:\/\/librairie7l.com\/en\/#organization\",\"name\":\"Librairie 7L\",\"url\":\"https:\/\/librairie7l.com\/en\/\",\"logo\":{\"@type\":\"ImageObject\",\"inLanguage\":\"en-US\",\"@id\":\"https:\/\/librairie7l.com\/en\/#\/schema\/logo\/image\/\",\"url\":\"https:\/\/librairie7l.com\/wp-content\/uploads\/2022\/08\/logo-1.png\",\"contentUrl\":\"https:\/\/librairie7l.com\/wp-content\/uploads\/2022\/08\/logo-1.png\",\"width\":227,\"height\":301,\"caption\":\"Librairie 7L\"},\"image\":{\"@id\":\"https:\/\/librairie7l.com\/en\/#\/schema\/logo\/image\/\"}}]}<\/script>\n<!-- \/ Yoast SEO plugin. -->","yoast_head_json":{"title":"\u00ab Autant d'actes d'amour de Dieu que de points d'aiguille \u00bb : le grand Antependium des Ursulines d'Amiens, chef-d'oeuvre de broderie du Grand Si\u00e8cle - Librairie 7L","robots":{"index":"index","follow":"follow","max-snippet":"max-snippet:-1","max-image-preview":"max-image-preview:large","max-video-preview":"max-video-preview:-1"},"canonical":"https:\/\/librairie7l.com\/en\/produit\/autant-dactes-damour-de-dieu-que-de-points-daiguille-le-grand-antependium-des-ursulines-damiens-chef-doeuvre-de-broderie-du-grand-siecle-2\/","og_locale":"en_US","og_type":"article","og_title":"\u00ab Autant d'actes d'amour de Dieu que de points d'aiguille \u00bb : le grand Antependium des Ursulines d'Amiens, chef-d'oeuvre de broderie du Grand Si\u00e8cle - Librairie 7L","og_description":"\u00ab Il est des objets intimement li\u00e9s \u00e0 l&#8217;histoire d&#8217;un lieu et poss\u00e9dant en eux-m\u00eames une puissance d&#8217;\u00e9vocation exc\u00e9dant largement leur propre nature. \u00bb Fond\u00e9 en 1614 et ferm\u00e9 depuis 2024, le couvent des ursulines fait partie int\u00e9grante du matrimoine d&#8217;Amiens, de par sa localisation, son histoire forte de 400 ans mais surtout pour ses [&hellip;]","og_url":"https:\/\/librairie7l.com\/en\/produit\/autant-dactes-damour-de-dieu-que-de-points-daiguille-le-grand-antependium-des-ursulines-damiens-chef-doeuvre-de-broderie-du-grand-siecle-2\/","og_site_name":"Librairie 7L","article_modified_time":"2026-04-06T08:23:38+00:00","og_image":[{"width":600,"height":890,"url":"https:\/\/librairie7l.com\/wp-content\/uploads\/2025\/01\/9782376801368_1_75.jpg","type":"image\/jpeg"}],"twitter_card":"summary_large_image","twitter_misc":{"Est. reading time":"1 minute"},"schema":{"@context":"https:\/\/schema.org","@graph":[{"@type":"WebPage","@id":"https:\/\/librairie7l.com\/en\/produit\/autant-dactes-damour-de-dieu-que-de-points-daiguille-le-grand-antependium-des-ursulines-damiens-chef-doeuvre-de-broderie-du-grand-siecle-2\/","url":"https:\/\/librairie7l.com\/en\/produit\/autant-dactes-damour-de-dieu-que-de-points-daiguille-le-grand-antependium-des-ursulines-damiens-chef-doeuvre-de-broderie-du-grand-siecle-2\/","name":"\u00ab Autant d'actes d'amour de Dieu que de points d'aiguille \u00bb : le grand Antependium des Ursulines d'Amiens, chef-d'oeuvre de broderie du Grand Si\u00e8cle - Librairie 7L","isPartOf":{"@id":"https:\/\/librairie7l.com\/en\/#website"},"datePublished":"2025-09-04T23:21:08+00:00","dateModified":"2026-04-06T08:23:38+00:00","breadcrumb":{"@id":"https:\/\/librairie7l.com\/en\/produit\/autant-dactes-damour-de-dieu-que-de-points-daiguille-le-grand-antependium-des-ursulines-damiens-chef-doeuvre-de-broderie-du-grand-siecle-2\/#breadcrumb"},"inLanguage":"en-US","potentialAction":[{"@type":"ReadAction","target":["https:\/\/librairie7l.com\/en\/produit\/autant-dactes-damour-de-dieu-que-de-points-daiguille-le-grand-antependium-des-ursulines-damiens-chef-doeuvre-de-broderie-du-grand-siecle-2\/"]}]},{"@type":"BreadcrumbList","@id":"https:\/\/librairie7l.com\/en\/produit\/autant-dactes-damour-de-dieu-que-de-points-daiguille-le-grand-antependium-des-ursulines-damiens-chef-doeuvre-de-broderie-du-grand-siecle-2\/#breadcrumb","itemListElement":[{"@type":"ListItem","position":1,"name":"Accueil","item":"https:\/\/librairie7l.com\/en\/"},{"@type":"ListItem","position":2,"name":"Shop","item":"https:\/\/librairie7l.com\/en\/shop\/"},{"@type":"ListItem","position":3,"name":"\u00ab AUTANT D&#8217;ACTES D&#8217;AMOUR DE DIEU QUE DE POINTS D&#8217;AIGUILLE \u00bb : LE GRAND ANTEPENDIUM DES URSULINES D&#8217;AMIENS, CHEF-D&#8217;OEUVRE DE BRODERIE DU GRAND SI\u00c8CLE"}]},{"@type":"WebSite","@id":"https:\/\/librairie7l.com\/en\/#website","url":"https:\/\/librairie7l.com\/en\/","name":"Librairie 7L","description":"Librairie fond\u00e9e en 1999 par Karl Lagerfeld \u00e0 Paris","publisher":{"@id":"https:\/\/librairie7l.com\/en\/#organization"},"potentialAction":[{"@type":"SearchAction","target":{"@type":"EntryPoint","urlTemplate":"https:\/\/librairie7l.com\/en\/?s={search_term_string}"},"query-input":"required name=search_term_string"}],"inLanguage":"en-US"},{"@type":"Organization","@id":"https:\/\/librairie7l.com\/en\/#organization","name":"Librairie 7L","url":"https:\/\/librairie7l.com\/en\/","logo":{"@type":"ImageObject","inLanguage":"en-US","@id":"https:\/\/librairie7l.com\/en\/#\/schema\/logo\/image\/","url":"https:\/\/librairie7l.com\/wp-content\/uploads\/2022\/08\/logo-1.png","contentUrl":"https:\/\/librairie7l.com\/wp-content\/uploads\/2022\/08\/logo-1.png","width":227,"height":301,"caption":"Librairie 7L"},"image":{"@id":"https:\/\/librairie7l.com\/en\/#\/schema\/logo\/image\/"}}]}},"_links":{"self":[{"href":"https:\/\/librairie7l.com\/en\/wp-json\/wp\/v2\/product\/50314"}],"collection":[{"href":"https:\/\/librairie7l.com\/en\/wp-json\/wp\/v2\/product"}],"about":[{"href":"https:\/\/librairie7l.com\/en\/wp-json\/wp\/v2\/types\/product"}],"wp:featuredmedia":[{"embeddable":true,"href":"https:\/\/librairie7l.com\/en\/wp-json\/wp\/v2\/media\/50312"}],"wp:attachment":[{"href":"https:\/\/librairie7l.com\/en\/wp-json\/wp\/v2\/media?parent=50314"}],"wp:term":[{"taxonomy":"product_cat","embeddable":true,"href":"https:\/\/librairie7l.com\/en\/wp-json\/wp\/v2\/product_cat?post=50314"},{"taxonomy":"product_tag","embeddable":true,"href":"https:\/\/librairie7l.com\/en\/wp-json\/wp\/v2\/product_tag?post=50314"}],"curies":[{"name":"wp","href":"https:\/\/api.w.org\/{rel}","templated":true}]}}