{"id":50358,"date":"2025-09-07T09:17:43","date_gmt":"2025-09-07T07:17:43","guid":{"rendered":"https:\/\/librairie7l.com\/?post_type=product&#038;p=50358"},"modified":"2026-04-17T14:34:40","modified_gmt":"2026-04-17T12:34:40","slug":"the-art-of-slow-living-embracing-natures-pace-2","status":"publish","type":"product","link":"https:\/\/librairie7l.com\/en\/produit\/the-art-of-slow-living-embracing-natures-pace-2\/","title":{"rendered":"THE ART OF SLOW LIVING: EMBRACING NATURE&#8217;S PACE"},"content":{"rendered":"<p>Entrez dans un monde o\u00f9 la tranquillit\u00e9 r\u00e8gne et o\u00f9 chaque coin de votre maison murmure la s\u00e9r\u00e9nit\u00e9 et la paix. &#8220;L&#8217;art de vivre lentement&#8221; est un voyage captivant dans l&#8217;art de la d\u00e9coration d&#8217;int\u00e9rieur qui adopte le rythme de la nature, invitant les lecteurs \u00e0 cultiver des espaces qui nourrissent l&#8217;\u00e2me et inspirent une connexion plus profonde avec le monde naturel.<br \/>\nDans ce livre magnifiquement illustr\u00e9, nous explorons les principes de la vie lente et leur intersection avec le domaine de la d\u00e9coration d&#8217;int\u00e9rieur. Gr\u00e2ce \u00e0 un choix judicieux de mat\u00e9riaux, de couleurs et de textures, vous d\u00e9couvrirez comment cr\u00e9er des environnements qui favorisent la relaxation, la pleine conscience et le sentiment d&#8217;\u00eatre dans un sanctuaire.<br \/>\nLaissez-vous guider par &#8220;L&#8217;art de vivre lentement&#8221; dans votre qu\u00eate de cr\u00e9ation d&#8217;une maison qui ne se contente pas de ravir les sens, mais qui nourrit aussi l&#8217;esprit. Qu&#8217;il vous inspire \u00e0 ralentir, \u00e0 respirer profond\u00e9ment et \u00e0 savourer la beaut\u00e9 de chaque instant, \u00e0 l&#8217;int\u00e9rieur et \u00e0 l&#8217;ext\u00e9rieur de vos murs.<br \/>\nSAKURA ATELIER est n\u00e9 du besoin de cr\u00e9er des environnements naturels et de se connecter \u00e0 la nature \u00e0 l&#8217;\u00e9poque des c\u00e2bles et des \u00e9crans. Il est n\u00e9 de notre d\u00e9sir d&#8217;apporter \u00e0 l&#8217;int\u00e9rieur des espaces de connexion et de bien-\u00eatre \u00e9motionnel, des coins de beaut\u00e9 qui nous inspirent. C&#8217;est pourquoi nous voulons ramener la nature dans nos vies gr\u00e2ce \u00e0 notre concept de d\u00e9coration naturelle et d&#8217;art floral. Nous voulons des espaces uniques qui soient des temples de beaut\u00e9 naturelle et qui nous transportent \u00e0 l&#8217;int\u00e9rieur. Amoureux de la lenteur, de la nature et des environnements minimalistes avec des touches naturelles qui donnent de la personnalit\u00e9 et de la richesse \u00e0 n&#8217;importe quel espace. Respectueux de la nature et de la plan\u00e8te, nous essayons de laisser une empreinte positive, afin que les g\u00e9n\u00e9rations futures puissent profiter de la richesse de notre m\u00e8re la Terre.<\/p>\n","protected":false},"excerpt":{"rendered":"<p>Entrez dans un monde o\u00f9 la tranquillit\u00e9 r\u00e8gne et o\u00f9 chaque coin de votre maison murmure la s\u00e9r\u00e9nit\u00e9 et la paix. &#8220;L&#8217;art de vivre lentement&#8221; est un voyage captivant dans l&#8217;art de la d\u00e9coration d&#8217;int\u00e9rieur qui adopte le rythme de la nature, invitant les lecteurs \u00e0 cultiver des espaces qui nourrissent l&#8217;\u00e2me et inspirent une [&hellip;]<\/p>\n","protected":false},"featured_media":50356,"template":"","meta":[],"product_cat":[2948,2952],"product_tag":[],"acf":[],"yoast_head":"<!-- This site is optimized with the Yoast SEO plugin v20.11 - https:\/\/yoast.com\/wordpress\/plugins\/seo\/ -->\n<title>The Art of Slow Living: Embracing Nature&#039;s Pace - Librairie 7L<\/title>\n<meta name=\"robots\" content=\"index, follow, max-snippet:-1, max-image-preview:large, max-video-preview:-1\" \/>\n<link rel=\"canonical\" href=\"https:\/\/librairie7l.com\/en\/produit\/the-art-of-slow-living-embracing-natures-pace-2\/\" \/>\n<meta property=\"og:locale\" content=\"en_US\" \/>\n<meta property=\"og:type\" content=\"article\" \/>\n<meta property=\"og:title\" content=\"The Art of Slow Living: Embracing Nature&#039;s Pace - Librairie 7L\" \/>\n<meta property=\"og:description\" content=\"Entrez dans un monde o\u00f9 la tranquillit\u00e9 r\u00e8gne et o\u00f9 chaque coin de votre maison murmure la s\u00e9r\u00e9nit\u00e9 et la paix. &#8220;L&#8217;art de vivre lentement&#8221; est un voyage captivant dans l&#8217;art de la d\u00e9coration d&#8217;int\u00e9rieur qui adopte le rythme de la nature, invitant les lecteurs \u00e0 cultiver des espaces qui nourrissent l&#8217;\u00e2me et inspirent une [&hellip;]\" \/>\n<meta property=\"og:url\" content=\"https:\/\/librairie7l.com\/en\/produit\/the-art-of-slow-living-embracing-natures-pace-2\/\" \/>\n<meta property=\"og:site_name\" content=\"Librairie 7L\" \/>\n<meta property=\"article:modified_time\" content=\"2026-04-17T12:34:40+00:00\" \/>\n<meta property=\"og:image\" content=\"https:\/\/librairie7l.com\/wp-content\/uploads\/2024\/04\/9788499366128_1_75.jpg\" \/>\n\t<meta property=\"og:image:width\" content=\"600\" \/>\n\t<meta property=\"og:image:height\" content=\"741\" \/>\n\t<meta property=\"og:image:type\" content=\"image\/jpeg\" \/>\n<meta name=\"twitter:card\" content=\"summary_large_image\" \/>\n<meta name=\"twitter:label1\" content=\"Est. reading time\" \/>\n\t<meta name=\"twitter:data1\" content=\"2 minutes\" \/>\n<script type=\"application\/ld+json\" class=\"yoast-schema-graph\">{\"@context\":\"https:\/\/schema.org\",\"@graph\":[{\"@type\":\"WebPage\",\"@id\":\"https:\/\/librairie7l.com\/en\/produit\/the-art-of-slow-living-embracing-natures-pace-2\/\",\"url\":\"https:\/\/librairie7l.com\/en\/produit\/the-art-of-slow-living-embracing-natures-pace-2\/\",\"name\":\"The Art of Slow Living: Embracing Nature's Pace - Librairie 7L\",\"isPartOf\":{\"@id\":\"https:\/\/librairie7l.com\/en\/#website\"},\"datePublished\":\"2025-09-07T07:17:43+00:00\",\"dateModified\":\"2026-04-17T12:34:40+00:00\",\"breadcrumb\":{\"@id\":\"https:\/\/librairie7l.com\/en\/produit\/the-art-of-slow-living-embracing-natures-pace-2\/#breadcrumb\"},\"inLanguage\":\"en-US\",\"potentialAction\":[{\"@type\":\"ReadAction\",\"target\":[\"https:\/\/librairie7l.com\/en\/produit\/the-art-of-slow-living-embracing-natures-pace-2\/\"]}]},{\"@type\":\"BreadcrumbList\",\"@id\":\"https:\/\/librairie7l.com\/en\/produit\/the-art-of-slow-living-embracing-natures-pace-2\/#breadcrumb\",\"itemListElement\":[{\"@type\":\"ListItem\",\"position\":1,\"name\":\"Accueil\",\"item\":\"https:\/\/librairie7l.com\/en\/\"},{\"@type\":\"ListItem\",\"position\":2,\"name\":\"Shop\",\"item\":\"https:\/\/librairie7l.com\/en\/shop\/\"},{\"@type\":\"ListItem\",\"position\":3,\"name\":\"THE ART OF SLOW LIVING: EMBRACING NATURE&#8217;S PACE\"}]},{\"@type\":\"WebSite\",\"@id\":\"https:\/\/librairie7l.com\/en\/#website\",\"url\":\"https:\/\/librairie7l.com\/en\/\",\"name\":\"Librairie 7L\",\"description\":\"Librairie fond\u00e9e en 1999 par Karl Lagerfeld \u00e0 Paris\",\"publisher\":{\"@id\":\"https:\/\/librairie7l.com\/en\/#organization\"},\"potentialAction\":[{\"@type\":\"SearchAction\",\"target\":{\"@type\":\"EntryPoint\",\"urlTemplate\":\"https:\/\/librairie7l.com\/en\/?s={search_term_string}\"},\"query-input\":\"required name=search_term_string\"}],\"inLanguage\":\"en-US\"},{\"@type\":\"Organization\",\"@id\":\"https:\/\/librairie7l.com\/en\/#organization\",\"name\":\"Librairie 7L\",\"url\":\"https:\/\/librairie7l.com\/en\/\",\"logo\":{\"@type\":\"ImageObject\",\"inLanguage\":\"en-US\",\"@id\":\"https:\/\/librairie7l.com\/en\/#\/schema\/logo\/image\/\",\"url\":\"https:\/\/librairie7l.com\/wp-content\/uploads\/2022\/08\/logo-1.png\",\"contentUrl\":\"https:\/\/librairie7l.com\/wp-content\/uploads\/2022\/08\/logo-1.png\",\"width\":227,\"height\":301,\"caption\":\"Librairie 7L\"},\"image\":{\"@id\":\"https:\/\/librairie7l.com\/en\/#\/schema\/logo\/image\/\"}}]}<\/script>\n<!-- \/ Yoast SEO plugin. -->","yoast_head_json":{"title":"The Art of Slow Living: Embracing Nature's Pace - Librairie 7L","robots":{"index":"index","follow":"follow","max-snippet":"max-snippet:-1","max-image-preview":"max-image-preview:large","max-video-preview":"max-video-preview:-1"},"canonical":"https:\/\/librairie7l.com\/en\/produit\/the-art-of-slow-living-embracing-natures-pace-2\/","og_locale":"en_US","og_type":"article","og_title":"The Art of Slow Living: Embracing Nature's Pace - Librairie 7L","og_description":"Entrez dans un monde o\u00f9 la tranquillit\u00e9 r\u00e8gne et o\u00f9 chaque coin de votre maison murmure la s\u00e9r\u00e9nit\u00e9 et la paix. &#8220;L&#8217;art de vivre lentement&#8221; est un voyage captivant dans l&#8217;art de la d\u00e9coration d&#8217;int\u00e9rieur qui adopte le rythme de la nature, invitant les lecteurs \u00e0 cultiver des espaces qui nourrissent l&#8217;\u00e2me et inspirent une [&hellip;]","og_url":"https:\/\/librairie7l.com\/en\/produit\/the-art-of-slow-living-embracing-natures-pace-2\/","og_site_name":"Librairie 7L","article_modified_time":"2026-04-17T12:34:40+00:00","og_image":[{"width":600,"height":741,"url":"https:\/\/librairie7l.com\/wp-content\/uploads\/2024\/04\/9788499366128_1_75.jpg","type":"image\/jpeg"}],"twitter_card":"summary_large_image","twitter_misc":{"Est. reading time":"2 minutes"},"schema":{"@context":"https:\/\/schema.org","@graph":[{"@type":"WebPage","@id":"https:\/\/librairie7l.com\/en\/produit\/the-art-of-slow-living-embracing-natures-pace-2\/","url":"https:\/\/librairie7l.com\/en\/produit\/the-art-of-slow-living-embracing-natures-pace-2\/","name":"The Art of Slow Living: Embracing Nature's Pace - Librairie 7L","isPartOf":{"@id":"https:\/\/librairie7l.com\/en\/#website"},"datePublished":"2025-09-07T07:17:43+00:00","dateModified":"2026-04-17T12:34:40+00:00","breadcrumb":{"@id":"https:\/\/librairie7l.com\/en\/produit\/the-art-of-slow-living-embracing-natures-pace-2\/#breadcrumb"},"inLanguage":"en-US","potentialAction":[{"@type":"ReadAction","target":["https:\/\/librairie7l.com\/en\/produit\/the-art-of-slow-living-embracing-natures-pace-2\/"]}]},{"@type":"BreadcrumbList","@id":"https:\/\/librairie7l.com\/en\/produit\/the-art-of-slow-living-embracing-natures-pace-2\/#breadcrumb","itemListElement":[{"@type":"ListItem","position":1,"name":"Accueil","item":"https:\/\/librairie7l.com\/en\/"},{"@type":"ListItem","position":2,"name":"Shop","item":"https:\/\/librairie7l.com\/en\/shop\/"},{"@type":"ListItem","position":3,"name":"THE ART OF SLOW LIVING: EMBRACING NATURE&#8217;S PACE"}]},{"@type":"WebSite","@id":"https:\/\/librairie7l.com\/en\/#website","url":"https:\/\/librairie7l.com\/en\/","name":"Librairie 7L","description":"Librairie fond\u00e9e en 1999 par Karl Lagerfeld \u00e0 Paris","publisher":{"@id":"https:\/\/librairie7l.com\/en\/#organization"},"potentialAction":[{"@type":"SearchAction","target":{"@type":"EntryPoint","urlTemplate":"https:\/\/librairie7l.com\/en\/?s={search_term_string}"},"query-input":"required name=search_term_string"}],"inLanguage":"en-US"},{"@type":"Organization","@id":"https:\/\/librairie7l.com\/en\/#organization","name":"Librairie 7L","url":"https:\/\/librairie7l.com\/en\/","logo":{"@type":"ImageObject","inLanguage":"en-US","@id":"https:\/\/librairie7l.com\/en\/#\/schema\/logo\/image\/","url":"https:\/\/librairie7l.com\/wp-content\/uploads\/2022\/08\/logo-1.png","contentUrl":"https:\/\/librairie7l.com\/wp-content\/uploads\/2022\/08\/logo-1.png","width":227,"height":301,"caption":"Librairie 7L"},"image":{"@id":"https:\/\/librairie7l.com\/en\/#\/schema\/logo\/image\/"}}]}},"_links":{"self":[{"href":"https:\/\/librairie7l.com\/en\/wp-json\/wp\/v2\/product\/50358"}],"collection":[{"href":"https:\/\/librairie7l.com\/en\/wp-json\/wp\/v2\/product"}],"about":[{"href":"https:\/\/librairie7l.com\/en\/wp-json\/wp\/v2\/types\/product"}],"wp:featuredmedia":[{"embeddable":true,"href":"https:\/\/librairie7l.com\/en\/wp-json\/wp\/v2\/media\/50356"}],"wp:attachment":[{"href":"https:\/\/librairie7l.com\/en\/wp-json\/wp\/v2\/media?parent=50358"}],"wp:term":[{"taxonomy":"product_cat","embeddable":true,"href":"https:\/\/librairie7l.com\/en\/wp-json\/wp\/v2\/product_cat?post=50358"},{"taxonomy":"product_tag","embeddable":true,"href":"https:\/\/librairie7l.com\/en\/wp-json\/wp\/v2\/product_tag?post=50358"}],"curies":[{"name":"wp","href":"https:\/\/api.w.org\/{rel}","templated":true}]}}