{"id":50371,"date":"2025-09-07T13:44:41","date_gmt":"2025-09-07T11:44:41","guid":{"rendered":"https:\/\/librairie7l.com\/?post_type=product&#038;p=50371"},"modified":"2026-04-06T06:49:42","modified_gmt":"2026-04-06T04:49:42","slug":"vivienne-westwood-art-mode-et-subversion-2","status":"publish","type":"product","link":"https:\/\/librairie7l.com\/en\/produit\/vivienne-westwood-art-mode-et-subversion-2\/","title":{"rendered":"VIVIENNE WESTWOOD ; ART, MODE ET SUBVERSION"},"content":{"rendered":"<p>Punk, historiciste, britannique, militante&#8230; la personnalit\u00e9 riche et singuli\u00e8re de la cr\u00e9atrice Vivienne Westwood influe depuis pr\u00e8s de cinquante ans sur la plan\u00e8te mode. Le mus\u00e9e des Tissus, \u00e0 Lyon, lui consacre sa premi\u00e8re exposition en France gr\u00e2ce au pr\u00eat de la collection Lee Price.<br \/>\nAccompagnant l&#8217;exposition Vivienne Westwood. Art, mode et subversion, cet ouvrage richement illustr\u00e9 explore, d\u00e9crypte et resitue les diff\u00e9rents aspects de l&#8217;oeuvre de la cr\u00e9atrice dans le contexte de l&#8217;histoire et de la mode britanniques. Il poursuit le dialogue initi\u00e9 au sein du parcours de l&#8217;exposition avec les collections de textiles et d&#8217;arts d\u00e9coratifs du mus\u00e9e des Tissus.<br \/>\nUne attention particuli\u00e8re a \u00e9t\u00e9 port\u00e9e \u00e0 la limitation de l&#8217;empreinte \u00e9cologique lors de la fabrication de cet ouvrage.<\/p>\n","protected":false},"excerpt":{"rendered":"<p>Punk, historiciste, britannique, militante&#8230; la personnalit\u00e9 riche et singuli\u00e8re de la cr\u00e9atrice Vivienne Westwood influe depuis pr\u00e8s de cinquante ans sur la plan\u00e8te mode. Le mus\u00e9e des Tissus, \u00e0 Lyon, lui consacre sa premi\u00e8re exposition en France gr\u00e2ce au pr\u00eat de la collection Lee Price. Accompagnant l&#8217;exposition Vivienne Westwood. Art, mode et subversion, cet ouvrage [&hellip;]<\/p>\n","protected":false},"featured_media":50369,"template":"","meta":[],"product_cat":[7364,2948],"product_tag":[],"acf":[],"yoast_head":"<!-- This site is optimized with the Yoast SEO plugin v20.11 - https:\/\/yoast.com\/wordpress\/plugins\/seo\/ -->\n<title>Vivienne Westwood ; art, mode et subversion - Librairie 7L<\/title>\n<meta name=\"robots\" content=\"index, follow, max-snippet:-1, max-image-preview:large, max-video-preview:-1\" \/>\n<link rel=\"canonical\" href=\"https:\/\/librairie7l.com\/en\/produit\/vivienne-westwood-art-mode-et-subversion-2\/\" \/>\n<meta property=\"og:locale\" content=\"en_US\" \/>\n<meta property=\"og:type\" content=\"article\" \/>\n<meta property=\"og:title\" content=\"Vivienne Westwood ; art, mode et subversion - Librairie 7L\" \/>\n<meta property=\"og:description\" content=\"Punk, historiciste, britannique, militante&#8230; la personnalit\u00e9 riche et singuli\u00e8re de la cr\u00e9atrice Vivienne Westwood influe depuis pr\u00e8s de cinquante ans sur la plan\u00e8te mode. Le mus\u00e9e des Tissus, \u00e0 Lyon, lui consacre sa premi\u00e8re exposition en France gr\u00e2ce au pr\u00eat de la collection Lee Price. Accompagnant l&#8217;exposition Vivienne Westwood. Art, mode et subversion, cet ouvrage [&hellip;]\" \/>\n<meta property=\"og:url\" content=\"https:\/\/librairie7l.com\/en\/produit\/vivienne-westwood-art-mode-et-subversion-2\/\" \/>\n<meta property=\"og:site_name\" content=\"Librairie 7L\" \/>\n<meta property=\"article:modified_time\" content=\"2026-04-06T04:49:42+00:00\" \/>\n<meta property=\"og:image\" content=\"https:\/\/librairie7l.com\/wp-content\/uploads\/2020\/08\/9782917659960_1_75.jpg\" \/>\n\t<meta property=\"og:image:width\" content=\"600\" \/>\n\t<meta property=\"og:image:height\" content=\"818\" \/>\n\t<meta property=\"og:image:type\" content=\"image\/jpeg\" \/>\n<meta name=\"twitter:card\" content=\"summary_large_image\" \/>\n<meta name=\"twitter:label1\" content=\"Est. reading time\" \/>\n\t<meta name=\"twitter:data1\" content=\"1 minute\" \/>\n<script type=\"application\/ld+json\" class=\"yoast-schema-graph\">{\"@context\":\"https:\/\/schema.org\",\"@graph\":[{\"@type\":\"WebPage\",\"@id\":\"https:\/\/librairie7l.com\/en\/produit\/vivienne-westwood-art-mode-et-subversion-2\/\",\"url\":\"https:\/\/librairie7l.com\/en\/produit\/vivienne-westwood-art-mode-et-subversion-2\/\",\"name\":\"Vivienne Westwood ; art, mode et subversion - Librairie 7L\",\"isPartOf\":{\"@id\":\"https:\/\/librairie7l.com\/en\/#website\"},\"datePublished\":\"2025-09-07T11:44:41+00:00\",\"dateModified\":\"2026-04-06T04:49:42+00:00\",\"breadcrumb\":{\"@id\":\"https:\/\/librairie7l.com\/en\/produit\/vivienne-westwood-art-mode-et-subversion-2\/#breadcrumb\"},\"inLanguage\":\"en-US\",\"potentialAction\":[{\"@type\":\"ReadAction\",\"target\":[\"https:\/\/librairie7l.com\/en\/produit\/vivienne-westwood-art-mode-et-subversion-2\/\"]}]},{\"@type\":\"BreadcrumbList\",\"@id\":\"https:\/\/librairie7l.com\/en\/produit\/vivienne-westwood-art-mode-et-subversion-2\/#breadcrumb\",\"itemListElement\":[{\"@type\":\"ListItem\",\"position\":1,\"name\":\"Accueil\",\"item\":\"https:\/\/librairie7l.com\/en\/\"},{\"@type\":\"ListItem\",\"position\":2,\"name\":\"Shop\",\"item\":\"https:\/\/librairie7l.com\/en\/shop\/\"},{\"@type\":\"ListItem\",\"position\":3,\"name\":\"VIVIENNE WESTWOOD ; ART, MODE ET SUBVERSION\"}]},{\"@type\":\"WebSite\",\"@id\":\"https:\/\/librairie7l.com\/en\/#website\",\"url\":\"https:\/\/librairie7l.com\/en\/\",\"name\":\"Librairie 7L\",\"description\":\"Librairie fond\u00e9e en 1999 par Karl Lagerfeld \u00e0 Paris\",\"publisher\":{\"@id\":\"https:\/\/librairie7l.com\/en\/#organization\"},\"potentialAction\":[{\"@type\":\"SearchAction\",\"target\":{\"@type\":\"EntryPoint\",\"urlTemplate\":\"https:\/\/librairie7l.com\/en\/?s={search_term_string}\"},\"query-input\":\"required name=search_term_string\"}],\"inLanguage\":\"en-US\"},{\"@type\":\"Organization\",\"@id\":\"https:\/\/librairie7l.com\/en\/#organization\",\"name\":\"Librairie 7L\",\"url\":\"https:\/\/librairie7l.com\/en\/\",\"logo\":{\"@type\":\"ImageObject\",\"inLanguage\":\"en-US\",\"@id\":\"https:\/\/librairie7l.com\/en\/#\/schema\/logo\/image\/\",\"url\":\"https:\/\/librairie7l.com\/wp-content\/uploads\/2022\/08\/logo-1.png\",\"contentUrl\":\"https:\/\/librairie7l.com\/wp-content\/uploads\/2022\/08\/logo-1.png\",\"width\":227,\"height\":301,\"caption\":\"Librairie 7L\"},\"image\":{\"@id\":\"https:\/\/librairie7l.com\/en\/#\/schema\/logo\/image\/\"}}]}<\/script>\n<!-- \/ Yoast SEO plugin. -->","yoast_head_json":{"title":"Vivienne Westwood ; art, mode et subversion - Librairie 7L","robots":{"index":"index","follow":"follow","max-snippet":"max-snippet:-1","max-image-preview":"max-image-preview:large","max-video-preview":"max-video-preview:-1"},"canonical":"https:\/\/librairie7l.com\/en\/produit\/vivienne-westwood-art-mode-et-subversion-2\/","og_locale":"en_US","og_type":"article","og_title":"Vivienne Westwood ; art, mode et subversion - Librairie 7L","og_description":"Punk, historiciste, britannique, militante&#8230; la personnalit\u00e9 riche et singuli\u00e8re de la cr\u00e9atrice Vivienne Westwood influe depuis pr\u00e8s de cinquante ans sur la plan\u00e8te mode. Le mus\u00e9e des Tissus, \u00e0 Lyon, lui consacre sa premi\u00e8re exposition en France gr\u00e2ce au pr\u00eat de la collection Lee Price. Accompagnant l&#8217;exposition Vivienne Westwood. Art, mode et subversion, cet ouvrage [&hellip;]","og_url":"https:\/\/librairie7l.com\/en\/produit\/vivienne-westwood-art-mode-et-subversion-2\/","og_site_name":"Librairie 7L","article_modified_time":"2026-04-06T04:49:42+00:00","og_image":[{"width":600,"height":818,"url":"https:\/\/librairie7l.com\/wp-content\/uploads\/2020\/08\/9782917659960_1_75.jpg","type":"image\/jpeg"}],"twitter_card":"summary_large_image","twitter_misc":{"Est. reading time":"1 minute"},"schema":{"@context":"https:\/\/schema.org","@graph":[{"@type":"WebPage","@id":"https:\/\/librairie7l.com\/en\/produit\/vivienne-westwood-art-mode-et-subversion-2\/","url":"https:\/\/librairie7l.com\/en\/produit\/vivienne-westwood-art-mode-et-subversion-2\/","name":"Vivienne Westwood ; art, mode et subversion - Librairie 7L","isPartOf":{"@id":"https:\/\/librairie7l.com\/en\/#website"},"datePublished":"2025-09-07T11:44:41+00:00","dateModified":"2026-04-06T04:49:42+00:00","breadcrumb":{"@id":"https:\/\/librairie7l.com\/en\/produit\/vivienne-westwood-art-mode-et-subversion-2\/#breadcrumb"},"inLanguage":"en-US","potentialAction":[{"@type":"ReadAction","target":["https:\/\/librairie7l.com\/en\/produit\/vivienne-westwood-art-mode-et-subversion-2\/"]}]},{"@type":"BreadcrumbList","@id":"https:\/\/librairie7l.com\/en\/produit\/vivienne-westwood-art-mode-et-subversion-2\/#breadcrumb","itemListElement":[{"@type":"ListItem","position":1,"name":"Accueil","item":"https:\/\/librairie7l.com\/en\/"},{"@type":"ListItem","position":2,"name":"Shop","item":"https:\/\/librairie7l.com\/en\/shop\/"},{"@type":"ListItem","position":3,"name":"VIVIENNE WESTWOOD ; ART, MODE ET SUBVERSION"}]},{"@type":"WebSite","@id":"https:\/\/librairie7l.com\/en\/#website","url":"https:\/\/librairie7l.com\/en\/","name":"Librairie 7L","description":"Librairie fond\u00e9e en 1999 par Karl Lagerfeld \u00e0 Paris","publisher":{"@id":"https:\/\/librairie7l.com\/en\/#organization"},"potentialAction":[{"@type":"SearchAction","target":{"@type":"EntryPoint","urlTemplate":"https:\/\/librairie7l.com\/en\/?s={search_term_string}"},"query-input":"required name=search_term_string"}],"inLanguage":"en-US"},{"@type":"Organization","@id":"https:\/\/librairie7l.com\/en\/#organization","name":"Librairie 7L","url":"https:\/\/librairie7l.com\/en\/","logo":{"@type":"ImageObject","inLanguage":"en-US","@id":"https:\/\/librairie7l.com\/en\/#\/schema\/logo\/image\/","url":"https:\/\/librairie7l.com\/wp-content\/uploads\/2022\/08\/logo-1.png","contentUrl":"https:\/\/librairie7l.com\/wp-content\/uploads\/2022\/08\/logo-1.png","width":227,"height":301,"caption":"Librairie 7L"},"image":{"@id":"https:\/\/librairie7l.com\/en\/#\/schema\/logo\/image\/"}}]}},"_links":{"self":[{"href":"https:\/\/librairie7l.com\/en\/wp-json\/wp\/v2\/product\/50371"}],"collection":[{"href":"https:\/\/librairie7l.com\/en\/wp-json\/wp\/v2\/product"}],"about":[{"href":"https:\/\/librairie7l.com\/en\/wp-json\/wp\/v2\/types\/product"}],"wp:featuredmedia":[{"embeddable":true,"href":"https:\/\/librairie7l.com\/en\/wp-json\/wp\/v2\/media\/50369"}],"wp:attachment":[{"href":"https:\/\/librairie7l.com\/en\/wp-json\/wp\/v2\/media?parent=50371"}],"wp:term":[{"taxonomy":"product_cat","embeddable":true,"href":"https:\/\/librairie7l.com\/en\/wp-json\/wp\/v2\/product_cat?post=50371"},{"taxonomy":"product_tag","embeddable":true,"href":"https:\/\/librairie7l.com\/en\/wp-json\/wp\/v2\/product_tag?post=50371"}],"curies":[{"name":"wp","href":"https:\/\/api.w.org\/{rel}","templated":true}]}}