{"id":50429,"date":"2025-09-10T09:17:49","date_gmt":"2025-09-10T07:17:49","guid":{"rendered":"https:\/\/librairie7l.com\/?post_type=product&#038;p=50429"},"modified":"2026-04-17T09:02:47","modified_gmt":"2026-04-17T07:02:47","slug":"pierre-soulages-une-autre-lumiere-peintures-sur-papier-2","status":"publish","type":"product","link":"https:\/\/librairie7l.com\/en\/produit\/pierre-soulages-une-autre-lumiere-peintures-sur-papier-2\/","title":{"rendered":"PIERRE SOULAGES : UNE AUTRE LUMI\u00c8RE, PEINTURES SUR PAPIER"},"content":{"rendered":"<p>Pierre Soulages (1919-2022) a toujours refus\u00e9 d&#8217;\u00e9tablir une hi\u00e9rarchie entre les<br \/>\ndiff\u00e9rentes techniques qu&#8217;il utilise. \u00c0 c\u00f4t\u00e9 des peintures sur toile, il est \u00e9galement<br \/>\nl&#8217;auteur d&#8217;un ensemble consid\u00e9rable de peintures sur papier qu&#8217;il a men\u00e9, avec<br \/>\nquelques interruptions tout au long de son parcours pictural, jusqu&#8217;au d\u00e9but des<br \/>\nann\u00e9es 2000.<br \/>\nEn 1948, il est invit\u00e9 \u00e0 participer \u00e0 une exposition sur la peinture abstraite fran\u00e7aise<br \/>\nen Allemagne. L&#8217;une de ses peintures est choisie pour l&#8217;affiche et va ainsi contribuer<br \/>\n\u00e0 le faire conna\u00eetre.<br \/>\nPrivil\u00e9giant le brou de noix dans les premi\u00e8res ann\u00e9es, Pierre Soulages reviendra<br \/>\nsouvent \u00e0 cette mati\u00e8re, dont il aime les qualit\u00e9s de transparence et d&#8217;opacit\u00e9, de<br \/>\nluminosit\u00e9 \u00e9galement en contraste avec le blanc du papier. Il emploie aussi l&#8217;encre<br \/>\net la gouache pour des oeuvres aux dimensions plus petites qui ne c\u00e8dent en rien \u00e0<br \/>\nla puissance formelle et \u00e0 la diversit\u00e9.<br \/>\nL&#8217;oeuvre sur papier de Pierre Soulages qui fut longtemps conserv\u00e9e par l&#8217;artiste, a<br \/>\n\u00e9t\u00e9 souvent moins montr\u00e9e que les peintures sur toile et rarement rassembl\u00e9e dans<br \/>\ndes expositions \u00e0 part enti\u00e8re.<br \/>\nL&#8217;originalit\u00e9 de ce catalogue est d\u00fb \u00e0 Colette Soulages qui a pris soin de r\u00e9unir les<br \/>\noeuvres sur papier de fa\u00e7on chronologique et th\u00e9matique, et aussi gr\u00e2ce aux \u00e9crits<br \/>\nde trois experts du peintre qui apportent une nouvelle dimension \u00e0 cette oeuvre<br \/>\nmoins pr\u00e9sent\u00e9e et la reprise d&#8217;un texte de Michel Ragon.<\/p>\n","protected":false},"excerpt":{"rendered":"<p>Pierre Soulages (1919-2022) a toujours refus\u00e9 d&#8217;\u00e9tablir une hi\u00e9rarchie entre les diff\u00e9rentes techniques qu&#8217;il utilise. \u00c0 c\u00f4t\u00e9 des peintures sur toile, il est \u00e9galement l&#8217;auteur d&#8217;un ensemble consid\u00e9rable de peintures sur papier qu&#8217;il a men\u00e9, avec quelques interruptions tout au long de son parcours pictural, jusqu&#8217;au d\u00e9but des ann\u00e9es 2000. En 1948, il est invit\u00e9 [&hellip;]<\/p>\n","protected":false},"featured_media":50427,"template":"","meta":[],"product_cat":[2948,2953],"product_tag":[],"acf":[],"yoast_head":"<!-- This site is optimized with the Yoast SEO plugin v20.11 - https:\/\/yoast.com\/wordpress\/plugins\/seo\/ -->\n<title>Pierre Soulages : Une autre lumi\u00e8re, peintures sur papier - Librairie 7L<\/title>\n<meta name=\"robots\" content=\"index, follow, max-snippet:-1, max-image-preview:large, max-video-preview:-1\" \/>\n<link rel=\"canonical\" href=\"https:\/\/librairie7l.com\/en\/produit\/pierre-soulages-une-autre-lumiere-peintures-sur-papier-2\/\" \/>\n<meta property=\"og:locale\" content=\"en_US\" \/>\n<meta property=\"og:type\" content=\"article\" \/>\n<meta property=\"og:title\" content=\"Pierre Soulages : Une autre lumi\u00e8re, peintures sur papier - Librairie 7L\" \/>\n<meta property=\"og:description\" content=\"Pierre Soulages (1919-2022) a toujours refus\u00e9 d&#8217;\u00e9tablir une hi\u00e9rarchie entre les diff\u00e9rentes techniques qu&#8217;il utilise. \u00c0 c\u00f4t\u00e9 des peintures sur toile, il est \u00e9galement l&#8217;auteur d&#8217;un ensemble consid\u00e9rable de peintures sur papier qu&#8217;il a men\u00e9, avec quelques interruptions tout au long de son parcours pictural, jusqu&#8217;au d\u00e9but des ann\u00e9es 2000. En 1948, il est invit\u00e9 [&hellip;]\" \/>\n<meta property=\"og:url\" content=\"https:\/\/librairie7l.com\/en\/produit\/pierre-soulages-une-autre-lumiere-peintures-sur-papier-2\/\" \/>\n<meta property=\"og:site_name\" content=\"Librairie 7L\" \/>\n<meta property=\"article:modified_time\" content=\"2026-04-17T07:02:47+00:00\" \/>\n<meta property=\"og:image\" content=\"https:\/\/librairie7l.com\/wp-content\/uploads\/2025\/04\/9782711881321_1_75.jpg\" \/>\n\t<meta property=\"og:image:width\" content=\"600\" \/>\n\t<meta property=\"og:image:height\" content=\"784\" \/>\n\t<meta property=\"og:image:type\" content=\"image\/jpeg\" \/>\n<meta name=\"twitter:card\" content=\"summary_large_image\" \/>\n<meta name=\"twitter:label1\" content=\"Est. reading time\" \/>\n\t<meta name=\"twitter:data1\" content=\"1 minute\" \/>\n<script type=\"application\/ld+json\" class=\"yoast-schema-graph\">{\"@context\":\"https:\/\/schema.org\",\"@graph\":[{\"@type\":\"WebPage\",\"@id\":\"https:\/\/librairie7l.com\/en\/produit\/pierre-soulages-une-autre-lumiere-peintures-sur-papier-2\/\",\"url\":\"https:\/\/librairie7l.com\/en\/produit\/pierre-soulages-une-autre-lumiere-peintures-sur-papier-2\/\",\"name\":\"Pierre Soulages : Une autre lumi\u00e8re, peintures sur papier - Librairie 7L\",\"isPartOf\":{\"@id\":\"https:\/\/librairie7l.com\/en\/#website\"},\"datePublished\":\"2025-09-10T07:17:49+00:00\",\"dateModified\":\"2026-04-17T07:02:47+00:00\",\"breadcrumb\":{\"@id\":\"https:\/\/librairie7l.com\/en\/produit\/pierre-soulages-une-autre-lumiere-peintures-sur-papier-2\/#breadcrumb\"},\"inLanguage\":\"en-US\",\"potentialAction\":[{\"@type\":\"ReadAction\",\"target\":[\"https:\/\/librairie7l.com\/en\/produit\/pierre-soulages-une-autre-lumiere-peintures-sur-papier-2\/\"]}]},{\"@type\":\"BreadcrumbList\",\"@id\":\"https:\/\/librairie7l.com\/en\/produit\/pierre-soulages-une-autre-lumiere-peintures-sur-papier-2\/#breadcrumb\",\"itemListElement\":[{\"@type\":\"ListItem\",\"position\":1,\"name\":\"Accueil\",\"item\":\"https:\/\/librairie7l.com\/en\/\"},{\"@type\":\"ListItem\",\"position\":2,\"name\":\"Shop\",\"item\":\"https:\/\/librairie7l.com\/en\/shop\/\"},{\"@type\":\"ListItem\",\"position\":3,\"name\":\"PIERRE SOULAGES : UNE AUTRE LUMI\u00c8RE, PEINTURES SUR PAPIER\"}]},{\"@type\":\"WebSite\",\"@id\":\"https:\/\/librairie7l.com\/en\/#website\",\"url\":\"https:\/\/librairie7l.com\/en\/\",\"name\":\"Librairie 7L\",\"description\":\"Librairie fond\u00e9e en 1999 par Karl Lagerfeld \u00e0 Paris\",\"publisher\":{\"@id\":\"https:\/\/librairie7l.com\/en\/#organization\"},\"potentialAction\":[{\"@type\":\"SearchAction\",\"target\":{\"@type\":\"EntryPoint\",\"urlTemplate\":\"https:\/\/librairie7l.com\/en\/?s={search_term_string}\"},\"query-input\":\"required name=search_term_string\"}],\"inLanguage\":\"en-US\"},{\"@type\":\"Organization\",\"@id\":\"https:\/\/librairie7l.com\/en\/#organization\",\"name\":\"Librairie 7L\",\"url\":\"https:\/\/librairie7l.com\/en\/\",\"logo\":{\"@type\":\"ImageObject\",\"inLanguage\":\"en-US\",\"@id\":\"https:\/\/librairie7l.com\/en\/#\/schema\/logo\/image\/\",\"url\":\"https:\/\/librairie7l.com\/wp-content\/uploads\/2022\/08\/logo-1.png\",\"contentUrl\":\"https:\/\/librairie7l.com\/wp-content\/uploads\/2022\/08\/logo-1.png\",\"width\":227,\"height\":301,\"caption\":\"Librairie 7L\"},\"image\":{\"@id\":\"https:\/\/librairie7l.com\/en\/#\/schema\/logo\/image\/\"}}]}<\/script>\n<!-- \/ Yoast SEO plugin. -->","yoast_head_json":{"title":"Pierre Soulages : Une autre lumi\u00e8re, peintures sur papier - Librairie 7L","robots":{"index":"index","follow":"follow","max-snippet":"max-snippet:-1","max-image-preview":"max-image-preview:large","max-video-preview":"max-video-preview:-1"},"canonical":"https:\/\/librairie7l.com\/en\/produit\/pierre-soulages-une-autre-lumiere-peintures-sur-papier-2\/","og_locale":"en_US","og_type":"article","og_title":"Pierre Soulages : Une autre lumi\u00e8re, peintures sur papier - Librairie 7L","og_description":"Pierre Soulages (1919-2022) a toujours refus\u00e9 d&#8217;\u00e9tablir une hi\u00e9rarchie entre les diff\u00e9rentes techniques qu&#8217;il utilise. \u00c0 c\u00f4t\u00e9 des peintures sur toile, il est \u00e9galement l&#8217;auteur d&#8217;un ensemble consid\u00e9rable de peintures sur papier qu&#8217;il a men\u00e9, avec quelques interruptions tout au long de son parcours pictural, jusqu&#8217;au d\u00e9but des ann\u00e9es 2000. En 1948, il est invit\u00e9 [&hellip;]","og_url":"https:\/\/librairie7l.com\/en\/produit\/pierre-soulages-une-autre-lumiere-peintures-sur-papier-2\/","og_site_name":"Librairie 7L","article_modified_time":"2026-04-17T07:02:47+00:00","og_image":[{"width":600,"height":784,"url":"https:\/\/librairie7l.com\/wp-content\/uploads\/2025\/04\/9782711881321_1_75.jpg","type":"image\/jpeg"}],"twitter_card":"summary_large_image","twitter_misc":{"Est. reading time":"1 minute"},"schema":{"@context":"https:\/\/schema.org","@graph":[{"@type":"WebPage","@id":"https:\/\/librairie7l.com\/en\/produit\/pierre-soulages-une-autre-lumiere-peintures-sur-papier-2\/","url":"https:\/\/librairie7l.com\/en\/produit\/pierre-soulages-une-autre-lumiere-peintures-sur-papier-2\/","name":"Pierre Soulages : Une autre lumi\u00e8re, peintures sur papier - Librairie 7L","isPartOf":{"@id":"https:\/\/librairie7l.com\/en\/#website"},"datePublished":"2025-09-10T07:17:49+00:00","dateModified":"2026-04-17T07:02:47+00:00","breadcrumb":{"@id":"https:\/\/librairie7l.com\/en\/produit\/pierre-soulages-une-autre-lumiere-peintures-sur-papier-2\/#breadcrumb"},"inLanguage":"en-US","potentialAction":[{"@type":"ReadAction","target":["https:\/\/librairie7l.com\/en\/produit\/pierre-soulages-une-autre-lumiere-peintures-sur-papier-2\/"]}]},{"@type":"BreadcrumbList","@id":"https:\/\/librairie7l.com\/en\/produit\/pierre-soulages-une-autre-lumiere-peintures-sur-papier-2\/#breadcrumb","itemListElement":[{"@type":"ListItem","position":1,"name":"Accueil","item":"https:\/\/librairie7l.com\/en\/"},{"@type":"ListItem","position":2,"name":"Shop","item":"https:\/\/librairie7l.com\/en\/shop\/"},{"@type":"ListItem","position":3,"name":"PIERRE SOULAGES : UNE AUTRE LUMI\u00c8RE, PEINTURES SUR PAPIER"}]},{"@type":"WebSite","@id":"https:\/\/librairie7l.com\/en\/#website","url":"https:\/\/librairie7l.com\/en\/","name":"Librairie 7L","description":"Librairie fond\u00e9e en 1999 par Karl Lagerfeld \u00e0 Paris","publisher":{"@id":"https:\/\/librairie7l.com\/en\/#organization"},"potentialAction":[{"@type":"SearchAction","target":{"@type":"EntryPoint","urlTemplate":"https:\/\/librairie7l.com\/en\/?s={search_term_string}"},"query-input":"required name=search_term_string"}],"inLanguage":"en-US"},{"@type":"Organization","@id":"https:\/\/librairie7l.com\/en\/#organization","name":"Librairie 7L","url":"https:\/\/librairie7l.com\/en\/","logo":{"@type":"ImageObject","inLanguage":"en-US","@id":"https:\/\/librairie7l.com\/en\/#\/schema\/logo\/image\/","url":"https:\/\/librairie7l.com\/wp-content\/uploads\/2022\/08\/logo-1.png","contentUrl":"https:\/\/librairie7l.com\/wp-content\/uploads\/2022\/08\/logo-1.png","width":227,"height":301,"caption":"Librairie 7L"},"image":{"@id":"https:\/\/librairie7l.com\/en\/#\/schema\/logo\/image\/"}}]}},"_links":{"self":[{"href":"https:\/\/librairie7l.com\/en\/wp-json\/wp\/v2\/product\/50429"}],"collection":[{"href":"https:\/\/librairie7l.com\/en\/wp-json\/wp\/v2\/product"}],"about":[{"href":"https:\/\/librairie7l.com\/en\/wp-json\/wp\/v2\/types\/product"}],"wp:featuredmedia":[{"embeddable":true,"href":"https:\/\/librairie7l.com\/en\/wp-json\/wp\/v2\/media\/50427"}],"wp:attachment":[{"href":"https:\/\/librairie7l.com\/en\/wp-json\/wp\/v2\/media?parent=50429"}],"wp:term":[{"taxonomy":"product_cat","embeddable":true,"href":"https:\/\/librairie7l.com\/en\/wp-json\/wp\/v2\/product_cat?post=50429"},{"taxonomy":"product_tag","embeddable":true,"href":"https:\/\/librairie7l.com\/en\/wp-json\/wp\/v2\/product_tag?post=50429"}],"curies":[{"name":"wp","href":"https:\/\/api.w.org\/{rel}","templated":true}]}}