{"id":50433,"date":"2025-09-10T09:17:51","date_gmt":"2025-09-10T07:17:51","guid":{"rendered":"https:\/\/librairie7l.com\/?post_type=product&#038;p=50433"},"modified":"2026-04-17T20:35:00","modified_gmt":"2026-04-17T18:35:00","slug":"paris-linvention-des-passages-couverts-the-invention-of-the-parisian-arcades-2","status":"publish","type":"product","link":"https:\/\/librairie7l.com\/en\/produit\/paris-linvention-des-passages-couverts-the-invention-of-the-parisian-arcades-2\/","title":{"rendered":"PARIS : L&#8217;INVENTION DES PASSAGES COUVERTS \/ THE INVENTION OF THE PARISIAN ARCADES"},"content":{"rendered":"<p>Les premiers passages couverts sont n\u00e9s \u00e0 Paris \u00e0 la toute fin du XVIIIe si\u00e8cle et y ont prosp\u00e9r\u00e9 le temps de quelques d\u00e9cennies. Raccourcis pratiques entre deux rues anim\u00e9es, ces couloirs vitr\u00e9s bord\u00e9s de boutiques s\u00e9duisantes offraient au fl\u00e2neur le privil\u00e8ge de d\u00e9ambuler dans des d\u00e9cors luxueux \u00e0 l&#8217;abri des intemp\u00e9ries. La grande refonte haussmannienne de la capitale a toutefois mis \u00e0 mal ces hauts lieux du commerce et de la sociabilit\u00e9 urbaine. Nombre de ces galeries ont disparu, mais il en reste cependant suffisamment pour que le promeneur d&#8217;aujourd&#8217;hui \u00e9prouve l&#8217;ineffable bonheur de s&#8217;y extraire tout \u00e0 la fois de la ville et du temps.<\/p>\n<p>The first arcades appeared in Paris at the very end of the 18th century and thrived for a few decades. Convenient shortcuts between two busy streets, these glass corridors lined with tempting stores offered strollers the privilege of wandering through luxurious settings all while being sheltered from the elements. However, Haussmann&#8217;s great renovation of Paris put an end to these meccas of commerce and urban sociability. Many of the arcades disappeared completely, but enough remain for today&#8217;s stroller to experience the ineffable pleasure of escaping both the city and the passage of time.<\/p>\n","protected":false},"excerpt":{"rendered":"<p>Les premiers passages couverts sont n\u00e9s \u00e0 Paris \u00e0 la toute fin du XVIIIe si\u00e8cle et y ont prosp\u00e9r\u00e9 le temps de quelques d\u00e9cennies. Raccourcis pratiques entre deux rues anim\u00e9es, ces couloirs vitr\u00e9s bord\u00e9s de boutiques s\u00e9duisantes offraient au fl\u00e2neur le privil\u00e8ge de d\u00e9ambuler dans des d\u00e9cors luxueux \u00e0 l&#8217;abri des intemp\u00e9ries. La grande refonte [&hellip;]<\/p>\n","protected":false},"featured_media":50431,"template":"","meta":[],"product_cat":[2948,2951],"product_tag":[],"acf":[],"yoast_head":"<!-- This site is optimized with the Yoast SEO plugin v20.11 - https:\/\/yoast.com\/wordpress\/plugins\/seo\/ -->\n<title>Paris : L&#039;invention des passages couverts \/ The Invention of the Parisian Arcades - Librairie 7L<\/title>\n<meta name=\"robots\" content=\"index, follow, max-snippet:-1, max-image-preview:large, max-video-preview:-1\" \/>\n<link rel=\"canonical\" href=\"https:\/\/librairie7l.com\/en\/produit\/paris-linvention-des-passages-couverts-the-invention-of-the-parisian-arcades-2\/\" \/>\n<meta property=\"og:locale\" content=\"en_US\" \/>\n<meta property=\"og:type\" content=\"article\" \/>\n<meta property=\"og:title\" content=\"Paris : L&#039;invention des passages couverts \/ The Invention of the Parisian Arcades - Librairie 7L\" \/>\n<meta property=\"og:description\" content=\"Les premiers passages couverts sont n\u00e9s \u00e0 Paris \u00e0 la toute fin du XVIIIe si\u00e8cle et y ont prosp\u00e9r\u00e9 le temps de quelques d\u00e9cennies. Raccourcis pratiques entre deux rues anim\u00e9es, ces couloirs vitr\u00e9s bord\u00e9s de boutiques s\u00e9duisantes offraient au fl\u00e2neur le privil\u00e8ge de d\u00e9ambuler dans des d\u00e9cors luxueux \u00e0 l&#8217;abri des intemp\u00e9ries. La grande refonte [&hellip;]\" \/>\n<meta property=\"og:url\" content=\"https:\/\/librairie7l.com\/en\/produit\/paris-linvention-des-passages-couverts-the-invention-of-the-parisian-arcades-2\/\" \/>\n<meta property=\"og:site_name\" content=\"Librairie 7L\" \/>\n<meta property=\"article:modified_time\" content=\"2026-04-17T18:35:00+00:00\" \/>\n<meta property=\"og:image\" content=\"https:\/\/librairie7l.com\/wp-content\/uploads\/2025\/04\/9782373952735_1_75.jpg\" \/>\n\t<meta property=\"og:image:width\" content=\"600\" \/>\n\t<meta property=\"og:image:height\" content=\"831\" \/>\n\t<meta property=\"og:image:type\" content=\"image\/jpeg\" \/>\n<meta name=\"twitter:card\" content=\"summary_large_image\" \/>\n<meta name=\"twitter:label1\" content=\"Est. reading time\" \/>\n\t<meta name=\"twitter:data1\" content=\"1 minute\" \/>\n<script type=\"application\/ld+json\" class=\"yoast-schema-graph\">{\"@context\":\"https:\/\/schema.org\",\"@graph\":[{\"@type\":\"WebPage\",\"@id\":\"https:\/\/librairie7l.com\/en\/produit\/paris-linvention-des-passages-couverts-the-invention-of-the-parisian-arcades-2\/\",\"url\":\"https:\/\/librairie7l.com\/en\/produit\/paris-linvention-des-passages-couverts-the-invention-of-the-parisian-arcades-2\/\",\"name\":\"Paris : L'invention des passages couverts \/ The Invention of the Parisian Arcades - Librairie 7L\",\"isPartOf\":{\"@id\":\"https:\/\/librairie7l.com\/en\/#website\"},\"datePublished\":\"2025-09-10T07:17:51+00:00\",\"dateModified\":\"2026-04-17T18:35:00+00:00\",\"breadcrumb\":{\"@id\":\"https:\/\/librairie7l.com\/en\/produit\/paris-linvention-des-passages-couverts-the-invention-of-the-parisian-arcades-2\/#breadcrumb\"},\"inLanguage\":\"en-US\",\"potentialAction\":[{\"@type\":\"ReadAction\",\"target\":[\"https:\/\/librairie7l.com\/en\/produit\/paris-linvention-des-passages-couverts-the-invention-of-the-parisian-arcades-2\/\"]}]},{\"@type\":\"BreadcrumbList\",\"@id\":\"https:\/\/librairie7l.com\/en\/produit\/paris-linvention-des-passages-couverts-the-invention-of-the-parisian-arcades-2\/#breadcrumb\",\"itemListElement\":[{\"@type\":\"ListItem\",\"position\":1,\"name\":\"Accueil\",\"item\":\"https:\/\/librairie7l.com\/en\/\"},{\"@type\":\"ListItem\",\"position\":2,\"name\":\"Shop\",\"item\":\"https:\/\/librairie7l.com\/en\/shop\/\"},{\"@type\":\"ListItem\",\"position\":3,\"name\":\"PARIS : L&#8217;INVENTION DES PASSAGES COUVERTS \/ THE INVENTION OF THE PARISIAN ARCADES\"}]},{\"@type\":\"WebSite\",\"@id\":\"https:\/\/librairie7l.com\/en\/#website\",\"url\":\"https:\/\/librairie7l.com\/en\/\",\"name\":\"Librairie 7L\",\"description\":\"Librairie fond\u00e9e en 1999 par Karl Lagerfeld \u00e0 Paris\",\"publisher\":{\"@id\":\"https:\/\/librairie7l.com\/en\/#organization\"},\"potentialAction\":[{\"@type\":\"SearchAction\",\"target\":{\"@type\":\"EntryPoint\",\"urlTemplate\":\"https:\/\/librairie7l.com\/en\/?s={search_term_string}\"},\"query-input\":\"required name=search_term_string\"}],\"inLanguage\":\"en-US\"},{\"@type\":\"Organization\",\"@id\":\"https:\/\/librairie7l.com\/en\/#organization\",\"name\":\"Librairie 7L\",\"url\":\"https:\/\/librairie7l.com\/en\/\",\"logo\":{\"@type\":\"ImageObject\",\"inLanguage\":\"en-US\",\"@id\":\"https:\/\/librairie7l.com\/en\/#\/schema\/logo\/image\/\",\"url\":\"https:\/\/librairie7l.com\/wp-content\/uploads\/2022\/08\/logo-1.png\",\"contentUrl\":\"https:\/\/librairie7l.com\/wp-content\/uploads\/2022\/08\/logo-1.png\",\"width\":227,\"height\":301,\"caption\":\"Librairie 7L\"},\"image\":{\"@id\":\"https:\/\/librairie7l.com\/en\/#\/schema\/logo\/image\/\"}}]}<\/script>\n<!-- \/ Yoast SEO plugin. -->","yoast_head_json":{"title":"Paris : L'invention des passages couverts \/ The Invention of the Parisian Arcades - Librairie 7L","robots":{"index":"index","follow":"follow","max-snippet":"max-snippet:-1","max-image-preview":"max-image-preview:large","max-video-preview":"max-video-preview:-1"},"canonical":"https:\/\/librairie7l.com\/en\/produit\/paris-linvention-des-passages-couverts-the-invention-of-the-parisian-arcades-2\/","og_locale":"en_US","og_type":"article","og_title":"Paris : L'invention des passages couverts \/ The Invention of the Parisian Arcades - Librairie 7L","og_description":"Les premiers passages couverts sont n\u00e9s \u00e0 Paris \u00e0 la toute fin du XVIIIe si\u00e8cle et y ont prosp\u00e9r\u00e9 le temps de quelques d\u00e9cennies. Raccourcis pratiques entre deux rues anim\u00e9es, ces couloirs vitr\u00e9s bord\u00e9s de boutiques s\u00e9duisantes offraient au fl\u00e2neur le privil\u00e8ge de d\u00e9ambuler dans des d\u00e9cors luxueux \u00e0 l&#8217;abri des intemp\u00e9ries. La grande refonte [&hellip;]","og_url":"https:\/\/librairie7l.com\/en\/produit\/paris-linvention-des-passages-couverts-the-invention-of-the-parisian-arcades-2\/","og_site_name":"Librairie 7L","article_modified_time":"2026-04-17T18:35:00+00:00","og_image":[{"width":600,"height":831,"url":"https:\/\/librairie7l.com\/wp-content\/uploads\/2025\/04\/9782373952735_1_75.jpg","type":"image\/jpeg"}],"twitter_card":"summary_large_image","twitter_misc":{"Est. reading time":"1 minute"},"schema":{"@context":"https:\/\/schema.org","@graph":[{"@type":"WebPage","@id":"https:\/\/librairie7l.com\/en\/produit\/paris-linvention-des-passages-couverts-the-invention-of-the-parisian-arcades-2\/","url":"https:\/\/librairie7l.com\/en\/produit\/paris-linvention-des-passages-couverts-the-invention-of-the-parisian-arcades-2\/","name":"Paris : L'invention des passages couverts \/ The Invention of the Parisian Arcades - Librairie 7L","isPartOf":{"@id":"https:\/\/librairie7l.com\/en\/#website"},"datePublished":"2025-09-10T07:17:51+00:00","dateModified":"2026-04-17T18:35:00+00:00","breadcrumb":{"@id":"https:\/\/librairie7l.com\/en\/produit\/paris-linvention-des-passages-couverts-the-invention-of-the-parisian-arcades-2\/#breadcrumb"},"inLanguage":"en-US","potentialAction":[{"@type":"ReadAction","target":["https:\/\/librairie7l.com\/en\/produit\/paris-linvention-des-passages-couverts-the-invention-of-the-parisian-arcades-2\/"]}]},{"@type":"BreadcrumbList","@id":"https:\/\/librairie7l.com\/en\/produit\/paris-linvention-des-passages-couverts-the-invention-of-the-parisian-arcades-2\/#breadcrumb","itemListElement":[{"@type":"ListItem","position":1,"name":"Accueil","item":"https:\/\/librairie7l.com\/en\/"},{"@type":"ListItem","position":2,"name":"Shop","item":"https:\/\/librairie7l.com\/en\/shop\/"},{"@type":"ListItem","position":3,"name":"PARIS : L&#8217;INVENTION DES PASSAGES COUVERTS \/ THE INVENTION OF THE PARISIAN ARCADES"}]},{"@type":"WebSite","@id":"https:\/\/librairie7l.com\/en\/#website","url":"https:\/\/librairie7l.com\/en\/","name":"Librairie 7L","description":"Librairie fond\u00e9e en 1999 par Karl Lagerfeld \u00e0 Paris","publisher":{"@id":"https:\/\/librairie7l.com\/en\/#organization"},"potentialAction":[{"@type":"SearchAction","target":{"@type":"EntryPoint","urlTemplate":"https:\/\/librairie7l.com\/en\/?s={search_term_string}"},"query-input":"required name=search_term_string"}],"inLanguage":"en-US"},{"@type":"Organization","@id":"https:\/\/librairie7l.com\/en\/#organization","name":"Librairie 7L","url":"https:\/\/librairie7l.com\/en\/","logo":{"@type":"ImageObject","inLanguage":"en-US","@id":"https:\/\/librairie7l.com\/en\/#\/schema\/logo\/image\/","url":"https:\/\/librairie7l.com\/wp-content\/uploads\/2022\/08\/logo-1.png","contentUrl":"https:\/\/librairie7l.com\/wp-content\/uploads\/2022\/08\/logo-1.png","width":227,"height":301,"caption":"Librairie 7L"},"image":{"@id":"https:\/\/librairie7l.com\/en\/#\/schema\/logo\/image\/"}}]}},"_links":{"self":[{"href":"https:\/\/librairie7l.com\/en\/wp-json\/wp\/v2\/product\/50433"}],"collection":[{"href":"https:\/\/librairie7l.com\/en\/wp-json\/wp\/v2\/product"}],"about":[{"href":"https:\/\/librairie7l.com\/en\/wp-json\/wp\/v2\/types\/product"}],"wp:featuredmedia":[{"embeddable":true,"href":"https:\/\/librairie7l.com\/en\/wp-json\/wp\/v2\/media\/50431"}],"wp:attachment":[{"href":"https:\/\/librairie7l.com\/en\/wp-json\/wp\/v2\/media?parent=50433"}],"wp:term":[{"taxonomy":"product_cat","embeddable":true,"href":"https:\/\/librairie7l.com\/en\/wp-json\/wp\/v2\/product_cat?post=50433"},{"taxonomy":"product_tag","embeddable":true,"href":"https:\/\/librairie7l.com\/en\/wp-json\/wp\/v2\/product_tag?post=50433"}],"curies":[{"name":"wp","href":"https:\/\/api.w.org\/{rel}","templated":true}]}}