{"id":50441,"date":"2025-09-10T09:17:57","date_gmt":"2025-09-10T07:17:57","guid":{"rendered":"https:\/\/librairie7l.com\/?post_type=product&#038;p=50441"},"modified":"2026-04-17T14:09:39","modified_gmt":"2026-04-17T12:09:39","slug":"the-art-and-industry-decoration-in-europe-from-the-late-16th-to-the-early-18th-century-2","status":"publish","type":"product","link":"https:\/\/librairie7l.com\/en\/produit\/the-art-and-industry-decoration-in-europe-from-the-late-16th-to-the-early-18th-century-2\/","title":{"rendered":"THE ART AND INDUSTRY DECORATION IN EUROPE : FROM THE LATE 16TH TO THE EARLY 18TH CENTURY"},"content":{"rendered":"<p>Les d\u00e9corations en stuc ont traditionnellement \u00e9t\u00e9 \u00e9tudi\u00e9es en fonction de leurs qualit\u00e9s formelles et artistiques. Bien que de nombreuses recherches et publications aient explor\u00e9 les oeuvres des stucateurs et leur contexte culturel, peu d&#8217;attention a \u00e9t\u00e9 accord\u00e9e \u00e0 leur r\u00f4le professionnel par rapport aux autres acteurs impliqu\u00e9s dans le processus d\u00e9coratif (architectes, peintres, sculpteurs, m\u00e9c\u00e8nes), aux comp\u00e9tences techniques de ces artistes et \u00e0 la mani\u00e8re dont leur savoir-faire a contribu\u00e9 au grand succ\u00e8s professionnel dont ils ont joui. Du XVIe au XVIIIe si\u00e8cle, de nombreux stucs d\u00e9corant les \u00e9glises et les palais de toute l&#8217;Europe ont \u00e9t\u00e9 r\u00e9alis\u00e9s par des ma\u00eetres originaires de la r\u00e9gion frontali\u00e8re entre l&#8217;actuel canton du Tessin et la Lombardie. Cette collection d&#8217;essais vise \u00e0 examiner comment ces artistes ont travaill\u00e9 de l&#8217;Espagne \u00e0 la Pologne, du Danemark \u00e0 l&#8217;Italie, en passant par la Hollande, la France, l&#8217;Allemagne, la R\u00e9publique tch\u00e8que, la Slov\u00e9nie et l&#8217;Autriche, en s&#8217;adaptant aux r\u00e9alit\u00e9s des diff\u00e9rents contextes. Les auteurs abordent ces sujets avec une approche interdisciplinaire, en consid\u00e9rant l&#8217;histoire de l&#8217;art et l&#8217;histoire sociale, l&#8217;histoire des techniques artistiques et la science des mat\u00e9riaux. Chaque contribution examine le r\u00f4le des stucateurs au sein des chantiers de construction et leur gestion d&#8217;une technique artistique difficile \u00e0 ma\u00eetriser. Le stuc pouvait en effet \u00eatre ex\u00e9cut\u00e9 avec diff\u00e9rents mat\u00e9riaux et diff\u00e9rentes m\u00e9thodes, modifiant la technique en fonction de ce que les artistes trouvaient sur place et de leur capacit\u00e9 \u00e0 cr\u00e9er des m\u00e9langes modelables \u00e0 partir de quelques ingr\u00e9dients de base.  Essais en ITALIEN et en ANGLAIS.<\/p>\n","protected":false},"excerpt":{"rendered":"<p>Les d\u00e9corations en stuc ont traditionnellement \u00e9t\u00e9 \u00e9tudi\u00e9es en fonction de leurs qualit\u00e9s formelles et artistiques. Bien que de nombreuses recherches et publications aient explor\u00e9 les oeuvres des stucateurs et leur contexte culturel, peu d&#8217;attention a \u00e9t\u00e9 accord\u00e9e \u00e0 leur r\u00f4le professionnel par rapport aux autres acteurs impliqu\u00e9s dans le processus d\u00e9coratif (architectes, peintres, sculpteurs, [&hellip;]<\/p>\n","protected":false},"featured_media":50439,"template":"","meta":[],"product_cat":[2948,2952],"product_tag":[],"acf":[],"yoast_head":"<!-- This site is optimized with the Yoast SEO plugin v20.11 - https:\/\/yoast.com\/wordpress\/plugins\/seo\/ -->\n<title>The art and industry decoration in Europe : From the late 16th to the early 18th century - Librairie 7L<\/title>\n<meta name=\"robots\" content=\"index, follow, max-snippet:-1, max-image-preview:large, max-video-preview:-1\" \/>\n<link rel=\"canonical\" href=\"https:\/\/librairie7l.com\/en\/produit\/the-art-and-industry-decoration-in-europe-from-the-late-16th-to-the-early-18th-century-2\/\" \/>\n<meta property=\"og:locale\" content=\"en_US\" \/>\n<meta property=\"og:type\" content=\"article\" \/>\n<meta property=\"og:title\" content=\"The art and industry decoration in Europe : From the late 16th to the early 18th century - Librairie 7L\" \/>\n<meta property=\"og:description\" content=\"Les d\u00e9corations en stuc ont traditionnellement \u00e9t\u00e9 \u00e9tudi\u00e9es en fonction de leurs qualit\u00e9s formelles et artistiques. Bien que de nombreuses recherches et publications aient explor\u00e9 les oeuvres des stucateurs et leur contexte culturel, peu d&#8217;attention a \u00e9t\u00e9 accord\u00e9e \u00e0 leur r\u00f4le professionnel par rapport aux autres acteurs impliqu\u00e9s dans le processus d\u00e9coratif (architectes, peintres, sculpteurs, [&hellip;]\" \/>\n<meta property=\"og:url\" content=\"https:\/\/librairie7l.com\/en\/produit\/the-art-and-industry-decoration-in-europe-from-the-late-16th-to-the-early-18th-century-2\/\" \/>\n<meta property=\"og:site_name\" content=\"Librairie 7L\" \/>\n<meta property=\"article:modified_time\" content=\"2026-04-17T12:09:39+00:00\" \/>\n<meta property=\"og:image\" content=\"https:\/\/librairie7l.com\/wp-content\/uploads\/2024\/06\/9788833672670_1_75.jpg\" \/>\n\t<meta property=\"og:image:width\" content=\"400\" \/>\n\t<meta property=\"og:image:height\" content=\"494\" \/>\n\t<meta property=\"og:image:type\" content=\"image\/jpeg\" \/>\n<meta name=\"twitter:card\" content=\"summary_large_image\" \/>\n<meta name=\"twitter:label1\" content=\"Est. reading time\" \/>\n\t<meta name=\"twitter:data1\" content=\"1 minute\" \/>\n<script type=\"application\/ld+json\" class=\"yoast-schema-graph\">{\"@context\":\"https:\/\/schema.org\",\"@graph\":[{\"@type\":\"WebPage\",\"@id\":\"https:\/\/librairie7l.com\/en\/produit\/the-art-and-industry-decoration-in-europe-from-the-late-16th-to-the-early-18th-century-2\/\",\"url\":\"https:\/\/librairie7l.com\/en\/produit\/the-art-and-industry-decoration-in-europe-from-the-late-16th-to-the-early-18th-century-2\/\",\"name\":\"The art and industry decoration in Europe : From the late 16th to the early 18th century - Librairie 7L\",\"isPartOf\":{\"@id\":\"https:\/\/librairie7l.com\/en\/#website\"},\"datePublished\":\"2025-09-10T07:17:57+00:00\",\"dateModified\":\"2026-04-17T12:09:39+00:00\",\"breadcrumb\":{\"@id\":\"https:\/\/librairie7l.com\/en\/produit\/the-art-and-industry-decoration-in-europe-from-the-late-16th-to-the-early-18th-century-2\/#breadcrumb\"},\"inLanguage\":\"en-US\",\"potentialAction\":[{\"@type\":\"ReadAction\",\"target\":[\"https:\/\/librairie7l.com\/en\/produit\/the-art-and-industry-decoration-in-europe-from-the-late-16th-to-the-early-18th-century-2\/\"]}]},{\"@type\":\"BreadcrumbList\",\"@id\":\"https:\/\/librairie7l.com\/en\/produit\/the-art-and-industry-decoration-in-europe-from-the-late-16th-to-the-early-18th-century-2\/#breadcrumb\",\"itemListElement\":[{\"@type\":\"ListItem\",\"position\":1,\"name\":\"Accueil\",\"item\":\"https:\/\/librairie7l.com\/en\/\"},{\"@type\":\"ListItem\",\"position\":2,\"name\":\"Shop\",\"item\":\"https:\/\/librairie7l.com\/en\/shop\/\"},{\"@type\":\"ListItem\",\"position\":3,\"name\":\"THE ART AND INDUSTRY DECORATION IN EUROPE : FROM THE LATE 16TH TO THE EARLY 18TH CENTURY\"}]},{\"@type\":\"WebSite\",\"@id\":\"https:\/\/librairie7l.com\/en\/#website\",\"url\":\"https:\/\/librairie7l.com\/en\/\",\"name\":\"Librairie 7L\",\"description\":\"Librairie fond\u00e9e en 1999 par Karl Lagerfeld \u00e0 Paris\",\"publisher\":{\"@id\":\"https:\/\/librairie7l.com\/en\/#organization\"},\"potentialAction\":[{\"@type\":\"SearchAction\",\"target\":{\"@type\":\"EntryPoint\",\"urlTemplate\":\"https:\/\/librairie7l.com\/en\/?s={search_term_string}\"},\"query-input\":\"required name=search_term_string\"}],\"inLanguage\":\"en-US\"},{\"@type\":\"Organization\",\"@id\":\"https:\/\/librairie7l.com\/en\/#organization\",\"name\":\"Librairie 7L\",\"url\":\"https:\/\/librairie7l.com\/en\/\",\"logo\":{\"@type\":\"ImageObject\",\"inLanguage\":\"en-US\",\"@id\":\"https:\/\/librairie7l.com\/en\/#\/schema\/logo\/image\/\",\"url\":\"https:\/\/librairie7l.com\/wp-content\/uploads\/2022\/08\/logo-1.png\",\"contentUrl\":\"https:\/\/librairie7l.com\/wp-content\/uploads\/2022\/08\/logo-1.png\",\"width\":227,\"height\":301,\"caption\":\"Librairie 7L\"},\"image\":{\"@id\":\"https:\/\/librairie7l.com\/en\/#\/schema\/logo\/image\/\"}}]}<\/script>\n<!-- \/ Yoast SEO plugin. -->","yoast_head_json":{"title":"The art and industry decoration in Europe : From the late 16th to the early 18th century - Librairie 7L","robots":{"index":"index","follow":"follow","max-snippet":"max-snippet:-1","max-image-preview":"max-image-preview:large","max-video-preview":"max-video-preview:-1"},"canonical":"https:\/\/librairie7l.com\/en\/produit\/the-art-and-industry-decoration-in-europe-from-the-late-16th-to-the-early-18th-century-2\/","og_locale":"en_US","og_type":"article","og_title":"The art and industry decoration in Europe : From the late 16th to the early 18th century - Librairie 7L","og_description":"Les d\u00e9corations en stuc ont traditionnellement \u00e9t\u00e9 \u00e9tudi\u00e9es en fonction de leurs qualit\u00e9s formelles et artistiques. Bien que de nombreuses recherches et publications aient explor\u00e9 les oeuvres des stucateurs et leur contexte culturel, peu d&#8217;attention a \u00e9t\u00e9 accord\u00e9e \u00e0 leur r\u00f4le professionnel par rapport aux autres acteurs impliqu\u00e9s dans le processus d\u00e9coratif (architectes, peintres, sculpteurs, [&hellip;]","og_url":"https:\/\/librairie7l.com\/en\/produit\/the-art-and-industry-decoration-in-europe-from-the-late-16th-to-the-early-18th-century-2\/","og_site_name":"Librairie 7L","article_modified_time":"2026-04-17T12:09:39+00:00","og_image":[{"width":400,"height":494,"url":"https:\/\/librairie7l.com\/wp-content\/uploads\/2024\/06\/9788833672670_1_75.jpg","type":"image\/jpeg"}],"twitter_card":"summary_large_image","twitter_misc":{"Est. reading time":"1 minute"},"schema":{"@context":"https:\/\/schema.org","@graph":[{"@type":"WebPage","@id":"https:\/\/librairie7l.com\/en\/produit\/the-art-and-industry-decoration-in-europe-from-the-late-16th-to-the-early-18th-century-2\/","url":"https:\/\/librairie7l.com\/en\/produit\/the-art-and-industry-decoration-in-europe-from-the-late-16th-to-the-early-18th-century-2\/","name":"The art and industry decoration in Europe : From the late 16th to the early 18th century - Librairie 7L","isPartOf":{"@id":"https:\/\/librairie7l.com\/en\/#website"},"datePublished":"2025-09-10T07:17:57+00:00","dateModified":"2026-04-17T12:09:39+00:00","breadcrumb":{"@id":"https:\/\/librairie7l.com\/en\/produit\/the-art-and-industry-decoration-in-europe-from-the-late-16th-to-the-early-18th-century-2\/#breadcrumb"},"inLanguage":"en-US","potentialAction":[{"@type":"ReadAction","target":["https:\/\/librairie7l.com\/en\/produit\/the-art-and-industry-decoration-in-europe-from-the-late-16th-to-the-early-18th-century-2\/"]}]},{"@type":"BreadcrumbList","@id":"https:\/\/librairie7l.com\/en\/produit\/the-art-and-industry-decoration-in-europe-from-the-late-16th-to-the-early-18th-century-2\/#breadcrumb","itemListElement":[{"@type":"ListItem","position":1,"name":"Accueil","item":"https:\/\/librairie7l.com\/en\/"},{"@type":"ListItem","position":2,"name":"Shop","item":"https:\/\/librairie7l.com\/en\/shop\/"},{"@type":"ListItem","position":3,"name":"THE ART AND INDUSTRY DECORATION IN EUROPE : FROM THE LATE 16TH TO THE EARLY 18TH CENTURY"}]},{"@type":"WebSite","@id":"https:\/\/librairie7l.com\/en\/#website","url":"https:\/\/librairie7l.com\/en\/","name":"Librairie 7L","description":"Librairie fond\u00e9e en 1999 par Karl Lagerfeld \u00e0 Paris","publisher":{"@id":"https:\/\/librairie7l.com\/en\/#organization"},"potentialAction":[{"@type":"SearchAction","target":{"@type":"EntryPoint","urlTemplate":"https:\/\/librairie7l.com\/en\/?s={search_term_string}"},"query-input":"required name=search_term_string"}],"inLanguage":"en-US"},{"@type":"Organization","@id":"https:\/\/librairie7l.com\/en\/#organization","name":"Librairie 7L","url":"https:\/\/librairie7l.com\/en\/","logo":{"@type":"ImageObject","inLanguage":"en-US","@id":"https:\/\/librairie7l.com\/en\/#\/schema\/logo\/image\/","url":"https:\/\/librairie7l.com\/wp-content\/uploads\/2022\/08\/logo-1.png","contentUrl":"https:\/\/librairie7l.com\/wp-content\/uploads\/2022\/08\/logo-1.png","width":227,"height":301,"caption":"Librairie 7L"},"image":{"@id":"https:\/\/librairie7l.com\/en\/#\/schema\/logo\/image\/"}}]}},"_links":{"self":[{"href":"https:\/\/librairie7l.com\/en\/wp-json\/wp\/v2\/product\/50441"}],"collection":[{"href":"https:\/\/librairie7l.com\/en\/wp-json\/wp\/v2\/product"}],"about":[{"href":"https:\/\/librairie7l.com\/en\/wp-json\/wp\/v2\/types\/product"}],"wp:featuredmedia":[{"embeddable":true,"href":"https:\/\/librairie7l.com\/en\/wp-json\/wp\/v2\/media\/50439"}],"wp:attachment":[{"href":"https:\/\/librairie7l.com\/en\/wp-json\/wp\/v2\/media?parent=50441"}],"wp:term":[{"taxonomy":"product_cat","embeddable":true,"href":"https:\/\/librairie7l.com\/en\/wp-json\/wp\/v2\/product_cat?post=50441"},{"taxonomy":"product_tag","embeddable":true,"href":"https:\/\/librairie7l.com\/en\/wp-json\/wp\/v2\/product_tag?post=50441"}],"curies":[{"name":"wp","href":"https:\/\/api.w.org\/{rel}","templated":true}]}}