{"id":50453,"date":"2025-09-11T09:17:44","date_gmt":"2025-09-11T07:17:44","guid":{"rendered":"https:\/\/librairie7l.com\/?post_type=product&#038;p=50453"},"modified":"2026-04-17T09:02:52","modified_gmt":"2026-04-17T07:02:52","slug":"something-moves-2","status":"publish","type":"product","link":"https:\/\/librairie7l.com\/en\/produit\/something-moves-2\/","title":{"rendered":"SOMETHING MOVES"},"content":{"rendered":"<p>Livre d&#8217;artiste publi\u00e9 suite \u00e0 la r\u00e9sidence d&#8217;artiste de Caroline Corbasson \u00e0 la Fondation Lee Ufan Arles dans le cadre du prix Art &amp; Environnement 2024, Lee Ufan Arles \u00d7 Guerlain<br \/>\nEn 2023, Lee Ufan Arles et la Maison Guerlain s&#8217;associent pour cr\u00e9er le Prix Art &amp; Environnement, r\u00e9compensant chaque ann\u00e9e un travail faisant \u00e9cho \u00e0 celui de l&#8217;artiste Lee Ufan. Dans une d\u00e9marche de soutien \u00e0 la cr\u00e9ation artistique et d&#8217;engagement pour l&#8217;art et l&#8217;environnement, Lee Ufan Arles et la Maison Guerlain encouragent des productions artistiques ouvrant de nouveaux dialogues avec la nature. Le prix donne acc\u00e8s \u00e0 une r\u00e9sidence d&#8217;artiste au sein de la fondation Lee Ufan Arles, puis \u00e0 une exposition pr\u00e9sentant le r\u00e9sultat des recherches de l&#8217;artiste pendant la p\u00e9riode estivale.<br \/>\nLe projet pr\u00e9sent\u00e9 par Caroline Corbasson pour le prix Art &amp; Environnement, au coeur de ses recherches pendant sa r\u00e9sidence, s&#8217;attachera \u00e0 l&#8217;\u00e9tude d&#8217;une force ambivalente, \u00e0 la fois d\u00e9vastatrice et porteuse de vie : le vent. Le livre d&#8217;artiste publi\u00e9 aux \u00c9ditions Dilecta se proposera de reproduire les documents de recherche, pages de carnets de dessin et croquis, ainsi qu&#8217;un ensemble de po\u00e8mes de l&#8217;artiste. L&#8217;ensemble sera compl\u00e9t\u00e9 d&#8217;un texte critique de Jean de Loisy, \u00e9crit sp\u00e9cialement pour l&#8217;exposition.<br \/>\nCaroline Corbasson (n\u00e9e en 1989) est la seconde laur\u00e9ate du prix Art &amp; Environnement. Dipl\u00f4m\u00e9e des Beaux-arts de Paris et de la Central Saint Martins de Londres, elle d\u00e9ploie sa pratique \u00e0 travers le dessin, la sculpture, la photographie et la vid\u00e9o. Elle y sonde la place de l&#8217;individu dans l&#8217;univers, au prisme des imaginaires scientifiques et collectifs associ\u00e9s \u00e0 l&#8217;astrophysique et \u00e0 la cosmologie. Oscillant entre approche quasi scientifique et documentaire, et qu\u00eate sensible, elle tisse dans son oeuvre de multiples correspondances entre l&#8217;infiniment grand et l&#8217;infiniment petit. Elle attire ainsi notre attention sur l&#8217;existence d&#8217;entit\u00e9s et de ph\u00e9nom\u00e8nes d&#8217;une \u00e9tendue spatio-temporelle si vaste ou si infime qu&#8217;ils d\u00e9routent notre compr\u00e9hension. Ses collaborations avec des institutions scientifiques importantes (CNRS ; CNES, Paris ; laboratoire d&#8217;astrophysique de Marseille ; Observatoire du Cerro Paranal, Chili) lui permettent de s&#8217;immiscer dans le quotidien de ces hauts lieux de l&#8217;\u00e9tude scientifique pour y capter leur atmosph\u00e8re singuli\u00e8re en s&#8217;ouvrant aux multiples connexions entre perception, \u00e9chelle, espace et temps.<br \/>\nR\u00e9cemment, Caroline Corbasson a \u00e9t\u00e9 laur\u00e9ate de Monde Nouveaux, port\u00e9 par le minist\u00e8re de la Culture, pour la r\u00e9alisation de son film Issac (2023) et a \u00e9t\u00e9 expos\u00e9 dans le cadre d&#8217;expositions collectives au Hangar Y ou \u00e0 la fondation Van Gogh \u00e0 Arles (2024). Elle a \u00e9galement expos\u00e9 en France et \u00e0 l&#8217;international dans des institutions telles que le Centre Pompidou (Paris ), le Baltic Centre for Contemporary Art (Newcastle), le Song-Won Art Center (S\u00e9oul), le Crac (S\u00e8te), la Panac\u00e9e Moco (Montpellier), le Frac Provence-Alpes-C\u00f4te d&#8217;Azur (Marseille), la Cit\u00e9 des sciences et de l&#8217;industrie (Paris), l&#8217;EPFL Pavilions (Lausanne).<\/p>\n","protected":false},"excerpt":{"rendered":"<p>Livre d&#8217;artiste publi\u00e9 suite \u00e0 la r\u00e9sidence d&#8217;artiste de Caroline Corbasson \u00e0 la Fondation Lee Ufan Arles dans le cadre du prix Art &amp; Environnement 2024, Lee Ufan Arles \u00d7 Guerlain En 2023, Lee Ufan Arles et la Maison Guerlain s&#8217;associent pour cr\u00e9er le Prix Art &amp; Environnement, r\u00e9compensant chaque ann\u00e9e un travail faisant \u00e9cho [&hellip;]<\/p>\n","protected":false},"featured_media":50779,"template":"","meta":[],"product_cat":[2948,2953],"product_tag":[],"acf":[],"yoast_head":"<!-- This site is optimized with the Yoast SEO plugin v20.11 - https:\/\/yoast.com\/wordpress\/plugins\/seo\/ -->\n<title>Something Moves - Librairie 7L<\/title>\n<meta name=\"robots\" content=\"index, follow, max-snippet:-1, max-image-preview:large, max-video-preview:-1\" \/>\n<link rel=\"canonical\" href=\"https:\/\/librairie7l.com\/en\/produit\/something-moves-2\/\" \/>\n<meta property=\"og:locale\" content=\"en_US\" \/>\n<meta property=\"og:type\" content=\"article\" \/>\n<meta property=\"og:title\" content=\"Something Moves - Librairie 7L\" \/>\n<meta property=\"og:description\" content=\"Livre d&#8217;artiste publi\u00e9 suite \u00e0 la r\u00e9sidence d&#8217;artiste de Caroline Corbasson \u00e0 la Fondation Lee Ufan Arles dans le cadre du prix Art &amp; Environnement 2024, Lee Ufan Arles \u00d7 Guerlain En 2023, Lee Ufan Arles et la Maison Guerlain s&#8217;associent pour cr\u00e9er le Prix Art &amp; Environnement, r\u00e9compensant chaque ann\u00e9e un travail faisant \u00e9cho [&hellip;]\" \/>\n<meta property=\"og:url\" content=\"https:\/\/librairie7l.com\/en\/produit\/something-moves-2\/\" \/>\n<meta property=\"og:site_name\" content=\"Librairie 7L\" \/>\n<meta property=\"article:modified_time\" content=\"2026-04-17T07:02:52+00:00\" \/>\n<meta name=\"twitter:card\" content=\"summary_large_image\" \/>\n<meta name=\"twitter:label1\" content=\"Est. reading time\" \/>\n\t<meta name=\"twitter:data1\" content=\"2 minutes\" \/>\n<script type=\"application\/ld+json\" class=\"yoast-schema-graph\">{\"@context\":\"https:\/\/schema.org\",\"@graph\":[{\"@type\":\"WebPage\",\"@id\":\"https:\/\/librairie7l.com\/en\/produit\/something-moves-2\/\",\"url\":\"https:\/\/librairie7l.com\/en\/produit\/something-moves-2\/\",\"name\":\"Something Moves - Librairie 7L\",\"isPartOf\":{\"@id\":\"https:\/\/librairie7l.com\/en\/#website\"},\"datePublished\":\"2025-09-11T07:17:44+00:00\",\"dateModified\":\"2026-04-17T07:02:52+00:00\",\"breadcrumb\":{\"@id\":\"https:\/\/librairie7l.com\/en\/produit\/something-moves-2\/#breadcrumb\"},\"inLanguage\":\"en-US\",\"potentialAction\":[{\"@type\":\"ReadAction\",\"target\":[\"https:\/\/librairie7l.com\/en\/produit\/something-moves-2\/\"]}]},{\"@type\":\"BreadcrumbList\",\"@id\":\"https:\/\/librairie7l.com\/en\/produit\/something-moves-2\/#breadcrumb\",\"itemListElement\":[{\"@type\":\"ListItem\",\"position\":1,\"name\":\"Accueil\",\"item\":\"https:\/\/librairie7l.com\/en\/\"},{\"@type\":\"ListItem\",\"position\":2,\"name\":\"Shop\",\"item\":\"https:\/\/librairie7l.com\/en\/shop\/\"},{\"@type\":\"ListItem\",\"position\":3,\"name\":\"SOMETHING MOVES\"}]},{\"@type\":\"WebSite\",\"@id\":\"https:\/\/librairie7l.com\/en\/#website\",\"url\":\"https:\/\/librairie7l.com\/en\/\",\"name\":\"Librairie 7L\",\"description\":\"Librairie fond\u00e9e en 1999 par Karl Lagerfeld \u00e0 Paris\",\"publisher\":{\"@id\":\"https:\/\/librairie7l.com\/en\/#organization\"},\"potentialAction\":[{\"@type\":\"SearchAction\",\"target\":{\"@type\":\"EntryPoint\",\"urlTemplate\":\"https:\/\/librairie7l.com\/en\/?s={search_term_string}\"},\"query-input\":\"required name=search_term_string\"}],\"inLanguage\":\"en-US\"},{\"@type\":\"Organization\",\"@id\":\"https:\/\/librairie7l.com\/en\/#organization\",\"name\":\"Librairie 7L\",\"url\":\"https:\/\/librairie7l.com\/en\/\",\"logo\":{\"@type\":\"ImageObject\",\"inLanguage\":\"en-US\",\"@id\":\"https:\/\/librairie7l.com\/en\/#\/schema\/logo\/image\/\",\"url\":\"https:\/\/librairie7l.com\/wp-content\/uploads\/2022\/08\/logo-1.png\",\"contentUrl\":\"https:\/\/librairie7l.com\/wp-content\/uploads\/2022\/08\/logo-1.png\",\"width\":227,\"height\":301,\"caption\":\"Librairie 7L\"},\"image\":{\"@id\":\"https:\/\/librairie7l.com\/en\/#\/schema\/logo\/image\/\"}}]}<\/script>\n<!-- \/ Yoast SEO plugin. -->","yoast_head_json":{"title":"Something Moves - Librairie 7L","robots":{"index":"index","follow":"follow","max-snippet":"max-snippet:-1","max-image-preview":"max-image-preview:large","max-video-preview":"max-video-preview:-1"},"canonical":"https:\/\/librairie7l.com\/en\/produit\/something-moves-2\/","og_locale":"en_US","og_type":"article","og_title":"Something Moves - Librairie 7L","og_description":"Livre d&#8217;artiste publi\u00e9 suite \u00e0 la r\u00e9sidence d&#8217;artiste de Caroline Corbasson \u00e0 la Fondation Lee Ufan Arles dans le cadre du prix Art &amp; Environnement 2024, Lee Ufan Arles \u00d7 Guerlain En 2023, Lee Ufan Arles et la Maison Guerlain s&#8217;associent pour cr\u00e9er le Prix Art &amp; Environnement, r\u00e9compensant chaque ann\u00e9e un travail faisant \u00e9cho [&hellip;]","og_url":"https:\/\/librairie7l.com\/en\/produit\/something-moves-2\/","og_site_name":"Librairie 7L","article_modified_time":"2026-04-17T07:02:52+00:00","twitter_card":"summary_large_image","twitter_misc":{"Est. reading time":"2 minutes"},"schema":{"@context":"https:\/\/schema.org","@graph":[{"@type":"WebPage","@id":"https:\/\/librairie7l.com\/en\/produit\/something-moves-2\/","url":"https:\/\/librairie7l.com\/en\/produit\/something-moves-2\/","name":"Something Moves - Librairie 7L","isPartOf":{"@id":"https:\/\/librairie7l.com\/en\/#website"},"datePublished":"2025-09-11T07:17:44+00:00","dateModified":"2026-04-17T07:02:52+00:00","breadcrumb":{"@id":"https:\/\/librairie7l.com\/en\/produit\/something-moves-2\/#breadcrumb"},"inLanguage":"en-US","potentialAction":[{"@type":"ReadAction","target":["https:\/\/librairie7l.com\/en\/produit\/something-moves-2\/"]}]},{"@type":"BreadcrumbList","@id":"https:\/\/librairie7l.com\/en\/produit\/something-moves-2\/#breadcrumb","itemListElement":[{"@type":"ListItem","position":1,"name":"Accueil","item":"https:\/\/librairie7l.com\/en\/"},{"@type":"ListItem","position":2,"name":"Shop","item":"https:\/\/librairie7l.com\/en\/shop\/"},{"@type":"ListItem","position":3,"name":"SOMETHING MOVES"}]},{"@type":"WebSite","@id":"https:\/\/librairie7l.com\/en\/#website","url":"https:\/\/librairie7l.com\/en\/","name":"Librairie 7L","description":"Librairie fond\u00e9e en 1999 par Karl Lagerfeld \u00e0 Paris","publisher":{"@id":"https:\/\/librairie7l.com\/en\/#organization"},"potentialAction":[{"@type":"SearchAction","target":{"@type":"EntryPoint","urlTemplate":"https:\/\/librairie7l.com\/en\/?s={search_term_string}"},"query-input":"required name=search_term_string"}],"inLanguage":"en-US"},{"@type":"Organization","@id":"https:\/\/librairie7l.com\/en\/#organization","name":"Librairie 7L","url":"https:\/\/librairie7l.com\/en\/","logo":{"@type":"ImageObject","inLanguage":"en-US","@id":"https:\/\/librairie7l.com\/en\/#\/schema\/logo\/image\/","url":"https:\/\/librairie7l.com\/wp-content\/uploads\/2022\/08\/logo-1.png","contentUrl":"https:\/\/librairie7l.com\/wp-content\/uploads\/2022\/08\/logo-1.png","width":227,"height":301,"caption":"Librairie 7L"},"image":{"@id":"https:\/\/librairie7l.com\/en\/#\/schema\/logo\/image\/"}}]}},"_links":{"self":[{"href":"https:\/\/librairie7l.com\/en\/wp-json\/wp\/v2\/product\/50453"}],"collection":[{"href":"https:\/\/librairie7l.com\/en\/wp-json\/wp\/v2\/product"}],"about":[{"href":"https:\/\/librairie7l.com\/en\/wp-json\/wp\/v2\/types\/product"}],"wp:featuredmedia":[{"embeddable":true,"href":"https:\/\/librairie7l.com\/en\/wp-json\/wp\/v2\/media\/50779"}],"wp:attachment":[{"href":"https:\/\/librairie7l.com\/en\/wp-json\/wp\/v2\/media?parent=50453"}],"wp:term":[{"taxonomy":"product_cat","embeddable":true,"href":"https:\/\/librairie7l.com\/en\/wp-json\/wp\/v2\/product_cat?post=50453"},{"taxonomy":"product_tag","embeddable":true,"href":"https:\/\/librairie7l.com\/en\/wp-json\/wp\/v2\/product_tag?post=50453"}],"curies":[{"name":"wp","href":"https:\/\/api.w.org\/{rel}","templated":true}]}}