{"id":50457,"date":"2025-09-11T09:17:46","date_gmt":"2025-09-11T07:17:46","guid":{"rendered":"https:\/\/librairie7l.com\/?post_type=product&#038;p=50457"},"modified":"2026-04-17T09:03:34","modified_gmt":"2026-04-17T07:03:34","slug":"oli-epp-hors-doeuvres-2","status":"publish","type":"product","link":"https:\/\/librairie7l.com\/en\/produit\/oli-epp-hors-doeuvres-2\/","title":{"rendered":"OLI EPP HORS D&#8217;OEUVRES"},"content":{"rendered":"<p>N\u00e9 \u00e0 Londres en 1994, Oli Epp appartient \u00e0 la g\u00e9n\u00e9ration qui a grandi dans un environnement de technologie digitale. L&#8217;artiste d\u00e9livre une peinture tr\u00e8s lisse, trait\u00e9e en aplats l\u00e9ch\u00e9s et zones floues \u00e0 l&#8217;a\u00e9rographe. La lumi\u00e8re se diffuse dans une impression surr\u00e9elle d&#8217;\u00e9cran r\u00e9tro\u00e9clair\u00e9. La simplicit\u00e9 graphique et le d\u00e9cryptage en apparence ais\u00e9 des peintures masquent en r\u00e9alit\u00e9 une satire sociale d&#8217;une rare profondeur.<br \/>\nEn 56 pages et 3 langues, l&#8217;ouvrage fait litt\u00e9ralement le tour de l&#8217;exposition &#8220;Hors d&#8217;Oeuvres&#8221; organis\u00e9e au printemps 2025 au mus\u00e9e NTNU de Taipei (Ta\u00efwan), montrant les coulisses et la pr\u00e9paration en atelier, \u00e9coutant l&#8217;artiste distiller quelques cl\u00e9s de lecture de ses portraits-objets, cherchant du c\u00f4t\u00e9 des artistes de la Renaissance recoupements et filiations. Les treize tableaux de l&#8217;exposition sont analys\u00e9s sous toutes leurs coutures, \u00e0 la recherche de la porte d\u00e9rob\u00e9e qui ferait acc\u00e9der de l&#8217;autre c\u00f4t\u00e9 de l&#8217;\u00e9cran.<\/p>\n","protected":false},"excerpt":{"rendered":"<p>N\u00e9 \u00e0 Londres en 1994, Oli Epp appartient \u00e0 la g\u00e9n\u00e9ration qui a grandi dans un environnement de technologie digitale. L&#8217;artiste d\u00e9livre une peinture tr\u00e8s lisse, trait\u00e9e en aplats l\u00e9ch\u00e9s et zones floues \u00e0 l&#8217;a\u00e9rographe. La lumi\u00e8re se diffuse dans une impression surr\u00e9elle d&#8217;\u00e9cran r\u00e9tro\u00e9clair\u00e9. La simplicit\u00e9 graphique et le d\u00e9cryptage en apparence ais\u00e9 des [&hellip;]<\/p>\n","protected":false},"featured_media":50455,"template":"","meta":[],"product_cat":[2948,2953],"product_tag":[],"acf":[],"yoast_head":"<!-- This site is optimized with the Yoast SEO plugin v20.11 - https:\/\/yoast.com\/wordpress\/plugins\/seo\/ -->\n<title>Oli Epp Hors d&#039;oeuvres - Librairie 7L<\/title>\n<meta name=\"robots\" content=\"index, follow, max-snippet:-1, max-image-preview:large, max-video-preview:-1\" \/>\n<link rel=\"canonical\" href=\"https:\/\/librairie7l.com\/en\/produit\/oli-epp-hors-doeuvres-2\/\" \/>\n<meta property=\"og:locale\" content=\"en_US\" \/>\n<meta property=\"og:type\" content=\"article\" \/>\n<meta property=\"og:title\" content=\"Oli Epp Hors d&#039;oeuvres - Librairie 7L\" \/>\n<meta property=\"og:description\" content=\"N\u00e9 \u00e0 Londres en 1994, Oli Epp appartient \u00e0 la g\u00e9n\u00e9ration qui a grandi dans un environnement de technologie digitale. L&#8217;artiste d\u00e9livre une peinture tr\u00e8s lisse, trait\u00e9e en aplats l\u00e9ch\u00e9s et zones floues \u00e0 l&#8217;a\u00e9rographe. La lumi\u00e8re se diffuse dans une impression surr\u00e9elle d&#8217;\u00e9cran r\u00e9tro\u00e9clair\u00e9. La simplicit\u00e9 graphique et le d\u00e9cryptage en apparence ais\u00e9 des [&hellip;]\" \/>\n<meta property=\"og:url\" content=\"https:\/\/librairie7l.com\/en\/produit\/oli-epp-hors-doeuvres-2\/\" \/>\n<meta property=\"og:site_name\" content=\"Librairie 7L\" \/>\n<meta property=\"article:modified_time\" content=\"2026-04-17T07:03:34+00:00\" \/>\n<meta property=\"og:image\" content=\"https:\/\/librairie7l.com\/wp-content\/uploads\/2025\/04\/9782377390793_1_75.jpg\" \/>\n\t<meta property=\"og:image:width\" content=\"600\" \/>\n\t<meta property=\"og:image:height\" content=\"814\" \/>\n\t<meta property=\"og:image:type\" content=\"image\/jpeg\" \/>\n<meta name=\"twitter:card\" content=\"summary_large_image\" \/>\n<meta name=\"twitter:label1\" content=\"Est. reading time\" \/>\n\t<meta name=\"twitter:data1\" content=\"1 minute\" \/>\n<script type=\"application\/ld+json\" class=\"yoast-schema-graph\">{\"@context\":\"https:\/\/schema.org\",\"@graph\":[{\"@type\":\"WebPage\",\"@id\":\"https:\/\/librairie7l.com\/en\/produit\/oli-epp-hors-doeuvres-2\/\",\"url\":\"https:\/\/librairie7l.com\/en\/produit\/oli-epp-hors-doeuvres-2\/\",\"name\":\"Oli Epp Hors d'oeuvres - Librairie 7L\",\"isPartOf\":{\"@id\":\"https:\/\/librairie7l.com\/en\/#website\"},\"datePublished\":\"2025-09-11T07:17:46+00:00\",\"dateModified\":\"2026-04-17T07:03:34+00:00\",\"breadcrumb\":{\"@id\":\"https:\/\/librairie7l.com\/en\/produit\/oli-epp-hors-doeuvres-2\/#breadcrumb\"},\"inLanguage\":\"en-US\",\"potentialAction\":[{\"@type\":\"ReadAction\",\"target\":[\"https:\/\/librairie7l.com\/en\/produit\/oli-epp-hors-doeuvres-2\/\"]}]},{\"@type\":\"BreadcrumbList\",\"@id\":\"https:\/\/librairie7l.com\/en\/produit\/oli-epp-hors-doeuvres-2\/#breadcrumb\",\"itemListElement\":[{\"@type\":\"ListItem\",\"position\":1,\"name\":\"Accueil\",\"item\":\"https:\/\/librairie7l.com\/en\/\"},{\"@type\":\"ListItem\",\"position\":2,\"name\":\"Shop\",\"item\":\"https:\/\/librairie7l.com\/en\/shop\/\"},{\"@type\":\"ListItem\",\"position\":3,\"name\":\"OLI EPP HORS D&#8217;OEUVRES\"}]},{\"@type\":\"WebSite\",\"@id\":\"https:\/\/librairie7l.com\/en\/#website\",\"url\":\"https:\/\/librairie7l.com\/en\/\",\"name\":\"Librairie 7L\",\"description\":\"Librairie fond\u00e9e en 1999 par Karl Lagerfeld \u00e0 Paris\",\"publisher\":{\"@id\":\"https:\/\/librairie7l.com\/en\/#organization\"},\"potentialAction\":[{\"@type\":\"SearchAction\",\"target\":{\"@type\":\"EntryPoint\",\"urlTemplate\":\"https:\/\/librairie7l.com\/en\/?s={search_term_string}\"},\"query-input\":\"required name=search_term_string\"}],\"inLanguage\":\"en-US\"},{\"@type\":\"Organization\",\"@id\":\"https:\/\/librairie7l.com\/en\/#organization\",\"name\":\"Librairie 7L\",\"url\":\"https:\/\/librairie7l.com\/en\/\",\"logo\":{\"@type\":\"ImageObject\",\"inLanguage\":\"en-US\",\"@id\":\"https:\/\/librairie7l.com\/en\/#\/schema\/logo\/image\/\",\"url\":\"https:\/\/librairie7l.com\/wp-content\/uploads\/2022\/08\/logo-1.png\",\"contentUrl\":\"https:\/\/librairie7l.com\/wp-content\/uploads\/2022\/08\/logo-1.png\",\"width\":227,\"height\":301,\"caption\":\"Librairie 7L\"},\"image\":{\"@id\":\"https:\/\/librairie7l.com\/en\/#\/schema\/logo\/image\/\"}}]}<\/script>\n<!-- \/ Yoast SEO plugin. -->","yoast_head_json":{"title":"Oli Epp Hors d'oeuvres - Librairie 7L","robots":{"index":"index","follow":"follow","max-snippet":"max-snippet:-1","max-image-preview":"max-image-preview:large","max-video-preview":"max-video-preview:-1"},"canonical":"https:\/\/librairie7l.com\/en\/produit\/oli-epp-hors-doeuvres-2\/","og_locale":"en_US","og_type":"article","og_title":"Oli Epp Hors d'oeuvres - Librairie 7L","og_description":"N\u00e9 \u00e0 Londres en 1994, Oli Epp appartient \u00e0 la g\u00e9n\u00e9ration qui a grandi dans un environnement de technologie digitale. L&#8217;artiste d\u00e9livre une peinture tr\u00e8s lisse, trait\u00e9e en aplats l\u00e9ch\u00e9s et zones floues \u00e0 l&#8217;a\u00e9rographe. La lumi\u00e8re se diffuse dans une impression surr\u00e9elle d&#8217;\u00e9cran r\u00e9tro\u00e9clair\u00e9. La simplicit\u00e9 graphique et le d\u00e9cryptage en apparence ais\u00e9 des [&hellip;]","og_url":"https:\/\/librairie7l.com\/en\/produit\/oli-epp-hors-doeuvres-2\/","og_site_name":"Librairie 7L","article_modified_time":"2026-04-17T07:03:34+00:00","og_image":[{"width":600,"height":814,"url":"https:\/\/librairie7l.com\/wp-content\/uploads\/2025\/04\/9782377390793_1_75.jpg","type":"image\/jpeg"}],"twitter_card":"summary_large_image","twitter_misc":{"Est. reading time":"1 minute"},"schema":{"@context":"https:\/\/schema.org","@graph":[{"@type":"WebPage","@id":"https:\/\/librairie7l.com\/en\/produit\/oli-epp-hors-doeuvres-2\/","url":"https:\/\/librairie7l.com\/en\/produit\/oli-epp-hors-doeuvres-2\/","name":"Oli Epp Hors d'oeuvres - Librairie 7L","isPartOf":{"@id":"https:\/\/librairie7l.com\/en\/#website"},"datePublished":"2025-09-11T07:17:46+00:00","dateModified":"2026-04-17T07:03:34+00:00","breadcrumb":{"@id":"https:\/\/librairie7l.com\/en\/produit\/oli-epp-hors-doeuvres-2\/#breadcrumb"},"inLanguage":"en-US","potentialAction":[{"@type":"ReadAction","target":["https:\/\/librairie7l.com\/en\/produit\/oli-epp-hors-doeuvres-2\/"]}]},{"@type":"BreadcrumbList","@id":"https:\/\/librairie7l.com\/en\/produit\/oli-epp-hors-doeuvres-2\/#breadcrumb","itemListElement":[{"@type":"ListItem","position":1,"name":"Accueil","item":"https:\/\/librairie7l.com\/en\/"},{"@type":"ListItem","position":2,"name":"Shop","item":"https:\/\/librairie7l.com\/en\/shop\/"},{"@type":"ListItem","position":3,"name":"OLI EPP HORS D&#8217;OEUVRES"}]},{"@type":"WebSite","@id":"https:\/\/librairie7l.com\/en\/#website","url":"https:\/\/librairie7l.com\/en\/","name":"Librairie 7L","description":"Librairie fond\u00e9e en 1999 par Karl Lagerfeld \u00e0 Paris","publisher":{"@id":"https:\/\/librairie7l.com\/en\/#organization"},"potentialAction":[{"@type":"SearchAction","target":{"@type":"EntryPoint","urlTemplate":"https:\/\/librairie7l.com\/en\/?s={search_term_string}"},"query-input":"required name=search_term_string"}],"inLanguage":"en-US"},{"@type":"Organization","@id":"https:\/\/librairie7l.com\/en\/#organization","name":"Librairie 7L","url":"https:\/\/librairie7l.com\/en\/","logo":{"@type":"ImageObject","inLanguage":"en-US","@id":"https:\/\/librairie7l.com\/en\/#\/schema\/logo\/image\/","url":"https:\/\/librairie7l.com\/wp-content\/uploads\/2022\/08\/logo-1.png","contentUrl":"https:\/\/librairie7l.com\/wp-content\/uploads\/2022\/08\/logo-1.png","width":227,"height":301,"caption":"Librairie 7L"},"image":{"@id":"https:\/\/librairie7l.com\/en\/#\/schema\/logo\/image\/"}}]}},"_links":{"self":[{"href":"https:\/\/librairie7l.com\/en\/wp-json\/wp\/v2\/product\/50457"}],"collection":[{"href":"https:\/\/librairie7l.com\/en\/wp-json\/wp\/v2\/product"}],"about":[{"href":"https:\/\/librairie7l.com\/en\/wp-json\/wp\/v2\/types\/product"}],"wp:featuredmedia":[{"embeddable":true,"href":"https:\/\/librairie7l.com\/en\/wp-json\/wp\/v2\/media\/50455"}],"wp:attachment":[{"href":"https:\/\/librairie7l.com\/en\/wp-json\/wp\/v2\/media?parent=50457"}],"wp:term":[{"taxonomy":"product_cat","embeddable":true,"href":"https:\/\/librairie7l.com\/en\/wp-json\/wp\/v2\/product_cat?post=50457"},{"taxonomy":"product_tag","embeddable":true,"href":"https:\/\/librairie7l.com\/en\/wp-json\/wp\/v2\/product_tag?post=50457"}],"curies":[{"name":"wp","href":"https:\/\/api.w.org\/{rel}","templated":true}]}}