{"id":50461,"date":"2025-09-11T09:17:48","date_gmt":"2025-09-11T07:17:48","guid":{"rendered":"https:\/\/librairie7l.com\/?post_type=product&#038;p=50461"},"modified":"2026-04-12T18:47:37","modified_gmt":"2026-04-12T16:47:37","slug":"aimez-larchitecture-2","status":"publish","type":"product","link":"https:\/\/librairie7l.com\/en\/produit\/aimez-larchitecture-2\/","title":{"rendered":"AIMEZ L&#8217;ARCHITECTURE"},"content":{"rendered":"<p>Joseph Rykwert ne s&#8217;y \u00e9tait pas tromp\u00e9, lorsqu&#8217;il \u00e9crivit des pages en m\u00e9moire de son ami Gio Ponti (1891-1979), marquant sa profonde diff\u00e9rence avec les architectes de son temps : \u00ab Il est difficile de trouver une photo des grands modernistes &#8211; Le Corbusier, Gropius, Mies &#8211; en train de rire ou m\u00eame de sourire. La plupart du temps, ils ont l&#8217;air aust\u00e8res, propres sur eux, &#8220;autoritaires&#8221;. Ce n&#8217;est pas le cas de Ponti &#8211; \u00e9bouriff\u00e9 par le vent sur la photo la plus connue de lui, prise \u00e0 la fin de sa vie, mais que l&#8217;on voit souvent en train de jouer avec un des objets qu&#8217;il a con\u00e7us. Son humour semble avoir d\u00e9bord\u00e9 dans son travail comme dans ses nombreuses lettres, chaque jour ou presque &#8211; ce m\u00eame humour qui envahissait toutes ses activit\u00e9s -, au point qu&#8217;en lui parlant, on avait l&#8217;impression que son dernier projet portait sur la chose la plus amusante qu&#8217;on puisse imaginer. \u00bb On l&#8217;aura compris : Aimez l&#8217;architecture est un texte hors du commun&#8230; Gio Ponti, \u00e0 la fois architecte, designer, c\u00e9ramiste, directeur de revue, le publia au sommet de sa carri\u00e8re, en 1957. D\u00e8s son titre, c&#8217;est bien d&#8217;un engagement qu&#8217;il s&#8217;agit, mais qui laisse au lecteur &#8211; effet sans doute de la foi de Ponti, tout ensemble foi en l&#8217;architecture et foi religieuse &#8211; le soin de se prononcer lui-m\u00eame en faveur de l&#8217;adoption ou non des propositions qui lui sont faites.<br \/>\nCar Aimez l&#8217;architecture n&#8217;est pas un trait\u00e9, ni un discours monolithique cherchant \u00e0 provoquer, \u00e0 dominer l&#8217;adh\u00e9sion. C&#8217;est un texte au sens propre du terme, c&#8217;est-\u00e0-dire un tissu, une collection d&#8217;id\u00e9es refl\u00e9tant celles qui se sont accumul\u00e9es au fil du temps chez l&#8217;auteur. Un livre fait \u00ab comme on peint \u00bb, avec de multiples retouches, de nombreux repentirs, et qui pourtant, \u00e0 la fin, compose un tableau. La chose n&#8217;est pas fr\u00e9quente, en un si\u00e8cle o\u00f9 ont plut\u00f4t pr\u00e9valu les manifestes, ou les d\u00e9clarations imp\u00e9rieuses. \u00ab Il existe \u00bb, \u00e9crit Ponti, \u00ab outre la logique directe et glorieuse de la pens\u00e9e, outre la logique de la logique, a priori, qui conduit \u00e0 un r\u00e9sultat irr\u00e9prochable, logique, par un processus logique, il existe aussi une logique anecdotique, illogique, qui suit des itin\u00e9raires \u00e9prouvants, et proc\u00e8de par constatations a posteriori, par rattrapages : empirique. Elle nous conduit, \u00e0 travers le m\u00e9tier, sur des chemins de traverse et aussi d&#8217;imagination, vers des objectifs dont nous finissons par reconna\u00eetre la substance logique. \u00bb<br \/>\nC&#8217;est bien \u00e0 ce parcours aussi s\u00e9rieux que dr\u00f4le et parfois \u00e9trange que Ponti nous convie, d&#8217;un chapitre \u00e0 l&#8217;autre, d&#8217;une page \u00e0 l&#8217;autre, et presque d&#8217;une phrase \u00e0 l&#8217;autre. Ponti avait \u00e9t\u00e9 particuli\u00e8rement marqu\u00e9 par la d\u00e9finition que Persico proposait de l&#8217;architecture, ou plut\u00f4t qu&#8217;il sugg\u00e9rait \u00e0 la fin d&#8217;un article c\u00e9l\u00e8bre de 1934, citant en r\u00e9alit\u00e9 un passage de la Lettre aux H\u00e9breux : \u00ab La substance des choses qu&#8217;on esp\u00e8re. \u00bb C&#8217;est en cette substance, travaill\u00e9e d&#8217;id\u00e9aux toujours \u00e0 remettre concr\u00e8tement sur le m\u00e9tier, que, pour Ponti, l&#8217;architecture consiste.<\/p>\n","protected":false},"excerpt":{"rendered":"<p>Joseph Rykwert ne s&#8217;y \u00e9tait pas tromp\u00e9, lorsqu&#8217;il \u00e9crivit des pages en m\u00e9moire de son ami Gio Ponti (1891-1979), marquant sa profonde diff\u00e9rence avec les architectes de son temps : \u00ab Il est difficile de trouver une photo des grands modernistes &#8211; Le Corbusier, Gropius, Mies &#8211; en train de rire ou m\u00eame de sourire. [&hellip;]<\/p>\n","protected":false},"featured_media":50459,"template":"","meta":[],"product_cat":[2948,2950],"product_tag":[],"acf":[],"yoast_head":"<!-- This site is optimized with the Yoast SEO plugin v20.11 - https:\/\/yoast.com\/wordpress\/plugins\/seo\/ -->\n<title>Aimez l&#039;architecture - Librairie 7L<\/title>\n<meta name=\"robots\" content=\"index, follow, max-snippet:-1, max-image-preview:large, max-video-preview:-1\" \/>\n<link rel=\"canonical\" href=\"https:\/\/librairie7l.com\/en\/produit\/aimez-larchitecture-2\/\" \/>\n<meta property=\"og:locale\" content=\"en_US\" \/>\n<meta property=\"og:type\" content=\"article\" \/>\n<meta property=\"og:title\" content=\"Aimez l&#039;architecture - Librairie 7L\" \/>\n<meta property=\"og:description\" content=\"Joseph Rykwert ne s&#8217;y \u00e9tait pas tromp\u00e9, lorsqu&#8217;il \u00e9crivit des pages en m\u00e9moire de son ami Gio Ponti (1891-1979), marquant sa profonde diff\u00e9rence avec les architectes de son temps : \u00ab Il est difficile de trouver une photo des grands modernistes &#8211; Le Corbusier, Gropius, Mies &#8211; en train de rire ou m\u00eame de sourire. [&hellip;]\" \/>\n<meta property=\"og:url\" content=\"https:\/\/librairie7l.com\/en\/produit\/aimez-larchitecture-2\/\" \/>\n<meta property=\"og:site_name\" content=\"Librairie 7L\" \/>\n<meta property=\"article:modified_time\" content=\"2026-04-12T16:47:37+00:00\" \/>\n<meta property=\"og:image\" content=\"https:\/\/librairie7l.com\/wp-content\/uploads\/2025\/03\/9791097497743_1_75.jpg\" \/>\n\t<meta property=\"og:image:width\" content=\"600\" \/>\n\t<meta property=\"og:image:height\" content=\"807\" \/>\n\t<meta property=\"og:image:type\" content=\"image\/jpeg\" \/>\n<meta name=\"twitter:card\" content=\"summary_large_image\" \/>\n<meta name=\"twitter:label1\" content=\"Est. reading time\" \/>\n\t<meta name=\"twitter:data1\" content=\"3 minutes\" \/>\n<script type=\"application\/ld+json\" class=\"yoast-schema-graph\">{\"@context\":\"https:\/\/schema.org\",\"@graph\":[{\"@type\":\"WebPage\",\"@id\":\"https:\/\/librairie7l.com\/en\/produit\/aimez-larchitecture-2\/\",\"url\":\"https:\/\/librairie7l.com\/en\/produit\/aimez-larchitecture-2\/\",\"name\":\"Aimez l'architecture - Librairie 7L\",\"isPartOf\":{\"@id\":\"https:\/\/librairie7l.com\/en\/#website\"},\"datePublished\":\"2025-09-11T07:17:48+00:00\",\"dateModified\":\"2026-04-12T16:47:37+00:00\",\"breadcrumb\":{\"@id\":\"https:\/\/librairie7l.com\/en\/produit\/aimez-larchitecture-2\/#breadcrumb\"},\"inLanguage\":\"en-US\",\"potentialAction\":[{\"@type\":\"ReadAction\",\"target\":[\"https:\/\/librairie7l.com\/en\/produit\/aimez-larchitecture-2\/\"]}]},{\"@type\":\"BreadcrumbList\",\"@id\":\"https:\/\/librairie7l.com\/en\/produit\/aimez-larchitecture-2\/#breadcrumb\",\"itemListElement\":[{\"@type\":\"ListItem\",\"position\":1,\"name\":\"Accueil\",\"item\":\"https:\/\/librairie7l.com\/en\/\"},{\"@type\":\"ListItem\",\"position\":2,\"name\":\"Shop\",\"item\":\"https:\/\/librairie7l.com\/en\/shop\/\"},{\"@type\":\"ListItem\",\"position\":3,\"name\":\"AIMEZ L&#8217;ARCHITECTURE\"}]},{\"@type\":\"WebSite\",\"@id\":\"https:\/\/librairie7l.com\/en\/#website\",\"url\":\"https:\/\/librairie7l.com\/en\/\",\"name\":\"Librairie 7L\",\"description\":\"Librairie fond\u00e9e en 1999 par Karl Lagerfeld \u00e0 Paris\",\"publisher\":{\"@id\":\"https:\/\/librairie7l.com\/en\/#organization\"},\"potentialAction\":[{\"@type\":\"SearchAction\",\"target\":{\"@type\":\"EntryPoint\",\"urlTemplate\":\"https:\/\/librairie7l.com\/en\/?s={search_term_string}\"},\"query-input\":\"required name=search_term_string\"}],\"inLanguage\":\"en-US\"},{\"@type\":\"Organization\",\"@id\":\"https:\/\/librairie7l.com\/en\/#organization\",\"name\":\"Librairie 7L\",\"url\":\"https:\/\/librairie7l.com\/en\/\",\"logo\":{\"@type\":\"ImageObject\",\"inLanguage\":\"en-US\",\"@id\":\"https:\/\/librairie7l.com\/en\/#\/schema\/logo\/image\/\",\"url\":\"https:\/\/librairie7l.com\/wp-content\/uploads\/2022\/08\/logo-1.png\",\"contentUrl\":\"https:\/\/librairie7l.com\/wp-content\/uploads\/2022\/08\/logo-1.png\",\"width\":227,\"height\":301,\"caption\":\"Librairie 7L\"},\"image\":{\"@id\":\"https:\/\/librairie7l.com\/en\/#\/schema\/logo\/image\/\"}}]}<\/script>\n<!-- \/ Yoast SEO plugin. -->","yoast_head_json":{"title":"Aimez l'architecture - Librairie 7L","robots":{"index":"index","follow":"follow","max-snippet":"max-snippet:-1","max-image-preview":"max-image-preview:large","max-video-preview":"max-video-preview:-1"},"canonical":"https:\/\/librairie7l.com\/en\/produit\/aimez-larchitecture-2\/","og_locale":"en_US","og_type":"article","og_title":"Aimez l'architecture - Librairie 7L","og_description":"Joseph Rykwert ne s&#8217;y \u00e9tait pas tromp\u00e9, lorsqu&#8217;il \u00e9crivit des pages en m\u00e9moire de son ami Gio Ponti (1891-1979), marquant sa profonde diff\u00e9rence avec les architectes de son temps : \u00ab Il est difficile de trouver une photo des grands modernistes &#8211; Le Corbusier, Gropius, Mies &#8211; en train de rire ou m\u00eame de sourire. [&hellip;]","og_url":"https:\/\/librairie7l.com\/en\/produit\/aimez-larchitecture-2\/","og_site_name":"Librairie 7L","article_modified_time":"2026-04-12T16:47:37+00:00","og_image":[{"width":600,"height":807,"url":"https:\/\/librairie7l.com\/wp-content\/uploads\/2025\/03\/9791097497743_1_75.jpg","type":"image\/jpeg"}],"twitter_card":"summary_large_image","twitter_misc":{"Est. reading time":"3 minutes"},"schema":{"@context":"https:\/\/schema.org","@graph":[{"@type":"WebPage","@id":"https:\/\/librairie7l.com\/en\/produit\/aimez-larchitecture-2\/","url":"https:\/\/librairie7l.com\/en\/produit\/aimez-larchitecture-2\/","name":"Aimez l'architecture - Librairie 7L","isPartOf":{"@id":"https:\/\/librairie7l.com\/en\/#website"},"datePublished":"2025-09-11T07:17:48+00:00","dateModified":"2026-04-12T16:47:37+00:00","breadcrumb":{"@id":"https:\/\/librairie7l.com\/en\/produit\/aimez-larchitecture-2\/#breadcrumb"},"inLanguage":"en-US","potentialAction":[{"@type":"ReadAction","target":["https:\/\/librairie7l.com\/en\/produit\/aimez-larchitecture-2\/"]}]},{"@type":"BreadcrumbList","@id":"https:\/\/librairie7l.com\/en\/produit\/aimez-larchitecture-2\/#breadcrumb","itemListElement":[{"@type":"ListItem","position":1,"name":"Accueil","item":"https:\/\/librairie7l.com\/en\/"},{"@type":"ListItem","position":2,"name":"Shop","item":"https:\/\/librairie7l.com\/en\/shop\/"},{"@type":"ListItem","position":3,"name":"AIMEZ L&#8217;ARCHITECTURE"}]},{"@type":"WebSite","@id":"https:\/\/librairie7l.com\/en\/#website","url":"https:\/\/librairie7l.com\/en\/","name":"Librairie 7L","description":"Librairie fond\u00e9e en 1999 par Karl Lagerfeld \u00e0 Paris","publisher":{"@id":"https:\/\/librairie7l.com\/en\/#organization"},"potentialAction":[{"@type":"SearchAction","target":{"@type":"EntryPoint","urlTemplate":"https:\/\/librairie7l.com\/en\/?s={search_term_string}"},"query-input":"required name=search_term_string"}],"inLanguage":"en-US"},{"@type":"Organization","@id":"https:\/\/librairie7l.com\/en\/#organization","name":"Librairie 7L","url":"https:\/\/librairie7l.com\/en\/","logo":{"@type":"ImageObject","inLanguage":"en-US","@id":"https:\/\/librairie7l.com\/en\/#\/schema\/logo\/image\/","url":"https:\/\/librairie7l.com\/wp-content\/uploads\/2022\/08\/logo-1.png","contentUrl":"https:\/\/librairie7l.com\/wp-content\/uploads\/2022\/08\/logo-1.png","width":227,"height":301,"caption":"Librairie 7L"},"image":{"@id":"https:\/\/librairie7l.com\/en\/#\/schema\/logo\/image\/"}}]}},"_links":{"self":[{"href":"https:\/\/librairie7l.com\/en\/wp-json\/wp\/v2\/product\/50461"}],"collection":[{"href":"https:\/\/librairie7l.com\/en\/wp-json\/wp\/v2\/product"}],"about":[{"href":"https:\/\/librairie7l.com\/en\/wp-json\/wp\/v2\/types\/product"}],"wp:featuredmedia":[{"embeddable":true,"href":"https:\/\/librairie7l.com\/en\/wp-json\/wp\/v2\/media\/50459"}],"wp:attachment":[{"href":"https:\/\/librairie7l.com\/en\/wp-json\/wp\/v2\/media?parent=50461"}],"wp:term":[{"taxonomy":"product_cat","embeddable":true,"href":"https:\/\/librairie7l.com\/en\/wp-json\/wp\/v2\/product_cat?post=50461"},{"taxonomy":"product_tag","embeddable":true,"href":"https:\/\/librairie7l.com\/en\/wp-json\/wp\/v2\/product_tag?post=50461"}],"curies":[{"name":"wp","href":"https:\/\/api.w.org\/{rel}","templated":true}]}}