{"id":50465,"date":"2025-09-11T09:17:52","date_gmt":"2025-09-11T07:17:52","guid":{"rendered":"https:\/\/librairie7l.com\/?post_type=product&#038;p=50465"},"modified":"2026-04-17T00:09:13","modified_gmt":"2026-04-16T22:09:13","slug":"les-savoir-faire-de-la-mode-taxonomies-2","status":"publish","type":"product","link":"https:\/\/librairie7l.com\/en\/produit\/les-savoir-faire-de-la-mode-taxonomies-2\/","title":{"rendered":"LES SAVOIR-FAIRE DE LA MODE : TAXONOMIES"},"content":{"rendered":"<p>Ce troisi\u00e8me volume de la s\u00e9rie consacr\u00e9e aux savoir-faire de la mode interroge les logiques de classification et de hi\u00e9rarchies dans la longue histoire des m\u00e9tiers du v\u00eatement et de ses accessoires. Si plumassiers ou bijoutiers repr\u00e9sentent encore aujourd&#8217;hui avec \u00e9clat cette expertise technique au service de la cr\u00e9ation, nombre de gestes et outils demeurent m\u00e9connus ou d\u00e9valu\u00e9s.<br \/>\nCet ouvrage collectif, qui rassemble historiennes et historiens de l&#8217;art et des techniques, artisans, designers mais aussi restaurateurs et commissaires d&#8217;exposition, proc\u00e8de \u00e0 un inventaire de la diversit\u00e9 de ces pratiques. Il propose notamment de reconsid\u00e9rer certaines techniques habituellement associ\u00e9es \u00e0 la sph\u00e8re domestique comme les reprises, r\u00e9parations et retouches. C&#8217;est \u00e9galement au plus pr\u00e8s des objets que l&#8217;on appr\u00e9cie la complexit\u00e9 et l&#8217;expertise des m\u00e9tiers li\u00e9s \u00e0 l&#8217;imitation ou au trompe-l&#8217;oeil, qui n\u00e9cessitent une ing\u00e9niosit\u00e9 toute \u00e9gale aux pratiques les plus nobles.<br \/>\nEn consid\u00e9rant les tensions et compl\u00e9mentarit\u00e9s entre travail de la main et de la machine, l&#8217;ouvrage invite ainsi \u00e0 d\u00e9passer ces oppositions souvent trop cat\u00e9goriques en revenant sur les liens entre confection et haute-couture. Avec une attention port\u00e9e \u00e0 la pratique de l&#8217;exposition et aux logiques d&#8217;archivage, espaces par excellence des logiques taxonomique, l&#8217;ouvrage propose d&#8217;explorer \u00e0 nouveaux frais la vari\u00e9t\u00e9 des savoirs qui font la mode &#8211;\u00a0celle du quotidien ou d&#8217;exception, d&#8217;hier \u00e0 aujourd&#8217;hui.<br \/>\nCet ouvrage est le r\u00e9sultat des activit\u00e9s men\u00e9es dans le cadre du s\u00e9minaire de recherche de la chaire Chanel et le 19M des savoir-faire de la mode \u00e0 l&#8217;Institut fran\u00e7ais de la mode.<\/p>\n","protected":false},"excerpt":{"rendered":"<p>Ce troisi\u00e8me volume de la s\u00e9rie consacr\u00e9e aux savoir-faire de la mode interroge les logiques de classification et de hi\u00e9rarchies dans la longue histoire des m\u00e9tiers du v\u00eatement et de ses accessoires. Si plumassiers ou bijoutiers repr\u00e9sentent encore aujourd&#8217;hui avec \u00e9clat cette expertise technique au service de la cr\u00e9ation, nombre de gestes et outils demeurent [&hellip;]<\/p>\n","protected":false},"featured_media":50463,"template":"","meta":[],"product_cat":[2948,2957],"product_tag":[],"acf":[],"yoast_head":"<!-- This site is optimized with the Yoast SEO plugin v20.11 - https:\/\/yoast.com\/wordpress\/plugins\/seo\/ -->\n<title>LES SAVOIR-FAIRE DE LA MODE : TAXONOMIES - Librairie 7L<\/title>\n<meta name=\"robots\" content=\"index, follow, max-snippet:-1, max-image-preview:large, max-video-preview:-1\" \/>\n<link rel=\"canonical\" href=\"https:\/\/librairie7l.com\/en\/produit\/les-savoir-faire-de-la-mode-taxonomies-2\/\" \/>\n<meta property=\"og:locale\" content=\"en_US\" \/>\n<meta property=\"og:type\" content=\"article\" \/>\n<meta property=\"og:title\" content=\"LES SAVOIR-FAIRE DE LA MODE : TAXONOMIES - Librairie 7L\" \/>\n<meta property=\"og:description\" content=\"Ce troisi\u00e8me volume de la s\u00e9rie consacr\u00e9e aux savoir-faire de la mode interroge les logiques de classification et de hi\u00e9rarchies dans la longue histoire des m\u00e9tiers du v\u00eatement et de ses accessoires. Si plumassiers ou bijoutiers repr\u00e9sentent encore aujourd&#8217;hui avec \u00e9clat cette expertise technique au service de la cr\u00e9ation, nombre de gestes et outils demeurent [&hellip;]\" \/>\n<meta property=\"og:url\" content=\"https:\/\/librairie7l.com\/en\/produit\/les-savoir-faire-de-la-mode-taxonomies-2\/\" \/>\n<meta property=\"og:site_name\" content=\"Librairie 7L\" \/>\n<meta property=\"article:modified_time\" content=\"2026-04-16T22:09:13+00:00\" \/>\n<meta property=\"og:image\" content=\"https:\/\/librairie7l.com\/wp-content\/uploads\/2025\/03\/9782494983366_1_75.jpg\" \/>\n\t<meta property=\"og:image:width\" content=\"600\" \/>\n\t<meta property=\"og:image:height\" content=\"792\" \/>\n\t<meta property=\"og:image:type\" content=\"image\/jpeg\" \/>\n<meta name=\"twitter:card\" content=\"summary_large_image\" \/>\n<meta name=\"twitter:label1\" content=\"Est. reading time\" \/>\n\t<meta name=\"twitter:data1\" content=\"1 minute\" \/>\n<script type=\"application\/ld+json\" class=\"yoast-schema-graph\">{\"@context\":\"https:\/\/schema.org\",\"@graph\":[{\"@type\":\"WebPage\",\"@id\":\"https:\/\/librairie7l.com\/en\/produit\/les-savoir-faire-de-la-mode-taxonomies-2\/\",\"url\":\"https:\/\/librairie7l.com\/en\/produit\/les-savoir-faire-de-la-mode-taxonomies-2\/\",\"name\":\"LES SAVOIR-FAIRE DE LA MODE : TAXONOMIES - Librairie 7L\",\"isPartOf\":{\"@id\":\"https:\/\/librairie7l.com\/en\/#website\"},\"datePublished\":\"2025-09-11T07:17:52+00:00\",\"dateModified\":\"2026-04-16T22:09:13+00:00\",\"breadcrumb\":{\"@id\":\"https:\/\/librairie7l.com\/en\/produit\/les-savoir-faire-de-la-mode-taxonomies-2\/#breadcrumb\"},\"inLanguage\":\"en-US\",\"potentialAction\":[{\"@type\":\"ReadAction\",\"target\":[\"https:\/\/librairie7l.com\/en\/produit\/les-savoir-faire-de-la-mode-taxonomies-2\/\"]}]},{\"@type\":\"BreadcrumbList\",\"@id\":\"https:\/\/librairie7l.com\/en\/produit\/les-savoir-faire-de-la-mode-taxonomies-2\/#breadcrumb\",\"itemListElement\":[{\"@type\":\"ListItem\",\"position\":1,\"name\":\"Accueil\",\"item\":\"https:\/\/librairie7l.com\/en\/\"},{\"@type\":\"ListItem\",\"position\":2,\"name\":\"Shop\",\"item\":\"https:\/\/librairie7l.com\/en\/shop\/\"},{\"@type\":\"ListItem\",\"position\":3,\"name\":\"LES SAVOIR-FAIRE DE LA MODE : TAXONOMIES\"}]},{\"@type\":\"WebSite\",\"@id\":\"https:\/\/librairie7l.com\/en\/#website\",\"url\":\"https:\/\/librairie7l.com\/en\/\",\"name\":\"Librairie 7L\",\"description\":\"Librairie fond\u00e9e en 1999 par Karl Lagerfeld \u00e0 Paris\",\"publisher\":{\"@id\":\"https:\/\/librairie7l.com\/en\/#organization\"},\"potentialAction\":[{\"@type\":\"SearchAction\",\"target\":{\"@type\":\"EntryPoint\",\"urlTemplate\":\"https:\/\/librairie7l.com\/en\/?s={search_term_string}\"},\"query-input\":\"required name=search_term_string\"}],\"inLanguage\":\"en-US\"},{\"@type\":\"Organization\",\"@id\":\"https:\/\/librairie7l.com\/en\/#organization\",\"name\":\"Librairie 7L\",\"url\":\"https:\/\/librairie7l.com\/en\/\",\"logo\":{\"@type\":\"ImageObject\",\"inLanguage\":\"en-US\",\"@id\":\"https:\/\/librairie7l.com\/en\/#\/schema\/logo\/image\/\",\"url\":\"https:\/\/librairie7l.com\/wp-content\/uploads\/2022\/08\/logo-1.png\",\"contentUrl\":\"https:\/\/librairie7l.com\/wp-content\/uploads\/2022\/08\/logo-1.png\",\"width\":227,\"height\":301,\"caption\":\"Librairie 7L\"},\"image\":{\"@id\":\"https:\/\/librairie7l.com\/en\/#\/schema\/logo\/image\/\"}}]}<\/script>\n<!-- \/ Yoast SEO plugin. -->","yoast_head_json":{"title":"LES SAVOIR-FAIRE DE LA MODE : TAXONOMIES - Librairie 7L","robots":{"index":"index","follow":"follow","max-snippet":"max-snippet:-1","max-image-preview":"max-image-preview:large","max-video-preview":"max-video-preview:-1"},"canonical":"https:\/\/librairie7l.com\/en\/produit\/les-savoir-faire-de-la-mode-taxonomies-2\/","og_locale":"en_US","og_type":"article","og_title":"LES SAVOIR-FAIRE DE LA MODE : TAXONOMIES - Librairie 7L","og_description":"Ce troisi\u00e8me volume de la s\u00e9rie consacr\u00e9e aux savoir-faire de la mode interroge les logiques de classification et de hi\u00e9rarchies dans la longue histoire des m\u00e9tiers du v\u00eatement et de ses accessoires. Si plumassiers ou bijoutiers repr\u00e9sentent encore aujourd&#8217;hui avec \u00e9clat cette expertise technique au service de la cr\u00e9ation, nombre de gestes et outils demeurent [&hellip;]","og_url":"https:\/\/librairie7l.com\/en\/produit\/les-savoir-faire-de-la-mode-taxonomies-2\/","og_site_name":"Librairie 7L","article_modified_time":"2026-04-16T22:09:13+00:00","og_image":[{"width":600,"height":792,"url":"https:\/\/librairie7l.com\/wp-content\/uploads\/2025\/03\/9782494983366_1_75.jpg","type":"image\/jpeg"}],"twitter_card":"summary_large_image","twitter_misc":{"Est. reading time":"1 minute"},"schema":{"@context":"https:\/\/schema.org","@graph":[{"@type":"WebPage","@id":"https:\/\/librairie7l.com\/en\/produit\/les-savoir-faire-de-la-mode-taxonomies-2\/","url":"https:\/\/librairie7l.com\/en\/produit\/les-savoir-faire-de-la-mode-taxonomies-2\/","name":"LES SAVOIR-FAIRE DE LA MODE : TAXONOMIES - Librairie 7L","isPartOf":{"@id":"https:\/\/librairie7l.com\/en\/#website"},"datePublished":"2025-09-11T07:17:52+00:00","dateModified":"2026-04-16T22:09:13+00:00","breadcrumb":{"@id":"https:\/\/librairie7l.com\/en\/produit\/les-savoir-faire-de-la-mode-taxonomies-2\/#breadcrumb"},"inLanguage":"en-US","potentialAction":[{"@type":"ReadAction","target":["https:\/\/librairie7l.com\/en\/produit\/les-savoir-faire-de-la-mode-taxonomies-2\/"]}]},{"@type":"BreadcrumbList","@id":"https:\/\/librairie7l.com\/en\/produit\/les-savoir-faire-de-la-mode-taxonomies-2\/#breadcrumb","itemListElement":[{"@type":"ListItem","position":1,"name":"Accueil","item":"https:\/\/librairie7l.com\/en\/"},{"@type":"ListItem","position":2,"name":"Shop","item":"https:\/\/librairie7l.com\/en\/shop\/"},{"@type":"ListItem","position":3,"name":"LES SAVOIR-FAIRE DE LA MODE : TAXONOMIES"}]},{"@type":"WebSite","@id":"https:\/\/librairie7l.com\/en\/#website","url":"https:\/\/librairie7l.com\/en\/","name":"Librairie 7L","description":"Librairie fond\u00e9e en 1999 par Karl Lagerfeld \u00e0 Paris","publisher":{"@id":"https:\/\/librairie7l.com\/en\/#organization"},"potentialAction":[{"@type":"SearchAction","target":{"@type":"EntryPoint","urlTemplate":"https:\/\/librairie7l.com\/en\/?s={search_term_string}"},"query-input":"required name=search_term_string"}],"inLanguage":"en-US"},{"@type":"Organization","@id":"https:\/\/librairie7l.com\/en\/#organization","name":"Librairie 7L","url":"https:\/\/librairie7l.com\/en\/","logo":{"@type":"ImageObject","inLanguage":"en-US","@id":"https:\/\/librairie7l.com\/en\/#\/schema\/logo\/image\/","url":"https:\/\/librairie7l.com\/wp-content\/uploads\/2022\/08\/logo-1.png","contentUrl":"https:\/\/librairie7l.com\/wp-content\/uploads\/2022\/08\/logo-1.png","width":227,"height":301,"caption":"Librairie 7L"},"image":{"@id":"https:\/\/librairie7l.com\/en\/#\/schema\/logo\/image\/"}}]}},"_links":{"self":[{"href":"https:\/\/librairie7l.com\/en\/wp-json\/wp\/v2\/product\/50465"}],"collection":[{"href":"https:\/\/librairie7l.com\/en\/wp-json\/wp\/v2\/product"}],"about":[{"href":"https:\/\/librairie7l.com\/en\/wp-json\/wp\/v2\/types\/product"}],"wp:featuredmedia":[{"embeddable":true,"href":"https:\/\/librairie7l.com\/en\/wp-json\/wp\/v2\/media\/50463"}],"wp:attachment":[{"href":"https:\/\/librairie7l.com\/en\/wp-json\/wp\/v2\/media?parent=50465"}],"wp:term":[{"taxonomy":"product_cat","embeddable":true,"href":"https:\/\/librairie7l.com\/en\/wp-json\/wp\/v2\/product_cat?post=50465"},{"taxonomy":"product_tag","embeddable":true,"href":"https:\/\/librairie7l.com\/en\/wp-json\/wp\/v2\/product_tag?post=50465"}],"curies":[{"name":"wp","href":"https:\/\/api.w.org\/{rel}","templated":true}]}}