{"id":50469,"date":"2025-09-11T09:17:54","date_gmt":"2025-09-11T07:17:54","guid":{"rendered":"https:\/\/librairie7l.com\/?post_type=product&#038;p=50469"},"modified":"2026-04-26T00:16:21","modified_gmt":"2026-04-25T22:16:21","slug":"solargraphs-2","status":"publish","type":"product","link":"https:\/\/librairie7l.com\/en\/produit\/solargraphs-2\/","title":{"rendered":"SOLARGRAPHS"},"content":{"rendered":"<p>Dans sa qu\u00eate d&#8217;explorer notre rapport au temps et \u00e0 l&#8217;espace, le photographe Robert Charles Mann est revenu \u00e0 une pratique minimaliste de la captation d&#8217;une image.<br \/>\nSes Solargraphs sont r\u00e9alis\u00e9s \u00e0 partir d&#8217;appareils photo \u00e0 st\u00e9nop\u00e9 qu&#8217;il a lui-m\u00eame fabriqu\u00e9s et qui lui permettent<br \/>\nd&#8217;exposer le soleil en continu pendant six mois, d&#8217;un solstice \u00e0 l&#8217;autre. Chaque jour, le soleil laisse une trace sur le papier photographique install\u00e9 \u00e0 l&#8217;int\u00e9rieur des<br \/>\nappareils.<br \/>\nPendant plusieurs ann\u00e9es, il a install\u00e9 ses appareils sur le domaine de Miraval. Ce livre d&#8217;artiste rassemble le meilleur de ces clich\u00e9s exceptionnels, pr\u00e9sent\u00e9s de mani\u00e8re chronologique.<\/p>\n","protected":false},"excerpt":{"rendered":"<p>Dans sa qu\u00eate d&#8217;explorer notre rapport au temps et \u00e0 l&#8217;espace, le photographe Robert Charles Mann est revenu \u00e0 une pratique minimaliste de la captation d&#8217;une image. Ses Solargraphs sont r\u00e9alis\u00e9s \u00e0 partir d&#8217;appareils photo \u00e0 st\u00e9nop\u00e9 qu&#8217;il a lui-m\u00eame fabriqu\u00e9s et qui lui permettent d&#8217;exposer le soleil en continu pendant six mois, d&#8217;un solstice [&hellip;]<\/p>\n","protected":false},"featured_media":50467,"template":"","meta":[],"product_cat":[2948,2958],"product_tag":[],"acf":[],"yoast_head":"<!-- This site is optimized with the Yoast SEO plugin v20.11 - https:\/\/yoast.com\/wordpress\/plugins\/seo\/ -->\n<title>Solargraphs - Librairie 7L<\/title>\n<meta name=\"robots\" content=\"index, follow, max-snippet:-1, max-image-preview:large, max-video-preview:-1\" \/>\n<link rel=\"canonical\" href=\"https:\/\/librairie7l.com\/en\/produit\/solargraphs-2\/\" \/>\n<meta property=\"og:locale\" content=\"en_US\" \/>\n<meta property=\"og:type\" content=\"article\" \/>\n<meta property=\"og:title\" content=\"Solargraphs - Librairie 7L\" \/>\n<meta property=\"og:description\" content=\"Dans sa qu\u00eate d&#8217;explorer notre rapport au temps et \u00e0 l&#8217;espace, le photographe Robert Charles Mann est revenu \u00e0 une pratique minimaliste de la captation d&#8217;une image. Ses Solargraphs sont r\u00e9alis\u00e9s \u00e0 partir d&#8217;appareils photo \u00e0 st\u00e9nop\u00e9 qu&#8217;il a lui-m\u00eame fabriqu\u00e9s et qui lui permettent d&#8217;exposer le soleil en continu pendant six mois, d&#8217;un solstice [&hellip;]\" \/>\n<meta property=\"og:url\" content=\"https:\/\/librairie7l.com\/en\/produit\/solargraphs-2\/\" \/>\n<meta property=\"og:site_name\" content=\"Librairie 7L\" \/>\n<meta property=\"article:modified_time\" content=\"2026-04-25T22:16:21+00:00\" \/>\n<meta property=\"og:image\" content=\"https:\/\/librairie7l.com\/wp-content\/uploads\/2025\/04\/9782490952649_1_75.jpg\" \/>\n\t<meta property=\"og:image:width\" content=\"600\" \/>\n\t<meta property=\"og:image:height\" content=\"600\" \/>\n\t<meta property=\"og:image:type\" content=\"image\/jpeg\" \/>\n<meta name=\"twitter:card\" content=\"summary_large_image\" \/>\n<meta name=\"twitter:label1\" content=\"Est. reading time\" \/>\n\t<meta name=\"twitter:data1\" content=\"1 minute\" \/>\n<script type=\"application\/ld+json\" class=\"yoast-schema-graph\">{\"@context\":\"https:\/\/schema.org\",\"@graph\":[{\"@type\":\"WebPage\",\"@id\":\"https:\/\/librairie7l.com\/en\/produit\/solargraphs-2\/\",\"url\":\"https:\/\/librairie7l.com\/en\/produit\/solargraphs-2\/\",\"name\":\"Solargraphs - Librairie 7L\",\"isPartOf\":{\"@id\":\"https:\/\/librairie7l.com\/en\/#website\"},\"datePublished\":\"2025-09-11T07:17:54+00:00\",\"dateModified\":\"2026-04-25T22:16:21+00:00\",\"breadcrumb\":{\"@id\":\"https:\/\/librairie7l.com\/en\/produit\/solargraphs-2\/#breadcrumb\"},\"inLanguage\":\"en-US\",\"potentialAction\":[{\"@type\":\"ReadAction\",\"target\":[\"https:\/\/librairie7l.com\/en\/produit\/solargraphs-2\/\"]}]},{\"@type\":\"BreadcrumbList\",\"@id\":\"https:\/\/librairie7l.com\/en\/produit\/solargraphs-2\/#breadcrumb\",\"itemListElement\":[{\"@type\":\"ListItem\",\"position\":1,\"name\":\"Accueil\",\"item\":\"https:\/\/librairie7l.com\/en\/\"},{\"@type\":\"ListItem\",\"position\":2,\"name\":\"Shop\",\"item\":\"https:\/\/librairie7l.com\/en\/shop\/\"},{\"@type\":\"ListItem\",\"position\":3,\"name\":\"SOLARGRAPHS\"}]},{\"@type\":\"WebSite\",\"@id\":\"https:\/\/librairie7l.com\/en\/#website\",\"url\":\"https:\/\/librairie7l.com\/en\/\",\"name\":\"Librairie 7L\",\"description\":\"Librairie fond\u00e9e en 1999 par Karl Lagerfeld \u00e0 Paris\",\"publisher\":{\"@id\":\"https:\/\/librairie7l.com\/en\/#organization\"},\"potentialAction\":[{\"@type\":\"SearchAction\",\"target\":{\"@type\":\"EntryPoint\",\"urlTemplate\":\"https:\/\/librairie7l.com\/en\/?s={search_term_string}\"},\"query-input\":\"required name=search_term_string\"}],\"inLanguage\":\"en-US\"},{\"@type\":\"Organization\",\"@id\":\"https:\/\/librairie7l.com\/en\/#organization\",\"name\":\"Librairie 7L\",\"url\":\"https:\/\/librairie7l.com\/en\/\",\"logo\":{\"@type\":\"ImageObject\",\"inLanguage\":\"en-US\",\"@id\":\"https:\/\/librairie7l.com\/en\/#\/schema\/logo\/image\/\",\"url\":\"https:\/\/librairie7l.com\/wp-content\/uploads\/2022\/08\/logo-1.png\",\"contentUrl\":\"https:\/\/librairie7l.com\/wp-content\/uploads\/2022\/08\/logo-1.png\",\"width\":227,\"height\":301,\"caption\":\"Librairie 7L\"},\"image\":{\"@id\":\"https:\/\/librairie7l.com\/en\/#\/schema\/logo\/image\/\"}}]}<\/script>\n<!-- \/ Yoast SEO plugin. -->","yoast_head_json":{"title":"Solargraphs - Librairie 7L","robots":{"index":"index","follow":"follow","max-snippet":"max-snippet:-1","max-image-preview":"max-image-preview:large","max-video-preview":"max-video-preview:-1"},"canonical":"https:\/\/librairie7l.com\/en\/produit\/solargraphs-2\/","og_locale":"en_US","og_type":"article","og_title":"Solargraphs - Librairie 7L","og_description":"Dans sa qu\u00eate d&#8217;explorer notre rapport au temps et \u00e0 l&#8217;espace, le photographe Robert Charles Mann est revenu \u00e0 une pratique minimaliste de la captation d&#8217;une image. Ses Solargraphs sont r\u00e9alis\u00e9s \u00e0 partir d&#8217;appareils photo \u00e0 st\u00e9nop\u00e9 qu&#8217;il a lui-m\u00eame fabriqu\u00e9s et qui lui permettent d&#8217;exposer le soleil en continu pendant six mois, d&#8217;un solstice [&hellip;]","og_url":"https:\/\/librairie7l.com\/en\/produit\/solargraphs-2\/","og_site_name":"Librairie 7L","article_modified_time":"2026-04-25T22:16:21+00:00","og_image":[{"width":600,"height":600,"url":"https:\/\/librairie7l.com\/wp-content\/uploads\/2025\/04\/9782490952649_1_75.jpg","type":"image\/jpeg"}],"twitter_card":"summary_large_image","twitter_misc":{"Est. reading time":"1 minute"},"schema":{"@context":"https:\/\/schema.org","@graph":[{"@type":"WebPage","@id":"https:\/\/librairie7l.com\/en\/produit\/solargraphs-2\/","url":"https:\/\/librairie7l.com\/en\/produit\/solargraphs-2\/","name":"Solargraphs - Librairie 7L","isPartOf":{"@id":"https:\/\/librairie7l.com\/en\/#website"},"datePublished":"2025-09-11T07:17:54+00:00","dateModified":"2026-04-25T22:16:21+00:00","breadcrumb":{"@id":"https:\/\/librairie7l.com\/en\/produit\/solargraphs-2\/#breadcrumb"},"inLanguage":"en-US","potentialAction":[{"@type":"ReadAction","target":["https:\/\/librairie7l.com\/en\/produit\/solargraphs-2\/"]}]},{"@type":"BreadcrumbList","@id":"https:\/\/librairie7l.com\/en\/produit\/solargraphs-2\/#breadcrumb","itemListElement":[{"@type":"ListItem","position":1,"name":"Accueil","item":"https:\/\/librairie7l.com\/en\/"},{"@type":"ListItem","position":2,"name":"Shop","item":"https:\/\/librairie7l.com\/en\/shop\/"},{"@type":"ListItem","position":3,"name":"SOLARGRAPHS"}]},{"@type":"WebSite","@id":"https:\/\/librairie7l.com\/en\/#website","url":"https:\/\/librairie7l.com\/en\/","name":"Librairie 7L","description":"Librairie fond\u00e9e en 1999 par Karl Lagerfeld \u00e0 Paris","publisher":{"@id":"https:\/\/librairie7l.com\/en\/#organization"},"potentialAction":[{"@type":"SearchAction","target":{"@type":"EntryPoint","urlTemplate":"https:\/\/librairie7l.com\/en\/?s={search_term_string}"},"query-input":"required name=search_term_string"}],"inLanguage":"en-US"},{"@type":"Organization","@id":"https:\/\/librairie7l.com\/en\/#organization","name":"Librairie 7L","url":"https:\/\/librairie7l.com\/en\/","logo":{"@type":"ImageObject","inLanguage":"en-US","@id":"https:\/\/librairie7l.com\/en\/#\/schema\/logo\/image\/","url":"https:\/\/librairie7l.com\/wp-content\/uploads\/2022\/08\/logo-1.png","contentUrl":"https:\/\/librairie7l.com\/wp-content\/uploads\/2022\/08\/logo-1.png","width":227,"height":301,"caption":"Librairie 7L"},"image":{"@id":"https:\/\/librairie7l.com\/en\/#\/schema\/logo\/image\/"}}]}},"_links":{"self":[{"href":"https:\/\/librairie7l.com\/en\/wp-json\/wp\/v2\/product\/50469"}],"collection":[{"href":"https:\/\/librairie7l.com\/en\/wp-json\/wp\/v2\/product"}],"about":[{"href":"https:\/\/librairie7l.com\/en\/wp-json\/wp\/v2\/types\/product"}],"wp:featuredmedia":[{"embeddable":true,"href":"https:\/\/librairie7l.com\/en\/wp-json\/wp\/v2\/media\/50467"}],"wp:attachment":[{"href":"https:\/\/librairie7l.com\/en\/wp-json\/wp\/v2\/media?parent=50469"}],"wp:term":[{"taxonomy":"product_cat","embeddable":true,"href":"https:\/\/librairie7l.com\/en\/wp-json\/wp\/v2\/product_cat?post=50469"},{"taxonomy":"product_tag","embeddable":true,"href":"https:\/\/librairie7l.com\/en\/wp-json\/wp\/v2\/product_tag?post=50469"}],"curies":[{"name":"wp","href":"https:\/\/api.w.org\/{rel}","templated":true}]}}