{"id":50473,"date":"2025-09-11T09:17:57","date_gmt":"2025-09-11T07:17:57","guid":{"rendered":"https:\/\/librairie7l.com\/?post_type=product&#038;p=50473"},"modified":"2026-04-17T14:10:40","modified_gmt":"2026-04-17T12:10:40","slug":"les-poincons-francais-or-argent-et-platine-de-1275-a-nos-jours-2","status":"publish","type":"product","link":"https:\/\/librairie7l.com\/en\/produit\/les-poincons-francais-or-argent-et-platine-de-1275-a-nos-jours-2\/","title":{"rendered":"LES POIN\u00c7ONS FRAN\u00c7AIS : OR, ARGENT ET PLATINE, DE 1275 \u00c0 NOS JOURS"},"content":{"rendered":"<p>Les fameuses t\u00eates de Minerve et d&#8217;aigle ne sont pas les seuls poin\u00e7ons appos\u00e9s sur les m\u00e9taux pr\u00e9cieux. Gr\u00e2ce \u00e0 plus de deux mille dessins reproduisant les d\u00e9tails de chaque poin\u00e7on, ce livre permet d&#8217;identifier les marques appliqu\u00e9es sur les objets d&#8217;orf\u00e8vrerie et de bijouterie depuis le Moyen \u00c2ge. L&#8217;auteur d\u00e9crypte les embl\u00e8mes, symboles, initiales, dates et noms qui figurent sur ces poin\u00e7ons. Apr\u00e8s avoir pr\u00e9sent\u00e9 les poin\u00e7ons de ma\u00eetre, de jurande, de charge et de d\u00e9charge employ\u00e9s sous l&#8217;Ancien R\u00e9gime, il passe en revue les poin\u00e7ons en cours depuis la R\u00e9volution. Une derni\u00e8re partie aborde les r\u00e8gles \u00e0 la marque, qui d\u00e9terminent l&#8217;emplacement du poin\u00e7on selon l&#8217;objet.<br \/>\nJoailliers, antiquaires et collectionneurs trouveront dans cet ouvrage des informations pr\u00e9cieuses concernant la localisation des poin\u00e7ons et leur provenance, ainsi que les techniques d&#8217;expertise et l&#8217;\u00e9volution de la l\u00e9gislation sur le sujet.<\/p>\n","protected":false},"excerpt":{"rendered":"<p>Les fameuses t\u00eates de Minerve et d&#8217;aigle ne sont pas les seuls poin\u00e7ons appos\u00e9s sur les m\u00e9taux pr\u00e9cieux. Gr\u00e2ce \u00e0 plus de deux mille dessins reproduisant les d\u00e9tails de chaque poin\u00e7on, ce livre permet d&#8217;identifier les marques appliqu\u00e9es sur les objets d&#8217;orf\u00e8vrerie et de bijouterie depuis le Moyen \u00c2ge. L&#8217;auteur d\u00e9crypte les embl\u00e8mes, symboles, initiales, [&hellip;]<\/p>\n","protected":false},"featured_media":50471,"template":"","meta":[],"product_cat":[2948,2952],"product_tag":[],"acf":[],"yoast_head":"<!-- This site is optimized with the Yoast SEO plugin v20.11 - https:\/\/yoast.com\/wordpress\/plugins\/seo\/ -->\n<title>Les poin\u00e7ons fran\u00e7ais : Or, argent et platine, de 1275 \u00e0 nos jours - Librairie 7L<\/title>\n<meta name=\"robots\" content=\"index, follow, max-snippet:-1, max-image-preview:large, max-video-preview:-1\" \/>\n<link rel=\"canonical\" href=\"https:\/\/librairie7l.com\/en\/produit\/les-poincons-francais-or-argent-et-platine-de-1275-a-nos-jours-2\/\" \/>\n<meta property=\"og:locale\" content=\"en_US\" \/>\n<meta property=\"og:type\" content=\"article\" \/>\n<meta property=\"og:title\" content=\"Les poin\u00e7ons fran\u00e7ais : Or, argent et platine, de 1275 \u00e0 nos jours - Librairie 7L\" \/>\n<meta property=\"og:description\" content=\"Les fameuses t\u00eates de Minerve et d&#8217;aigle ne sont pas les seuls poin\u00e7ons appos\u00e9s sur les m\u00e9taux pr\u00e9cieux. Gr\u00e2ce \u00e0 plus de deux mille dessins reproduisant les d\u00e9tails de chaque poin\u00e7on, ce livre permet d&#8217;identifier les marques appliqu\u00e9es sur les objets d&#8217;orf\u00e8vrerie et de bijouterie depuis le Moyen \u00c2ge. L&#8217;auteur d\u00e9crypte les embl\u00e8mes, symboles, initiales, [&hellip;]\" \/>\n<meta property=\"og:url\" content=\"https:\/\/librairie7l.com\/en\/produit\/les-poincons-francais-or-argent-et-platine-de-1275-a-nos-jours-2\/\" \/>\n<meta property=\"og:site_name\" content=\"Librairie 7L\" \/>\n<meta property=\"article:modified_time\" content=\"2026-04-17T12:10:40+00:00\" \/>\n<meta property=\"og:image\" content=\"https:\/\/librairie7l.com\/wp-content\/uploads\/2025\/01\/9782851012760_1_75.jpg\" \/>\n\t<meta property=\"og:image:width\" content=\"600\" \/>\n\t<meta property=\"og:image:height\" content=\"813\" \/>\n\t<meta property=\"og:image:type\" content=\"image\/jpeg\" \/>\n<meta name=\"twitter:card\" content=\"summary_large_image\" \/>\n<meta name=\"twitter:label1\" content=\"Est. reading time\" \/>\n\t<meta name=\"twitter:data1\" content=\"1 minute\" \/>\n<script type=\"application\/ld+json\" class=\"yoast-schema-graph\">{\"@context\":\"https:\/\/schema.org\",\"@graph\":[{\"@type\":\"WebPage\",\"@id\":\"https:\/\/librairie7l.com\/en\/produit\/les-poincons-francais-or-argent-et-platine-de-1275-a-nos-jours-2\/\",\"url\":\"https:\/\/librairie7l.com\/en\/produit\/les-poincons-francais-or-argent-et-platine-de-1275-a-nos-jours-2\/\",\"name\":\"Les poin\u00e7ons fran\u00e7ais : Or, argent et platine, de 1275 \u00e0 nos jours - Librairie 7L\",\"isPartOf\":{\"@id\":\"https:\/\/librairie7l.com\/en\/#website\"},\"datePublished\":\"2025-09-11T07:17:57+00:00\",\"dateModified\":\"2026-04-17T12:10:40+00:00\",\"breadcrumb\":{\"@id\":\"https:\/\/librairie7l.com\/en\/produit\/les-poincons-francais-or-argent-et-platine-de-1275-a-nos-jours-2\/#breadcrumb\"},\"inLanguage\":\"en-US\",\"potentialAction\":[{\"@type\":\"ReadAction\",\"target\":[\"https:\/\/librairie7l.com\/en\/produit\/les-poincons-francais-or-argent-et-platine-de-1275-a-nos-jours-2\/\"]}]},{\"@type\":\"BreadcrumbList\",\"@id\":\"https:\/\/librairie7l.com\/en\/produit\/les-poincons-francais-or-argent-et-platine-de-1275-a-nos-jours-2\/#breadcrumb\",\"itemListElement\":[{\"@type\":\"ListItem\",\"position\":1,\"name\":\"Accueil\",\"item\":\"https:\/\/librairie7l.com\/en\/\"},{\"@type\":\"ListItem\",\"position\":2,\"name\":\"Shop\",\"item\":\"https:\/\/librairie7l.com\/en\/shop\/\"},{\"@type\":\"ListItem\",\"position\":3,\"name\":\"LES POIN\u00c7ONS FRAN\u00c7AIS : OR, ARGENT ET PLATINE, DE 1275 \u00c0 NOS JOURS\"}]},{\"@type\":\"WebSite\",\"@id\":\"https:\/\/librairie7l.com\/en\/#website\",\"url\":\"https:\/\/librairie7l.com\/en\/\",\"name\":\"Librairie 7L\",\"description\":\"Librairie fond\u00e9e en 1999 par Karl Lagerfeld \u00e0 Paris\",\"publisher\":{\"@id\":\"https:\/\/librairie7l.com\/en\/#organization\"},\"potentialAction\":[{\"@type\":\"SearchAction\",\"target\":{\"@type\":\"EntryPoint\",\"urlTemplate\":\"https:\/\/librairie7l.com\/en\/?s={search_term_string}\"},\"query-input\":\"required name=search_term_string\"}],\"inLanguage\":\"en-US\"},{\"@type\":\"Organization\",\"@id\":\"https:\/\/librairie7l.com\/en\/#organization\",\"name\":\"Librairie 7L\",\"url\":\"https:\/\/librairie7l.com\/en\/\",\"logo\":{\"@type\":\"ImageObject\",\"inLanguage\":\"en-US\",\"@id\":\"https:\/\/librairie7l.com\/en\/#\/schema\/logo\/image\/\",\"url\":\"https:\/\/librairie7l.com\/wp-content\/uploads\/2022\/08\/logo-1.png\",\"contentUrl\":\"https:\/\/librairie7l.com\/wp-content\/uploads\/2022\/08\/logo-1.png\",\"width\":227,\"height\":301,\"caption\":\"Librairie 7L\"},\"image\":{\"@id\":\"https:\/\/librairie7l.com\/en\/#\/schema\/logo\/image\/\"}}]}<\/script>\n<!-- \/ Yoast SEO plugin. -->","yoast_head_json":{"title":"Les poin\u00e7ons fran\u00e7ais : Or, argent et platine, de 1275 \u00e0 nos jours - Librairie 7L","robots":{"index":"index","follow":"follow","max-snippet":"max-snippet:-1","max-image-preview":"max-image-preview:large","max-video-preview":"max-video-preview:-1"},"canonical":"https:\/\/librairie7l.com\/en\/produit\/les-poincons-francais-or-argent-et-platine-de-1275-a-nos-jours-2\/","og_locale":"en_US","og_type":"article","og_title":"Les poin\u00e7ons fran\u00e7ais : Or, argent et platine, de 1275 \u00e0 nos jours - Librairie 7L","og_description":"Les fameuses t\u00eates de Minerve et d&#8217;aigle ne sont pas les seuls poin\u00e7ons appos\u00e9s sur les m\u00e9taux pr\u00e9cieux. Gr\u00e2ce \u00e0 plus de deux mille dessins reproduisant les d\u00e9tails de chaque poin\u00e7on, ce livre permet d&#8217;identifier les marques appliqu\u00e9es sur les objets d&#8217;orf\u00e8vrerie et de bijouterie depuis le Moyen \u00c2ge. L&#8217;auteur d\u00e9crypte les embl\u00e8mes, symboles, initiales, [&hellip;]","og_url":"https:\/\/librairie7l.com\/en\/produit\/les-poincons-francais-or-argent-et-platine-de-1275-a-nos-jours-2\/","og_site_name":"Librairie 7L","article_modified_time":"2026-04-17T12:10:40+00:00","og_image":[{"width":600,"height":813,"url":"https:\/\/librairie7l.com\/wp-content\/uploads\/2025\/01\/9782851012760_1_75.jpg","type":"image\/jpeg"}],"twitter_card":"summary_large_image","twitter_misc":{"Est. reading time":"1 minute"},"schema":{"@context":"https:\/\/schema.org","@graph":[{"@type":"WebPage","@id":"https:\/\/librairie7l.com\/en\/produit\/les-poincons-francais-or-argent-et-platine-de-1275-a-nos-jours-2\/","url":"https:\/\/librairie7l.com\/en\/produit\/les-poincons-francais-or-argent-et-platine-de-1275-a-nos-jours-2\/","name":"Les poin\u00e7ons fran\u00e7ais : Or, argent et platine, de 1275 \u00e0 nos jours - Librairie 7L","isPartOf":{"@id":"https:\/\/librairie7l.com\/en\/#website"},"datePublished":"2025-09-11T07:17:57+00:00","dateModified":"2026-04-17T12:10:40+00:00","breadcrumb":{"@id":"https:\/\/librairie7l.com\/en\/produit\/les-poincons-francais-or-argent-et-platine-de-1275-a-nos-jours-2\/#breadcrumb"},"inLanguage":"en-US","potentialAction":[{"@type":"ReadAction","target":["https:\/\/librairie7l.com\/en\/produit\/les-poincons-francais-or-argent-et-platine-de-1275-a-nos-jours-2\/"]}]},{"@type":"BreadcrumbList","@id":"https:\/\/librairie7l.com\/en\/produit\/les-poincons-francais-or-argent-et-platine-de-1275-a-nos-jours-2\/#breadcrumb","itemListElement":[{"@type":"ListItem","position":1,"name":"Accueil","item":"https:\/\/librairie7l.com\/en\/"},{"@type":"ListItem","position":2,"name":"Shop","item":"https:\/\/librairie7l.com\/en\/shop\/"},{"@type":"ListItem","position":3,"name":"LES POIN\u00c7ONS FRAN\u00c7AIS : OR, ARGENT ET PLATINE, DE 1275 \u00c0 NOS JOURS"}]},{"@type":"WebSite","@id":"https:\/\/librairie7l.com\/en\/#website","url":"https:\/\/librairie7l.com\/en\/","name":"Librairie 7L","description":"Librairie fond\u00e9e en 1999 par Karl Lagerfeld \u00e0 Paris","publisher":{"@id":"https:\/\/librairie7l.com\/en\/#organization"},"potentialAction":[{"@type":"SearchAction","target":{"@type":"EntryPoint","urlTemplate":"https:\/\/librairie7l.com\/en\/?s={search_term_string}"},"query-input":"required name=search_term_string"}],"inLanguage":"en-US"},{"@type":"Organization","@id":"https:\/\/librairie7l.com\/en\/#organization","name":"Librairie 7L","url":"https:\/\/librairie7l.com\/en\/","logo":{"@type":"ImageObject","inLanguage":"en-US","@id":"https:\/\/librairie7l.com\/en\/#\/schema\/logo\/image\/","url":"https:\/\/librairie7l.com\/wp-content\/uploads\/2022\/08\/logo-1.png","contentUrl":"https:\/\/librairie7l.com\/wp-content\/uploads\/2022\/08\/logo-1.png","width":227,"height":301,"caption":"Librairie 7L"},"image":{"@id":"https:\/\/librairie7l.com\/en\/#\/schema\/logo\/image\/"}}]}},"_links":{"self":[{"href":"https:\/\/librairie7l.com\/en\/wp-json\/wp\/v2\/product\/50473"}],"collection":[{"href":"https:\/\/librairie7l.com\/en\/wp-json\/wp\/v2\/product"}],"about":[{"href":"https:\/\/librairie7l.com\/en\/wp-json\/wp\/v2\/types\/product"}],"wp:featuredmedia":[{"embeddable":true,"href":"https:\/\/librairie7l.com\/en\/wp-json\/wp\/v2\/media\/50471"}],"wp:attachment":[{"href":"https:\/\/librairie7l.com\/en\/wp-json\/wp\/v2\/media?parent=50473"}],"wp:term":[{"taxonomy":"product_cat","embeddable":true,"href":"https:\/\/librairie7l.com\/en\/wp-json\/wp\/v2\/product_cat?post=50473"},{"taxonomy":"product_tag","embeddable":true,"href":"https:\/\/librairie7l.com\/en\/wp-json\/wp\/v2\/product_tag?post=50473"}],"curies":[{"name":"wp","href":"https:\/\/api.w.org\/{rel}","templated":true}]}}