{"id":50477,"date":"2025-09-11T09:18:00","date_gmt":"2025-09-11T07:18:00","guid":{"rendered":"https:\/\/librairie7l.com\/?post_type=product&#038;p=50477"},"modified":"2026-04-05T17:45:26","modified_gmt":"2026-04-05T15:45:26","slug":"un-espace-a-soi-architecture-dinterieur-au-feminin-2","status":"publish","type":"product","link":"https:\/\/librairie7l.com\/en\/produit\/un-espace-a-soi-architecture-dinterieur-au-feminin-2\/","title":{"rendered":"UN ESPACE \u00c0 SOI : ARCHITECTURE D&#8217;INT\u00c9RIEUR AU F\u00c9MININ"},"content":{"rendered":"<p>Un espace \u00e0 soi rend hommage au travail de quelques-unes des femmes les plus cr\u00e9atives du monde de l&#8217;architecture d&#8217;int\u00e9rieur. Depuis le d\u00e9but du XXe si\u00e8cle, la marque qu&#8217;ont laiss\u00e9e les femmes dans ce domaine est aussi riche que vari\u00e9e. Elles ont pourtant longtemps \u00e9t\u00e9 cantonn\u00e9es \u00e0 la d\u00e9coration, jug\u00e9e moins prestigieuse que l&#8217;architecture ou le design d&#8217;objets. Cet ouvrage montre comment 250 architectes, d\u00e9coratrices et designeuses, originaires de 50 pays, ont fa\u00e7onn\u00e9 l&#8217;environnement b\u00e2ti au-del\u00e0 du cadre domestique, et d\u00e9fini l&#8217;esth\u00e9tique des int\u00e9rieurs des XXe et XXIe si\u00e8cles.<\/p>\n","protected":false},"excerpt":{"rendered":"<p>Un espace \u00e0 soi rend hommage au travail de quelques-unes des femmes les plus cr\u00e9atives du monde de l&#8217;architecture d&#8217;int\u00e9rieur. Depuis le d\u00e9but du XXe si\u00e8cle, la marque qu&#8217;ont laiss\u00e9e les femmes dans ce domaine est aussi riche que vari\u00e9e. Elles ont pourtant longtemps \u00e9t\u00e9 cantonn\u00e9es \u00e0 la d\u00e9coration, jug\u00e9e moins prestigieuse que l&#8217;architecture ou [&hellip;]<\/p>\n","protected":false},"featured_media":50475,"template":"","meta":[],"product_cat":[2948,2950],"product_tag":[],"acf":[],"yoast_head":"<!-- This site is optimized with the Yoast SEO plugin v20.11 - https:\/\/yoast.com\/wordpress\/plugins\/seo\/ -->\n<title>Un espace \u00e0 soi : Architecture d&#039;int\u00e9rieur au f\u00e9minin - Librairie 7L<\/title>\n<meta name=\"robots\" content=\"index, follow, max-snippet:-1, max-image-preview:large, max-video-preview:-1\" \/>\n<link rel=\"canonical\" href=\"https:\/\/librairie7l.com\/en\/produit\/un-espace-a-soi-architecture-dinterieur-au-feminin-2\/\" \/>\n<meta property=\"og:locale\" content=\"en_US\" \/>\n<meta property=\"og:type\" content=\"article\" \/>\n<meta property=\"og:title\" content=\"Un espace \u00e0 soi : Architecture d&#039;int\u00e9rieur au f\u00e9minin - Librairie 7L\" \/>\n<meta property=\"og:description\" content=\"Un espace \u00e0 soi rend hommage au travail de quelques-unes des femmes les plus cr\u00e9atives du monde de l&#8217;architecture d&#8217;int\u00e9rieur. Depuis le d\u00e9but du XXe si\u00e8cle, la marque qu&#8217;ont laiss\u00e9e les femmes dans ce domaine est aussi riche que vari\u00e9e. Elles ont pourtant longtemps \u00e9t\u00e9 cantonn\u00e9es \u00e0 la d\u00e9coration, jug\u00e9e moins prestigieuse que l&#8217;architecture ou [&hellip;]\" \/>\n<meta property=\"og:url\" content=\"https:\/\/librairie7l.com\/en\/produit\/un-espace-a-soi-architecture-dinterieur-au-feminin-2\/\" \/>\n<meta property=\"og:site_name\" content=\"Librairie 7L\" \/>\n<meta property=\"article:modified_time\" content=\"2026-04-05T15:45:26+00:00\" \/>\n<meta property=\"og:image\" content=\"https:\/\/librairie7l.com\/wp-content\/uploads\/2025\/06\/9781837290772_1_75.jpg\" \/>\n\t<meta property=\"og:image:width\" content=\"600\" \/>\n\t<meta property=\"og:image:height\" content=\"800\" \/>\n\t<meta property=\"og:image:type\" content=\"image\/jpeg\" \/>\n<meta name=\"twitter:card\" content=\"summary_large_image\" \/>\n<meta name=\"twitter:label1\" content=\"Est. reading time\" \/>\n\t<meta name=\"twitter:data1\" content=\"1 minute\" \/>\n<script type=\"application\/ld+json\" class=\"yoast-schema-graph\">{\"@context\":\"https:\/\/schema.org\",\"@graph\":[{\"@type\":\"WebPage\",\"@id\":\"https:\/\/librairie7l.com\/en\/produit\/un-espace-a-soi-architecture-dinterieur-au-feminin-2\/\",\"url\":\"https:\/\/librairie7l.com\/en\/produit\/un-espace-a-soi-architecture-dinterieur-au-feminin-2\/\",\"name\":\"Un espace \u00e0 soi : Architecture d'int\u00e9rieur au f\u00e9minin - Librairie 7L\",\"isPartOf\":{\"@id\":\"https:\/\/librairie7l.com\/en\/#website\"},\"datePublished\":\"2025-09-11T07:18:00+00:00\",\"dateModified\":\"2026-04-05T15:45:26+00:00\",\"breadcrumb\":{\"@id\":\"https:\/\/librairie7l.com\/en\/produit\/un-espace-a-soi-architecture-dinterieur-au-feminin-2\/#breadcrumb\"},\"inLanguage\":\"en-US\",\"potentialAction\":[{\"@type\":\"ReadAction\",\"target\":[\"https:\/\/librairie7l.com\/en\/produit\/un-espace-a-soi-architecture-dinterieur-au-feminin-2\/\"]}]},{\"@type\":\"BreadcrumbList\",\"@id\":\"https:\/\/librairie7l.com\/en\/produit\/un-espace-a-soi-architecture-dinterieur-au-feminin-2\/#breadcrumb\",\"itemListElement\":[{\"@type\":\"ListItem\",\"position\":1,\"name\":\"Accueil\",\"item\":\"https:\/\/librairie7l.com\/en\/\"},{\"@type\":\"ListItem\",\"position\":2,\"name\":\"Shop\",\"item\":\"https:\/\/librairie7l.com\/en\/shop\/\"},{\"@type\":\"ListItem\",\"position\":3,\"name\":\"UN ESPACE \u00c0 SOI : ARCHITECTURE D&#8217;INT\u00c9RIEUR AU F\u00c9MININ\"}]},{\"@type\":\"WebSite\",\"@id\":\"https:\/\/librairie7l.com\/en\/#website\",\"url\":\"https:\/\/librairie7l.com\/en\/\",\"name\":\"Librairie 7L\",\"description\":\"Librairie fond\u00e9e en 1999 par Karl Lagerfeld \u00e0 Paris\",\"publisher\":{\"@id\":\"https:\/\/librairie7l.com\/en\/#organization\"},\"potentialAction\":[{\"@type\":\"SearchAction\",\"target\":{\"@type\":\"EntryPoint\",\"urlTemplate\":\"https:\/\/librairie7l.com\/en\/?s={search_term_string}\"},\"query-input\":\"required name=search_term_string\"}],\"inLanguage\":\"en-US\"},{\"@type\":\"Organization\",\"@id\":\"https:\/\/librairie7l.com\/en\/#organization\",\"name\":\"Librairie 7L\",\"url\":\"https:\/\/librairie7l.com\/en\/\",\"logo\":{\"@type\":\"ImageObject\",\"inLanguage\":\"en-US\",\"@id\":\"https:\/\/librairie7l.com\/en\/#\/schema\/logo\/image\/\",\"url\":\"https:\/\/librairie7l.com\/wp-content\/uploads\/2022\/08\/logo-1.png\",\"contentUrl\":\"https:\/\/librairie7l.com\/wp-content\/uploads\/2022\/08\/logo-1.png\",\"width\":227,\"height\":301,\"caption\":\"Librairie 7L\"},\"image\":{\"@id\":\"https:\/\/librairie7l.com\/en\/#\/schema\/logo\/image\/\"}}]}<\/script>\n<!-- \/ Yoast SEO plugin. -->","yoast_head_json":{"title":"Un espace \u00e0 soi : Architecture d'int\u00e9rieur au f\u00e9minin - Librairie 7L","robots":{"index":"index","follow":"follow","max-snippet":"max-snippet:-1","max-image-preview":"max-image-preview:large","max-video-preview":"max-video-preview:-1"},"canonical":"https:\/\/librairie7l.com\/en\/produit\/un-espace-a-soi-architecture-dinterieur-au-feminin-2\/","og_locale":"en_US","og_type":"article","og_title":"Un espace \u00e0 soi : Architecture d'int\u00e9rieur au f\u00e9minin - Librairie 7L","og_description":"Un espace \u00e0 soi rend hommage au travail de quelques-unes des femmes les plus cr\u00e9atives du monde de l&#8217;architecture d&#8217;int\u00e9rieur. Depuis le d\u00e9but du XXe si\u00e8cle, la marque qu&#8217;ont laiss\u00e9e les femmes dans ce domaine est aussi riche que vari\u00e9e. Elles ont pourtant longtemps \u00e9t\u00e9 cantonn\u00e9es \u00e0 la d\u00e9coration, jug\u00e9e moins prestigieuse que l&#8217;architecture ou [&hellip;]","og_url":"https:\/\/librairie7l.com\/en\/produit\/un-espace-a-soi-architecture-dinterieur-au-feminin-2\/","og_site_name":"Librairie 7L","article_modified_time":"2026-04-05T15:45:26+00:00","og_image":[{"width":600,"height":800,"url":"https:\/\/librairie7l.com\/wp-content\/uploads\/2025\/06\/9781837290772_1_75.jpg","type":"image\/jpeg"}],"twitter_card":"summary_large_image","twitter_misc":{"Est. reading time":"1 minute"},"schema":{"@context":"https:\/\/schema.org","@graph":[{"@type":"WebPage","@id":"https:\/\/librairie7l.com\/en\/produit\/un-espace-a-soi-architecture-dinterieur-au-feminin-2\/","url":"https:\/\/librairie7l.com\/en\/produit\/un-espace-a-soi-architecture-dinterieur-au-feminin-2\/","name":"Un espace \u00e0 soi : Architecture d'int\u00e9rieur au f\u00e9minin - Librairie 7L","isPartOf":{"@id":"https:\/\/librairie7l.com\/en\/#website"},"datePublished":"2025-09-11T07:18:00+00:00","dateModified":"2026-04-05T15:45:26+00:00","breadcrumb":{"@id":"https:\/\/librairie7l.com\/en\/produit\/un-espace-a-soi-architecture-dinterieur-au-feminin-2\/#breadcrumb"},"inLanguage":"en-US","potentialAction":[{"@type":"ReadAction","target":["https:\/\/librairie7l.com\/en\/produit\/un-espace-a-soi-architecture-dinterieur-au-feminin-2\/"]}]},{"@type":"BreadcrumbList","@id":"https:\/\/librairie7l.com\/en\/produit\/un-espace-a-soi-architecture-dinterieur-au-feminin-2\/#breadcrumb","itemListElement":[{"@type":"ListItem","position":1,"name":"Accueil","item":"https:\/\/librairie7l.com\/en\/"},{"@type":"ListItem","position":2,"name":"Shop","item":"https:\/\/librairie7l.com\/en\/shop\/"},{"@type":"ListItem","position":3,"name":"UN ESPACE \u00c0 SOI : ARCHITECTURE D&#8217;INT\u00c9RIEUR AU F\u00c9MININ"}]},{"@type":"WebSite","@id":"https:\/\/librairie7l.com\/en\/#website","url":"https:\/\/librairie7l.com\/en\/","name":"Librairie 7L","description":"Librairie fond\u00e9e en 1999 par Karl Lagerfeld \u00e0 Paris","publisher":{"@id":"https:\/\/librairie7l.com\/en\/#organization"},"potentialAction":[{"@type":"SearchAction","target":{"@type":"EntryPoint","urlTemplate":"https:\/\/librairie7l.com\/en\/?s={search_term_string}"},"query-input":"required name=search_term_string"}],"inLanguage":"en-US"},{"@type":"Organization","@id":"https:\/\/librairie7l.com\/en\/#organization","name":"Librairie 7L","url":"https:\/\/librairie7l.com\/en\/","logo":{"@type":"ImageObject","inLanguage":"en-US","@id":"https:\/\/librairie7l.com\/en\/#\/schema\/logo\/image\/","url":"https:\/\/librairie7l.com\/wp-content\/uploads\/2022\/08\/logo-1.png","contentUrl":"https:\/\/librairie7l.com\/wp-content\/uploads\/2022\/08\/logo-1.png","width":227,"height":301,"caption":"Librairie 7L"},"image":{"@id":"https:\/\/librairie7l.com\/en\/#\/schema\/logo\/image\/"}}]}},"_links":{"self":[{"href":"https:\/\/librairie7l.com\/en\/wp-json\/wp\/v2\/product\/50477"}],"collection":[{"href":"https:\/\/librairie7l.com\/en\/wp-json\/wp\/v2\/product"}],"about":[{"href":"https:\/\/librairie7l.com\/en\/wp-json\/wp\/v2\/types\/product"}],"wp:featuredmedia":[{"embeddable":true,"href":"https:\/\/librairie7l.com\/en\/wp-json\/wp\/v2\/media\/50475"}],"wp:attachment":[{"href":"https:\/\/librairie7l.com\/en\/wp-json\/wp\/v2\/media?parent=50477"}],"wp:term":[{"taxonomy":"product_cat","embeddable":true,"href":"https:\/\/librairie7l.com\/en\/wp-json\/wp\/v2\/product_cat?post=50477"},{"taxonomy":"product_tag","embeddable":true,"href":"https:\/\/librairie7l.com\/en\/wp-json\/wp\/v2\/product_tag?post=50477"}],"curies":[{"name":"wp","href":"https:\/\/api.w.org\/{rel}","templated":true}]}}