{"id":50481,"date":"2025-09-11T09:18:02","date_gmt":"2025-09-11T07:18:02","guid":{"rendered":"https:\/\/librairie7l.com\/?post_type=product&#038;p=50481"},"modified":"2026-04-17T09:02:49","modified_gmt":"2026-04-17T07:02:49","slug":"patti-smith-horses-paris-1976-2","status":"publish","type":"product","link":"https:\/\/librairie7l.com\/en\/produit\/patti-smith-horses-paris-1976-2\/","title":{"rendered":"PATTI SMITH : HORSES, PARIS 1976"},"content":{"rendered":"<p>\u00abLe 10 novembre 1975, jour anniversaire de la mort d&#8217;Arthur Rimbaud, mon premier album, Horses, sortait chez Arista Records. [&#8230;] Nous n&#8217;avions aucune id\u00e9e de la mani\u00e8re dont il serait re\u00e7u \u00e0 travers le monde, mais nous \u00e9tions ravis que l&#8217;on nous propose de faire une tourn\u00e9e en Europe. J&#8217;\u00e9tais particuli\u00e8rement excit\u00e9e \u00e0 l&#8217;id\u00e9e de jouer \u00e0 Paris.\u00bb Patti Smith, New York, mars 2025 Claude Gassian, connu pour ses photographies de personnalit\u00e9s du monde de la musique, \u00e9tait en 1975, \u00e0 la sortie de Horses, un jeune photographe qui a eu l&#8217;occasion d&#8217;accompagner Patti Smith le temps de deux s\u00e9jours parisiens. De ces journ\u00e9es hors du temps, est n\u00e9 un ensemble photographique, aussi unique que pr\u00e9cieux, rest\u00e9 depuis dans ses archives. Ces images in\u00e9dites ont refait surface et nous emm\u00e8nent en voyage dans les seventies, moment rare pour tous les amateurs de cette \u00e9poque et pour les inconditionnels de Patti Smith.<\/p>\n","protected":false},"excerpt":{"rendered":"<p>\u00abLe 10 novembre 1975, jour anniversaire de la mort d&#8217;Arthur Rimbaud, mon premier album, Horses, sortait chez Arista Records. [&#8230;] Nous n&#8217;avions aucune id\u00e9e de la mani\u00e8re dont il serait re\u00e7u \u00e0 travers le monde, mais nous \u00e9tions ravis que l&#8217;on nous propose de faire une tourn\u00e9e en Europe. J&#8217;\u00e9tais particuli\u00e8rement excit\u00e9e \u00e0 l&#8217;id\u00e9e de [&hellip;]<\/p>\n","protected":false},"featured_media":50479,"template":"","meta":[],"product_cat":[2948,2953],"product_tag":[],"acf":[],"yoast_head":"<!-- This site is optimized with the Yoast SEO plugin v20.11 - https:\/\/yoast.com\/wordpress\/plugins\/seo\/ -->\n<title>Patti Smith : Horses, Paris 1976 - Librairie 7L<\/title>\n<meta name=\"robots\" content=\"index, follow, max-snippet:-1, max-image-preview:large, max-video-preview:-1\" \/>\n<link rel=\"canonical\" href=\"https:\/\/librairie7l.com\/en\/produit\/patti-smith-horses-paris-1976-2\/\" \/>\n<meta property=\"og:locale\" content=\"en_US\" \/>\n<meta property=\"og:type\" content=\"article\" \/>\n<meta property=\"og:title\" content=\"Patti Smith : Horses, Paris 1976 - Librairie 7L\" \/>\n<meta property=\"og:description\" content=\"\u00abLe 10 novembre 1975, jour anniversaire de la mort d&#8217;Arthur Rimbaud, mon premier album, Horses, sortait chez Arista Records. [&#8230;] Nous n&#8217;avions aucune id\u00e9e de la mani\u00e8re dont il serait re\u00e7u \u00e0 travers le monde, mais nous \u00e9tions ravis que l&#8217;on nous propose de faire une tourn\u00e9e en Europe. J&#8217;\u00e9tais particuli\u00e8rement excit\u00e9e \u00e0 l&#8217;id\u00e9e de [&hellip;]\" \/>\n<meta property=\"og:url\" content=\"https:\/\/librairie7l.com\/en\/produit\/patti-smith-horses-paris-1976-2\/\" \/>\n<meta property=\"og:site_name\" content=\"Librairie 7L\" \/>\n<meta property=\"article:modified_time\" content=\"2026-04-17T07:02:49+00:00\" \/>\n<meta property=\"og:image\" content=\"https:\/\/librairie7l.com\/wp-content\/uploads\/2025\/03\/9782073121127_1_75.jpg\" \/>\n\t<meta property=\"og:image:width\" content=\"600\" \/>\n\t<meta property=\"og:image:height\" content=\"785\" \/>\n\t<meta property=\"og:image:type\" content=\"image\/jpeg\" \/>\n<meta name=\"twitter:card\" content=\"summary_large_image\" \/>\n<meta name=\"twitter:label1\" content=\"Est. reading time\" \/>\n\t<meta name=\"twitter:data1\" content=\"1 minute\" \/>\n<script type=\"application\/ld+json\" class=\"yoast-schema-graph\">{\"@context\":\"https:\/\/schema.org\",\"@graph\":[{\"@type\":\"WebPage\",\"@id\":\"https:\/\/librairie7l.com\/en\/produit\/patti-smith-horses-paris-1976-2\/\",\"url\":\"https:\/\/librairie7l.com\/en\/produit\/patti-smith-horses-paris-1976-2\/\",\"name\":\"Patti Smith : Horses, Paris 1976 - Librairie 7L\",\"isPartOf\":{\"@id\":\"https:\/\/librairie7l.com\/en\/#website\"},\"datePublished\":\"2025-09-11T07:18:02+00:00\",\"dateModified\":\"2026-04-17T07:02:49+00:00\",\"breadcrumb\":{\"@id\":\"https:\/\/librairie7l.com\/en\/produit\/patti-smith-horses-paris-1976-2\/#breadcrumb\"},\"inLanguage\":\"en-US\",\"potentialAction\":[{\"@type\":\"ReadAction\",\"target\":[\"https:\/\/librairie7l.com\/en\/produit\/patti-smith-horses-paris-1976-2\/\"]}]},{\"@type\":\"BreadcrumbList\",\"@id\":\"https:\/\/librairie7l.com\/en\/produit\/patti-smith-horses-paris-1976-2\/#breadcrumb\",\"itemListElement\":[{\"@type\":\"ListItem\",\"position\":1,\"name\":\"Accueil\",\"item\":\"https:\/\/librairie7l.com\/en\/\"},{\"@type\":\"ListItem\",\"position\":2,\"name\":\"Shop\",\"item\":\"https:\/\/librairie7l.com\/en\/shop\/\"},{\"@type\":\"ListItem\",\"position\":3,\"name\":\"PATTI SMITH : HORSES, PARIS 1976\"}]},{\"@type\":\"WebSite\",\"@id\":\"https:\/\/librairie7l.com\/en\/#website\",\"url\":\"https:\/\/librairie7l.com\/en\/\",\"name\":\"Librairie 7L\",\"description\":\"Librairie fond\u00e9e en 1999 par Karl Lagerfeld \u00e0 Paris\",\"publisher\":{\"@id\":\"https:\/\/librairie7l.com\/en\/#organization\"},\"potentialAction\":[{\"@type\":\"SearchAction\",\"target\":{\"@type\":\"EntryPoint\",\"urlTemplate\":\"https:\/\/librairie7l.com\/en\/?s={search_term_string}\"},\"query-input\":\"required name=search_term_string\"}],\"inLanguage\":\"en-US\"},{\"@type\":\"Organization\",\"@id\":\"https:\/\/librairie7l.com\/en\/#organization\",\"name\":\"Librairie 7L\",\"url\":\"https:\/\/librairie7l.com\/en\/\",\"logo\":{\"@type\":\"ImageObject\",\"inLanguage\":\"en-US\",\"@id\":\"https:\/\/librairie7l.com\/en\/#\/schema\/logo\/image\/\",\"url\":\"https:\/\/librairie7l.com\/wp-content\/uploads\/2022\/08\/logo-1.png\",\"contentUrl\":\"https:\/\/librairie7l.com\/wp-content\/uploads\/2022\/08\/logo-1.png\",\"width\":227,\"height\":301,\"caption\":\"Librairie 7L\"},\"image\":{\"@id\":\"https:\/\/librairie7l.com\/en\/#\/schema\/logo\/image\/\"}}]}<\/script>\n<!-- \/ Yoast SEO plugin. -->","yoast_head_json":{"title":"Patti Smith : Horses, Paris 1976 - Librairie 7L","robots":{"index":"index","follow":"follow","max-snippet":"max-snippet:-1","max-image-preview":"max-image-preview:large","max-video-preview":"max-video-preview:-1"},"canonical":"https:\/\/librairie7l.com\/en\/produit\/patti-smith-horses-paris-1976-2\/","og_locale":"en_US","og_type":"article","og_title":"Patti Smith : Horses, Paris 1976 - Librairie 7L","og_description":"\u00abLe 10 novembre 1975, jour anniversaire de la mort d&#8217;Arthur Rimbaud, mon premier album, Horses, sortait chez Arista Records. [&#8230;] Nous n&#8217;avions aucune id\u00e9e de la mani\u00e8re dont il serait re\u00e7u \u00e0 travers le monde, mais nous \u00e9tions ravis que l&#8217;on nous propose de faire une tourn\u00e9e en Europe. J&#8217;\u00e9tais particuli\u00e8rement excit\u00e9e \u00e0 l&#8217;id\u00e9e de [&hellip;]","og_url":"https:\/\/librairie7l.com\/en\/produit\/patti-smith-horses-paris-1976-2\/","og_site_name":"Librairie 7L","article_modified_time":"2026-04-17T07:02:49+00:00","og_image":[{"width":600,"height":785,"url":"https:\/\/librairie7l.com\/wp-content\/uploads\/2025\/03\/9782073121127_1_75.jpg","type":"image\/jpeg"}],"twitter_card":"summary_large_image","twitter_misc":{"Est. reading time":"1 minute"},"schema":{"@context":"https:\/\/schema.org","@graph":[{"@type":"WebPage","@id":"https:\/\/librairie7l.com\/en\/produit\/patti-smith-horses-paris-1976-2\/","url":"https:\/\/librairie7l.com\/en\/produit\/patti-smith-horses-paris-1976-2\/","name":"Patti Smith : Horses, Paris 1976 - Librairie 7L","isPartOf":{"@id":"https:\/\/librairie7l.com\/en\/#website"},"datePublished":"2025-09-11T07:18:02+00:00","dateModified":"2026-04-17T07:02:49+00:00","breadcrumb":{"@id":"https:\/\/librairie7l.com\/en\/produit\/patti-smith-horses-paris-1976-2\/#breadcrumb"},"inLanguage":"en-US","potentialAction":[{"@type":"ReadAction","target":["https:\/\/librairie7l.com\/en\/produit\/patti-smith-horses-paris-1976-2\/"]}]},{"@type":"BreadcrumbList","@id":"https:\/\/librairie7l.com\/en\/produit\/patti-smith-horses-paris-1976-2\/#breadcrumb","itemListElement":[{"@type":"ListItem","position":1,"name":"Accueil","item":"https:\/\/librairie7l.com\/en\/"},{"@type":"ListItem","position":2,"name":"Shop","item":"https:\/\/librairie7l.com\/en\/shop\/"},{"@type":"ListItem","position":3,"name":"PATTI SMITH : HORSES, PARIS 1976"}]},{"@type":"WebSite","@id":"https:\/\/librairie7l.com\/en\/#website","url":"https:\/\/librairie7l.com\/en\/","name":"Librairie 7L","description":"Librairie fond\u00e9e en 1999 par Karl Lagerfeld \u00e0 Paris","publisher":{"@id":"https:\/\/librairie7l.com\/en\/#organization"},"potentialAction":[{"@type":"SearchAction","target":{"@type":"EntryPoint","urlTemplate":"https:\/\/librairie7l.com\/en\/?s={search_term_string}"},"query-input":"required name=search_term_string"}],"inLanguage":"en-US"},{"@type":"Organization","@id":"https:\/\/librairie7l.com\/en\/#organization","name":"Librairie 7L","url":"https:\/\/librairie7l.com\/en\/","logo":{"@type":"ImageObject","inLanguage":"en-US","@id":"https:\/\/librairie7l.com\/en\/#\/schema\/logo\/image\/","url":"https:\/\/librairie7l.com\/wp-content\/uploads\/2022\/08\/logo-1.png","contentUrl":"https:\/\/librairie7l.com\/wp-content\/uploads\/2022\/08\/logo-1.png","width":227,"height":301,"caption":"Librairie 7L"},"image":{"@id":"https:\/\/librairie7l.com\/en\/#\/schema\/logo\/image\/"}}]}},"_links":{"self":[{"href":"https:\/\/librairie7l.com\/en\/wp-json\/wp\/v2\/product\/50481"}],"collection":[{"href":"https:\/\/librairie7l.com\/en\/wp-json\/wp\/v2\/product"}],"about":[{"href":"https:\/\/librairie7l.com\/en\/wp-json\/wp\/v2\/types\/product"}],"wp:featuredmedia":[{"embeddable":true,"href":"https:\/\/librairie7l.com\/en\/wp-json\/wp\/v2\/media\/50479"}],"wp:attachment":[{"href":"https:\/\/librairie7l.com\/en\/wp-json\/wp\/v2\/media?parent=50481"}],"wp:term":[{"taxonomy":"product_cat","embeddable":true,"href":"https:\/\/librairie7l.com\/en\/wp-json\/wp\/v2\/product_cat?post=50481"},{"taxonomy":"product_tag","embeddable":true,"href":"https:\/\/librairie7l.com\/en\/wp-json\/wp\/v2\/product_tag?post=50481"}],"curies":[{"name":"wp","href":"https:\/\/api.w.org\/{rel}","templated":true}]}}