{"id":50494,"date":"2025-09-11T12:24:23","date_gmt":"2025-09-11T10:24:23","guid":{"rendered":"https:\/\/librairie7l.com\/?post_type=product&#038;p=50494"},"modified":"2026-04-06T06:53:53","modified_gmt":"2026-04-06T04:53:53","slug":"naufrage-2","status":"publish","type":"product","link":"https:\/\/librairie7l.com\/en\/produit\/naufrage-2\/","title":{"rendered":"NAUFRAGE"},"content":{"rendered":"<p>\u00abOn aurait voulu que je dise, je le sais bien, on aurait voulu que je dise : Tu ne mourras pas, je te sauverai. Et ce n&#8217;\u00e9tait pas parce que je l&#8217;aurais sauv\u00e9 en effet, pas parce que j&#8217;aurais fait mon m\u00e9tier et que j&#8217;aurais fait ce qu&#8217;il fallait : envoyer les secours. Pas parce que j&#8217;aurais fait ce qu&#8217;on doit faire. On aurait voulu que je le dise, au moins le dire, seulement le dire. Mais moi j&#8217;ai dit : Tu ne seras pas sauv\u00e9.\u00bb En novembre 2021, le naufrage d&#8217;un bateau de migrants dans la Manche a caus\u00e9 la mort de vingt-sept personnes. Malgr\u00e9 leurs nombreux appels \u00e0 l&#8217;aide, le centre de surveillance n&#8217;a pas envoy\u00e9 les secours. Inspir\u00e9 de ce fait r\u00e9el, le roman de Vincent Delecroix, oeuvre de pure fiction, pose la question du mal et celle de la responsabilit\u00e9 collective, en imaginant le portrait d&#8217;une op\u00e9ratrice du centre qui, elle aussi, aura peut-\u00eatre fait naufrage cette nuit-l\u00e0. Personne ne sera sauv\u00e9, et pourtant la litt\u00e9rature permet de donner un visage et une chair \u00e0 toutes les figures de l&#8217;humanit\u00e9.<\/p>\n","protected":false},"excerpt":{"rendered":"<p>\u00abOn aurait voulu que je dise, je le sais bien, on aurait voulu que je dise : Tu ne mourras pas, je te sauverai. Et ce n&#8217;\u00e9tait pas parce que je l&#8217;aurais sauv\u00e9 en effet, pas parce que j&#8217;aurais fait mon m\u00e9tier et que j&#8217;aurais fait ce qu&#8217;il fallait : envoyer les secours. Pas parce [&hellip;]<\/p>\n","protected":false},"featured_media":50492,"template":"","meta":[],"product_cat":[7364,2948],"product_tag":[],"acf":[],"yoast_head":"<!-- This site is optimized with the Yoast SEO plugin v20.11 - https:\/\/yoast.com\/wordpress\/plugins\/seo\/ -->\n<title>Naufrage - Librairie 7L<\/title>\n<meta name=\"robots\" content=\"index, follow, max-snippet:-1, max-image-preview:large, max-video-preview:-1\" \/>\n<link rel=\"canonical\" href=\"https:\/\/librairie7l.com\/en\/produit\/naufrage-2\/\" \/>\n<meta property=\"og:locale\" content=\"en_US\" \/>\n<meta property=\"og:type\" content=\"article\" \/>\n<meta property=\"og:title\" content=\"Naufrage - Librairie 7L\" \/>\n<meta property=\"og:description\" content=\"\u00abOn aurait voulu que je dise, je le sais bien, on aurait voulu que je dise : Tu ne mourras pas, je te sauverai. Et ce n&#8217;\u00e9tait pas parce que je l&#8217;aurais sauv\u00e9 en effet, pas parce que j&#8217;aurais fait mon m\u00e9tier et que j&#8217;aurais fait ce qu&#8217;il fallait : envoyer les secours. Pas parce [&hellip;]\" \/>\n<meta property=\"og:url\" content=\"https:\/\/librairie7l.com\/en\/produit\/naufrage-2\/\" \/>\n<meta property=\"og:site_name\" content=\"Librairie 7L\" \/>\n<meta property=\"article:modified_time\" content=\"2026-04-06T04:53:53+00:00\" \/>\n<meta property=\"og:image\" content=\"https:\/\/librairie7l.com\/wp-content\/uploads\/2023\/03\/9782073032065_1_75.jpg\" \/>\n\t<meta property=\"og:image:width\" content=\"600\" \/>\n\t<meta property=\"og:image:height\" content=\"878\" \/>\n\t<meta property=\"og:image:type\" content=\"image\/jpeg\" \/>\n<meta name=\"twitter:card\" content=\"summary_large_image\" \/>\n<meta name=\"twitter:label1\" content=\"Est. reading time\" \/>\n\t<meta name=\"twitter:data1\" content=\"1 minute\" \/>\n<script type=\"application\/ld+json\" class=\"yoast-schema-graph\">{\"@context\":\"https:\/\/schema.org\",\"@graph\":[{\"@type\":\"WebPage\",\"@id\":\"https:\/\/librairie7l.com\/en\/produit\/naufrage-2\/\",\"url\":\"https:\/\/librairie7l.com\/en\/produit\/naufrage-2\/\",\"name\":\"Naufrage - Librairie 7L\",\"isPartOf\":{\"@id\":\"https:\/\/librairie7l.com\/en\/#website\"},\"datePublished\":\"2025-09-11T10:24:23+00:00\",\"dateModified\":\"2026-04-06T04:53:53+00:00\",\"breadcrumb\":{\"@id\":\"https:\/\/librairie7l.com\/en\/produit\/naufrage-2\/#breadcrumb\"},\"inLanguage\":\"en-US\",\"potentialAction\":[{\"@type\":\"ReadAction\",\"target\":[\"https:\/\/librairie7l.com\/en\/produit\/naufrage-2\/\"]}]},{\"@type\":\"BreadcrumbList\",\"@id\":\"https:\/\/librairie7l.com\/en\/produit\/naufrage-2\/#breadcrumb\",\"itemListElement\":[{\"@type\":\"ListItem\",\"position\":1,\"name\":\"Accueil\",\"item\":\"https:\/\/librairie7l.com\/en\/\"},{\"@type\":\"ListItem\",\"position\":2,\"name\":\"Shop\",\"item\":\"https:\/\/librairie7l.com\/en\/shop\/\"},{\"@type\":\"ListItem\",\"position\":3,\"name\":\"NAUFRAGE\"}]},{\"@type\":\"WebSite\",\"@id\":\"https:\/\/librairie7l.com\/en\/#website\",\"url\":\"https:\/\/librairie7l.com\/en\/\",\"name\":\"Librairie 7L\",\"description\":\"Librairie fond\u00e9e en 1999 par Karl Lagerfeld \u00e0 Paris\",\"publisher\":{\"@id\":\"https:\/\/librairie7l.com\/en\/#organization\"},\"potentialAction\":[{\"@type\":\"SearchAction\",\"target\":{\"@type\":\"EntryPoint\",\"urlTemplate\":\"https:\/\/librairie7l.com\/en\/?s={search_term_string}\"},\"query-input\":\"required name=search_term_string\"}],\"inLanguage\":\"en-US\"},{\"@type\":\"Organization\",\"@id\":\"https:\/\/librairie7l.com\/en\/#organization\",\"name\":\"Librairie 7L\",\"url\":\"https:\/\/librairie7l.com\/en\/\",\"logo\":{\"@type\":\"ImageObject\",\"inLanguage\":\"en-US\",\"@id\":\"https:\/\/librairie7l.com\/en\/#\/schema\/logo\/image\/\",\"url\":\"https:\/\/librairie7l.com\/wp-content\/uploads\/2022\/08\/logo-1.png\",\"contentUrl\":\"https:\/\/librairie7l.com\/wp-content\/uploads\/2022\/08\/logo-1.png\",\"width\":227,\"height\":301,\"caption\":\"Librairie 7L\"},\"image\":{\"@id\":\"https:\/\/librairie7l.com\/en\/#\/schema\/logo\/image\/\"}}]}<\/script>\n<!-- \/ Yoast SEO plugin. -->","yoast_head_json":{"title":"Naufrage - Librairie 7L","robots":{"index":"index","follow":"follow","max-snippet":"max-snippet:-1","max-image-preview":"max-image-preview:large","max-video-preview":"max-video-preview:-1"},"canonical":"https:\/\/librairie7l.com\/en\/produit\/naufrage-2\/","og_locale":"en_US","og_type":"article","og_title":"Naufrage - Librairie 7L","og_description":"\u00abOn aurait voulu que je dise, je le sais bien, on aurait voulu que je dise : Tu ne mourras pas, je te sauverai. Et ce n&#8217;\u00e9tait pas parce que je l&#8217;aurais sauv\u00e9 en effet, pas parce que j&#8217;aurais fait mon m\u00e9tier et que j&#8217;aurais fait ce qu&#8217;il fallait : envoyer les secours. Pas parce [&hellip;]","og_url":"https:\/\/librairie7l.com\/en\/produit\/naufrage-2\/","og_site_name":"Librairie 7L","article_modified_time":"2026-04-06T04:53:53+00:00","og_image":[{"width":600,"height":878,"url":"https:\/\/librairie7l.com\/wp-content\/uploads\/2023\/03\/9782073032065_1_75.jpg","type":"image\/jpeg"}],"twitter_card":"summary_large_image","twitter_misc":{"Est. reading time":"1 minute"},"schema":{"@context":"https:\/\/schema.org","@graph":[{"@type":"WebPage","@id":"https:\/\/librairie7l.com\/en\/produit\/naufrage-2\/","url":"https:\/\/librairie7l.com\/en\/produit\/naufrage-2\/","name":"Naufrage - Librairie 7L","isPartOf":{"@id":"https:\/\/librairie7l.com\/en\/#website"},"datePublished":"2025-09-11T10:24:23+00:00","dateModified":"2026-04-06T04:53:53+00:00","breadcrumb":{"@id":"https:\/\/librairie7l.com\/en\/produit\/naufrage-2\/#breadcrumb"},"inLanguage":"en-US","potentialAction":[{"@type":"ReadAction","target":["https:\/\/librairie7l.com\/en\/produit\/naufrage-2\/"]}]},{"@type":"BreadcrumbList","@id":"https:\/\/librairie7l.com\/en\/produit\/naufrage-2\/#breadcrumb","itemListElement":[{"@type":"ListItem","position":1,"name":"Accueil","item":"https:\/\/librairie7l.com\/en\/"},{"@type":"ListItem","position":2,"name":"Shop","item":"https:\/\/librairie7l.com\/en\/shop\/"},{"@type":"ListItem","position":3,"name":"NAUFRAGE"}]},{"@type":"WebSite","@id":"https:\/\/librairie7l.com\/en\/#website","url":"https:\/\/librairie7l.com\/en\/","name":"Librairie 7L","description":"Librairie fond\u00e9e en 1999 par Karl Lagerfeld \u00e0 Paris","publisher":{"@id":"https:\/\/librairie7l.com\/en\/#organization"},"potentialAction":[{"@type":"SearchAction","target":{"@type":"EntryPoint","urlTemplate":"https:\/\/librairie7l.com\/en\/?s={search_term_string}"},"query-input":"required name=search_term_string"}],"inLanguage":"en-US"},{"@type":"Organization","@id":"https:\/\/librairie7l.com\/en\/#organization","name":"Librairie 7L","url":"https:\/\/librairie7l.com\/en\/","logo":{"@type":"ImageObject","inLanguage":"en-US","@id":"https:\/\/librairie7l.com\/en\/#\/schema\/logo\/image\/","url":"https:\/\/librairie7l.com\/wp-content\/uploads\/2022\/08\/logo-1.png","contentUrl":"https:\/\/librairie7l.com\/wp-content\/uploads\/2022\/08\/logo-1.png","width":227,"height":301,"caption":"Librairie 7L"},"image":{"@id":"https:\/\/librairie7l.com\/en\/#\/schema\/logo\/image\/"}}]}},"_links":{"self":[{"href":"https:\/\/librairie7l.com\/en\/wp-json\/wp\/v2\/product\/50494"}],"collection":[{"href":"https:\/\/librairie7l.com\/en\/wp-json\/wp\/v2\/product"}],"about":[{"href":"https:\/\/librairie7l.com\/en\/wp-json\/wp\/v2\/types\/product"}],"wp:featuredmedia":[{"embeddable":true,"href":"https:\/\/librairie7l.com\/en\/wp-json\/wp\/v2\/media\/50492"}],"wp:attachment":[{"href":"https:\/\/librairie7l.com\/en\/wp-json\/wp\/v2\/media?parent=50494"}],"wp:term":[{"taxonomy":"product_cat","embeddable":true,"href":"https:\/\/librairie7l.com\/en\/wp-json\/wp\/v2\/product_cat?post=50494"},{"taxonomy":"product_tag","embeddable":true,"href":"https:\/\/librairie7l.com\/en\/wp-json\/wp\/v2\/product_tag?post=50494"}],"curies":[{"name":"wp","href":"https:\/\/api.w.org\/{rel}","templated":true}]}}