{"id":50503,"date":"2025-09-12T09:17:48","date_gmt":"2025-09-12T07:17:48","guid":{"rendered":"https:\/\/librairie7l.com\/?post_type=product&#038;p=50503"},"modified":"2026-04-17T07:42:23","modified_gmt":"2026-04-17T05:42:23","slug":"paroles-dartistes-femmes-1869-1939-2","status":"publish","type":"product","link":"https:\/\/librairie7l.com\/en\/produit\/paroles-dartistes-femmes-1869-1939-2\/","title":{"rendered":"PAROLES D&#8217;ARTISTES FEMMES : 1869-1939"},"content":{"rendered":"<p>\u00ab C&#8217;est avec la conviction intime que je ne serai jamais lue, et avec l&#8217;esp\u00e9rance encore plus intime du contraire, que j&#8217;\u00e9cris mon journal. \u00bb Marie Bashkirtseff, Journal, 2 f\u00e9vrier 1876.<br \/>\nCorrespondances, journaux, m\u00e9moires, entretiens, manifestes, essais th\u00e9oriques : telle est la diversit\u00e9 des t\u00e9moignages que nous ont laiss\u00e9s les artistes femmes.<br \/>\nCette anthologie r\u00e9unit les voix de 40 cr\u00e9atrices actives dans un Paris cosmopolite et vibrant, de la Belle \u00c9poque \u00e0 la veille de la Seconde Guerre mondiale, mondialement c\u00e9l\u00e8bres ou m\u00e9connues &#8211; de Berthe Morisot \u00e0 Nina Hamnett en passant par Camille Claudel, Sarah Bernardt et Amrita Sher-Gil. Suivant les \u00e9tapes d&#8217;une carri\u00e8re d&#8217;artiste &#8211; se former, pers\u00e9v\u00e9rer, s&#8217;organiser et s&#8217;affirmer -, l&#8217;ouvrage \u00e9claire les parcours singuliers de ces femmes, aux prises avec l&#8217;ambition, le d\u00e9sir, les efforts, les difficult\u00e9s et les succ\u00e8s.<\/p>\n","protected":false},"excerpt":{"rendered":"<p>\u00ab C&#8217;est avec la conviction intime que je ne serai jamais lue, et avec l&#8217;esp\u00e9rance encore plus intime du contraire, que j&#8217;\u00e9cris mon journal. \u00bb Marie Bashkirtseff, Journal, 2 f\u00e9vrier 1876. Correspondances, journaux, m\u00e9moires, entretiens, manifestes, essais th\u00e9oriques : telle est la diversit\u00e9 des t\u00e9moignages que nous ont laiss\u00e9s les artistes femmes. Cette anthologie r\u00e9unit [&hellip;]<\/p>\n","protected":false},"featured_media":50501,"template":"","meta":[],"product_cat":[2948,2953],"product_tag":[],"acf":[],"yoast_head":"<!-- This site is optimized with the Yoast SEO plugin v20.11 - https:\/\/yoast.com\/wordpress\/plugins\/seo\/ -->\n<title>Paroles d&#039;artistes femmes : 1869-1939 - Librairie 7L<\/title>\n<meta name=\"robots\" content=\"index, follow, max-snippet:-1, max-image-preview:large, max-video-preview:-1\" \/>\n<link rel=\"canonical\" href=\"https:\/\/librairie7l.com\/en\/produit\/paroles-dartistes-femmes-1869-1939-2\/\" \/>\n<meta property=\"og:locale\" content=\"en_US\" \/>\n<meta property=\"og:type\" content=\"article\" \/>\n<meta property=\"og:title\" content=\"Paroles d&#039;artistes femmes : 1869-1939 - Librairie 7L\" \/>\n<meta property=\"og:description\" content=\"\u00ab C&#8217;est avec la conviction intime que je ne serai jamais lue, et avec l&#8217;esp\u00e9rance encore plus intime du contraire, que j&#8217;\u00e9cris mon journal. \u00bb Marie Bashkirtseff, Journal, 2 f\u00e9vrier 1876. Correspondances, journaux, m\u00e9moires, entretiens, manifestes, essais th\u00e9oriques : telle est la diversit\u00e9 des t\u00e9moignages que nous ont laiss\u00e9s les artistes femmes. Cette anthologie r\u00e9unit [&hellip;]\" \/>\n<meta property=\"og:url\" content=\"https:\/\/librairie7l.com\/en\/produit\/paroles-dartistes-femmes-1869-1939-2\/\" \/>\n<meta property=\"og:site_name\" content=\"Librairie 7L\" \/>\n<meta property=\"article:modified_time\" content=\"2026-04-17T05:42:23+00:00\" \/>\n<meta property=\"og:image\" content=\"https:\/\/librairie7l.com\/wp-content\/uploads\/2025\/04\/9791040121640_1_75.jpg\" \/>\n\t<meta property=\"og:image:width\" content=\"400\" \/>\n\t<meta property=\"og:image:height\" content=\"560\" \/>\n\t<meta property=\"og:image:type\" content=\"image\/jpeg\" \/>\n<meta name=\"twitter:card\" content=\"summary_large_image\" \/>\n<meta name=\"twitter:label1\" content=\"Est. reading time\" \/>\n\t<meta name=\"twitter:data1\" content=\"1 minute\" \/>\n<script type=\"application\/ld+json\" class=\"yoast-schema-graph\">{\"@context\":\"https:\/\/schema.org\",\"@graph\":[{\"@type\":\"WebPage\",\"@id\":\"https:\/\/librairie7l.com\/en\/produit\/paroles-dartistes-femmes-1869-1939-2\/\",\"url\":\"https:\/\/librairie7l.com\/en\/produit\/paroles-dartistes-femmes-1869-1939-2\/\",\"name\":\"Paroles d'artistes femmes : 1869-1939 - Librairie 7L\",\"isPartOf\":{\"@id\":\"https:\/\/librairie7l.com\/en\/#website\"},\"datePublished\":\"2025-09-12T07:17:48+00:00\",\"dateModified\":\"2026-04-17T05:42:23+00:00\",\"breadcrumb\":{\"@id\":\"https:\/\/librairie7l.com\/en\/produit\/paroles-dartistes-femmes-1869-1939-2\/#breadcrumb\"},\"inLanguage\":\"en-US\",\"potentialAction\":[{\"@type\":\"ReadAction\",\"target\":[\"https:\/\/librairie7l.com\/en\/produit\/paroles-dartistes-femmes-1869-1939-2\/\"]}]},{\"@type\":\"BreadcrumbList\",\"@id\":\"https:\/\/librairie7l.com\/en\/produit\/paroles-dartistes-femmes-1869-1939-2\/#breadcrumb\",\"itemListElement\":[{\"@type\":\"ListItem\",\"position\":1,\"name\":\"Accueil\",\"item\":\"https:\/\/librairie7l.com\/en\/\"},{\"@type\":\"ListItem\",\"position\":2,\"name\":\"Shop\",\"item\":\"https:\/\/librairie7l.com\/en\/shop\/\"},{\"@type\":\"ListItem\",\"position\":3,\"name\":\"PAROLES D&#8217;ARTISTES FEMMES : 1869-1939\"}]},{\"@type\":\"WebSite\",\"@id\":\"https:\/\/librairie7l.com\/en\/#website\",\"url\":\"https:\/\/librairie7l.com\/en\/\",\"name\":\"Librairie 7L\",\"description\":\"Librairie fond\u00e9e en 1999 par Karl Lagerfeld \u00e0 Paris\",\"publisher\":{\"@id\":\"https:\/\/librairie7l.com\/en\/#organization\"},\"potentialAction\":[{\"@type\":\"SearchAction\",\"target\":{\"@type\":\"EntryPoint\",\"urlTemplate\":\"https:\/\/librairie7l.com\/en\/?s={search_term_string}\"},\"query-input\":\"required name=search_term_string\"}],\"inLanguage\":\"en-US\"},{\"@type\":\"Organization\",\"@id\":\"https:\/\/librairie7l.com\/en\/#organization\",\"name\":\"Librairie 7L\",\"url\":\"https:\/\/librairie7l.com\/en\/\",\"logo\":{\"@type\":\"ImageObject\",\"inLanguage\":\"en-US\",\"@id\":\"https:\/\/librairie7l.com\/en\/#\/schema\/logo\/image\/\",\"url\":\"https:\/\/librairie7l.com\/wp-content\/uploads\/2022\/08\/logo-1.png\",\"contentUrl\":\"https:\/\/librairie7l.com\/wp-content\/uploads\/2022\/08\/logo-1.png\",\"width\":227,\"height\":301,\"caption\":\"Librairie 7L\"},\"image\":{\"@id\":\"https:\/\/librairie7l.com\/en\/#\/schema\/logo\/image\/\"}}]}<\/script>\n<!-- \/ Yoast SEO plugin. -->","yoast_head_json":{"title":"Paroles d'artistes femmes : 1869-1939 - Librairie 7L","robots":{"index":"index","follow":"follow","max-snippet":"max-snippet:-1","max-image-preview":"max-image-preview:large","max-video-preview":"max-video-preview:-1"},"canonical":"https:\/\/librairie7l.com\/en\/produit\/paroles-dartistes-femmes-1869-1939-2\/","og_locale":"en_US","og_type":"article","og_title":"Paroles d'artistes femmes : 1869-1939 - Librairie 7L","og_description":"\u00ab C&#8217;est avec la conviction intime que je ne serai jamais lue, et avec l&#8217;esp\u00e9rance encore plus intime du contraire, que j&#8217;\u00e9cris mon journal. \u00bb Marie Bashkirtseff, Journal, 2 f\u00e9vrier 1876. Correspondances, journaux, m\u00e9moires, entretiens, manifestes, essais th\u00e9oriques : telle est la diversit\u00e9 des t\u00e9moignages que nous ont laiss\u00e9s les artistes femmes. Cette anthologie r\u00e9unit [&hellip;]","og_url":"https:\/\/librairie7l.com\/en\/produit\/paroles-dartistes-femmes-1869-1939-2\/","og_site_name":"Librairie 7L","article_modified_time":"2026-04-17T05:42:23+00:00","og_image":[{"width":400,"height":560,"url":"https:\/\/librairie7l.com\/wp-content\/uploads\/2025\/04\/9791040121640_1_75.jpg","type":"image\/jpeg"}],"twitter_card":"summary_large_image","twitter_misc":{"Est. reading time":"1 minute"},"schema":{"@context":"https:\/\/schema.org","@graph":[{"@type":"WebPage","@id":"https:\/\/librairie7l.com\/en\/produit\/paroles-dartistes-femmes-1869-1939-2\/","url":"https:\/\/librairie7l.com\/en\/produit\/paroles-dartistes-femmes-1869-1939-2\/","name":"Paroles d'artistes femmes : 1869-1939 - Librairie 7L","isPartOf":{"@id":"https:\/\/librairie7l.com\/en\/#website"},"datePublished":"2025-09-12T07:17:48+00:00","dateModified":"2026-04-17T05:42:23+00:00","breadcrumb":{"@id":"https:\/\/librairie7l.com\/en\/produit\/paroles-dartistes-femmes-1869-1939-2\/#breadcrumb"},"inLanguage":"en-US","potentialAction":[{"@type":"ReadAction","target":["https:\/\/librairie7l.com\/en\/produit\/paroles-dartistes-femmes-1869-1939-2\/"]}]},{"@type":"BreadcrumbList","@id":"https:\/\/librairie7l.com\/en\/produit\/paroles-dartistes-femmes-1869-1939-2\/#breadcrumb","itemListElement":[{"@type":"ListItem","position":1,"name":"Accueil","item":"https:\/\/librairie7l.com\/en\/"},{"@type":"ListItem","position":2,"name":"Shop","item":"https:\/\/librairie7l.com\/en\/shop\/"},{"@type":"ListItem","position":3,"name":"PAROLES D&#8217;ARTISTES FEMMES : 1869-1939"}]},{"@type":"WebSite","@id":"https:\/\/librairie7l.com\/en\/#website","url":"https:\/\/librairie7l.com\/en\/","name":"Librairie 7L","description":"Librairie fond\u00e9e en 1999 par Karl Lagerfeld \u00e0 Paris","publisher":{"@id":"https:\/\/librairie7l.com\/en\/#organization"},"potentialAction":[{"@type":"SearchAction","target":{"@type":"EntryPoint","urlTemplate":"https:\/\/librairie7l.com\/en\/?s={search_term_string}"},"query-input":"required name=search_term_string"}],"inLanguage":"en-US"},{"@type":"Organization","@id":"https:\/\/librairie7l.com\/en\/#organization","name":"Librairie 7L","url":"https:\/\/librairie7l.com\/en\/","logo":{"@type":"ImageObject","inLanguage":"en-US","@id":"https:\/\/librairie7l.com\/en\/#\/schema\/logo\/image\/","url":"https:\/\/librairie7l.com\/wp-content\/uploads\/2022\/08\/logo-1.png","contentUrl":"https:\/\/librairie7l.com\/wp-content\/uploads\/2022\/08\/logo-1.png","width":227,"height":301,"caption":"Librairie 7L"},"image":{"@id":"https:\/\/librairie7l.com\/en\/#\/schema\/logo\/image\/"}}]}},"_links":{"self":[{"href":"https:\/\/librairie7l.com\/en\/wp-json\/wp\/v2\/product\/50503"}],"collection":[{"href":"https:\/\/librairie7l.com\/en\/wp-json\/wp\/v2\/product"}],"about":[{"href":"https:\/\/librairie7l.com\/en\/wp-json\/wp\/v2\/types\/product"}],"wp:featuredmedia":[{"embeddable":true,"href":"https:\/\/librairie7l.com\/en\/wp-json\/wp\/v2\/media\/50501"}],"wp:attachment":[{"href":"https:\/\/librairie7l.com\/en\/wp-json\/wp\/v2\/media?parent=50503"}],"wp:term":[{"taxonomy":"product_cat","embeddable":true,"href":"https:\/\/librairie7l.com\/en\/wp-json\/wp\/v2\/product_cat?post=50503"},{"taxonomy":"product_tag","embeddable":true,"href":"https:\/\/librairie7l.com\/en\/wp-json\/wp\/v2\/product_tag?post=50503"}],"curies":[{"name":"wp","href":"https:\/\/api.w.org\/{rel}","templated":true}]}}