{"id":50527,"date":"2025-09-14T09:17:48","date_gmt":"2025-09-14T07:17:48","guid":{"rendered":"https:\/\/librairie7l.com\/?post_type=product&#038;p=50527"},"modified":"2026-04-04T23:09:13","modified_gmt":"2026-04-04T21:09:13","slug":"danser-paris-2","status":"publish","type":"product","link":"https:\/\/librairie7l.com\/en\/produit\/danser-paris-2\/","title":{"rendered":"DANSER PARIS"},"content":{"rendered":"<p>Entre 1986 et 1994, arm\u00e9 de son Leica, Bruno Cordonnier a arpent\u00e9 les clubs mythiques de la capitale, le Palace, le Privil\u00e8ge, les Bains Douches, le Queen&#8230; Travaillant alors jusqu&#8217;\u00e0 minuit comme tireur dans un laboratoire photo, il plonge ensuite dans l&#8217;effervescence des dancefloors, capturant en noir et blanc l&#8217;incroyable mixit\u00e9 et l&#8217;excentricit\u00e9 des noctambules. C\u00e9l\u00e9brit\u00e9s, anonymes, artistes et drag-queens se m\u00ealent sous les stroboscopes dont il dompte les effets \u00e0 la prise de vue. Derri\u00e8re l&#8217;exub\u00e9rance des paillettes et des boules \u00e0 facettes, plane l&#8217;ombre du sida, rappel\u00e9e par Ariel Kenig dans le texte accompagnant les photographies. Red\u00e9couvertes apr\u00e8s 30 ans, ces images sont un t\u00e9moignage vibrant d&#8217;une \u00e9poque o\u00f9 danser \u00e9tait un acte de libert\u00e9 face \u00e0 la fragilit\u00e9 de la vie.<\/p>\n","protected":false},"excerpt":{"rendered":"<p>Entre 1986 et 1994, arm\u00e9 de son Leica, Bruno Cordonnier a arpent\u00e9 les clubs mythiques de la capitale, le Palace, le Privil\u00e8ge, les Bains Douches, le Queen&#8230; Travaillant alors jusqu&#8217;\u00e0 minuit comme tireur dans un laboratoire photo, il plonge ensuite dans l&#8217;effervescence des dancefloors, capturant en noir et blanc l&#8217;incroyable mixit\u00e9 et l&#8217;excentricit\u00e9 des noctambules. [&hellip;]<\/p>\n","protected":false},"featured_media":50525,"template":"","meta":[],"product_cat":[2948,2958],"product_tag":[],"acf":[],"yoast_head":"<!-- This site is optimized with the Yoast SEO plugin v20.11 - https:\/\/yoast.com\/wordpress\/plugins\/seo\/ -->\n<title>Danser Paris - Librairie 7L<\/title>\n<meta name=\"robots\" content=\"index, follow, max-snippet:-1, max-image-preview:large, max-video-preview:-1\" \/>\n<link rel=\"canonical\" href=\"https:\/\/librairie7l.com\/en\/produit\/danser-paris-2\/\" \/>\n<meta property=\"og:locale\" content=\"en_US\" \/>\n<meta property=\"og:type\" content=\"article\" \/>\n<meta property=\"og:title\" content=\"Danser Paris - Librairie 7L\" \/>\n<meta property=\"og:description\" content=\"Entre 1986 et 1994, arm\u00e9 de son Leica, Bruno Cordonnier a arpent\u00e9 les clubs mythiques de la capitale, le Palace, le Privil\u00e8ge, les Bains Douches, le Queen&#8230; Travaillant alors jusqu&#8217;\u00e0 minuit comme tireur dans un laboratoire photo, il plonge ensuite dans l&#8217;effervescence des dancefloors, capturant en noir et blanc l&#8217;incroyable mixit\u00e9 et l&#8217;excentricit\u00e9 des noctambules. [&hellip;]\" \/>\n<meta property=\"og:url\" content=\"https:\/\/librairie7l.com\/en\/produit\/danser-paris-2\/\" \/>\n<meta property=\"og:site_name\" content=\"Librairie 7L\" \/>\n<meta property=\"article:modified_time\" content=\"2026-04-04T21:09:13+00:00\" \/>\n<meta property=\"og:image\" content=\"https:\/\/librairie7l.com\/wp-content\/uploads\/2025\/04\/9782367442006_1_75.jpg\" \/>\n\t<meta property=\"og:image:width\" content=\"600\" \/>\n\t<meta property=\"og:image:height\" content=\"858\" \/>\n\t<meta property=\"og:image:type\" content=\"image\/jpeg\" \/>\n<meta name=\"twitter:card\" content=\"summary_large_image\" \/>\n<meta name=\"twitter:label1\" content=\"Est. reading time\" \/>\n\t<meta name=\"twitter:data1\" content=\"1 minute\" \/>\n<script type=\"application\/ld+json\" class=\"yoast-schema-graph\">{\"@context\":\"https:\/\/schema.org\",\"@graph\":[{\"@type\":\"WebPage\",\"@id\":\"https:\/\/librairie7l.com\/en\/produit\/danser-paris-2\/\",\"url\":\"https:\/\/librairie7l.com\/en\/produit\/danser-paris-2\/\",\"name\":\"Danser Paris - Librairie 7L\",\"isPartOf\":{\"@id\":\"https:\/\/librairie7l.com\/en\/#website\"},\"datePublished\":\"2025-09-14T07:17:48+00:00\",\"dateModified\":\"2026-04-04T21:09:13+00:00\",\"breadcrumb\":{\"@id\":\"https:\/\/librairie7l.com\/en\/produit\/danser-paris-2\/#breadcrumb\"},\"inLanguage\":\"en-US\",\"potentialAction\":[{\"@type\":\"ReadAction\",\"target\":[\"https:\/\/librairie7l.com\/en\/produit\/danser-paris-2\/\"]}]},{\"@type\":\"BreadcrumbList\",\"@id\":\"https:\/\/librairie7l.com\/en\/produit\/danser-paris-2\/#breadcrumb\",\"itemListElement\":[{\"@type\":\"ListItem\",\"position\":1,\"name\":\"Accueil\",\"item\":\"https:\/\/librairie7l.com\/en\/\"},{\"@type\":\"ListItem\",\"position\":2,\"name\":\"Shop\",\"item\":\"https:\/\/librairie7l.com\/en\/shop\/\"},{\"@type\":\"ListItem\",\"position\":3,\"name\":\"DANSER PARIS\"}]},{\"@type\":\"WebSite\",\"@id\":\"https:\/\/librairie7l.com\/en\/#website\",\"url\":\"https:\/\/librairie7l.com\/en\/\",\"name\":\"Librairie 7L\",\"description\":\"Librairie fond\u00e9e en 1999 par Karl Lagerfeld \u00e0 Paris\",\"publisher\":{\"@id\":\"https:\/\/librairie7l.com\/en\/#organization\"},\"potentialAction\":[{\"@type\":\"SearchAction\",\"target\":{\"@type\":\"EntryPoint\",\"urlTemplate\":\"https:\/\/librairie7l.com\/en\/?s={search_term_string}\"},\"query-input\":\"required name=search_term_string\"}],\"inLanguage\":\"en-US\"},{\"@type\":\"Organization\",\"@id\":\"https:\/\/librairie7l.com\/en\/#organization\",\"name\":\"Librairie 7L\",\"url\":\"https:\/\/librairie7l.com\/en\/\",\"logo\":{\"@type\":\"ImageObject\",\"inLanguage\":\"en-US\",\"@id\":\"https:\/\/librairie7l.com\/en\/#\/schema\/logo\/image\/\",\"url\":\"https:\/\/librairie7l.com\/wp-content\/uploads\/2022\/08\/logo-1.png\",\"contentUrl\":\"https:\/\/librairie7l.com\/wp-content\/uploads\/2022\/08\/logo-1.png\",\"width\":227,\"height\":301,\"caption\":\"Librairie 7L\"},\"image\":{\"@id\":\"https:\/\/librairie7l.com\/en\/#\/schema\/logo\/image\/\"}}]}<\/script>\n<!-- \/ Yoast SEO plugin. -->","yoast_head_json":{"title":"Danser Paris - Librairie 7L","robots":{"index":"index","follow":"follow","max-snippet":"max-snippet:-1","max-image-preview":"max-image-preview:large","max-video-preview":"max-video-preview:-1"},"canonical":"https:\/\/librairie7l.com\/en\/produit\/danser-paris-2\/","og_locale":"en_US","og_type":"article","og_title":"Danser Paris - Librairie 7L","og_description":"Entre 1986 et 1994, arm\u00e9 de son Leica, Bruno Cordonnier a arpent\u00e9 les clubs mythiques de la capitale, le Palace, le Privil\u00e8ge, les Bains Douches, le Queen&#8230; Travaillant alors jusqu&#8217;\u00e0 minuit comme tireur dans un laboratoire photo, il plonge ensuite dans l&#8217;effervescence des dancefloors, capturant en noir et blanc l&#8217;incroyable mixit\u00e9 et l&#8217;excentricit\u00e9 des noctambules. [&hellip;]","og_url":"https:\/\/librairie7l.com\/en\/produit\/danser-paris-2\/","og_site_name":"Librairie 7L","article_modified_time":"2026-04-04T21:09:13+00:00","og_image":[{"width":600,"height":858,"url":"https:\/\/librairie7l.com\/wp-content\/uploads\/2025\/04\/9782367442006_1_75.jpg","type":"image\/jpeg"}],"twitter_card":"summary_large_image","twitter_misc":{"Est. reading time":"1 minute"},"schema":{"@context":"https:\/\/schema.org","@graph":[{"@type":"WebPage","@id":"https:\/\/librairie7l.com\/en\/produit\/danser-paris-2\/","url":"https:\/\/librairie7l.com\/en\/produit\/danser-paris-2\/","name":"Danser Paris - Librairie 7L","isPartOf":{"@id":"https:\/\/librairie7l.com\/en\/#website"},"datePublished":"2025-09-14T07:17:48+00:00","dateModified":"2026-04-04T21:09:13+00:00","breadcrumb":{"@id":"https:\/\/librairie7l.com\/en\/produit\/danser-paris-2\/#breadcrumb"},"inLanguage":"en-US","potentialAction":[{"@type":"ReadAction","target":["https:\/\/librairie7l.com\/en\/produit\/danser-paris-2\/"]}]},{"@type":"BreadcrumbList","@id":"https:\/\/librairie7l.com\/en\/produit\/danser-paris-2\/#breadcrumb","itemListElement":[{"@type":"ListItem","position":1,"name":"Accueil","item":"https:\/\/librairie7l.com\/en\/"},{"@type":"ListItem","position":2,"name":"Shop","item":"https:\/\/librairie7l.com\/en\/shop\/"},{"@type":"ListItem","position":3,"name":"DANSER PARIS"}]},{"@type":"WebSite","@id":"https:\/\/librairie7l.com\/en\/#website","url":"https:\/\/librairie7l.com\/en\/","name":"Librairie 7L","description":"Librairie fond\u00e9e en 1999 par Karl Lagerfeld \u00e0 Paris","publisher":{"@id":"https:\/\/librairie7l.com\/en\/#organization"},"potentialAction":[{"@type":"SearchAction","target":{"@type":"EntryPoint","urlTemplate":"https:\/\/librairie7l.com\/en\/?s={search_term_string}"},"query-input":"required name=search_term_string"}],"inLanguage":"en-US"},{"@type":"Organization","@id":"https:\/\/librairie7l.com\/en\/#organization","name":"Librairie 7L","url":"https:\/\/librairie7l.com\/en\/","logo":{"@type":"ImageObject","inLanguage":"en-US","@id":"https:\/\/librairie7l.com\/en\/#\/schema\/logo\/image\/","url":"https:\/\/librairie7l.com\/wp-content\/uploads\/2022\/08\/logo-1.png","contentUrl":"https:\/\/librairie7l.com\/wp-content\/uploads\/2022\/08\/logo-1.png","width":227,"height":301,"caption":"Librairie 7L"},"image":{"@id":"https:\/\/librairie7l.com\/en\/#\/schema\/logo\/image\/"}}]}},"_links":{"self":[{"href":"https:\/\/librairie7l.com\/en\/wp-json\/wp\/v2\/product\/50527"}],"collection":[{"href":"https:\/\/librairie7l.com\/en\/wp-json\/wp\/v2\/product"}],"about":[{"href":"https:\/\/librairie7l.com\/en\/wp-json\/wp\/v2\/types\/product"}],"wp:featuredmedia":[{"embeddable":true,"href":"https:\/\/librairie7l.com\/en\/wp-json\/wp\/v2\/media\/50525"}],"wp:attachment":[{"href":"https:\/\/librairie7l.com\/en\/wp-json\/wp\/v2\/media?parent=50527"}],"wp:term":[{"taxonomy":"product_cat","embeddable":true,"href":"https:\/\/librairie7l.com\/en\/wp-json\/wp\/v2\/product_cat?post=50527"},{"taxonomy":"product_tag","embeddable":true,"href":"https:\/\/librairie7l.com\/en\/wp-json\/wp\/v2\/product_tag?post=50527"}],"curies":[{"name":"wp","href":"https:\/\/api.w.org\/{rel}","templated":true}]}}