{"id":50531,"date":"2025-09-14T09:17:51","date_gmt":"2025-09-14T07:17:51","guid":{"rendered":"https:\/\/librairie7l.com\/?post_type=product&#038;p=50531"},"modified":"2026-04-17T14:21:10","modified_gmt":"2026-04-17T12:21:10","slug":"eric-de-dormael-sculpteur-dombres-2","status":"publish","type":"product","link":"https:\/\/librairie7l.com\/en\/produit\/eric-de-dormael-sculpteur-dombres-2\/","title":{"rendered":"ERIC DE DORMAEL : SCULPTEUR D&#8217;OMBRES"},"content":{"rendered":"<p>Eric de Dormael d\u00e9ploie une oeuvre aux irisations singuli\u00e8res, o\u00f9 la rigueur du trait se conjugue avec la libert\u00e9 de cr\u00e9ation. Guid\u00e9 par la passion du dessin, son parcours \u00e9clectique r\u00e9v\u00e8le un artiste insatiable et cultivant une joie communicative \u00e0 cr\u00e9er. Depuis la cr\u00e9ation d&#8217;Ombre Port\u00e9e, sp\u00e9cialis\u00e9e dans le luminaire d\u00e9coratif monumental, Eric de Dormael est devenu un ma\u00eetre dans l&#8217;art de sculpter l&#8217;espace avec des jeux d&#8217;ombre et de reflets. Ses pi\u00e8ces, souvent uniques et toujours minutieusement r\u00e9fl\u00e9chies, sont pens\u00e9es comme des exp\u00e9riences visuelles, de l&#8217;esquisse au volume final. La mati\u00e8re, qu&#8217;elle soit laiton, pl\u00e2tre, bronze ou papier m\u00e2ch\u00e9, devient architecture d\u00e9licate et onirique, compos\u00e9e d&#8217;entrelacs, de lignes claires, o\u00f9 se glissent d&#8217;intimes sources de lumi\u00e8re. De la cr\u00e9ation de bijoux \u00e0 la mise en sc\u00e8ne des figures hi\u00e9ratiques de son \u00e9pouse Agn\u00e8s Baillon, Eric de Dormael signe une oeuvre o\u00f9 l&#8217;ombre et la lumi\u00e8re se m\u00ealent pour sublimer la mati\u00e8re et r\u00e9v\u00e9ler l&#8217;indicible.<\/p>\n","protected":false},"excerpt":{"rendered":"<p>Eric de Dormael d\u00e9ploie une oeuvre aux irisations singuli\u00e8res, o\u00f9 la rigueur du trait se conjugue avec la libert\u00e9 de cr\u00e9ation. Guid\u00e9 par la passion du dessin, son parcours \u00e9clectique r\u00e9v\u00e8le un artiste insatiable et cultivant une joie communicative \u00e0 cr\u00e9er. Depuis la cr\u00e9ation d&#8217;Ombre Port\u00e9e, sp\u00e9cialis\u00e9e dans le luminaire d\u00e9coratif monumental, Eric de Dormael [&hellip;]<\/p>\n","protected":false},"featured_media":56300,"template":"","meta":[],"product_cat":[2948,2952],"product_tag":[],"acf":[],"yoast_head":"<!-- This site is optimized with the Yoast SEO plugin v20.11 - https:\/\/yoast.com\/wordpress\/plugins\/seo\/ -->\n<title>Eric de Dormael : Sculpteur d&#039;ombres - Librairie 7L<\/title>\n<meta name=\"robots\" content=\"index, follow, max-snippet:-1, max-image-preview:large, max-video-preview:-1\" \/>\n<link rel=\"canonical\" href=\"https:\/\/librairie7l.com\/en\/produit\/eric-de-dormael-sculpteur-dombres-2\/\" \/>\n<meta property=\"og:locale\" content=\"en_US\" \/>\n<meta property=\"og:type\" content=\"article\" \/>\n<meta property=\"og:title\" content=\"Eric de Dormael : Sculpteur d&#039;ombres - Librairie 7L\" \/>\n<meta property=\"og:description\" content=\"Eric de Dormael d\u00e9ploie une oeuvre aux irisations singuli\u00e8res, o\u00f9 la rigueur du trait se conjugue avec la libert\u00e9 de cr\u00e9ation. Guid\u00e9 par la passion du dessin, son parcours \u00e9clectique r\u00e9v\u00e8le un artiste insatiable et cultivant une joie communicative \u00e0 cr\u00e9er. Depuis la cr\u00e9ation d&#8217;Ombre Port\u00e9e, sp\u00e9cialis\u00e9e dans le luminaire d\u00e9coratif monumental, Eric de Dormael [&hellip;]\" \/>\n<meta property=\"og:url\" content=\"https:\/\/librairie7l.com\/en\/produit\/eric-de-dormael-sculpteur-dombres-2\/\" \/>\n<meta property=\"og:site_name\" content=\"Librairie 7L\" \/>\n<meta property=\"article:modified_time\" content=\"2026-04-17T12:21:10+00:00\" \/>\n<meta name=\"twitter:card\" content=\"summary_large_image\" \/>\n<meta name=\"twitter:label1\" content=\"Est. reading time\" \/>\n\t<meta name=\"twitter:data1\" content=\"1 minute\" \/>\n<script type=\"application\/ld+json\" class=\"yoast-schema-graph\">{\"@context\":\"https:\/\/schema.org\",\"@graph\":[{\"@type\":\"WebPage\",\"@id\":\"https:\/\/librairie7l.com\/en\/produit\/eric-de-dormael-sculpteur-dombres-2\/\",\"url\":\"https:\/\/librairie7l.com\/en\/produit\/eric-de-dormael-sculpteur-dombres-2\/\",\"name\":\"Eric de Dormael : Sculpteur d'ombres - Librairie 7L\",\"isPartOf\":{\"@id\":\"https:\/\/librairie7l.com\/en\/#website\"},\"datePublished\":\"2025-09-14T07:17:51+00:00\",\"dateModified\":\"2026-04-17T12:21:10+00:00\",\"breadcrumb\":{\"@id\":\"https:\/\/librairie7l.com\/en\/produit\/eric-de-dormael-sculpteur-dombres-2\/#breadcrumb\"},\"inLanguage\":\"en-US\",\"potentialAction\":[{\"@type\":\"ReadAction\",\"target\":[\"https:\/\/librairie7l.com\/en\/produit\/eric-de-dormael-sculpteur-dombres-2\/\"]}]},{\"@type\":\"BreadcrumbList\",\"@id\":\"https:\/\/librairie7l.com\/en\/produit\/eric-de-dormael-sculpteur-dombres-2\/#breadcrumb\",\"itemListElement\":[{\"@type\":\"ListItem\",\"position\":1,\"name\":\"Accueil\",\"item\":\"https:\/\/librairie7l.com\/en\/\"},{\"@type\":\"ListItem\",\"position\":2,\"name\":\"Shop\",\"item\":\"https:\/\/librairie7l.com\/en\/shop\/\"},{\"@type\":\"ListItem\",\"position\":3,\"name\":\"ERIC DE DORMAEL : SCULPTEUR D&#8217;OMBRES\"}]},{\"@type\":\"WebSite\",\"@id\":\"https:\/\/librairie7l.com\/en\/#website\",\"url\":\"https:\/\/librairie7l.com\/en\/\",\"name\":\"Librairie 7L\",\"description\":\"Librairie fond\u00e9e en 1999 par Karl Lagerfeld \u00e0 Paris\",\"publisher\":{\"@id\":\"https:\/\/librairie7l.com\/en\/#organization\"},\"potentialAction\":[{\"@type\":\"SearchAction\",\"target\":{\"@type\":\"EntryPoint\",\"urlTemplate\":\"https:\/\/librairie7l.com\/en\/?s={search_term_string}\"},\"query-input\":\"required name=search_term_string\"}],\"inLanguage\":\"en-US\"},{\"@type\":\"Organization\",\"@id\":\"https:\/\/librairie7l.com\/en\/#organization\",\"name\":\"Librairie 7L\",\"url\":\"https:\/\/librairie7l.com\/en\/\",\"logo\":{\"@type\":\"ImageObject\",\"inLanguage\":\"en-US\",\"@id\":\"https:\/\/librairie7l.com\/en\/#\/schema\/logo\/image\/\",\"url\":\"https:\/\/librairie7l.com\/wp-content\/uploads\/2022\/08\/logo-1.png\",\"contentUrl\":\"https:\/\/librairie7l.com\/wp-content\/uploads\/2022\/08\/logo-1.png\",\"width\":227,\"height\":301,\"caption\":\"Librairie 7L\"},\"image\":{\"@id\":\"https:\/\/librairie7l.com\/en\/#\/schema\/logo\/image\/\"}}]}<\/script>\n<!-- \/ Yoast SEO plugin. -->","yoast_head_json":{"title":"Eric de Dormael : Sculpteur d'ombres - Librairie 7L","robots":{"index":"index","follow":"follow","max-snippet":"max-snippet:-1","max-image-preview":"max-image-preview:large","max-video-preview":"max-video-preview:-1"},"canonical":"https:\/\/librairie7l.com\/en\/produit\/eric-de-dormael-sculpteur-dombres-2\/","og_locale":"en_US","og_type":"article","og_title":"Eric de Dormael : Sculpteur d'ombres - Librairie 7L","og_description":"Eric de Dormael d\u00e9ploie une oeuvre aux irisations singuli\u00e8res, o\u00f9 la rigueur du trait se conjugue avec la libert\u00e9 de cr\u00e9ation. Guid\u00e9 par la passion du dessin, son parcours \u00e9clectique r\u00e9v\u00e8le un artiste insatiable et cultivant une joie communicative \u00e0 cr\u00e9er. Depuis la cr\u00e9ation d&#8217;Ombre Port\u00e9e, sp\u00e9cialis\u00e9e dans le luminaire d\u00e9coratif monumental, Eric de Dormael [&hellip;]","og_url":"https:\/\/librairie7l.com\/en\/produit\/eric-de-dormael-sculpteur-dombres-2\/","og_site_name":"Librairie 7L","article_modified_time":"2026-04-17T12:21:10+00:00","twitter_card":"summary_large_image","twitter_misc":{"Est. reading time":"1 minute"},"schema":{"@context":"https:\/\/schema.org","@graph":[{"@type":"WebPage","@id":"https:\/\/librairie7l.com\/en\/produit\/eric-de-dormael-sculpteur-dombres-2\/","url":"https:\/\/librairie7l.com\/en\/produit\/eric-de-dormael-sculpteur-dombres-2\/","name":"Eric de Dormael : Sculpteur d'ombres - Librairie 7L","isPartOf":{"@id":"https:\/\/librairie7l.com\/en\/#website"},"datePublished":"2025-09-14T07:17:51+00:00","dateModified":"2026-04-17T12:21:10+00:00","breadcrumb":{"@id":"https:\/\/librairie7l.com\/en\/produit\/eric-de-dormael-sculpteur-dombres-2\/#breadcrumb"},"inLanguage":"en-US","potentialAction":[{"@type":"ReadAction","target":["https:\/\/librairie7l.com\/en\/produit\/eric-de-dormael-sculpteur-dombres-2\/"]}]},{"@type":"BreadcrumbList","@id":"https:\/\/librairie7l.com\/en\/produit\/eric-de-dormael-sculpteur-dombres-2\/#breadcrumb","itemListElement":[{"@type":"ListItem","position":1,"name":"Accueil","item":"https:\/\/librairie7l.com\/en\/"},{"@type":"ListItem","position":2,"name":"Shop","item":"https:\/\/librairie7l.com\/en\/shop\/"},{"@type":"ListItem","position":3,"name":"ERIC DE DORMAEL : SCULPTEUR D&#8217;OMBRES"}]},{"@type":"WebSite","@id":"https:\/\/librairie7l.com\/en\/#website","url":"https:\/\/librairie7l.com\/en\/","name":"Librairie 7L","description":"Librairie fond\u00e9e en 1999 par Karl Lagerfeld \u00e0 Paris","publisher":{"@id":"https:\/\/librairie7l.com\/en\/#organization"},"potentialAction":[{"@type":"SearchAction","target":{"@type":"EntryPoint","urlTemplate":"https:\/\/librairie7l.com\/en\/?s={search_term_string}"},"query-input":"required name=search_term_string"}],"inLanguage":"en-US"},{"@type":"Organization","@id":"https:\/\/librairie7l.com\/en\/#organization","name":"Librairie 7L","url":"https:\/\/librairie7l.com\/en\/","logo":{"@type":"ImageObject","inLanguage":"en-US","@id":"https:\/\/librairie7l.com\/en\/#\/schema\/logo\/image\/","url":"https:\/\/librairie7l.com\/wp-content\/uploads\/2022\/08\/logo-1.png","contentUrl":"https:\/\/librairie7l.com\/wp-content\/uploads\/2022\/08\/logo-1.png","width":227,"height":301,"caption":"Librairie 7L"},"image":{"@id":"https:\/\/librairie7l.com\/en\/#\/schema\/logo\/image\/"}}]}},"_links":{"self":[{"href":"https:\/\/librairie7l.com\/en\/wp-json\/wp\/v2\/product\/50531"}],"collection":[{"href":"https:\/\/librairie7l.com\/en\/wp-json\/wp\/v2\/product"}],"about":[{"href":"https:\/\/librairie7l.com\/en\/wp-json\/wp\/v2\/types\/product"}],"wp:featuredmedia":[{"embeddable":true,"href":"https:\/\/librairie7l.com\/en\/wp-json\/wp\/v2\/media\/56300"}],"wp:attachment":[{"href":"https:\/\/librairie7l.com\/en\/wp-json\/wp\/v2\/media?parent=50531"}],"wp:term":[{"taxonomy":"product_cat","embeddable":true,"href":"https:\/\/librairie7l.com\/en\/wp-json\/wp\/v2\/product_cat?post=50531"},{"taxonomy":"product_tag","embeddable":true,"href":"https:\/\/librairie7l.com\/en\/wp-json\/wp\/v2\/product_tag?post=50531"}],"curies":[{"name":"wp","href":"https:\/\/api.w.org\/{rel}","templated":true}]}}