{"id":50543,"date":"2025-09-14T09:17:58","date_gmt":"2025-09-14T07:17:58","guid":{"rendered":"https:\/\/librairie7l.com\/?post_type=product&#038;p=50543"},"modified":"2026-04-25T20:06:22","modified_gmt":"2026-04-25T18:06:22","slug":"the-first-homosexuals-the-birth-of-a-global-identity-1869-1939-2","status":"publish","type":"product","link":"https:\/\/librairie7l.com\/en\/produit\/the-first-homosexuals-the-birth-of-a-global-identity-1869-1939-2\/","title":{"rendered":"THE FIRST HOMOSEXUALS : THE BIRTH OF A GLOBAL IDENTITY 1869-1939"},"content":{"rendered":"<p>A groundbreaking, global survey of queer art, featuring more than 300 artworks made following the introduction of the term &#8216;homosexual&#8217; in 1869<\/p>\n<p>An unprecedented and historic new book, The First Homosexuals traces the evolution of the homosexual identity through an archive of more than 300 paintings, drawings, sculptures, prints, photographs, and film stills from around the world &#8211; many presented in a queer, global, and colonial context for the first time. Accompanying the works are twenty-two original, insightful essays by leading experts in art and queer history, each focusing on one geographical region &#8211; from Japan to Australia to the Indigenous populations of South America. Ranging from well-known masterpieces to works by unknown artists and pieces rarely considered in the context of sexuality, The First Homosexuals offers a stunning and illuminating look at the first self-consciously queer art. The book accompanies a groundbreaking exhibition of the same name presented at Wrightwood 659 in Chicago.<\/p>\n<p>Featured artists include Henri de Toulouse-Lautrec, Oscar Wilde, Thomas Eakins, John Singer Sargent, F\u00e9lix Vallotton, Harriet Hosmer, Katsushika Hokusai, Kitagawa Utamaro, Frederic Leighton, Simeon Solomon, Giovanni Boldini, Jacques-\u00c9mile Blanche, Berenice Abbott, Clare Atwood, Duncan Grant, Laura Rodig, Carl van Vechten, Beauford Delaney, Anna Klumpke, Sarah Bernhardt, Walter Sickert, Florence Carlyle, Florence Wyle, Frances Loring, Ottilie Roederstein, Florine Stettheimer, Nasta Rojc, Glyn Philpot, Romaine Brooks, Ismael Nery, Manuel Rodr\u00edguez Lozano, Roberto Montenegro, Mar\u00eda Izquierdo, Emilio Baz Viaud, Konstantin Somov, Pascal Adolphe Jean Dagnan-Bouveret, Alice Austen, Emilie Mundt, Bertha Wegmann, Thomas Anshutz, Marsden Hartley, Charles Demuth, Marie Laurencin, Gerda Wegener, Lili Elbe, Gregorio Prieto, Jorge Larco, Pavel Tchelitchew, Andrey Avinoff, Gustave Courtois, Carlos Baca-Flor, Gustave Moreau, Henry Scott Tuke, Sascha Schneider, Ludwig von Hofmann, Max Oppenheimer, Eug\u00e8ne Jansson, Osmar Schindler, George Platt Lynes, Agnes Goodsir, Tamara de Lempicka, Pedro Lira, Wilhelm von Gloeden, Ladislav Medny\u00e1nszky, F. Holland Day, Kristian Zahrtmann, Violet Oakley, Rupert Bunny,Saturnino Herr\u00e1n, David Paynter, Lionel Wendt, Richmond Barth\u00e9, Richard Bruce Nugent, Lady Una Troubridge, Jean Cocteau, L\u00e9on Bakst, Lumi\u00e8re Brothers, Marie H\u00f6eg &amp; Bolette Berg, Jos\u00e9 Guadalupe Posada, Claude Cahun, Toyen, Toni Ebel, and Elis\u00e0r von Kupffer (Elisarion).<\/p>\n","protected":false},"excerpt":{"rendered":"<p>A groundbreaking, global survey of queer art, featuring more than 300 artworks made following the introduction of the term &#8216;homosexual&#8217; in 1869 An unprecedented and historic new book, The First Homosexuals traces the evolution of the homosexual identity through an archive of more than 300 paintings, drawings, sculptures, prints, photographs, and film stills from around [&hellip;]<\/p>\n","protected":false},"featured_media":50541,"template":"","meta":[],"product_cat":[2948,2958],"product_tag":[],"acf":[],"yoast_head":"<!-- This site is optimized with the Yoast SEO plugin v20.11 - https:\/\/yoast.com\/wordpress\/plugins\/seo\/ -->\n<title>The First Homosexuals : The Birth of a Global Identity 1869-1939 - Librairie 7L<\/title>\n<meta name=\"robots\" content=\"index, follow, max-snippet:-1, max-image-preview:large, max-video-preview:-1\" \/>\n<link rel=\"canonical\" href=\"https:\/\/librairie7l.com\/en\/produit\/the-first-homosexuals-the-birth-of-a-global-identity-1869-1939-2\/\" \/>\n<meta property=\"og:locale\" content=\"en_US\" \/>\n<meta property=\"og:type\" content=\"article\" \/>\n<meta property=\"og:title\" content=\"The First Homosexuals : The Birth of a Global Identity 1869-1939 - Librairie 7L\" \/>\n<meta property=\"og:description\" content=\"A groundbreaking, global survey of queer art, featuring more than 300 artworks made following the introduction of the term &#8216;homosexual&#8217; in 1869 An unprecedented and historic new book, The First Homosexuals traces the evolution of the homosexual identity through an archive of more than 300 paintings, drawings, sculptures, prints, photographs, and film stills from around [&hellip;]\" \/>\n<meta property=\"og:url\" content=\"https:\/\/librairie7l.com\/en\/produit\/the-first-homosexuals-the-birth-of-a-global-identity-1869-1939-2\/\" \/>\n<meta property=\"og:site_name\" content=\"Librairie 7L\" \/>\n<meta property=\"article:modified_time\" content=\"2026-04-25T18:06:22+00:00\" \/>\n<meta property=\"og:image\" content=\"https:\/\/librairie7l.com\/wp-content\/uploads\/2024\/10\/9781580936934_1_75.jpg\" \/>\n\t<meta property=\"og:image:width\" content=\"600\" \/>\n\t<meta property=\"og:image:height\" content=\"800\" \/>\n\t<meta property=\"og:image:type\" content=\"image\/jpeg\" \/>\n<meta name=\"twitter:card\" content=\"summary_large_image\" \/>\n<meta name=\"twitter:label1\" content=\"Est. reading time\" \/>\n\t<meta name=\"twitter:data1\" content=\"2 minutes\" \/>\n<script type=\"application\/ld+json\" class=\"yoast-schema-graph\">{\"@context\":\"https:\/\/schema.org\",\"@graph\":[{\"@type\":\"WebPage\",\"@id\":\"https:\/\/librairie7l.com\/en\/produit\/the-first-homosexuals-the-birth-of-a-global-identity-1869-1939-2\/\",\"url\":\"https:\/\/librairie7l.com\/en\/produit\/the-first-homosexuals-the-birth-of-a-global-identity-1869-1939-2\/\",\"name\":\"The First Homosexuals : The Birth of a Global Identity 1869-1939 - Librairie 7L\",\"isPartOf\":{\"@id\":\"https:\/\/librairie7l.com\/en\/#website\"},\"datePublished\":\"2025-09-14T07:17:58+00:00\",\"dateModified\":\"2026-04-25T18:06:22+00:00\",\"breadcrumb\":{\"@id\":\"https:\/\/librairie7l.com\/en\/produit\/the-first-homosexuals-the-birth-of-a-global-identity-1869-1939-2\/#breadcrumb\"},\"inLanguage\":\"en-US\",\"potentialAction\":[{\"@type\":\"ReadAction\",\"target\":[\"https:\/\/librairie7l.com\/en\/produit\/the-first-homosexuals-the-birth-of-a-global-identity-1869-1939-2\/\"]}]},{\"@type\":\"BreadcrumbList\",\"@id\":\"https:\/\/librairie7l.com\/en\/produit\/the-first-homosexuals-the-birth-of-a-global-identity-1869-1939-2\/#breadcrumb\",\"itemListElement\":[{\"@type\":\"ListItem\",\"position\":1,\"name\":\"Accueil\",\"item\":\"https:\/\/librairie7l.com\/en\/\"},{\"@type\":\"ListItem\",\"position\":2,\"name\":\"Shop\",\"item\":\"https:\/\/librairie7l.com\/en\/shop\/\"},{\"@type\":\"ListItem\",\"position\":3,\"name\":\"THE FIRST HOMOSEXUALS : THE BIRTH OF A GLOBAL IDENTITY 1869-1939\"}]},{\"@type\":\"WebSite\",\"@id\":\"https:\/\/librairie7l.com\/en\/#website\",\"url\":\"https:\/\/librairie7l.com\/en\/\",\"name\":\"Librairie 7L\",\"description\":\"Librairie fond\u00e9e en 1999 par Karl Lagerfeld \u00e0 Paris\",\"publisher\":{\"@id\":\"https:\/\/librairie7l.com\/en\/#organization\"},\"potentialAction\":[{\"@type\":\"SearchAction\",\"target\":{\"@type\":\"EntryPoint\",\"urlTemplate\":\"https:\/\/librairie7l.com\/en\/?s={search_term_string}\"},\"query-input\":\"required name=search_term_string\"}],\"inLanguage\":\"en-US\"},{\"@type\":\"Organization\",\"@id\":\"https:\/\/librairie7l.com\/en\/#organization\",\"name\":\"Librairie 7L\",\"url\":\"https:\/\/librairie7l.com\/en\/\",\"logo\":{\"@type\":\"ImageObject\",\"inLanguage\":\"en-US\",\"@id\":\"https:\/\/librairie7l.com\/en\/#\/schema\/logo\/image\/\",\"url\":\"https:\/\/librairie7l.com\/wp-content\/uploads\/2022\/08\/logo-1.png\",\"contentUrl\":\"https:\/\/librairie7l.com\/wp-content\/uploads\/2022\/08\/logo-1.png\",\"width\":227,\"height\":301,\"caption\":\"Librairie 7L\"},\"image\":{\"@id\":\"https:\/\/librairie7l.com\/en\/#\/schema\/logo\/image\/\"}}]}<\/script>\n<!-- \/ Yoast SEO plugin. -->","yoast_head_json":{"title":"The First Homosexuals : The Birth of a Global Identity 1869-1939 - Librairie 7L","robots":{"index":"index","follow":"follow","max-snippet":"max-snippet:-1","max-image-preview":"max-image-preview:large","max-video-preview":"max-video-preview:-1"},"canonical":"https:\/\/librairie7l.com\/en\/produit\/the-first-homosexuals-the-birth-of-a-global-identity-1869-1939-2\/","og_locale":"en_US","og_type":"article","og_title":"The First Homosexuals : The Birth of a Global Identity 1869-1939 - Librairie 7L","og_description":"A groundbreaking, global survey of queer art, featuring more than 300 artworks made following the introduction of the term &#8216;homosexual&#8217; in 1869 An unprecedented and historic new book, The First Homosexuals traces the evolution of the homosexual identity through an archive of more than 300 paintings, drawings, sculptures, prints, photographs, and film stills from around [&hellip;]","og_url":"https:\/\/librairie7l.com\/en\/produit\/the-first-homosexuals-the-birth-of-a-global-identity-1869-1939-2\/","og_site_name":"Librairie 7L","article_modified_time":"2026-04-25T18:06:22+00:00","og_image":[{"width":600,"height":800,"url":"https:\/\/librairie7l.com\/wp-content\/uploads\/2024\/10\/9781580936934_1_75.jpg","type":"image\/jpeg"}],"twitter_card":"summary_large_image","twitter_misc":{"Est. reading time":"2 minutes"},"schema":{"@context":"https:\/\/schema.org","@graph":[{"@type":"WebPage","@id":"https:\/\/librairie7l.com\/en\/produit\/the-first-homosexuals-the-birth-of-a-global-identity-1869-1939-2\/","url":"https:\/\/librairie7l.com\/en\/produit\/the-first-homosexuals-the-birth-of-a-global-identity-1869-1939-2\/","name":"The First Homosexuals : The Birth of a Global Identity 1869-1939 - Librairie 7L","isPartOf":{"@id":"https:\/\/librairie7l.com\/en\/#website"},"datePublished":"2025-09-14T07:17:58+00:00","dateModified":"2026-04-25T18:06:22+00:00","breadcrumb":{"@id":"https:\/\/librairie7l.com\/en\/produit\/the-first-homosexuals-the-birth-of-a-global-identity-1869-1939-2\/#breadcrumb"},"inLanguage":"en-US","potentialAction":[{"@type":"ReadAction","target":["https:\/\/librairie7l.com\/en\/produit\/the-first-homosexuals-the-birth-of-a-global-identity-1869-1939-2\/"]}]},{"@type":"BreadcrumbList","@id":"https:\/\/librairie7l.com\/en\/produit\/the-first-homosexuals-the-birth-of-a-global-identity-1869-1939-2\/#breadcrumb","itemListElement":[{"@type":"ListItem","position":1,"name":"Accueil","item":"https:\/\/librairie7l.com\/en\/"},{"@type":"ListItem","position":2,"name":"Shop","item":"https:\/\/librairie7l.com\/en\/shop\/"},{"@type":"ListItem","position":3,"name":"THE FIRST HOMOSEXUALS : THE BIRTH OF A GLOBAL IDENTITY 1869-1939"}]},{"@type":"WebSite","@id":"https:\/\/librairie7l.com\/en\/#website","url":"https:\/\/librairie7l.com\/en\/","name":"Librairie 7L","description":"Librairie fond\u00e9e en 1999 par Karl Lagerfeld \u00e0 Paris","publisher":{"@id":"https:\/\/librairie7l.com\/en\/#organization"},"potentialAction":[{"@type":"SearchAction","target":{"@type":"EntryPoint","urlTemplate":"https:\/\/librairie7l.com\/en\/?s={search_term_string}"},"query-input":"required name=search_term_string"}],"inLanguage":"en-US"},{"@type":"Organization","@id":"https:\/\/librairie7l.com\/en\/#organization","name":"Librairie 7L","url":"https:\/\/librairie7l.com\/en\/","logo":{"@type":"ImageObject","inLanguage":"en-US","@id":"https:\/\/librairie7l.com\/en\/#\/schema\/logo\/image\/","url":"https:\/\/librairie7l.com\/wp-content\/uploads\/2022\/08\/logo-1.png","contentUrl":"https:\/\/librairie7l.com\/wp-content\/uploads\/2022\/08\/logo-1.png","width":227,"height":301,"caption":"Librairie 7L"},"image":{"@id":"https:\/\/librairie7l.com\/en\/#\/schema\/logo\/image\/"}}]}},"_links":{"self":[{"href":"https:\/\/librairie7l.com\/en\/wp-json\/wp\/v2\/product\/50543"}],"collection":[{"href":"https:\/\/librairie7l.com\/en\/wp-json\/wp\/v2\/product"}],"about":[{"href":"https:\/\/librairie7l.com\/en\/wp-json\/wp\/v2\/types\/product"}],"wp:featuredmedia":[{"embeddable":true,"href":"https:\/\/librairie7l.com\/en\/wp-json\/wp\/v2\/media\/50541"}],"wp:attachment":[{"href":"https:\/\/librairie7l.com\/en\/wp-json\/wp\/v2\/media?parent=50543"}],"wp:term":[{"taxonomy":"product_cat","embeddable":true,"href":"https:\/\/librairie7l.com\/en\/wp-json\/wp\/v2\/product_cat?post=50543"},{"taxonomy":"product_tag","embeddable":true,"href":"https:\/\/librairie7l.com\/en\/wp-json\/wp\/v2\/product_tag?post=50543"}],"curies":[{"name":"wp","href":"https:\/\/api.w.org\/{rel}","templated":true}]}}