{"id":50551,"date":"2025-09-14T09:18:02","date_gmt":"2025-09-14T07:18:02","guid":{"rendered":"https:\/\/librairie7l.com\/?post_type=product&#038;p=50551"},"modified":"2026-04-11T15:37:02","modified_gmt":"2026-04-11T13:37:02","slug":"one-big-bang-2","status":"publish","type":"product","link":"https:\/\/librairie7l.com\/en\/produit\/one-big-bang-2\/","title":{"rendered":"ONE BIG BANG"},"content":{"rendered":"<p>One Big Bang rassemble 78 dessins au fusain et au pastel des s\u00e9ries r\u00e9centes d&#8217;Adel Abdessemed Nature Morte et Politics of Drawing, o\u00f9 des objets quotidiens, des animaux et des fleurs sont subtilement charg\u00e9s de tension. \u00c0 travers ces oeuvres, Abdessemed explore les intersections de la beaut\u00e9, de la fragilit\u00e9 et de l&#8217;instabilit\u00e9. Avec des textes d&#8217;H\u00e9l\u00e8ne Cixous et de David Elliott, One Big Bang offre un acc\u00e8s r\u00e9fl\u00e9chi au langage visuel d&#8217;un artiste dont la pratique est fa\u00e7onn\u00e9e par la m\u00e9moire, le mythe et l&#8217;urgence politique.<\/p>\n","protected":false},"excerpt":{"rendered":"<p>One Big Bang rassemble 78 dessins au fusain et au pastel des s\u00e9ries r\u00e9centes d&#8217;Adel Abdessemed Nature Morte et Politics of Drawing, o\u00f9 des objets quotidiens, des animaux et des fleurs sont subtilement charg\u00e9s de tension. \u00c0 travers ces oeuvres, Abdessemed explore les intersections de la beaut\u00e9, de la fragilit\u00e9 et de l&#8217;instabilit\u00e9. Avec des [&hellip;]<\/p>\n","protected":false},"featured_media":50549,"template":"","meta":[],"product_cat":[2948,2953],"product_tag":[],"acf":[],"yoast_head":"<!-- This site is optimized with the Yoast SEO plugin v20.11 - https:\/\/yoast.com\/wordpress\/plugins\/seo\/ -->\n<title>One Big Bang - Librairie 7L<\/title>\n<meta name=\"robots\" content=\"index, follow, max-snippet:-1, max-image-preview:large, max-video-preview:-1\" \/>\n<link rel=\"canonical\" href=\"https:\/\/librairie7l.com\/en\/produit\/one-big-bang-2\/\" \/>\n<meta property=\"og:locale\" content=\"en_US\" \/>\n<meta property=\"og:type\" content=\"article\" \/>\n<meta property=\"og:title\" content=\"One Big Bang - Librairie 7L\" \/>\n<meta property=\"og:description\" content=\"One Big Bang rassemble 78 dessins au fusain et au pastel des s\u00e9ries r\u00e9centes d&#8217;Adel Abdessemed Nature Morte et Politics of Drawing, o\u00f9 des objets quotidiens, des animaux et des fleurs sont subtilement charg\u00e9s de tension. \u00c0 travers ces oeuvres, Abdessemed explore les intersections de la beaut\u00e9, de la fragilit\u00e9 et de l&#8217;instabilit\u00e9. Avec des [&hellip;]\" \/>\n<meta property=\"og:url\" content=\"https:\/\/librairie7l.com\/en\/produit\/one-big-bang-2\/\" \/>\n<meta property=\"og:site_name\" content=\"Librairie 7L\" \/>\n<meta property=\"article:modified_time\" content=\"2026-04-11T13:37:02+00:00\" \/>\n<meta property=\"og:image\" content=\"https:\/\/librairie7l.com\/wp-content\/uploads\/2025\/08\/9798990911369_1_75.jpg\" \/>\n\t<meta property=\"og:image:width\" content=\"600\" \/>\n\t<meta property=\"og:image:height\" content=\"839\" \/>\n\t<meta property=\"og:image:type\" content=\"image\/jpeg\" \/>\n<meta name=\"twitter:card\" content=\"summary_large_image\" \/>\n<script type=\"application\/ld+json\" class=\"yoast-schema-graph\">{\"@context\":\"https:\/\/schema.org\",\"@graph\":[{\"@type\":\"WebPage\",\"@id\":\"https:\/\/librairie7l.com\/en\/produit\/one-big-bang-2\/\",\"url\":\"https:\/\/librairie7l.com\/en\/produit\/one-big-bang-2\/\",\"name\":\"One Big Bang - Librairie 7L\",\"isPartOf\":{\"@id\":\"https:\/\/librairie7l.com\/en\/#website\"},\"datePublished\":\"2025-09-14T07:18:02+00:00\",\"dateModified\":\"2026-04-11T13:37:02+00:00\",\"breadcrumb\":{\"@id\":\"https:\/\/librairie7l.com\/en\/produit\/one-big-bang-2\/#breadcrumb\"},\"inLanguage\":\"en-US\",\"potentialAction\":[{\"@type\":\"ReadAction\",\"target\":[\"https:\/\/librairie7l.com\/en\/produit\/one-big-bang-2\/\"]}]},{\"@type\":\"BreadcrumbList\",\"@id\":\"https:\/\/librairie7l.com\/en\/produit\/one-big-bang-2\/#breadcrumb\",\"itemListElement\":[{\"@type\":\"ListItem\",\"position\":1,\"name\":\"Accueil\",\"item\":\"https:\/\/librairie7l.com\/en\/\"},{\"@type\":\"ListItem\",\"position\":2,\"name\":\"Shop\",\"item\":\"https:\/\/librairie7l.com\/en\/shop\/\"},{\"@type\":\"ListItem\",\"position\":3,\"name\":\"ONE BIG BANG\"}]},{\"@type\":\"WebSite\",\"@id\":\"https:\/\/librairie7l.com\/en\/#website\",\"url\":\"https:\/\/librairie7l.com\/en\/\",\"name\":\"Librairie 7L\",\"description\":\"Librairie fond\u00e9e en 1999 par Karl Lagerfeld \u00e0 Paris\",\"publisher\":{\"@id\":\"https:\/\/librairie7l.com\/en\/#organization\"},\"potentialAction\":[{\"@type\":\"SearchAction\",\"target\":{\"@type\":\"EntryPoint\",\"urlTemplate\":\"https:\/\/librairie7l.com\/en\/?s={search_term_string}\"},\"query-input\":\"required name=search_term_string\"}],\"inLanguage\":\"en-US\"},{\"@type\":\"Organization\",\"@id\":\"https:\/\/librairie7l.com\/en\/#organization\",\"name\":\"Librairie 7L\",\"url\":\"https:\/\/librairie7l.com\/en\/\",\"logo\":{\"@type\":\"ImageObject\",\"inLanguage\":\"en-US\",\"@id\":\"https:\/\/librairie7l.com\/en\/#\/schema\/logo\/image\/\",\"url\":\"https:\/\/librairie7l.com\/wp-content\/uploads\/2022\/08\/logo-1.png\",\"contentUrl\":\"https:\/\/librairie7l.com\/wp-content\/uploads\/2022\/08\/logo-1.png\",\"width\":227,\"height\":301,\"caption\":\"Librairie 7L\"},\"image\":{\"@id\":\"https:\/\/librairie7l.com\/en\/#\/schema\/logo\/image\/\"}}]}<\/script>\n<!-- \/ Yoast SEO plugin. -->","yoast_head_json":{"title":"One Big Bang - Librairie 7L","robots":{"index":"index","follow":"follow","max-snippet":"max-snippet:-1","max-image-preview":"max-image-preview:large","max-video-preview":"max-video-preview:-1"},"canonical":"https:\/\/librairie7l.com\/en\/produit\/one-big-bang-2\/","og_locale":"en_US","og_type":"article","og_title":"One Big Bang - Librairie 7L","og_description":"One Big Bang rassemble 78 dessins au fusain et au pastel des s\u00e9ries r\u00e9centes d&#8217;Adel Abdessemed Nature Morte et Politics of Drawing, o\u00f9 des objets quotidiens, des animaux et des fleurs sont subtilement charg\u00e9s de tension. \u00c0 travers ces oeuvres, Abdessemed explore les intersections de la beaut\u00e9, de la fragilit\u00e9 et de l&#8217;instabilit\u00e9. Avec des [&hellip;]","og_url":"https:\/\/librairie7l.com\/en\/produit\/one-big-bang-2\/","og_site_name":"Librairie 7L","article_modified_time":"2026-04-11T13:37:02+00:00","og_image":[{"width":600,"height":839,"url":"https:\/\/librairie7l.com\/wp-content\/uploads\/2025\/08\/9798990911369_1_75.jpg","type":"image\/jpeg"}],"twitter_card":"summary_large_image","schema":{"@context":"https:\/\/schema.org","@graph":[{"@type":"WebPage","@id":"https:\/\/librairie7l.com\/en\/produit\/one-big-bang-2\/","url":"https:\/\/librairie7l.com\/en\/produit\/one-big-bang-2\/","name":"One Big Bang - Librairie 7L","isPartOf":{"@id":"https:\/\/librairie7l.com\/en\/#website"},"datePublished":"2025-09-14T07:18:02+00:00","dateModified":"2026-04-11T13:37:02+00:00","breadcrumb":{"@id":"https:\/\/librairie7l.com\/en\/produit\/one-big-bang-2\/#breadcrumb"},"inLanguage":"en-US","potentialAction":[{"@type":"ReadAction","target":["https:\/\/librairie7l.com\/en\/produit\/one-big-bang-2\/"]}]},{"@type":"BreadcrumbList","@id":"https:\/\/librairie7l.com\/en\/produit\/one-big-bang-2\/#breadcrumb","itemListElement":[{"@type":"ListItem","position":1,"name":"Accueil","item":"https:\/\/librairie7l.com\/en\/"},{"@type":"ListItem","position":2,"name":"Shop","item":"https:\/\/librairie7l.com\/en\/shop\/"},{"@type":"ListItem","position":3,"name":"ONE BIG BANG"}]},{"@type":"WebSite","@id":"https:\/\/librairie7l.com\/en\/#website","url":"https:\/\/librairie7l.com\/en\/","name":"Librairie 7L","description":"Librairie fond\u00e9e en 1999 par Karl Lagerfeld \u00e0 Paris","publisher":{"@id":"https:\/\/librairie7l.com\/en\/#organization"},"potentialAction":[{"@type":"SearchAction","target":{"@type":"EntryPoint","urlTemplate":"https:\/\/librairie7l.com\/en\/?s={search_term_string}"},"query-input":"required name=search_term_string"}],"inLanguage":"en-US"},{"@type":"Organization","@id":"https:\/\/librairie7l.com\/en\/#organization","name":"Librairie 7L","url":"https:\/\/librairie7l.com\/en\/","logo":{"@type":"ImageObject","inLanguage":"en-US","@id":"https:\/\/librairie7l.com\/en\/#\/schema\/logo\/image\/","url":"https:\/\/librairie7l.com\/wp-content\/uploads\/2022\/08\/logo-1.png","contentUrl":"https:\/\/librairie7l.com\/wp-content\/uploads\/2022\/08\/logo-1.png","width":227,"height":301,"caption":"Librairie 7L"},"image":{"@id":"https:\/\/librairie7l.com\/en\/#\/schema\/logo\/image\/"}}]}},"_links":{"self":[{"href":"https:\/\/librairie7l.com\/en\/wp-json\/wp\/v2\/product\/50551"}],"collection":[{"href":"https:\/\/librairie7l.com\/en\/wp-json\/wp\/v2\/product"}],"about":[{"href":"https:\/\/librairie7l.com\/en\/wp-json\/wp\/v2\/types\/product"}],"wp:featuredmedia":[{"embeddable":true,"href":"https:\/\/librairie7l.com\/en\/wp-json\/wp\/v2\/media\/50549"}],"wp:attachment":[{"href":"https:\/\/librairie7l.com\/en\/wp-json\/wp\/v2\/media?parent=50551"}],"wp:term":[{"taxonomy":"product_cat","embeddable":true,"href":"https:\/\/librairie7l.com\/en\/wp-json\/wp\/v2\/product_cat?post=50551"},{"taxonomy":"product_tag","embeddable":true,"href":"https:\/\/librairie7l.com\/en\/wp-json\/wp\/v2\/product_tag?post=50551"}],"curies":[{"name":"wp","href":"https:\/\/api.w.org\/{rel}","templated":true}]}}