{"id":50555,"date":"2025-09-14T09:18:04","date_gmt":"2025-09-14T07:18:04","guid":{"rendered":"https:\/\/librairie7l.com\/?post_type=product&#038;p=50555"},"modified":"2026-04-21T18:31:11","modified_gmt":"2026-04-21T16:31:11","slug":"paris-a-love-story-1948-1952-2","status":"publish","type":"product","link":"https:\/\/librairie7l.com\/en\/produit\/paris-a-love-story-1948-1952-2\/","title":{"rendered":"PARIS : A LOVE STORY 1948-1952"},"content":{"rendered":"<p>Avant de devenir photographe, Todd Webb a \u00e9t\u00e9 chercheur d&#8217;or, garde forestier, courtier en bourse, marin et facturier chez Chrysler. Il a emport\u00e9 toute cette histoire avec lui lorsqu&#8217;il s&#8217;est install\u00e9 \u00e0 New York en 1945 et a pass\u00e9 les quatre ann\u00e9es suivantes \u00e0 r\u00e9aliser des photographies \u00e9poustouflantes de l&#8217;architecture et des personnages hauts en couleur de la ville. Son travail est alors salu\u00e9 par les plus grands noms de la photographie &#8211; Alfred Stieglitz, Roy Stryker, Edward Steichen, entre autres &#8211; sans que cela ne se traduise jamais par une reconnaissance publique ou une stabilit\u00e9 financi\u00e8re. Webb pensa donc \u00e0 tenter sa chance \u00e0 Paris. Au d\u00e9but de l&#8217;ann\u00e9e 1949, il prend la mer. Tr\u00e8s vite, il sillonne les rues de Paris pour r\u00e9aliser des images documentaires r\u00e9fl\u00e9chies et superbement compos\u00e9es avec son appareil 8 x 10. Webb est tomb\u00e9 amoureux du Paris de l&#8217;apr\u00e8s-guerre : il aime l&#8217;intimit\u00e9 de la ville, ses petites rues et ses passages cach\u00e9s, les colporteurs avec leurs charrettes, les commer\u00e7ants. Il aime les enseignes peintes \u00e0 la main sur les fa\u00e7ades d\u00e9cr\u00e9pies des immeubles. Il aime marcher dans les m\u00eames rues qu&#8217;Eug\u00e8ne Atget un demi-si\u00e8cle plus t\u00f4t. Et surtout, il aime la lumi\u00e8re. Webb r\u00e9alise certaines des photographies les plus m\u00e9morables de sa carri\u00e8re et s&#8217;amuse. Il fr\u00e9quente les grands photographes vivant \u00e0 Paris &#8211; Robert Doisneau, Louis Stettner et Brassai &#8211; et devient l&#8217;homme \u00e0 visiter pour les photographes en mission aux \u00c9tats-Unis, comme Robert Frank, Gordon Parks et John Vachon. Les photos de ce livre ne nous montrent pas seulement \u00e0 quoi ressemblait Paris il y a 75 ans, elles r\u00e9v\u00e8lent aussi quelque chose de la vie int\u00e9rieure du photographe.<\/p>\n","protected":false},"excerpt":{"rendered":"<p>Avant de devenir photographe, Todd Webb a \u00e9t\u00e9 chercheur d&#8217;or, garde forestier, courtier en bourse, marin et facturier chez Chrysler. Il a emport\u00e9 toute cette histoire avec lui lorsqu&#8217;il s&#8217;est install\u00e9 \u00e0 New York en 1945 et a pass\u00e9 les quatre ann\u00e9es suivantes \u00e0 r\u00e9aliser des photographies \u00e9poustouflantes de l&#8217;architecture et des personnages hauts en [&hellip;]<\/p>\n","protected":false},"featured_media":50553,"template":"","meta":[],"product_cat":[2948,2958],"product_tag":[],"acf":[],"yoast_head":"<!-- This site is optimized with the Yoast SEO plugin v20.11 - https:\/\/yoast.com\/wordpress\/plugins\/seo\/ -->\n<title>Paris : A Love Story 1948-1952 - Librairie 7L<\/title>\n<meta name=\"robots\" content=\"index, follow, max-snippet:-1, max-image-preview:large, max-video-preview:-1\" \/>\n<link rel=\"canonical\" href=\"https:\/\/librairie7l.com\/en\/produit\/paris-a-love-story-1948-1952-2\/\" \/>\n<meta property=\"og:locale\" content=\"en_US\" \/>\n<meta property=\"og:type\" content=\"article\" \/>\n<meta property=\"og:title\" content=\"Paris : A Love Story 1948-1952 - Librairie 7L\" \/>\n<meta property=\"og:description\" content=\"Avant de devenir photographe, Todd Webb a \u00e9t\u00e9 chercheur d&#8217;or, garde forestier, courtier en bourse, marin et facturier chez Chrysler. Il a emport\u00e9 toute cette histoire avec lui lorsqu&#8217;il s&#8217;est install\u00e9 \u00e0 New York en 1945 et a pass\u00e9 les quatre ann\u00e9es suivantes \u00e0 r\u00e9aliser des photographies \u00e9poustouflantes de l&#8217;architecture et des personnages hauts en [&hellip;]\" \/>\n<meta property=\"og:url\" content=\"https:\/\/librairie7l.com\/en\/produit\/paris-a-love-story-1948-1952-2\/\" \/>\n<meta property=\"og:site_name\" content=\"Librairie 7L\" \/>\n<meta property=\"article:modified_time\" content=\"2026-04-21T16:31:11+00:00\" \/>\n<meta property=\"og:image\" content=\"https:\/\/librairie7l.com\/wp-content\/uploads\/2025\/08\/9788862088459_1_75.jpg\" \/>\n\t<meta property=\"og:image:width\" content=\"600\" \/>\n\t<meta property=\"og:image:height\" content=\"747\" \/>\n\t<meta property=\"og:image:type\" content=\"image\/jpeg\" \/>\n<meta name=\"twitter:card\" content=\"summary_large_image\" \/>\n<meta name=\"twitter:label1\" content=\"Est. reading time\" \/>\n\t<meta name=\"twitter:data1\" content=\"1 minute\" \/>\n<script type=\"application\/ld+json\" class=\"yoast-schema-graph\">{\"@context\":\"https:\/\/schema.org\",\"@graph\":[{\"@type\":\"WebPage\",\"@id\":\"https:\/\/librairie7l.com\/en\/produit\/paris-a-love-story-1948-1952-2\/\",\"url\":\"https:\/\/librairie7l.com\/en\/produit\/paris-a-love-story-1948-1952-2\/\",\"name\":\"Paris : A Love Story 1948-1952 - Librairie 7L\",\"isPartOf\":{\"@id\":\"https:\/\/librairie7l.com\/en\/#website\"},\"datePublished\":\"2025-09-14T07:18:04+00:00\",\"dateModified\":\"2026-04-21T16:31:11+00:00\",\"breadcrumb\":{\"@id\":\"https:\/\/librairie7l.com\/en\/produit\/paris-a-love-story-1948-1952-2\/#breadcrumb\"},\"inLanguage\":\"en-US\",\"potentialAction\":[{\"@type\":\"ReadAction\",\"target\":[\"https:\/\/librairie7l.com\/en\/produit\/paris-a-love-story-1948-1952-2\/\"]}]},{\"@type\":\"BreadcrumbList\",\"@id\":\"https:\/\/librairie7l.com\/en\/produit\/paris-a-love-story-1948-1952-2\/#breadcrumb\",\"itemListElement\":[{\"@type\":\"ListItem\",\"position\":1,\"name\":\"Accueil\",\"item\":\"https:\/\/librairie7l.com\/en\/\"},{\"@type\":\"ListItem\",\"position\":2,\"name\":\"Shop\",\"item\":\"https:\/\/librairie7l.com\/en\/shop\/\"},{\"@type\":\"ListItem\",\"position\":3,\"name\":\"PARIS : A LOVE STORY 1948-1952\"}]},{\"@type\":\"WebSite\",\"@id\":\"https:\/\/librairie7l.com\/en\/#website\",\"url\":\"https:\/\/librairie7l.com\/en\/\",\"name\":\"Librairie 7L\",\"description\":\"Librairie fond\u00e9e en 1999 par Karl Lagerfeld \u00e0 Paris\",\"publisher\":{\"@id\":\"https:\/\/librairie7l.com\/en\/#organization\"},\"potentialAction\":[{\"@type\":\"SearchAction\",\"target\":{\"@type\":\"EntryPoint\",\"urlTemplate\":\"https:\/\/librairie7l.com\/en\/?s={search_term_string}\"},\"query-input\":\"required name=search_term_string\"}],\"inLanguage\":\"en-US\"},{\"@type\":\"Organization\",\"@id\":\"https:\/\/librairie7l.com\/en\/#organization\",\"name\":\"Librairie 7L\",\"url\":\"https:\/\/librairie7l.com\/en\/\",\"logo\":{\"@type\":\"ImageObject\",\"inLanguage\":\"en-US\",\"@id\":\"https:\/\/librairie7l.com\/en\/#\/schema\/logo\/image\/\",\"url\":\"https:\/\/librairie7l.com\/wp-content\/uploads\/2022\/08\/logo-1.png\",\"contentUrl\":\"https:\/\/librairie7l.com\/wp-content\/uploads\/2022\/08\/logo-1.png\",\"width\":227,\"height\":301,\"caption\":\"Librairie 7L\"},\"image\":{\"@id\":\"https:\/\/librairie7l.com\/en\/#\/schema\/logo\/image\/\"}}]}<\/script>\n<!-- \/ Yoast SEO plugin. -->","yoast_head_json":{"title":"Paris : A Love Story 1948-1952 - Librairie 7L","robots":{"index":"index","follow":"follow","max-snippet":"max-snippet:-1","max-image-preview":"max-image-preview:large","max-video-preview":"max-video-preview:-1"},"canonical":"https:\/\/librairie7l.com\/en\/produit\/paris-a-love-story-1948-1952-2\/","og_locale":"en_US","og_type":"article","og_title":"Paris : A Love Story 1948-1952 - Librairie 7L","og_description":"Avant de devenir photographe, Todd Webb a \u00e9t\u00e9 chercheur d&#8217;or, garde forestier, courtier en bourse, marin et facturier chez Chrysler. Il a emport\u00e9 toute cette histoire avec lui lorsqu&#8217;il s&#8217;est install\u00e9 \u00e0 New York en 1945 et a pass\u00e9 les quatre ann\u00e9es suivantes \u00e0 r\u00e9aliser des photographies \u00e9poustouflantes de l&#8217;architecture et des personnages hauts en [&hellip;]","og_url":"https:\/\/librairie7l.com\/en\/produit\/paris-a-love-story-1948-1952-2\/","og_site_name":"Librairie 7L","article_modified_time":"2026-04-21T16:31:11+00:00","og_image":[{"width":600,"height":747,"url":"https:\/\/librairie7l.com\/wp-content\/uploads\/2025\/08\/9788862088459_1_75.jpg","type":"image\/jpeg"}],"twitter_card":"summary_large_image","twitter_misc":{"Est. reading time":"1 minute"},"schema":{"@context":"https:\/\/schema.org","@graph":[{"@type":"WebPage","@id":"https:\/\/librairie7l.com\/en\/produit\/paris-a-love-story-1948-1952-2\/","url":"https:\/\/librairie7l.com\/en\/produit\/paris-a-love-story-1948-1952-2\/","name":"Paris : A Love Story 1948-1952 - Librairie 7L","isPartOf":{"@id":"https:\/\/librairie7l.com\/en\/#website"},"datePublished":"2025-09-14T07:18:04+00:00","dateModified":"2026-04-21T16:31:11+00:00","breadcrumb":{"@id":"https:\/\/librairie7l.com\/en\/produit\/paris-a-love-story-1948-1952-2\/#breadcrumb"},"inLanguage":"en-US","potentialAction":[{"@type":"ReadAction","target":["https:\/\/librairie7l.com\/en\/produit\/paris-a-love-story-1948-1952-2\/"]}]},{"@type":"BreadcrumbList","@id":"https:\/\/librairie7l.com\/en\/produit\/paris-a-love-story-1948-1952-2\/#breadcrumb","itemListElement":[{"@type":"ListItem","position":1,"name":"Accueil","item":"https:\/\/librairie7l.com\/en\/"},{"@type":"ListItem","position":2,"name":"Shop","item":"https:\/\/librairie7l.com\/en\/shop\/"},{"@type":"ListItem","position":3,"name":"PARIS : A LOVE STORY 1948-1952"}]},{"@type":"WebSite","@id":"https:\/\/librairie7l.com\/en\/#website","url":"https:\/\/librairie7l.com\/en\/","name":"Librairie 7L","description":"Librairie fond\u00e9e en 1999 par Karl Lagerfeld \u00e0 Paris","publisher":{"@id":"https:\/\/librairie7l.com\/en\/#organization"},"potentialAction":[{"@type":"SearchAction","target":{"@type":"EntryPoint","urlTemplate":"https:\/\/librairie7l.com\/en\/?s={search_term_string}"},"query-input":"required name=search_term_string"}],"inLanguage":"en-US"},{"@type":"Organization","@id":"https:\/\/librairie7l.com\/en\/#organization","name":"Librairie 7L","url":"https:\/\/librairie7l.com\/en\/","logo":{"@type":"ImageObject","inLanguage":"en-US","@id":"https:\/\/librairie7l.com\/en\/#\/schema\/logo\/image\/","url":"https:\/\/librairie7l.com\/wp-content\/uploads\/2022\/08\/logo-1.png","contentUrl":"https:\/\/librairie7l.com\/wp-content\/uploads\/2022\/08\/logo-1.png","width":227,"height":301,"caption":"Librairie 7L"},"image":{"@id":"https:\/\/librairie7l.com\/en\/#\/schema\/logo\/image\/"}}]}},"_links":{"self":[{"href":"https:\/\/librairie7l.com\/en\/wp-json\/wp\/v2\/product\/50555"}],"collection":[{"href":"https:\/\/librairie7l.com\/en\/wp-json\/wp\/v2\/product"}],"about":[{"href":"https:\/\/librairie7l.com\/en\/wp-json\/wp\/v2\/types\/product"}],"wp:featuredmedia":[{"embeddable":true,"href":"https:\/\/librairie7l.com\/en\/wp-json\/wp\/v2\/media\/50553"}],"wp:attachment":[{"href":"https:\/\/librairie7l.com\/en\/wp-json\/wp\/v2\/media?parent=50555"}],"wp:term":[{"taxonomy":"product_cat","embeddable":true,"href":"https:\/\/librairie7l.com\/en\/wp-json\/wp\/v2\/product_cat?post=50555"},{"taxonomy":"product_tag","embeddable":true,"href":"https:\/\/librairie7l.com\/en\/wp-json\/wp\/v2\/product_tag?post=50555"}],"curies":[{"name":"wp","href":"https:\/\/api.w.org\/{rel}","templated":true}]}}