{"id":50563,"date":"2025-09-14T09:18:08","date_gmt":"2025-09-14T07:18:08","guid":{"rendered":"https:\/\/librairie7l.com\/?post_type=product&#038;p=50563"},"modified":"2026-04-11T15:37:01","modified_gmt":"2026-04-11T13:37:01","slug":"mouans-sartoux-paris-eschenau-digne-les-bains-tredrez-locquemeau-2","status":"publish","type":"product","link":"https:\/\/librairie7l.com\/en\/produit\/mouans-sartoux-paris-eschenau-digne-les-bains-tredrez-locquemeau-2\/","title":{"rendered":"MOUANS-SARTOUX, PARIS, ESCHENAU, DIGNE-LES-BAINS, TR\u00c9DREZ-LOCQU\u00c9MEAU"},"content":{"rendered":"<p>Entre 2024 et 2025, l&#8217;Espace de l&#8217;Art Concret, la Galerie du Dourven, la galerie Aline Vidal et le mus\u00e9e Gassendi pr\u00e9sentent en leurs lieux le travail de Herman de Vries en faisant \u00e9cho aux longues relations entretenues avec l&#8217;artiste.<br \/>\n\u00c0 travers une s\u00e9lection de vues d&#8217;exposition, la documentation d&#8217;interventions in situ et des photographies de l&#8217;artiste dans ses lieux de travail et de vie, ce livre se d\u00e9ploie comme une succession de d\u00e9ambulations entre ext\u00e9rieur et int\u00e9rieur, contexte et d\u00e9tail, monde et oeuvre.<br \/>\nCinq pr\u00e9l\u00e8vements (feuille d&#8217;olivier, charbon, papier dans la rue, terre, algue) ont \u00e9t\u00e9 r\u00e9alis\u00e9s dans les cinq localit\u00e9s concern\u00e9es, en suivant les pr\u00e9conisations de l&#8217;artiste et inclus dans cet ouvrage.<\/p>\n","protected":false},"excerpt":{"rendered":"<p>Entre 2024 et 2025, l&#8217;Espace de l&#8217;Art Concret, la Galerie du Dourven, la galerie Aline Vidal et le mus\u00e9e Gassendi pr\u00e9sentent en leurs lieux le travail de Herman de Vries en faisant \u00e9cho aux longues relations entretenues avec l&#8217;artiste. \u00c0 travers une s\u00e9lection de vues d&#8217;exposition, la documentation d&#8217;interventions in situ et des photographies de [&hellip;]<\/p>\n","protected":false},"featured_media":50561,"template":"","meta":[],"product_cat":[2948,2953],"product_tag":[],"acf":[],"yoast_head":"<!-- This site is optimized with the Yoast SEO plugin v20.11 - https:\/\/yoast.com\/wordpress\/plugins\/seo\/ -->\n<title>Mouans-Sartoux, Paris, Eschenau, Digne-les-Bains, Tr\u00e9drez-Locqu\u00e9meau - Librairie 7L<\/title>\n<meta name=\"robots\" content=\"index, follow, max-snippet:-1, max-image-preview:large, max-video-preview:-1\" \/>\n<link rel=\"canonical\" href=\"https:\/\/librairie7l.com\/en\/produit\/mouans-sartoux-paris-eschenau-digne-les-bains-tredrez-locquemeau-2\/\" \/>\n<meta property=\"og:locale\" content=\"en_US\" \/>\n<meta property=\"og:type\" content=\"article\" \/>\n<meta property=\"og:title\" content=\"Mouans-Sartoux, Paris, Eschenau, Digne-les-Bains, Tr\u00e9drez-Locqu\u00e9meau - Librairie 7L\" \/>\n<meta property=\"og:description\" content=\"Entre 2024 et 2025, l&#8217;Espace de l&#8217;Art Concret, la Galerie du Dourven, la galerie Aline Vidal et le mus\u00e9e Gassendi pr\u00e9sentent en leurs lieux le travail de Herman de Vries en faisant \u00e9cho aux longues relations entretenues avec l&#8217;artiste. \u00c0 travers une s\u00e9lection de vues d&#8217;exposition, la documentation d&#8217;interventions in situ et des photographies de [&hellip;]\" \/>\n<meta property=\"og:url\" content=\"https:\/\/librairie7l.com\/en\/produit\/mouans-sartoux-paris-eschenau-digne-les-bains-tredrez-locquemeau-2\/\" \/>\n<meta property=\"og:site_name\" content=\"Librairie 7L\" \/>\n<meta property=\"article:modified_time\" content=\"2026-04-11T13:37:01+00:00\" \/>\n<meta property=\"og:image\" content=\"https:\/\/librairie7l.com\/wp-content\/uploads\/2025\/06\/9791095991502_1_75.jpg\" \/>\n\t<meta property=\"og:image:width\" content=\"600\" \/>\n\t<meta property=\"og:image:height\" content=\"840\" \/>\n\t<meta property=\"og:image:type\" content=\"image\/jpeg\" \/>\n<meta name=\"twitter:card\" content=\"summary_large_image\" \/>\n<meta name=\"twitter:label1\" content=\"Est. reading time\" \/>\n\t<meta name=\"twitter:data1\" content=\"1 minute\" \/>\n<script type=\"application\/ld+json\" class=\"yoast-schema-graph\">{\"@context\":\"https:\/\/schema.org\",\"@graph\":[{\"@type\":\"WebPage\",\"@id\":\"https:\/\/librairie7l.com\/en\/produit\/mouans-sartoux-paris-eschenau-digne-les-bains-tredrez-locquemeau-2\/\",\"url\":\"https:\/\/librairie7l.com\/en\/produit\/mouans-sartoux-paris-eschenau-digne-les-bains-tredrez-locquemeau-2\/\",\"name\":\"Mouans-Sartoux, Paris, Eschenau, Digne-les-Bains, Tr\u00e9drez-Locqu\u00e9meau - Librairie 7L\",\"isPartOf\":{\"@id\":\"https:\/\/librairie7l.com\/en\/#website\"},\"datePublished\":\"2025-09-14T07:18:08+00:00\",\"dateModified\":\"2026-04-11T13:37:01+00:00\",\"breadcrumb\":{\"@id\":\"https:\/\/librairie7l.com\/en\/produit\/mouans-sartoux-paris-eschenau-digne-les-bains-tredrez-locquemeau-2\/#breadcrumb\"},\"inLanguage\":\"en-US\",\"potentialAction\":[{\"@type\":\"ReadAction\",\"target\":[\"https:\/\/librairie7l.com\/en\/produit\/mouans-sartoux-paris-eschenau-digne-les-bains-tredrez-locquemeau-2\/\"]}]},{\"@type\":\"BreadcrumbList\",\"@id\":\"https:\/\/librairie7l.com\/en\/produit\/mouans-sartoux-paris-eschenau-digne-les-bains-tredrez-locquemeau-2\/#breadcrumb\",\"itemListElement\":[{\"@type\":\"ListItem\",\"position\":1,\"name\":\"Accueil\",\"item\":\"https:\/\/librairie7l.com\/en\/\"},{\"@type\":\"ListItem\",\"position\":2,\"name\":\"Shop\",\"item\":\"https:\/\/librairie7l.com\/en\/shop\/\"},{\"@type\":\"ListItem\",\"position\":3,\"name\":\"MOUANS-SARTOUX, PARIS, ESCHENAU, DIGNE-LES-BAINS, TR\u00c9DREZ-LOCQU\u00c9MEAU\"}]},{\"@type\":\"WebSite\",\"@id\":\"https:\/\/librairie7l.com\/en\/#website\",\"url\":\"https:\/\/librairie7l.com\/en\/\",\"name\":\"Librairie 7L\",\"description\":\"Librairie fond\u00e9e en 1999 par Karl Lagerfeld \u00e0 Paris\",\"publisher\":{\"@id\":\"https:\/\/librairie7l.com\/en\/#organization\"},\"potentialAction\":[{\"@type\":\"SearchAction\",\"target\":{\"@type\":\"EntryPoint\",\"urlTemplate\":\"https:\/\/librairie7l.com\/en\/?s={search_term_string}\"},\"query-input\":\"required name=search_term_string\"}],\"inLanguage\":\"en-US\"},{\"@type\":\"Organization\",\"@id\":\"https:\/\/librairie7l.com\/en\/#organization\",\"name\":\"Librairie 7L\",\"url\":\"https:\/\/librairie7l.com\/en\/\",\"logo\":{\"@type\":\"ImageObject\",\"inLanguage\":\"en-US\",\"@id\":\"https:\/\/librairie7l.com\/en\/#\/schema\/logo\/image\/\",\"url\":\"https:\/\/librairie7l.com\/wp-content\/uploads\/2022\/08\/logo-1.png\",\"contentUrl\":\"https:\/\/librairie7l.com\/wp-content\/uploads\/2022\/08\/logo-1.png\",\"width\":227,\"height\":301,\"caption\":\"Librairie 7L\"},\"image\":{\"@id\":\"https:\/\/librairie7l.com\/en\/#\/schema\/logo\/image\/\"}}]}<\/script>\n<!-- \/ Yoast SEO plugin. -->","yoast_head_json":{"title":"Mouans-Sartoux, Paris, Eschenau, Digne-les-Bains, Tr\u00e9drez-Locqu\u00e9meau - Librairie 7L","robots":{"index":"index","follow":"follow","max-snippet":"max-snippet:-1","max-image-preview":"max-image-preview:large","max-video-preview":"max-video-preview:-1"},"canonical":"https:\/\/librairie7l.com\/en\/produit\/mouans-sartoux-paris-eschenau-digne-les-bains-tredrez-locquemeau-2\/","og_locale":"en_US","og_type":"article","og_title":"Mouans-Sartoux, Paris, Eschenau, Digne-les-Bains, Tr\u00e9drez-Locqu\u00e9meau - Librairie 7L","og_description":"Entre 2024 et 2025, l&#8217;Espace de l&#8217;Art Concret, la Galerie du Dourven, la galerie Aline Vidal et le mus\u00e9e Gassendi pr\u00e9sentent en leurs lieux le travail de Herman de Vries en faisant \u00e9cho aux longues relations entretenues avec l&#8217;artiste. \u00c0 travers une s\u00e9lection de vues d&#8217;exposition, la documentation d&#8217;interventions in situ et des photographies de [&hellip;]","og_url":"https:\/\/librairie7l.com\/en\/produit\/mouans-sartoux-paris-eschenau-digne-les-bains-tredrez-locquemeau-2\/","og_site_name":"Librairie 7L","article_modified_time":"2026-04-11T13:37:01+00:00","og_image":[{"width":600,"height":840,"url":"https:\/\/librairie7l.com\/wp-content\/uploads\/2025\/06\/9791095991502_1_75.jpg","type":"image\/jpeg"}],"twitter_card":"summary_large_image","twitter_misc":{"Est. reading time":"1 minute"},"schema":{"@context":"https:\/\/schema.org","@graph":[{"@type":"WebPage","@id":"https:\/\/librairie7l.com\/en\/produit\/mouans-sartoux-paris-eschenau-digne-les-bains-tredrez-locquemeau-2\/","url":"https:\/\/librairie7l.com\/en\/produit\/mouans-sartoux-paris-eschenau-digne-les-bains-tredrez-locquemeau-2\/","name":"Mouans-Sartoux, Paris, Eschenau, Digne-les-Bains, Tr\u00e9drez-Locqu\u00e9meau - Librairie 7L","isPartOf":{"@id":"https:\/\/librairie7l.com\/en\/#website"},"datePublished":"2025-09-14T07:18:08+00:00","dateModified":"2026-04-11T13:37:01+00:00","breadcrumb":{"@id":"https:\/\/librairie7l.com\/en\/produit\/mouans-sartoux-paris-eschenau-digne-les-bains-tredrez-locquemeau-2\/#breadcrumb"},"inLanguage":"en-US","potentialAction":[{"@type":"ReadAction","target":["https:\/\/librairie7l.com\/en\/produit\/mouans-sartoux-paris-eschenau-digne-les-bains-tredrez-locquemeau-2\/"]}]},{"@type":"BreadcrumbList","@id":"https:\/\/librairie7l.com\/en\/produit\/mouans-sartoux-paris-eschenau-digne-les-bains-tredrez-locquemeau-2\/#breadcrumb","itemListElement":[{"@type":"ListItem","position":1,"name":"Accueil","item":"https:\/\/librairie7l.com\/en\/"},{"@type":"ListItem","position":2,"name":"Shop","item":"https:\/\/librairie7l.com\/en\/shop\/"},{"@type":"ListItem","position":3,"name":"MOUANS-SARTOUX, PARIS, ESCHENAU, DIGNE-LES-BAINS, TR\u00c9DREZ-LOCQU\u00c9MEAU"}]},{"@type":"WebSite","@id":"https:\/\/librairie7l.com\/en\/#website","url":"https:\/\/librairie7l.com\/en\/","name":"Librairie 7L","description":"Librairie fond\u00e9e en 1999 par Karl Lagerfeld \u00e0 Paris","publisher":{"@id":"https:\/\/librairie7l.com\/en\/#organization"},"potentialAction":[{"@type":"SearchAction","target":{"@type":"EntryPoint","urlTemplate":"https:\/\/librairie7l.com\/en\/?s={search_term_string}"},"query-input":"required name=search_term_string"}],"inLanguage":"en-US"},{"@type":"Organization","@id":"https:\/\/librairie7l.com\/en\/#organization","name":"Librairie 7L","url":"https:\/\/librairie7l.com\/en\/","logo":{"@type":"ImageObject","inLanguage":"en-US","@id":"https:\/\/librairie7l.com\/en\/#\/schema\/logo\/image\/","url":"https:\/\/librairie7l.com\/wp-content\/uploads\/2022\/08\/logo-1.png","contentUrl":"https:\/\/librairie7l.com\/wp-content\/uploads\/2022\/08\/logo-1.png","width":227,"height":301,"caption":"Librairie 7L"},"image":{"@id":"https:\/\/librairie7l.com\/en\/#\/schema\/logo\/image\/"}}]}},"_links":{"self":[{"href":"https:\/\/librairie7l.com\/en\/wp-json\/wp\/v2\/product\/50563"}],"collection":[{"href":"https:\/\/librairie7l.com\/en\/wp-json\/wp\/v2\/product"}],"about":[{"href":"https:\/\/librairie7l.com\/en\/wp-json\/wp\/v2\/types\/product"}],"wp:featuredmedia":[{"embeddable":true,"href":"https:\/\/librairie7l.com\/en\/wp-json\/wp\/v2\/media\/50561"}],"wp:attachment":[{"href":"https:\/\/librairie7l.com\/en\/wp-json\/wp\/v2\/media?parent=50563"}],"wp:term":[{"taxonomy":"product_cat","embeddable":true,"href":"https:\/\/librairie7l.com\/en\/wp-json\/wp\/v2\/product_cat?post=50563"},{"taxonomy":"product_tag","embeddable":true,"href":"https:\/\/librairie7l.com\/en\/wp-json\/wp\/v2\/product_tag?post=50563"}],"curies":[{"name":"wp","href":"https:\/\/api.w.org\/{rel}","templated":true}]}}