{"id":50585,"date":"2025-09-16T12:31:58","date_gmt":"2025-09-16T10:31:58","guid":{"rendered":"https:\/\/librairie7l.com\/?post_type=product&#038;p=50585"},"modified":"2026-04-06T04:55:51","modified_gmt":"2026-04-06T02:55:51","slug":"le-voyage-de-shuna-2","status":"publish","type":"product","link":"https:\/\/librairie7l.com\/en\/produit\/le-voyage-de-shuna-2\/","title":{"rendered":"LE VOYAGE DE SHUNA"},"content":{"rendered":"<p>Shuna, le prince d&#8217;une contr\u00e9e pauvre, regarde impuissant ses sujets souffrir en permanence de la faim et se tuer \u00e0 la t\u00e2che pour tenter de faire pousser des c\u00e9r\u00e9ales que leur terre, st\u00e9rile, leur refuse. Un beau jour, un voyageur lui parle d&#8217;une graine dor\u00e9e miraculeuse qui fait onduler les plaines en vagues fertiles. Elle provient d&#8217;un pays, loin \u00e0 l&#8217;Ouest, peupl\u00e9 d&#8217;esprits et hostile \u00e0 l&#8217;homme, dont nul n&#8217;est jamais revenu. En d\u00e9pit des soupirs des anciens et des larmes de ses parents, Shuna empacte ses affaires et se lance, sur son fid\u00e8le yakuru, vers cet Eldorado dans l&#8217;espoir d&#8217;y trouver de quoi sauver son peuple. Sur le chemin, il lib\u00e8re une jeune esclave, Th\u00e9a, et sa petite soeur, retenues prisonni\u00e8res par des trafiquants d&#8217;hommes. Poursuivis par leurs ennemis, Shuna confie les deux filles \u00e0 son yakuru qui les emm\u00e8ne vite vers le Nord, tandis qu&#8217;il continue, \u00e0 pied, vers l&#8217;Ouest. Quand il atteint enfin la terre des \u00eatres divins, ce qu&#8217;il y voit le changera \u00e0 tout jamais. Th\u00e9a reverra-t-elle un jour Shuna ? Ram\u00e8nera-t-il chez lui la pr\u00e9cieuse c\u00e9r\u00e9ale ?<\/p>\n","protected":false},"excerpt":{"rendered":"<p>Shuna, le prince d&#8217;une contr\u00e9e pauvre, regarde impuissant ses sujets souffrir en permanence de la faim et se tuer \u00e0 la t\u00e2che pour tenter de faire pousser des c\u00e9r\u00e9ales que leur terre, st\u00e9rile, leur refuse. Un beau jour, un voyageur lui parle d&#8217;une graine dor\u00e9e miraculeuse qui fait onduler les plaines en vagues fertiles. Elle [&hellip;]<\/p>\n","protected":false},"featured_media":50583,"template":"","meta":[],"product_cat":[7364,2948],"product_tag":[],"acf":[],"yoast_head":"<!-- This site is optimized with the Yoast SEO plugin v20.11 - https:\/\/yoast.com\/wordpress\/plugins\/seo\/ -->\n<title>Le voyage de Shuna - Librairie 7L<\/title>\n<meta name=\"robots\" content=\"index, follow, max-snippet:-1, max-image-preview:large, max-video-preview:-1\" \/>\n<link rel=\"canonical\" href=\"https:\/\/librairie7l.com\/en\/produit\/le-voyage-de-shuna-2\/\" \/>\n<meta property=\"og:locale\" content=\"en_US\" \/>\n<meta property=\"og:type\" content=\"article\" \/>\n<meta property=\"og:title\" content=\"Le voyage de Shuna - Librairie 7L\" \/>\n<meta property=\"og:description\" content=\"Shuna, le prince d&#8217;une contr\u00e9e pauvre, regarde impuissant ses sujets souffrir en permanence de la faim et se tuer \u00e0 la t\u00e2che pour tenter de faire pousser des c\u00e9r\u00e9ales que leur terre, st\u00e9rile, leur refuse. Un beau jour, un voyageur lui parle d&#8217;une graine dor\u00e9e miraculeuse qui fait onduler les plaines en vagues fertiles. Elle [&hellip;]\" \/>\n<meta property=\"og:url\" content=\"https:\/\/librairie7l.com\/en\/produit\/le-voyage-de-shuna-2\/\" \/>\n<meta property=\"og:site_name\" content=\"Librairie 7L\" \/>\n<meta property=\"article:modified_time\" content=\"2026-04-06T02:55:51+00:00\" \/>\n<meta property=\"og:image\" content=\"https:\/\/librairie7l.com\/wp-content\/uploads\/2023\/06\/9791040804444_1_75.jpg\" \/>\n\t<meta property=\"og:image:width\" content=\"600\" \/>\n\t<meta property=\"og:image:height\" content=\"856\" \/>\n\t<meta property=\"og:image:type\" content=\"image\/jpeg\" \/>\n<meta name=\"twitter:card\" content=\"summary_large_image\" \/>\n<meta name=\"twitter:label1\" content=\"Est. reading time\" \/>\n\t<meta name=\"twitter:data1\" content=\"1 minute\" \/>\n<script type=\"application\/ld+json\" class=\"yoast-schema-graph\">{\"@context\":\"https:\/\/schema.org\",\"@graph\":[{\"@type\":\"WebPage\",\"@id\":\"https:\/\/librairie7l.com\/en\/produit\/le-voyage-de-shuna-2\/\",\"url\":\"https:\/\/librairie7l.com\/en\/produit\/le-voyage-de-shuna-2\/\",\"name\":\"Le voyage de Shuna - Librairie 7L\",\"isPartOf\":{\"@id\":\"https:\/\/librairie7l.com\/en\/#website\"},\"datePublished\":\"2025-09-16T10:31:58+00:00\",\"dateModified\":\"2026-04-06T02:55:51+00:00\",\"breadcrumb\":{\"@id\":\"https:\/\/librairie7l.com\/en\/produit\/le-voyage-de-shuna-2\/#breadcrumb\"},\"inLanguage\":\"en-US\",\"potentialAction\":[{\"@type\":\"ReadAction\",\"target\":[\"https:\/\/librairie7l.com\/en\/produit\/le-voyage-de-shuna-2\/\"]}]},{\"@type\":\"BreadcrumbList\",\"@id\":\"https:\/\/librairie7l.com\/en\/produit\/le-voyage-de-shuna-2\/#breadcrumb\",\"itemListElement\":[{\"@type\":\"ListItem\",\"position\":1,\"name\":\"Accueil\",\"item\":\"https:\/\/librairie7l.com\/en\/\"},{\"@type\":\"ListItem\",\"position\":2,\"name\":\"Shop\",\"item\":\"https:\/\/librairie7l.com\/en\/shop\/\"},{\"@type\":\"ListItem\",\"position\":3,\"name\":\"LE VOYAGE DE SHUNA\"}]},{\"@type\":\"WebSite\",\"@id\":\"https:\/\/librairie7l.com\/en\/#website\",\"url\":\"https:\/\/librairie7l.com\/en\/\",\"name\":\"Librairie 7L\",\"description\":\"Librairie fond\u00e9e en 1999 par Karl Lagerfeld \u00e0 Paris\",\"publisher\":{\"@id\":\"https:\/\/librairie7l.com\/en\/#organization\"},\"potentialAction\":[{\"@type\":\"SearchAction\",\"target\":{\"@type\":\"EntryPoint\",\"urlTemplate\":\"https:\/\/librairie7l.com\/en\/?s={search_term_string}\"},\"query-input\":\"required name=search_term_string\"}],\"inLanguage\":\"en-US\"},{\"@type\":\"Organization\",\"@id\":\"https:\/\/librairie7l.com\/en\/#organization\",\"name\":\"Librairie 7L\",\"url\":\"https:\/\/librairie7l.com\/en\/\",\"logo\":{\"@type\":\"ImageObject\",\"inLanguage\":\"en-US\",\"@id\":\"https:\/\/librairie7l.com\/en\/#\/schema\/logo\/image\/\",\"url\":\"https:\/\/librairie7l.com\/wp-content\/uploads\/2022\/08\/logo-1.png\",\"contentUrl\":\"https:\/\/librairie7l.com\/wp-content\/uploads\/2022\/08\/logo-1.png\",\"width\":227,\"height\":301,\"caption\":\"Librairie 7L\"},\"image\":{\"@id\":\"https:\/\/librairie7l.com\/en\/#\/schema\/logo\/image\/\"}}]}<\/script>\n<!-- \/ Yoast SEO plugin. -->","yoast_head_json":{"title":"Le voyage de Shuna - Librairie 7L","robots":{"index":"index","follow":"follow","max-snippet":"max-snippet:-1","max-image-preview":"max-image-preview:large","max-video-preview":"max-video-preview:-1"},"canonical":"https:\/\/librairie7l.com\/en\/produit\/le-voyage-de-shuna-2\/","og_locale":"en_US","og_type":"article","og_title":"Le voyage de Shuna - Librairie 7L","og_description":"Shuna, le prince d&#8217;une contr\u00e9e pauvre, regarde impuissant ses sujets souffrir en permanence de la faim et se tuer \u00e0 la t\u00e2che pour tenter de faire pousser des c\u00e9r\u00e9ales que leur terre, st\u00e9rile, leur refuse. Un beau jour, un voyageur lui parle d&#8217;une graine dor\u00e9e miraculeuse qui fait onduler les plaines en vagues fertiles. Elle [&hellip;]","og_url":"https:\/\/librairie7l.com\/en\/produit\/le-voyage-de-shuna-2\/","og_site_name":"Librairie 7L","article_modified_time":"2026-04-06T02:55:51+00:00","og_image":[{"width":600,"height":856,"url":"https:\/\/librairie7l.com\/wp-content\/uploads\/2023\/06\/9791040804444_1_75.jpg","type":"image\/jpeg"}],"twitter_card":"summary_large_image","twitter_misc":{"Est. reading time":"1 minute"},"schema":{"@context":"https:\/\/schema.org","@graph":[{"@type":"WebPage","@id":"https:\/\/librairie7l.com\/en\/produit\/le-voyage-de-shuna-2\/","url":"https:\/\/librairie7l.com\/en\/produit\/le-voyage-de-shuna-2\/","name":"Le voyage de Shuna - Librairie 7L","isPartOf":{"@id":"https:\/\/librairie7l.com\/en\/#website"},"datePublished":"2025-09-16T10:31:58+00:00","dateModified":"2026-04-06T02:55:51+00:00","breadcrumb":{"@id":"https:\/\/librairie7l.com\/en\/produit\/le-voyage-de-shuna-2\/#breadcrumb"},"inLanguage":"en-US","potentialAction":[{"@type":"ReadAction","target":["https:\/\/librairie7l.com\/en\/produit\/le-voyage-de-shuna-2\/"]}]},{"@type":"BreadcrumbList","@id":"https:\/\/librairie7l.com\/en\/produit\/le-voyage-de-shuna-2\/#breadcrumb","itemListElement":[{"@type":"ListItem","position":1,"name":"Accueil","item":"https:\/\/librairie7l.com\/en\/"},{"@type":"ListItem","position":2,"name":"Shop","item":"https:\/\/librairie7l.com\/en\/shop\/"},{"@type":"ListItem","position":3,"name":"LE VOYAGE DE SHUNA"}]},{"@type":"WebSite","@id":"https:\/\/librairie7l.com\/en\/#website","url":"https:\/\/librairie7l.com\/en\/","name":"Librairie 7L","description":"Librairie fond\u00e9e en 1999 par Karl Lagerfeld \u00e0 Paris","publisher":{"@id":"https:\/\/librairie7l.com\/en\/#organization"},"potentialAction":[{"@type":"SearchAction","target":{"@type":"EntryPoint","urlTemplate":"https:\/\/librairie7l.com\/en\/?s={search_term_string}"},"query-input":"required name=search_term_string"}],"inLanguage":"en-US"},{"@type":"Organization","@id":"https:\/\/librairie7l.com\/en\/#organization","name":"Librairie 7L","url":"https:\/\/librairie7l.com\/en\/","logo":{"@type":"ImageObject","inLanguage":"en-US","@id":"https:\/\/librairie7l.com\/en\/#\/schema\/logo\/image\/","url":"https:\/\/librairie7l.com\/wp-content\/uploads\/2022\/08\/logo-1.png","contentUrl":"https:\/\/librairie7l.com\/wp-content\/uploads\/2022\/08\/logo-1.png","width":227,"height":301,"caption":"Librairie 7L"},"image":{"@id":"https:\/\/librairie7l.com\/en\/#\/schema\/logo\/image\/"}}]}},"_links":{"self":[{"href":"https:\/\/librairie7l.com\/en\/wp-json\/wp\/v2\/product\/50585"}],"collection":[{"href":"https:\/\/librairie7l.com\/en\/wp-json\/wp\/v2\/product"}],"about":[{"href":"https:\/\/librairie7l.com\/en\/wp-json\/wp\/v2\/types\/product"}],"wp:featuredmedia":[{"embeddable":true,"href":"https:\/\/librairie7l.com\/en\/wp-json\/wp\/v2\/media\/50583"}],"wp:attachment":[{"href":"https:\/\/librairie7l.com\/en\/wp-json\/wp\/v2\/media?parent=50585"}],"wp:term":[{"taxonomy":"product_cat","embeddable":true,"href":"https:\/\/librairie7l.com\/en\/wp-json\/wp\/v2\/product_cat?post=50585"},{"taxonomy":"product_tag","embeddable":true,"href":"https:\/\/librairie7l.com\/en\/wp-json\/wp\/v2\/product_tag?post=50585"}],"curies":[{"name":"wp","href":"https:\/\/api.w.org\/{rel}","templated":true}]}}