{"id":50608,"date":"2025-09-17T09:17:58","date_gmt":"2025-09-17T07:17:58","guid":{"rendered":"https:\/\/librairie7l.com\/?post_type=product&#038;p=50608"},"modified":"2026-04-21T02:00:39","modified_gmt":"2026-04-21T00:00:39","slug":"vogue-the-shoe-2","status":"publish","type":"product","link":"https:\/\/librairie7l.com\/en\/produit\/vogue-the-shoe-2\/","title":{"rendered":"VOGUE : THE SHOE"},"content":{"rendered":"<p>Vogue &#8211; The Shoe d&#8217;Harriet Quick est un hommage fascinant \u00e0 l&#8217;univers de la chaussure. \u00c0 travers plus de 300 photographies extraites de l&#8217;archivage de Vogue britannique, ce livre explore des styles iconiques, des sabots aux stilettos haute couture, en passant par les cuissardes et les talons extravagants.<br \/>\nLe livre est divis\u00e9 en cinq chapitres th\u00e9matiques :\u00a0 -Cendrillon : La chaussure comme symbole de pouvoir et de d\u00e9sir.-Ville et campagne : La chaussure entre praticit\u00e9 et style urbain ou rural.-Style culte : Les mod\u00e8les devenus des ic\u00f4nes de la mode.-R\u00eave d&#8217;\u00e9t\u00e9 : Les chaussures l\u00e9g\u00e8res et color\u00e9es pour l&#8217;\u00e9t\u00e9.-F\u00e9tiche et Fantaisie : La chaussure comme objet de d\u00e9sir et de cr\u00e9ativit\u00e9.<br \/>\nCe livre rend \u00e9galement hommage aux cr\u00e9ateurs qui ont marqu\u00e9 l&#8217;histoire du design de chaussures. Une source d&#8217;inspiration pour les passionn\u00e9s de mode, offrant un regard in\u00e9dit sur l&#8217;\u00e9volution des chaussures et leur r\u00f4le dans le style personnel.<br \/>\n\u00a0<\/p>\n","protected":false},"excerpt":{"rendered":"<p>Vogue &#8211; The Shoe d&#8217;Harriet Quick est un hommage fascinant \u00e0 l&#8217;univers de la chaussure. \u00c0 travers plus de 300 photographies extraites de l&#8217;archivage de Vogue britannique, ce livre explore des styles iconiques, des sabots aux stilettos haute couture, en passant par les cuissardes et les talons extravagants. Le livre est divis\u00e9 en cinq chapitres [&hellip;]<\/p>\n","protected":false},"featured_media":50606,"template":"","meta":[],"product_cat":[2948,2957],"product_tag":[],"acf":[],"yoast_head":"<!-- This site is optimized with the Yoast SEO plugin v20.11 - https:\/\/yoast.com\/wordpress\/plugins\/seo\/ -->\n<title>Vogue : The Shoe - Librairie 7L<\/title>\n<meta name=\"robots\" content=\"index, follow, max-snippet:-1, max-image-preview:large, max-video-preview:-1\" \/>\n<link rel=\"canonical\" href=\"https:\/\/librairie7l.com\/en\/produit\/vogue-the-shoe-2\/\" \/>\n<meta property=\"og:locale\" content=\"en_US\" \/>\n<meta property=\"og:type\" content=\"article\" \/>\n<meta property=\"og:title\" content=\"Vogue : The Shoe - Librairie 7L\" \/>\n<meta property=\"og:description\" content=\"Vogue &#8211; The Shoe d&#8217;Harriet Quick est un hommage fascinant \u00e0 l&#8217;univers de la chaussure. \u00c0 travers plus de 300 photographies extraites de l&#8217;archivage de Vogue britannique, ce livre explore des styles iconiques, des sabots aux stilettos haute couture, en passant par les cuissardes et les talons extravagants. Le livre est divis\u00e9 en cinq chapitres [&hellip;]\" \/>\n<meta property=\"og:url\" content=\"https:\/\/librairie7l.com\/en\/produit\/vogue-the-shoe-2\/\" \/>\n<meta property=\"og:site_name\" content=\"Librairie 7L\" \/>\n<meta property=\"article:modified_time\" content=\"2026-04-21T00:00:39+00:00\" \/>\n<meta property=\"og:image\" content=\"https:\/\/librairie7l.com\/wp-content\/uploads\/2025\/04\/9782376716792_1_75.jpg\" \/>\n\t<meta property=\"og:image:width\" content=\"600\" \/>\n\t<meta property=\"og:image:height\" content=\"749\" \/>\n\t<meta property=\"og:image:type\" content=\"image\/jpeg\" \/>\n<meta name=\"twitter:card\" content=\"summary_large_image\" \/>\n<meta name=\"twitter:label1\" content=\"Est. reading time\" \/>\n\t<meta name=\"twitter:data1\" content=\"1 minute\" \/>\n<script type=\"application\/ld+json\" class=\"yoast-schema-graph\">{\"@context\":\"https:\/\/schema.org\",\"@graph\":[{\"@type\":\"WebPage\",\"@id\":\"https:\/\/librairie7l.com\/en\/produit\/vogue-the-shoe-2\/\",\"url\":\"https:\/\/librairie7l.com\/en\/produit\/vogue-the-shoe-2\/\",\"name\":\"Vogue : The Shoe - Librairie 7L\",\"isPartOf\":{\"@id\":\"https:\/\/librairie7l.com\/en\/#website\"},\"datePublished\":\"2025-09-17T07:17:58+00:00\",\"dateModified\":\"2026-04-21T00:00:39+00:00\",\"breadcrumb\":{\"@id\":\"https:\/\/librairie7l.com\/en\/produit\/vogue-the-shoe-2\/#breadcrumb\"},\"inLanguage\":\"en-US\",\"potentialAction\":[{\"@type\":\"ReadAction\",\"target\":[\"https:\/\/librairie7l.com\/en\/produit\/vogue-the-shoe-2\/\"]}]},{\"@type\":\"BreadcrumbList\",\"@id\":\"https:\/\/librairie7l.com\/en\/produit\/vogue-the-shoe-2\/#breadcrumb\",\"itemListElement\":[{\"@type\":\"ListItem\",\"position\":1,\"name\":\"Accueil\",\"item\":\"https:\/\/librairie7l.com\/en\/\"},{\"@type\":\"ListItem\",\"position\":2,\"name\":\"Shop\",\"item\":\"https:\/\/librairie7l.com\/en\/shop\/\"},{\"@type\":\"ListItem\",\"position\":3,\"name\":\"VOGUE : THE SHOE\"}]},{\"@type\":\"WebSite\",\"@id\":\"https:\/\/librairie7l.com\/en\/#website\",\"url\":\"https:\/\/librairie7l.com\/en\/\",\"name\":\"Librairie 7L\",\"description\":\"Librairie fond\u00e9e en 1999 par Karl Lagerfeld \u00e0 Paris\",\"publisher\":{\"@id\":\"https:\/\/librairie7l.com\/en\/#organization\"},\"potentialAction\":[{\"@type\":\"SearchAction\",\"target\":{\"@type\":\"EntryPoint\",\"urlTemplate\":\"https:\/\/librairie7l.com\/en\/?s={search_term_string}\"},\"query-input\":\"required name=search_term_string\"}],\"inLanguage\":\"en-US\"},{\"@type\":\"Organization\",\"@id\":\"https:\/\/librairie7l.com\/en\/#organization\",\"name\":\"Librairie 7L\",\"url\":\"https:\/\/librairie7l.com\/en\/\",\"logo\":{\"@type\":\"ImageObject\",\"inLanguage\":\"en-US\",\"@id\":\"https:\/\/librairie7l.com\/en\/#\/schema\/logo\/image\/\",\"url\":\"https:\/\/librairie7l.com\/wp-content\/uploads\/2022\/08\/logo-1.png\",\"contentUrl\":\"https:\/\/librairie7l.com\/wp-content\/uploads\/2022\/08\/logo-1.png\",\"width\":227,\"height\":301,\"caption\":\"Librairie 7L\"},\"image\":{\"@id\":\"https:\/\/librairie7l.com\/en\/#\/schema\/logo\/image\/\"}}]}<\/script>\n<!-- \/ Yoast SEO plugin. -->","yoast_head_json":{"title":"Vogue : The Shoe - Librairie 7L","robots":{"index":"index","follow":"follow","max-snippet":"max-snippet:-1","max-image-preview":"max-image-preview:large","max-video-preview":"max-video-preview:-1"},"canonical":"https:\/\/librairie7l.com\/en\/produit\/vogue-the-shoe-2\/","og_locale":"en_US","og_type":"article","og_title":"Vogue : The Shoe - Librairie 7L","og_description":"Vogue &#8211; The Shoe d&#8217;Harriet Quick est un hommage fascinant \u00e0 l&#8217;univers de la chaussure. \u00c0 travers plus de 300 photographies extraites de l&#8217;archivage de Vogue britannique, ce livre explore des styles iconiques, des sabots aux stilettos haute couture, en passant par les cuissardes et les talons extravagants. Le livre est divis\u00e9 en cinq chapitres [&hellip;]","og_url":"https:\/\/librairie7l.com\/en\/produit\/vogue-the-shoe-2\/","og_site_name":"Librairie 7L","article_modified_time":"2026-04-21T00:00:39+00:00","og_image":[{"width":600,"height":749,"url":"https:\/\/librairie7l.com\/wp-content\/uploads\/2025\/04\/9782376716792_1_75.jpg","type":"image\/jpeg"}],"twitter_card":"summary_large_image","twitter_misc":{"Est. reading time":"1 minute"},"schema":{"@context":"https:\/\/schema.org","@graph":[{"@type":"WebPage","@id":"https:\/\/librairie7l.com\/en\/produit\/vogue-the-shoe-2\/","url":"https:\/\/librairie7l.com\/en\/produit\/vogue-the-shoe-2\/","name":"Vogue : The Shoe - Librairie 7L","isPartOf":{"@id":"https:\/\/librairie7l.com\/en\/#website"},"datePublished":"2025-09-17T07:17:58+00:00","dateModified":"2026-04-21T00:00:39+00:00","breadcrumb":{"@id":"https:\/\/librairie7l.com\/en\/produit\/vogue-the-shoe-2\/#breadcrumb"},"inLanguage":"en-US","potentialAction":[{"@type":"ReadAction","target":["https:\/\/librairie7l.com\/en\/produit\/vogue-the-shoe-2\/"]}]},{"@type":"BreadcrumbList","@id":"https:\/\/librairie7l.com\/en\/produit\/vogue-the-shoe-2\/#breadcrumb","itemListElement":[{"@type":"ListItem","position":1,"name":"Accueil","item":"https:\/\/librairie7l.com\/en\/"},{"@type":"ListItem","position":2,"name":"Shop","item":"https:\/\/librairie7l.com\/en\/shop\/"},{"@type":"ListItem","position":3,"name":"VOGUE : THE SHOE"}]},{"@type":"WebSite","@id":"https:\/\/librairie7l.com\/en\/#website","url":"https:\/\/librairie7l.com\/en\/","name":"Librairie 7L","description":"Librairie fond\u00e9e en 1999 par Karl Lagerfeld \u00e0 Paris","publisher":{"@id":"https:\/\/librairie7l.com\/en\/#organization"},"potentialAction":[{"@type":"SearchAction","target":{"@type":"EntryPoint","urlTemplate":"https:\/\/librairie7l.com\/en\/?s={search_term_string}"},"query-input":"required name=search_term_string"}],"inLanguage":"en-US"},{"@type":"Organization","@id":"https:\/\/librairie7l.com\/en\/#organization","name":"Librairie 7L","url":"https:\/\/librairie7l.com\/en\/","logo":{"@type":"ImageObject","inLanguage":"en-US","@id":"https:\/\/librairie7l.com\/en\/#\/schema\/logo\/image\/","url":"https:\/\/librairie7l.com\/wp-content\/uploads\/2022\/08\/logo-1.png","contentUrl":"https:\/\/librairie7l.com\/wp-content\/uploads\/2022\/08\/logo-1.png","width":227,"height":301,"caption":"Librairie 7L"},"image":{"@id":"https:\/\/librairie7l.com\/en\/#\/schema\/logo\/image\/"}}]}},"_links":{"self":[{"href":"https:\/\/librairie7l.com\/en\/wp-json\/wp\/v2\/product\/50608"}],"collection":[{"href":"https:\/\/librairie7l.com\/en\/wp-json\/wp\/v2\/product"}],"about":[{"href":"https:\/\/librairie7l.com\/en\/wp-json\/wp\/v2\/types\/product"}],"wp:featuredmedia":[{"embeddable":true,"href":"https:\/\/librairie7l.com\/en\/wp-json\/wp\/v2\/media\/50606"}],"wp:attachment":[{"href":"https:\/\/librairie7l.com\/en\/wp-json\/wp\/v2\/media?parent=50608"}],"wp:term":[{"taxonomy":"product_cat","embeddable":true,"href":"https:\/\/librairie7l.com\/en\/wp-json\/wp\/v2\/product_cat?post=50608"},{"taxonomy":"product_tag","embeddable":true,"href":"https:\/\/librairie7l.com\/en\/wp-json\/wp\/v2\/product_tag?post=50608"}],"curies":[{"name":"wp","href":"https:\/\/api.w.org\/{rel}","templated":true}]}}