{"id":50612,"date":"2025-09-17T09:18:02","date_gmt":"2025-09-17T07:18:02","guid":{"rendered":"https:\/\/librairie7l.com\/?post_type=product&#038;p=50612"},"modified":"2026-04-17T12:51:47","modified_gmt":"2026-04-17T10:51:47","slug":"dom-robert-moine-et-artiste-2","status":"publish","type":"product","link":"https:\/\/librairie7l.com\/en\/produit\/dom-robert-moine-et-artiste-2\/","title":{"rendered":"DOM ROBERT : MOINE ET ARTISTE"},"content":{"rendered":"<p>Dom Robert (1907 &#8211; 1997) est un moine b\u00e9n\u00e9dictin, peintre et peintre cartonnier de tapisserie, fran\u00e7ais. Il d\u00e9bute le dessin \u00e0 Paris, \u00e0 l&#8217;\u00c9cole des Arts D\u00e9coratifs puis durant son service militaire au Maroc dans les spahis o\u00f9 il y dessinera aussi beaucoup, abordant s\u00e9rieusement l&#8217;aquarelle.<br \/>\nEn 1930, il entre \u00e0 l&#8217;Abbaye d&#8217;En Calcat et est ordonn\u00e9 pr\u00eatre en 1937. \u00c0 cette \u00e9poque, il se remet \u00e0 dessiner et \u00e0 peindre. Il r\u00e9alise toute une s\u00e9rie d&#8217;aquarelles, des cartons puis des tapisseries. Deux tapisseries sont ainsi expos\u00e9es au Mus\u00e9e des Augustins \u00e0 Toulouse avec les cr\u00e9ations des noms de la tapisserie de l&#8217;\u00e9poque. Dom Robert est imm\u00e9diatement reconnu.<br \/>\nEn 1948, il s&#8217;\u00e9carte en Angleterre, \u00e0 Buckfast Abbey o\u00f9 les poneys de Dartmoor et les moutons sauvages seront une nouvelle source d&#8217;inspiration. Ses amis, les fr\u00e8res Gimpel, l&#8217;exposent \u00e0 Londres en 1950. Dom Robert revient \u00e0 En Calcat en 1958 et il retrouve dans cette r\u00e9gion d&#8217;\u00e9quilibre ses marques. Il se met \u00e0 produire et ne s&#8217;arr\u00eatera plus.<br \/>\nSa silhouette fine devient famili\u00e8re et il travaille avec une d\u00e9termination \u00e9tonnante et une s\u00e9r\u00e9nit\u00e9 sans cesse renouvel\u00e9e. Il approfondit ses dessins et les termine plus volontiers \u00e0 la gouache. Il r\u00e9alisera m\u00eame un grand panneau d\u00e9coratif pour l&#8217;\u00e9glise Notre-Dame de Gr\u00e2ce de Toulouse.<\/p>\n","protected":false},"excerpt":{"rendered":"<p>Dom Robert (1907 &#8211; 1997) est un moine b\u00e9n\u00e9dictin, peintre et peintre cartonnier de tapisserie, fran\u00e7ais. Il d\u00e9bute le dessin \u00e0 Paris, \u00e0 l&#8217;\u00c9cole des Arts D\u00e9coratifs puis durant son service militaire au Maroc dans les spahis o\u00f9 il y dessinera aussi beaucoup, abordant s\u00e9rieusement l&#8217;aquarelle. En 1930, il entre \u00e0 l&#8217;Abbaye d&#8217;En Calcat et [&hellip;]<\/p>\n","protected":false},"featured_media":50610,"template":"","meta":[],"product_cat":[2948,2952],"product_tag":[],"acf":[],"yoast_head":"<!-- This site is optimized with the Yoast SEO plugin v20.11 - https:\/\/yoast.com\/wordpress\/plugins\/seo\/ -->\n<title>Dom Robert : Moine et artiste - Librairie 7L<\/title>\n<meta name=\"robots\" content=\"index, follow, max-snippet:-1, max-image-preview:large, max-video-preview:-1\" \/>\n<link rel=\"canonical\" href=\"https:\/\/librairie7l.com\/en\/produit\/dom-robert-moine-et-artiste-2\/\" \/>\n<meta property=\"og:locale\" content=\"en_US\" \/>\n<meta property=\"og:type\" content=\"article\" \/>\n<meta property=\"og:title\" content=\"Dom Robert : Moine et artiste - Librairie 7L\" \/>\n<meta property=\"og:description\" content=\"Dom Robert (1907 &#8211; 1997) est un moine b\u00e9n\u00e9dictin, peintre et peintre cartonnier de tapisserie, fran\u00e7ais. Il d\u00e9bute le dessin \u00e0 Paris, \u00e0 l&#8217;\u00c9cole des Arts D\u00e9coratifs puis durant son service militaire au Maroc dans les spahis o\u00f9 il y dessinera aussi beaucoup, abordant s\u00e9rieusement l&#8217;aquarelle. En 1930, il entre \u00e0 l&#8217;Abbaye d&#8217;En Calcat et [&hellip;]\" \/>\n<meta property=\"og:url\" content=\"https:\/\/librairie7l.com\/en\/produit\/dom-robert-moine-et-artiste-2\/\" \/>\n<meta property=\"og:site_name\" content=\"Librairie 7L\" \/>\n<meta property=\"article:modified_time\" content=\"2026-04-17T10:51:47+00:00\" \/>\n<meta property=\"og:image\" content=\"https:\/\/librairie7l.com\/wp-content\/uploads\/2025\/04\/9782754117159_1_75.jpg\" \/>\n\t<meta property=\"og:image:width\" content=\"600\" \/>\n\t<meta property=\"og:image:height\" content=\"793\" \/>\n\t<meta property=\"og:image:type\" content=\"image\/jpeg\" \/>\n<meta name=\"twitter:card\" content=\"summary_large_image\" \/>\n<meta name=\"twitter:label1\" content=\"Est. reading time\" \/>\n\t<meta name=\"twitter:data1\" content=\"1 minute\" \/>\n<script type=\"application\/ld+json\" class=\"yoast-schema-graph\">{\"@context\":\"https:\/\/schema.org\",\"@graph\":[{\"@type\":\"WebPage\",\"@id\":\"https:\/\/librairie7l.com\/en\/produit\/dom-robert-moine-et-artiste-2\/\",\"url\":\"https:\/\/librairie7l.com\/en\/produit\/dom-robert-moine-et-artiste-2\/\",\"name\":\"Dom Robert : Moine et artiste - Librairie 7L\",\"isPartOf\":{\"@id\":\"https:\/\/librairie7l.com\/en\/#website\"},\"datePublished\":\"2025-09-17T07:18:02+00:00\",\"dateModified\":\"2026-04-17T10:51:47+00:00\",\"breadcrumb\":{\"@id\":\"https:\/\/librairie7l.com\/en\/produit\/dom-robert-moine-et-artiste-2\/#breadcrumb\"},\"inLanguage\":\"en-US\",\"potentialAction\":[{\"@type\":\"ReadAction\",\"target\":[\"https:\/\/librairie7l.com\/en\/produit\/dom-robert-moine-et-artiste-2\/\"]}]},{\"@type\":\"BreadcrumbList\",\"@id\":\"https:\/\/librairie7l.com\/en\/produit\/dom-robert-moine-et-artiste-2\/#breadcrumb\",\"itemListElement\":[{\"@type\":\"ListItem\",\"position\":1,\"name\":\"Accueil\",\"item\":\"https:\/\/librairie7l.com\/en\/\"},{\"@type\":\"ListItem\",\"position\":2,\"name\":\"Shop\",\"item\":\"https:\/\/librairie7l.com\/en\/shop\/\"},{\"@type\":\"ListItem\",\"position\":3,\"name\":\"DOM ROBERT : MOINE ET ARTISTE\"}]},{\"@type\":\"WebSite\",\"@id\":\"https:\/\/librairie7l.com\/en\/#website\",\"url\":\"https:\/\/librairie7l.com\/en\/\",\"name\":\"Librairie 7L\",\"description\":\"Librairie fond\u00e9e en 1999 par Karl Lagerfeld \u00e0 Paris\",\"publisher\":{\"@id\":\"https:\/\/librairie7l.com\/en\/#organization\"},\"potentialAction\":[{\"@type\":\"SearchAction\",\"target\":{\"@type\":\"EntryPoint\",\"urlTemplate\":\"https:\/\/librairie7l.com\/en\/?s={search_term_string}\"},\"query-input\":\"required name=search_term_string\"}],\"inLanguage\":\"en-US\"},{\"@type\":\"Organization\",\"@id\":\"https:\/\/librairie7l.com\/en\/#organization\",\"name\":\"Librairie 7L\",\"url\":\"https:\/\/librairie7l.com\/en\/\",\"logo\":{\"@type\":\"ImageObject\",\"inLanguage\":\"en-US\",\"@id\":\"https:\/\/librairie7l.com\/en\/#\/schema\/logo\/image\/\",\"url\":\"https:\/\/librairie7l.com\/wp-content\/uploads\/2022\/08\/logo-1.png\",\"contentUrl\":\"https:\/\/librairie7l.com\/wp-content\/uploads\/2022\/08\/logo-1.png\",\"width\":227,\"height\":301,\"caption\":\"Librairie 7L\"},\"image\":{\"@id\":\"https:\/\/librairie7l.com\/en\/#\/schema\/logo\/image\/\"}}]}<\/script>\n<!-- \/ Yoast SEO plugin. -->","yoast_head_json":{"title":"Dom Robert : Moine et artiste - Librairie 7L","robots":{"index":"index","follow":"follow","max-snippet":"max-snippet:-1","max-image-preview":"max-image-preview:large","max-video-preview":"max-video-preview:-1"},"canonical":"https:\/\/librairie7l.com\/en\/produit\/dom-robert-moine-et-artiste-2\/","og_locale":"en_US","og_type":"article","og_title":"Dom Robert : Moine et artiste - Librairie 7L","og_description":"Dom Robert (1907 &#8211; 1997) est un moine b\u00e9n\u00e9dictin, peintre et peintre cartonnier de tapisserie, fran\u00e7ais. Il d\u00e9bute le dessin \u00e0 Paris, \u00e0 l&#8217;\u00c9cole des Arts D\u00e9coratifs puis durant son service militaire au Maroc dans les spahis o\u00f9 il y dessinera aussi beaucoup, abordant s\u00e9rieusement l&#8217;aquarelle. En 1930, il entre \u00e0 l&#8217;Abbaye d&#8217;En Calcat et [&hellip;]","og_url":"https:\/\/librairie7l.com\/en\/produit\/dom-robert-moine-et-artiste-2\/","og_site_name":"Librairie 7L","article_modified_time":"2026-04-17T10:51:47+00:00","og_image":[{"width":600,"height":793,"url":"https:\/\/librairie7l.com\/wp-content\/uploads\/2025\/04\/9782754117159_1_75.jpg","type":"image\/jpeg"}],"twitter_card":"summary_large_image","twitter_misc":{"Est. reading time":"1 minute"},"schema":{"@context":"https:\/\/schema.org","@graph":[{"@type":"WebPage","@id":"https:\/\/librairie7l.com\/en\/produit\/dom-robert-moine-et-artiste-2\/","url":"https:\/\/librairie7l.com\/en\/produit\/dom-robert-moine-et-artiste-2\/","name":"Dom Robert : Moine et artiste - Librairie 7L","isPartOf":{"@id":"https:\/\/librairie7l.com\/en\/#website"},"datePublished":"2025-09-17T07:18:02+00:00","dateModified":"2026-04-17T10:51:47+00:00","breadcrumb":{"@id":"https:\/\/librairie7l.com\/en\/produit\/dom-robert-moine-et-artiste-2\/#breadcrumb"},"inLanguage":"en-US","potentialAction":[{"@type":"ReadAction","target":["https:\/\/librairie7l.com\/en\/produit\/dom-robert-moine-et-artiste-2\/"]}]},{"@type":"BreadcrumbList","@id":"https:\/\/librairie7l.com\/en\/produit\/dom-robert-moine-et-artiste-2\/#breadcrumb","itemListElement":[{"@type":"ListItem","position":1,"name":"Accueil","item":"https:\/\/librairie7l.com\/en\/"},{"@type":"ListItem","position":2,"name":"Shop","item":"https:\/\/librairie7l.com\/en\/shop\/"},{"@type":"ListItem","position":3,"name":"DOM ROBERT : MOINE ET ARTISTE"}]},{"@type":"WebSite","@id":"https:\/\/librairie7l.com\/en\/#website","url":"https:\/\/librairie7l.com\/en\/","name":"Librairie 7L","description":"Librairie fond\u00e9e en 1999 par Karl Lagerfeld \u00e0 Paris","publisher":{"@id":"https:\/\/librairie7l.com\/en\/#organization"},"potentialAction":[{"@type":"SearchAction","target":{"@type":"EntryPoint","urlTemplate":"https:\/\/librairie7l.com\/en\/?s={search_term_string}"},"query-input":"required name=search_term_string"}],"inLanguage":"en-US"},{"@type":"Organization","@id":"https:\/\/librairie7l.com\/en\/#organization","name":"Librairie 7L","url":"https:\/\/librairie7l.com\/en\/","logo":{"@type":"ImageObject","inLanguage":"en-US","@id":"https:\/\/librairie7l.com\/en\/#\/schema\/logo\/image\/","url":"https:\/\/librairie7l.com\/wp-content\/uploads\/2022\/08\/logo-1.png","contentUrl":"https:\/\/librairie7l.com\/wp-content\/uploads\/2022\/08\/logo-1.png","width":227,"height":301,"caption":"Librairie 7L"},"image":{"@id":"https:\/\/librairie7l.com\/en\/#\/schema\/logo\/image\/"}}]}},"_links":{"self":[{"href":"https:\/\/librairie7l.com\/en\/wp-json\/wp\/v2\/product\/50612"}],"collection":[{"href":"https:\/\/librairie7l.com\/en\/wp-json\/wp\/v2\/product"}],"about":[{"href":"https:\/\/librairie7l.com\/en\/wp-json\/wp\/v2\/types\/product"}],"wp:featuredmedia":[{"embeddable":true,"href":"https:\/\/librairie7l.com\/en\/wp-json\/wp\/v2\/media\/50610"}],"wp:attachment":[{"href":"https:\/\/librairie7l.com\/en\/wp-json\/wp\/v2\/media?parent=50612"}],"wp:term":[{"taxonomy":"product_cat","embeddable":true,"href":"https:\/\/librairie7l.com\/en\/wp-json\/wp\/v2\/product_cat?post=50612"},{"taxonomy":"product_tag","embeddable":true,"href":"https:\/\/librairie7l.com\/en\/wp-json\/wp\/v2\/product_tag?post=50612"}],"curies":[{"name":"wp","href":"https:\/\/api.w.org\/{rel}","templated":true}]}}