{"id":50616,"date":"2025-09-17T09:18:05","date_gmt":"2025-09-17T07:18:05","guid":{"rendered":"https:\/\/librairie7l.com\/?post_type=product&#038;p=50616"},"modified":"2026-04-11T15:36:57","modified_gmt":"2026-04-11T13:36:57","slug":"delacroix-a-lassemblee-nationale-les-peintures-revelees-2","status":"publish","type":"product","link":"https:\/\/librairie7l.com\/en\/produit\/delacroix-a-lassemblee-nationale-les-peintures-revelees-2\/","title":{"rendered":"DELACROIX \u00c0 L&#8217;ASSEMBL\u00c9E NATIONALE : LES PEINTURES R\u00c9V\u00c9L\u00c9ES"},"content":{"rendered":"<p>\u00a0<br \/>\n\u00c0 l&#8217;occasion de la r\u00e9ouverture de la biblioth\u00e8que de l&#8217;Assembl\u00e9e nationale, apr\u00e8s un chantier de r\u00e9novation compl\u00e8te de plus d&#8217;un an et demi, cet ouvrage vous invite \u00e0 (re)d\u00e9couvrir un tr\u00e9sor m\u00e9connu de ce haut lieu du patrimoine fran\u00e7ais\u00a0 : les peintures d&#8217;Eug\u00e8ne Delacroix \u00e0 l&#8217;Assembl\u00e9e nationale.\u00a0<br \/>\n\u00a0<br \/>\nV\u00e9ritable \u00ab\u00a0 Chapelle sixtine\u00a0 \u00bb de Delacroix, ces oeuvres d&#8217;exception retrouvent, gr\u00e2ce \u00e0 cette restauration historique, toute leur splendeur et la vivacit\u00e9 de leurs couleurs d&#8217;origine. Ces peintures, rendues visibles au public, sont ici reproduites de mani\u00e8re in\u00e9dite dans leur int\u00e9gralit\u00e9.<\/p>\n<p>Barth\u00e9l\u00e9my Jobert, professeur d&#8217;histoire de l&#8217;art contemporain \u00e0 Sorbonne Universit\u00e9, o\u00f9 il anime le projet &#8220;Delacroix num\u00e9rique&#8221;, est normalien, agr\u00e9g\u00e9 d&#8217;histoire et docteur en histoire de l&#8217;art. Apr\u00e8s avoir enseign\u00e9 \u00e0 Harvard et travaill\u00e9 au Cabinet des Estampes de la Biblioth\u00e8que nationale de France, il a \u00e9t\u00e9 professeur aux universit\u00e9s de Grenoble puis de Paris-Sorbonne (aujourd&#8217;hui Sorbonne Universit\u00e9), dont il a \u00e9t\u00e9 le dernier pr\u00e9sident. Il dirige aujourd&#8217;hui la Fondation Sorbonne Universit\u00e9.<br \/>\n\u00a0<\/p>\n","protected":false},"excerpt":{"rendered":"<p>\u00a0 \u00c0 l&#8217;occasion de la r\u00e9ouverture de la biblioth\u00e8que de l&#8217;Assembl\u00e9e nationale, apr\u00e8s un chantier de r\u00e9novation compl\u00e8te de plus d&#8217;un an et demi, cet ouvrage vous invite \u00e0 (re)d\u00e9couvrir un tr\u00e9sor m\u00e9connu de ce haut lieu du patrimoine fran\u00e7ais\u00a0 : les peintures d&#8217;Eug\u00e8ne Delacroix \u00e0 l&#8217;Assembl\u00e9e nationale.\u00a0 \u00a0 V\u00e9ritable \u00ab\u00a0 Chapelle sixtine\u00a0 \u00bb de [&hellip;]<\/p>\n","protected":false},"featured_media":50614,"template":"","meta":[],"product_cat":[2948,2953],"product_tag":[],"acf":[],"yoast_head":"<!-- This site is optimized with the Yoast SEO plugin v20.11 - https:\/\/yoast.com\/wordpress\/plugins\/seo\/ -->\n<title>Delacroix \u00e0 l&#039;Assembl\u00e9e nationale : Les peintures r\u00e9v\u00e9l\u00e9es - Librairie 7L<\/title>\n<meta name=\"robots\" content=\"index, follow, max-snippet:-1, max-image-preview:large, max-video-preview:-1\" \/>\n<link rel=\"canonical\" href=\"https:\/\/librairie7l.com\/en\/produit\/delacroix-a-lassemblee-nationale-les-peintures-revelees-2\/\" \/>\n<meta property=\"og:locale\" content=\"en_US\" \/>\n<meta property=\"og:type\" content=\"article\" \/>\n<meta property=\"og:title\" content=\"Delacroix \u00e0 l&#039;Assembl\u00e9e nationale : Les peintures r\u00e9v\u00e9l\u00e9es - Librairie 7L\" \/>\n<meta property=\"og:description\" content=\"\u00a0 \u00c0 l&#8217;occasion de la r\u00e9ouverture de la biblioth\u00e8que de l&#8217;Assembl\u00e9e nationale, apr\u00e8s un chantier de r\u00e9novation compl\u00e8te de plus d&#8217;un an et demi, cet ouvrage vous invite \u00e0 (re)d\u00e9couvrir un tr\u00e9sor m\u00e9connu de ce haut lieu du patrimoine fran\u00e7ais\u00a0 : les peintures d&#8217;Eug\u00e8ne Delacroix \u00e0 l&#8217;Assembl\u00e9e nationale.\u00a0 \u00a0 V\u00e9ritable \u00ab\u00a0 Chapelle sixtine\u00a0 \u00bb de [&hellip;]\" \/>\n<meta property=\"og:url\" content=\"https:\/\/librairie7l.com\/en\/produit\/delacroix-a-lassemblee-nationale-les-peintures-revelees-2\/\" \/>\n<meta property=\"og:site_name\" content=\"Librairie 7L\" \/>\n<meta property=\"article:modified_time\" content=\"2026-04-11T13:36:57+00:00\" \/>\n<meta property=\"og:image\" content=\"https:\/\/librairie7l.com\/wp-content\/uploads\/2025\/04\/9782754117166_1_75.jpg\" \/>\n\t<meta property=\"og:image:width\" content=\"811\" \/>\n\t<meta property=\"og:image:height\" content=\"600\" \/>\n\t<meta property=\"og:image:type\" content=\"image\/jpeg\" \/>\n<meta name=\"twitter:card\" content=\"summary_large_image\" \/>\n<meta name=\"twitter:label1\" content=\"Est. reading time\" \/>\n\t<meta name=\"twitter:data1\" content=\"1 minute\" \/>\n<script type=\"application\/ld+json\" class=\"yoast-schema-graph\">{\"@context\":\"https:\/\/schema.org\",\"@graph\":[{\"@type\":\"WebPage\",\"@id\":\"https:\/\/librairie7l.com\/en\/produit\/delacroix-a-lassemblee-nationale-les-peintures-revelees-2\/\",\"url\":\"https:\/\/librairie7l.com\/en\/produit\/delacroix-a-lassemblee-nationale-les-peintures-revelees-2\/\",\"name\":\"Delacroix \u00e0 l'Assembl\u00e9e nationale : Les peintures r\u00e9v\u00e9l\u00e9es - Librairie 7L\",\"isPartOf\":{\"@id\":\"https:\/\/librairie7l.com\/en\/#website\"},\"datePublished\":\"2025-09-17T07:18:05+00:00\",\"dateModified\":\"2026-04-11T13:36:57+00:00\",\"breadcrumb\":{\"@id\":\"https:\/\/librairie7l.com\/en\/produit\/delacroix-a-lassemblee-nationale-les-peintures-revelees-2\/#breadcrumb\"},\"inLanguage\":\"en-US\",\"potentialAction\":[{\"@type\":\"ReadAction\",\"target\":[\"https:\/\/librairie7l.com\/en\/produit\/delacroix-a-lassemblee-nationale-les-peintures-revelees-2\/\"]}]},{\"@type\":\"BreadcrumbList\",\"@id\":\"https:\/\/librairie7l.com\/en\/produit\/delacroix-a-lassemblee-nationale-les-peintures-revelees-2\/#breadcrumb\",\"itemListElement\":[{\"@type\":\"ListItem\",\"position\":1,\"name\":\"Accueil\",\"item\":\"https:\/\/librairie7l.com\/en\/\"},{\"@type\":\"ListItem\",\"position\":2,\"name\":\"Shop\",\"item\":\"https:\/\/librairie7l.com\/en\/shop\/\"},{\"@type\":\"ListItem\",\"position\":3,\"name\":\"DELACROIX \u00c0 L&#8217;ASSEMBL\u00c9E NATIONALE : LES PEINTURES R\u00c9V\u00c9L\u00c9ES\"}]},{\"@type\":\"WebSite\",\"@id\":\"https:\/\/librairie7l.com\/en\/#website\",\"url\":\"https:\/\/librairie7l.com\/en\/\",\"name\":\"Librairie 7L\",\"description\":\"Librairie fond\u00e9e en 1999 par Karl Lagerfeld \u00e0 Paris\",\"publisher\":{\"@id\":\"https:\/\/librairie7l.com\/en\/#organization\"},\"potentialAction\":[{\"@type\":\"SearchAction\",\"target\":{\"@type\":\"EntryPoint\",\"urlTemplate\":\"https:\/\/librairie7l.com\/en\/?s={search_term_string}\"},\"query-input\":\"required name=search_term_string\"}],\"inLanguage\":\"en-US\"},{\"@type\":\"Organization\",\"@id\":\"https:\/\/librairie7l.com\/en\/#organization\",\"name\":\"Librairie 7L\",\"url\":\"https:\/\/librairie7l.com\/en\/\",\"logo\":{\"@type\":\"ImageObject\",\"inLanguage\":\"en-US\",\"@id\":\"https:\/\/librairie7l.com\/en\/#\/schema\/logo\/image\/\",\"url\":\"https:\/\/librairie7l.com\/wp-content\/uploads\/2022\/08\/logo-1.png\",\"contentUrl\":\"https:\/\/librairie7l.com\/wp-content\/uploads\/2022\/08\/logo-1.png\",\"width\":227,\"height\":301,\"caption\":\"Librairie 7L\"},\"image\":{\"@id\":\"https:\/\/librairie7l.com\/en\/#\/schema\/logo\/image\/\"}}]}<\/script>\n<!-- \/ Yoast SEO plugin. -->","yoast_head_json":{"title":"Delacroix \u00e0 l'Assembl\u00e9e nationale : Les peintures r\u00e9v\u00e9l\u00e9es - Librairie 7L","robots":{"index":"index","follow":"follow","max-snippet":"max-snippet:-1","max-image-preview":"max-image-preview:large","max-video-preview":"max-video-preview:-1"},"canonical":"https:\/\/librairie7l.com\/en\/produit\/delacroix-a-lassemblee-nationale-les-peintures-revelees-2\/","og_locale":"en_US","og_type":"article","og_title":"Delacroix \u00e0 l'Assembl\u00e9e nationale : Les peintures r\u00e9v\u00e9l\u00e9es - Librairie 7L","og_description":"\u00a0 \u00c0 l&#8217;occasion de la r\u00e9ouverture de la biblioth\u00e8que de l&#8217;Assembl\u00e9e nationale, apr\u00e8s un chantier de r\u00e9novation compl\u00e8te de plus d&#8217;un an et demi, cet ouvrage vous invite \u00e0 (re)d\u00e9couvrir un tr\u00e9sor m\u00e9connu de ce haut lieu du patrimoine fran\u00e7ais\u00a0 : les peintures d&#8217;Eug\u00e8ne Delacroix \u00e0 l&#8217;Assembl\u00e9e nationale.\u00a0 \u00a0 V\u00e9ritable \u00ab\u00a0 Chapelle sixtine\u00a0 \u00bb de [&hellip;]","og_url":"https:\/\/librairie7l.com\/en\/produit\/delacroix-a-lassemblee-nationale-les-peintures-revelees-2\/","og_site_name":"Librairie 7L","article_modified_time":"2026-04-11T13:36:57+00:00","og_image":[{"width":811,"height":600,"url":"https:\/\/librairie7l.com\/wp-content\/uploads\/2025\/04\/9782754117166_1_75.jpg","type":"image\/jpeg"}],"twitter_card":"summary_large_image","twitter_misc":{"Est. reading time":"1 minute"},"schema":{"@context":"https:\/\/schema.org","@graph":[{"@type":"WebPage","@id":"https:\/\/librairie7l.com\/en\/produit\/delacroix-a-lassemblee-nationale-les-peintures-revelees-2\/","url":"https:\/\/librairie7l.com\/en\/produit\/delacroix-a-lassemblee-nationale-les-peintures-revelees-2\/","name":"Delacroix \u00e0 l'Assembl\u00e9e nationale : Les peintures r\u00e9v\u00e9l\u00e9es - Librairie 7L","isPartOf":{"@id":"https:\/\/librairie7l.com\/en\/#website"},"datePublished":"2025-09-17T07:18:05+00:00","dateModified":"2026-04-11T13:36:57+00:00","breadcrumb":{"@id":"https:\/\/librairie7l.com\/en\/produit\/delacroix-a-lassemblee-nationale-les-peintures-revelees-2\/#breadcrumb"},"inLanguage":"en-US","potentialAction":[{"@type":"ReadAction","target":["https:\/\/librairie7l.com\/en\/produit\/delacroix-a-lassemblee-nationale-les-peintures-revelees-2\/"]}]},{"@type":"BreadcrumbList","@id":"https:\/\/librairie7l.com\/en\/produit\/delacroix-a-lassemblee-nationale-les-peintures-revelees-2\/#breadcrumb","itemListElement":[{"@type":"ListItem","position":1,"name":"Accueil","item":"https:\/\/librairie7l.com\/en\/"},{"@type":"ListItem","position":2,"name":"Shop","item":"https:\/\/librairie7l.com\/en\/shop\/"},{"@type":"ListItem","position":3,"name":"DELACROIX \u00c0 L&#8217;ASSEMBL\u00c9E NATIONALE : LES PEINTURES R\u00c9V\u00c9L\u00c9ES"}]},{"@type":"WebSite","@id":"https:\/\/librairie7l.com\/en\/#website","url":"https:\/\/librairie7l.com\/en\/","name":"Librairie 7L","description":"Librairie fond\u00e9e en 1999 par Karl Lagerfeld \u00e0 Paris","publisher":{"@id":"https:\/\/librairie7l.com\/en\/#organization"},"potentialAction":[{"@type":"SearchAction","target":{"@type":"EntryPoint","urlTemplate":"https:\/\/librairie7l.com\/en\/?s={search_term_string}"},"query-input":"required name=search_term_string"}],"inLanguage":"en-US"},{"@type":"Organization","@id":"https:\/\/librairie7l.com\/en\/#organization","name":"Librairie 7L","url":"https:\/\/librairie7l.com\/en\/","logo":{"@type":"ImageObject","inLanguage":"en-US","@id":"https:\/\/librairie7l.com\/en\/#\/schema\/logo\/image\/","url":"https:\/\/librairie7l.com\/wp-content\/uploads\/2022\/08\/logo-1.png","contentUrl":"https:\/\/librairie7l.com\/wp-content\/uploads\/2022\/08\/logo-1.png","width":227,"height":301,"caption":"Librairie 7L"},"image":{"@id":"https:\/\/librairie7l.com\/en\/#\/schema\/logo\/image\/"}}]}},"_links":{"self":[{"href":"https:\/\/librairie7l.com\/en\/wp-json\/wp\/v2\/product\/50616"}],"collection":[{"href":"https:\/\/librairie7l.com\/en\/wp-json\/wp\/v2\/product"}],"about":[{"href":"https:\/\/librairie7l.com\/en\/wp-json\/wp\/v2\/types\/product"}],"wp:featuredmedia":[{"embeddable":true,"href":"https:\/\/librairie7l.com\/en\/wp-json\/wp\/v2\/media\/50614"}],"wp:attachment":[{"href":"https:\/\/librairie7l.com\/en\/wp-json\/wp\/v2\/media?parent=50616"}],"wp:term":[{"taxonomy":"product_cat","embeddable":true,"href":"https:\/\/librairie7l.com\/en\/wp-json\/wp\/v2\/product_cat?post=50616"},{"taxonomy":"product_tag","embeddable":true,"href":"https:\/\/librairie7l.com\/en\/wp-json\/wp\/v2\/product_tag?post=50616"}],"curies":[{"name":"wp","href":"https:\/\/api.w.org\/{rel}","templated":true}]}}