{"id":50620,"date":"2025-09-17T09:18:07","date_gmt":"2025-09-17T07:18:07","guid":{"rendered":"https:\/\/librairie7l.com\/?post_type=product&#038;p=50620"},"modified":"2026-04-17T07:37:40","modified_gmt":"2026-04-17T05:37:40","slug":"jean-baptiste-greuze-lenfance-en-lumiere-2","status":"publish","type":"product","link":"https:\/\/librairie7l.com\/en\/produit\/jean-baptiste-greuze-lenfance-en-lumiere-2\/","title":{"rendered":"JEAN-BAPTISTE GREUZE : L&#8217;ENFANCE EN LUMI\u00c8RE"},"content":{"rendered":"<p>Agr\u00e9\u00e9 en 1755 \u00e0 l&#8217;Acad\u00e9mie royale de peinture et de sculpture, acclam\u00e9 pour<br \/>\nson art du portrait et la puissance naturaliste de ses sc\u00e8nes de genre, Greuze<br \/>\nconna\u00eet d&#8217;abord le succ\u00e8s, avant de quitter l&#8217;Acad\u00e9mie, suite \u00e0 la critique<br \/>\nacerbe de son tableau de r\u00e9ception, Septime S\u00e9v\u00e8re (1769). Pr\u00e9sentant<br \/>\nd\u00e9sormais ses oeuvres uniquement dans son atelier, il meurt en 1805, ruin\u00e9<br \/>\net isol\u00e9.<br \/>\nGreuze ne cessa de travailler le th\u00e8me de l&#8217;enfance et aucun artiste<br \/>\nn&#8217;a repr\u00e9sent\u00e9 autant de portraits d&#8217;enfant : les siens, ceux d&#8217;amis ou de<br \/>\nm\u00e9c\u00e8nes, mais aussi nombre d&#8217;enfants inconnus, avec une virtuosit\u00e9<br \/>\ntechnique au service de l&#8217;\u00e9motion et de la v\u00e9rit\u00e9 naturaliste.<br \/>\nCar Greuze engage une r\u00e9flexion plus vaste sur la place des enfants dans<br \/>\nla soci\u00e9t\u00e9 et l&#8217;enjeu crucial de leur \u00e9ducation. En r\u00e9sonnance avec les<br \/>\npr\u00e9occupations des philosophes des Lumi\u00e8res (Diderot, Rousseau<br \/>\nou Condorcet), le peintre invite \u00e0 r\u00e9fl\u00e9chir sur la place de l&#8217;enfant au sein de<br \/>\nla famille, la responsabilite\u00b4 des parents dans son d\u00e9veloppement, l&#8217;importance<br \/>\nde l&#8217;\u00e9ducation pour la construction de sa personnalite\u00b4, le r\u00f4le crucial de<br \/>\nla m\u00e8re et de l&#8217;allaitement, et va jusqu&#8217;\u00e0 aborder la question d\u00e9licate de la perte<br \/>\nde l&#8217;innocence.<br \/>\nGreuze interroge ainsi le passage \u00e0 l&#8217;\u00e2ge adulte, le sentiment amoureux,<br \/>\nles pr\u00e9mices de la sexualit\u00e9\u00b4ou encore le th\u00e8me du consentement &#8211; d&#8217;une<br \/>\nsaisissante actualit\u00e9\u00b4aujourd&#8217;hui.<br \/>\nUn peintre dont l&#8217;oeuvre est \u00e0 d\u00e9couvrir au prisme du th\u00e8me singulier &#8211; mais<br \/>\nessentiel &#8211; de l&#8217;enfance<\/p>\n","protected":false},"excerpt":{"rendered":"<p>Agr\u00e9\u00e9 en 1755 \u00e0 l&#8217;Acad\u00e9mie royale de peinture et de sculpture, acclam\u00e9 pour son art du portrait et la puissance naturaliste de ses sc\u00e8nes de genre, Greuze conna\u00eet d&#8217;abord le succ\u00e8s, avant de quitter l&#8217;Acad\u00e9mie, suite \u00e0 la critique acerbe de son tableau de r\u00e9ception, Septime S\u00e9v\u00e8re (1769). Pr\u00e9sentant d\u00e9sormais ses oeuvres uniquement dans son [&hellip;]<\/p>\n","protected":false},"featured_media":50618,"template":"","meta":[],"product_cat":[2948,2953],"product_tag":[],"acf":[],"yoast_head":"<!-- This site is optimized with the Yoast SEO plugin v20.11 - https:\/\/yoast.com\/wordpress\/plugins\/seo\/ -->\n<title>Jean-Baptiste Greuze : L&#039;enfance en lumi\u00e8re - Librairie 7L<\/title>\n<meta name=\"robots\" content=\"index, follow, max-snippet:-1, max-image-preview:large, max-video-preview:-1\" \/>\n<link rel=\"canonical\" href=\"https:\/\/librairie7l.com\/en\/produit\/jean-baptiste-greuze-lenfance-en-lumiere-2\/\" \/>\n<meta property=\"og:locale\" content=\"en_US\" \/>\n<meta property=\"og:type\" content=\"article\" \/>\n<meta property=\"og:title\" content=\"Jean-Baptiste Greuze : L&#039;enfance en lumi\u00e8re - Librairie 7L\" \/>\n<meta property=\"og:description\" content=\"Agr\u00e9\u00e9 en 1755 \u00e0 l&#8217;Acad\u00e9mie royale de peinture et de sculpture, acclam\u00e9 pour son art du portrait et la puissance naturaliste de ses sc\u00e8nes de genre, Greuze conna\u00eet d&#8217;abord le succ\u00e8s, avant de quitter l&#8217;Acad\u00e9mie, suite \u00e0 la critique acerbe de son tableau de r\u00e9ception, Septime S\u00e9v\u00e8re (1769). Pr\u00e9sentant d\u00e9sormais ses oeuvres uniquement dans son [&hellip;]\" \/>\n<meta property=\"og:url\" content=\"https:\/\/librairie7l.com\/en\/produit\/jean-baptiste-greuze-lenfance-en-lumiere-2\/\" \/>\n<meta property=\"og:site_name\" content=\"Librairie 7L\" \/>\n<meta property=\"article:modified_time\" content=\"2026-04-17T05:37:40+00:00\" \/>\n<meta property=\"og:image\" content=\"https:\/\/librairie7l.com\/wp-content\/uploads\/2025\/04\/9782759606177_1_75.jpg\" \/>\n\t<meta property=\"og:image:width\" content=\"400\" \/>\n\t<meta property=\"og:image:height\" content=\"504\" \/>\n\t<meta property=\"og:image:type\" content=\"image\/jpeg\" \/>\n<meta name=\"twitter:card\" content=\"summary_large_image\" \/>\n<meta name=\"twitter:label1\" content=\"Est. reading time\" \/>\n\t<meta name=\"twitter:data1\" content=\"1 minute\" \/>\n<script type=\"application\/ld+json\" class=\"yoast-schema-graph\">{\"@context\":\"https:\/\/schema.org\",\"@graph\":[{\"@type\":\"WebPage\",\"@id\":\"https:\/\/librairie7l.com\/en\/produit\/jean-baptiste-greuze-lenfance-en-lumiere-2\/\",\"url\":\"https:\/\/librairie7l.com\/en\/produit\/jean-baptiste-greuze-lenfance-en-lumiere-2\/\",\"name\":\"Jean-Baptiste Greuze : L'enfance en lumi\u00e8re - Librairie 7L\",\"isPartOf\":{\"@id\":\"https:\/\/librairie7l.com\/en\/#website\"},\"datePublished\":\"2025-09-17T07:18:07+00:00\",\"dateModified\":\"2026-04-17T05:37:40+00:00\",\"breadcrumb\":{\"@id\":\"https:\/\/librairie7l.com\/en\/produit\/jean-baptiste-greuze-lenfance-en-lumiere-2\/#breadcrumb\"},\"inLanguage\":\"en-US\",\"potentialAction\":[{\"@type\":\"ReadAction\",\"target\":[\"https:\/\/librairie7l.com\/en\/produit\/jean-baptiste-greuze-lenfance-en-lumiere-2\/\"]}]},{\"@type\":\"BreadcrumbList\",\"@id\":\"https:\/\/librairie7l.com\/en\/produit\/jean-baptiste-greuze-lenfance-en-lumiere-2\/#breadcrumb\",\"itemListElement\":[{\"@type\":\"ListItem\",\"position\":1,\"name\":\"Accueil\",\"item\":\"https:\/\/librairie7l.com\/en\/\"},{\"@type\":\"ListItem\",\"position\":2,\"name\":\"Shop\",\"item\":\"https:\/\/librairie7l.com\/en\/shop\/\"},{\"@type\":\"ListItem\",\"position\":3,\"name\":\"JEAN-BAPTISTE GREUZE : L&#8217;ENFANCE EN LUMI\u00c8RE\"}]},{\"@type\":\"WebSite\",\"@id\":\"https:\/\/librairie7l.com\/en\/#website\",\"url\":\"https:\/\/librairie7l.com\/en\/\",\"name\":\"Librairie 7L\",\"description\":\"Librairie fond\u00e9e en 1999 par Karl Lagerfeld \u00e0 Paris\",\"publisher\":{\"@id\":\"https:\/\/librairie7l.com\/en\/#organization\"},\"potentialAction\":[{\"@type\":\"SearchAction\",\"target\":{\"@type\":\"EntryPoint\",\"urlTemplate\":\"https:\/\/librairie7l.com\/en\/?s={search_term_string}\"},\"query-input\":\"required name=search_term_string\"}],\"inLanguage\":\"en-US\"},{\"@type\":\"Organization\",\"@id\":\"https:\/\/librairie7l.com\/en\/#organization\",\"name\":\"Librairie 7L\",\"url\":\"https:\/\/librairie7l.com\/en\/\",\"logo\":{\"@type\":\"ImageObject\",\"inLanguage\":\"en-US\",\"@id\":\"https:\/\/librairie7l.com\/en\/#\/schema\/logo\/image\/\",\"url\":\"https:\/\/librairie7l.com\/wp-content\/uploads\/2022\/08\/logo-1.png\",\"contentUrl\":\"https:\/\/librairie7l.com\/wp-content\/uploads\/2022\/08\/logo-1.png\",\"width\":227,\"height\":301,\"caption\":\"Librairie 7L\"},\"image\":{\"@id\":\"https:\/\/librairie7l.com\/en\/#\/schema\/logo\/image\/\"}}]}<\/script>\n<!-- \/ Yoast SEO plugin. -->","yoast_head_json":{"title":"Jean-Baptiste Greuze : L'enfance en lumi\u00e8re - Librairie 7L","robots":{"index":"index","follow":"follow","max-snippet":"max-snippet:-1","max-image-preview":"max-image-preview:large","max-video-preview":"max-video-preview:-1"},"canonical":"https:\/\/librairie7l.com\/en\/produit\/jean-baptiste-greuze-lenfance-en-lumiere-2\/","og_locale":"en_US","og_type":"article","og_title":"Jean-Baptiste Greuze : L'enfance en lumi\u00e8re - Librairie 7L","og_description":"Agr\u00e9\u00e9 en 1755 \u00e0 l&#8217;Acad\u00e9mie royale de peinture et de sculpture, acclam\u00e9 pour son art du portrait et la puissance naturaliste de ses sc\u00e8nes de genre, Greuze conna\u00eet d&#8217;abord le succ\u00e8s, avant de quitter l&#8217;Acad\u00e9mie, suite \u00e0 la critique acerbe de son tableau de r\u00e9ception, Septime S\u00e9v\u00e8re (1769). Pr\u00e9sentant d\u00e9sormais ses oeuvres uniquement dans son [&hellip;]","og_url":"https:\/\/librairie7l.com\/en\/produit\/jean-baptiste-greuze-lenfance-en-lumiere-2\/","og_site_name":"Librairie 7L","article_modified_time":"2026-04-17T05:37:40+00:00","og_image":[{"width":400,"height":504,"url":"https:\/\/librairie7l.com\/wp-content\/uploads\/2025\/04\/9782759606177_1_75.jpg","type":"image\/jpeg"}],"twitter_card":"summary_large_image","twitter_misc":{"Est. reading time":"1 minute"},"schema":{"@context":"https:\/\/schema.org","@graph":[{"@type":"WebPage","@id":"https:\/\/librairie7l.com\/en\/produit\/jean-baptiste-greuze-lenfance-en-lumiere-2\/","url":"https:\/\/librairie7l.com\/en\/produit\/jean-baptiste-greuze-lenfance-en-lumiere-2\/","name":"Jean-Baptiste Greuze : L'enfance en lumi\u00e8re - Librairie 7L","isPartOf":{"@id":"https:\/\/librairie7l.com\/en\/#website"},"datePublished":"2025-09-17T07:18:07+00:00","dateModified":"2026-04-17T05:37:40+00:00","breadcrumb":{"@id":"https:\/\/librairie7l.com\/en\/produit\/jean-baptiste-greuze-lenfance-en-lumiere-2\/#breadcrumb"},"inLanguage":"en-US","potentialAction":[{"@type":"ReadAction","target":["https:\/\/librairie7l.com\/en\/produit\/jean-baptiste-greuze-lenfance-en-lumiere-2\/"]}]},{"@type":"BreadcrumbList","@id":"https:\/\/librairie7l.com\/en\/produit\/jean-baptiste-greuze-lenfance-en-lumiere-2\/#breadcrumb","itemListElement":[{"@type":"ListItem","position":1,"name":"Accueil","item":"https:\/\/librairie7l.com\/en\/"},{"@type":"ListItem","position":2,"name":"Shop","item":"https:\/\/librairie7l.com\/en\/shop\/"},{"@type":"ListItem","position":3,"name":"JEAN-BAPTISTE GREUZE : L&#8217;ENFANCE EN LUMI\u00c8RE"}]},{"@type":"WebSite","@id":"https:\/\/librairie7l.com\/en\/#website","url":"https:\/\/librairie7l.com\/en\/","name":"Librairie 7L","description":"Librairie fond\u00e9e en 1999 par Karl Lagerfeld \u00e0 Paris","publisher":{"@id":"https:\/\/librairie7l.com\/en\/#organization"},"potentialAction":[{"@type":"SearchAction","target":{"@type":"EntryPoint","urlTemplate":"https:\/\/librairie7l.com\/en\/?s={search_term_string}"},"query-input":"required name=search_term_string"}],"inLanguage":"en-US"},{"@type":"Organization","@id":"https:\/\/librairie7l.com\/en\/#organization","name":"Librairie 7L","url":"https:\/\/librairie7l.com\/en\/","logo":{"@type":"ImageObject","inLanguage":"en-US","@id":"https:\/\/librairie7l.com\/en\/#\/schema\/logo\/image\/","url":"https:\/\/librairie7l.com\/wp-content\/uploads\/2022\/08\/logo-1.png","contentUrl":"https:\/\/librairie7l.com\/wp-content\/uploads\/2022\/08\/logo-1.png","width":227,"height":301,"caption":"Librairie 7L"},"image":{"@id":"https:\/\/librairie7l.com\/en\/#\/schema\/logo\/image\/"}}]}},"_links":{"self":[{"href":"https:\/\/librairie7l.com\/en\/wp-json\/wp\/v2\/product\/50620"}],"collection":[{"href":"https:\/\/librairie7l.com\/en\/wp-json\/wp\/v2\/product"}],"about":[{"href":"https:\/\/librairie7l.com\/en\/wp-json\/wp\/v2\/types\/product"}],"wp:featuredmedia":[{"embeddable":true,"href":"https:\/\/librairie7l.com\/en\/wp-json\/wp\/v2\/media\/50618"}],"wp:attachment":[{"href":"https:\/\/librairie7l.com\/en\/wp-json\/wp\/v2\/media?parent=50620"}],"wp:term":[{"taxonomy":"product_cat","embeddable":true,"href":"https:\/\/librairie7l.com\/en\/wp-json\/wp\/v2\/product_cat?post=50620"},{"taxonomy":"product_tag","embeddable":true,"href":"https:\/\/librairie7l.com\/en\/wp-json\/wp\/v2\/product_tag?post=50620"}],"curies":[{"name":"wp","href":"https:\/\/api.w.org\/{rel}","templated":true}]}}