{"id":50624,"date":"2025-09-17T09:18:12","date_gmt":"2025-09-17T07:18:12","guid":{"rendered":"https:\/\/librairie7l.com\/?post_type=product&#038;p=50624"},"modified":"2026-04-05T14:33:07","modified_gmt":"2026-04-05T12:33:07","slug":"eloge-de-lepure-metiers-dart-savoir-faire-dexcellence-creation-contemporaine-2","status":"publish","type":"product","link":"https:\/\/librairie7l.com\/en\/produit\/eloge-de-lepure-metiers-dart-savoir-faire-dexcellence-creation-contemporaine-2\/","title":{"rendered":"ELOGE DE L&#8217;\u00c9PURE : M\u00c9TIERS D&#8217;ART, SAVOIR-FAIRE D&#8217;EXCELLENCE, CR\u00c9ATION CONTEMPORAINE"},"content":{"rendered":"<p>\u00c9pure ! Trois syllabes \u00e0 l&#8217;\u00e9cho d&#8217;une \u00e9poque en qu\u00eate<br \/>\nd&#8217;essentiel, un mot accord\u00e9 \u00e0 cet esprit du geste lorsqu&#8217;il<br \/>\ncompose \u00e0 l&#8217;indispensable. D&#8217;atelier en studio, de<br \/>\nmanufacture en maison, un num\u00e9ro collector \u00e0 la<br \/>\nrecherche comme \u00e0 la rencontre de ces m\u00e9tiers d&#8217;art et<br \/>\nartisanats d&#8217;excellence qui se font un panache du<br \/>\nminimal, de la puret\u00e9 et du d\u00e9pouillement. Avec l&#8217;\u00e9pure,<br \/>\nla gomme s&#8217;installe en outil, les mani\u00e8res imposent la<br \/>\nmati\u00e8re en \u00e9vidence, les techniques ont la pudeur de<br \/>\ns&#8217;effacer pour mieux r\u00e9v\u00e9ler leur ouvrage, l&#8217;artisan se<br \/>\npla\u00eet \u00e0 montrer sans d\u00e9montrer. L&#8217;artisanat de l&#8217;\u00e9pure ?<br \/>\nUne ing\u00e9nierie du sensible autant qu&#8217;une philosophie<br \/>\ndu faire o\u00f9 l&#8217;intime et le sensible ajoutent \u00e0 l&#8217;\u00e9motion.<br \/>\nEt toujours le grand entretien avec une personnalit\u00e9 du<br \/>\nmonde culturel, le vaste panorama de l&#8217;actualit\u00e9 (arts,<br \/>\narchitecture, mode, joaillerie, horlogerie), les rubriques<br \/>\nqui donnent la parole aux acteurs de l&#8217;art, du luxe et de<br \/>\nla cr\u00e9ation, la visite d&#8217;atelier d&#8217;un plasticien&#8230; le tout<br \/>\nservi par des reportages photo produits sp\u00e9cifiquement<br \/>\npar et pour Geste\/s.<\/p>\n","protected":false},"excerpt":{"rendered":"<p>\u00c9pure ! Trois syllabes \u00e0 l&#8217;\u00e9cho d&#8217;une \u00e9poque en qu\u00eate d&#8217;essentiel, un mot accord\u00e9 \u00e0 cet esprit du geste lorsqu&#8217;il compose \u00e0 l&#8217;indispensable. D&#8217;atelier en studio, de manufacture en maison, un num\u00e9ro collector \u00e0 la recherche comme \u00e0 la rencontre de ces m\u00e9tiers d&#8217;art et artisanats d&#8217;excellence qui se font un panache du minimal, de [&hellip;]<\/p>\n","protected":false},"featured_media":50622,"template":"","meta":[],"product_cat":[2948,2950],"product_tag":[],"acf":[],"yoast_head":"<!-- This site is optimized with the Yoast SEO plugin v20.11 - https:\/\/yoast.com\/wordpress\/plugins\/seo\/ -->\n<title>Eloge de l&#039;\u00e9pure : M\u00e9tiers d&#039;art, savoir-faire d&#039;excellence, cr\u00e9ation contemporaine - Librairie 7L<\/title>\n<meta name=\"robots\" content=\"index, follow, max-snippet:-1, max-image-preview:large, max-video-preview:-1\" \/>\n<link rel=\"canonical\" href=\"https:\/\/librairie7l.com\/en\/produit\/eloge-de-lepure-metiers-dart-savoir-faire-dexcellence-creation-contemporaine-2\/\" \/>\n<meta property=\"og:locale\" content=\"en_US\" \/>\n<meta property=\"og:type\" content=\"article\" \/>\n<meta property=\"og:title\" content=\"Eloge de l&#039;\u00e9pure : M\u00e9tiers d&#039;art, savoir-faire d&#039;excellence, cr\u00e9ation contemporaine - Librairie 7L\" \/>\n<meta property=\"og:description\" content=\"\u00c9pure ! Trois syllabes \u00e0 l&#8217;\u00e9cho d&#8217;une \u00e9poque en qu\u00eate d&#8217;essentiel, un mot accord\u00e9 \u00e0 cet esprit du geste lorsqu&#8217;il compose \u00e0 l&#8217;indispensable. D&#8217;atelier en studio, de manufacture en maison, un num\u00e9ro collector \u00e0 la recherche comme \u00e0 la rencontre de ces m\u00e9tiers d&#8217;art et artisanats d&#8217;excellence qui se font un panache du minimal, de [&hellip;]\" \/>\n<meta property=\"og:url\" content=\"https:\/\/librairie7l.com\/en\/produit\/eloge-de-lepure-metiers-dart-savoir-faire-dexcellence-creation-contemporaine-2\/\" \/>\n<meta property=\"og:site_name\" content=\"Librairie 7L\" \/>\n<meta property=\"article:modified_time\" content=\"2026-04-05T12:33:07+00:00\" \/>\n<meta property=\"og:image\" content=\"https:\/\/librairie7l.com\/wp-content\/uploads\/2025\/03\/9791020410092_1_75.jpg\" \/>\n\t<meta property=\"og:image:width\" content=\"400\" \/>\n\t<meta property=\"og:image:height\" content=\"487\" \/>\n\t<meta property=\"og:image:type\" content=\"image\/jpeg\" \/>\n<meta name=\"twitter:card\" content=\"summary_large_image\" \/>\n<meta name=\"twitter:label1\" content=\"Est. reading time\" \/>\n\t<meta name=\"twitter:data1\" content=\"1 minute\" \/>\n<script type=\"application\/ld+json\" class=\"yoast-schema-graph\">{\"@context\":\"https:\/\/schema.org\",\"@graph\":[{\"@type\":\"WebPage\",\"@id\":\"https:\/\/librairie7l.com\/en\/produit\/eloge-de-lepure-metiers-dart-savoir-faire-dexcellence-creation-contemporaine-2\/\",\"url\":\"https:\/\/librairie7l.com\/en\/produit\/eloge-de-lepure-metiers-dart-savoir-faire-dexcellence-creation-contemporaine-2\/\",\"name\":\"Eloge de l'\u00e9pure : M\u00e9tiers d'art, savoir-faire d'excellence, cr\u00e9ation contemporaine - Librairie 7L\",\"isPartOf\":{\"@id\":\"https:\/\/librairie7l.com\/en\/#website\"},\"datePublished\":\"2025-09-17T07:18:12+00:00\",\"dateModified\":\"2026-04-05T12:33:07+00:00\",\"breadcrumb\":{\"@id\":\"https:\/\/librairie7l.com\/en\/produit\/eloge-de-lepure-metiers-dart-savoir-faire-dexcellence-creation-contemporaine-2\/#breadcrumb\"},\"inLanguage\":\"en-US\",\"potentialAction\":[{\"@type\":\"ReadAction\",\"target\":[\"https:\/\/librairie7l.com\/en\/produit\/eloge-de-lepure-metiers-dart-savoir-faire-dexcellence-creation-contemporaine-2\/\"]}]},{\"@type\":\"BreadcrumbList\",\"@id\":\"https:\/\/librairie7l.com\/en\/produit\/eloge-de-lepure-metiers-dart-savoir-faire-dexcellence-creation-contemporaine-2\/#breadcrumb\",\"itemListElement\":[{\"@type\":\"ListItem\",\"position\":1,\"name\":\"Accueil\",\"item\":\"https:\/\/librairie7l.com\/en\/\"},{\"@type\":\"ListItem\",\"position\":2,\"name\":\"Shop\",\"item\":\"https:\/\/librairie7l.com\/en\/shop\/\"},{\"@type\":\"ListItem\",\"position\":3,\"name\":\"ELOGE DE L&#8217;\u00c9PURE : M\u00c9TIERS D&#8217;ART, SAVOIR-FAIRE D&#8217;EXCELLENCE, CR\u00c9ATION CONTEMPORAINE\"}]},{\"@type\":\"WebSite\",\"@id\":\"https:\/\/librairie7l.com\/en\/#website\",\"url\":\"https:\/\/librairie7l.com\/en\/\",\"name\":\"Librairie 7L\",\"description\":\"Librairie fond\u00e9e en 1999 par Karl Lagerfeld \u00e0 Paris\",\"publisher\":{\"@id\":\"https:\/\/librairie7l.com\/en\/#organization\"},\"potentialAction\":[{\"@type\":\"SearchAction\",\"target\":{\"@type\":\"EntryPoint\",\"urlTemplate\":\"https:\/\/librairie7l.com\/en\/?s={search_term_string}\"},\"query-input\":\"required name=search_term_string\"}],\"inLanguage\":\"en-US\"},{\"@type\":\"Organization\",\"@id\":\"https:\/\/librairie7l.com\/en\/#organization\",\"name\":\"Librairie 7L\",\"url\":\"https:\/\/librairie7l.com\/en\/\",\"logo\":{\"@type\":\"ImageObject\",\"inLanguage\":\"en-US\",\"@id\":\"https:\/\/librairie7l.com\/en\/#\/schema\/logo\/image\/\",\"url\":\"https:\/\/librairie7l.com\/wp-content\/uploads\/2022\/08\/logo-1.png\",\"contentUrl\":\"https:\/\/librairie7l.com\/wp-content\/uploads\/2022\/08\/logo-1.png\",\"width\":227,\"height\":301,\"caption\":\"Librairie 7L\"},\"image\":{\"@id\":\"https:\/\/librairie7l.com\/en\/#\/schema\/logo\/image\/\"}}]}<\/script>\n<!-- \/ Yoast SEO plugin. -->","yoast_head_json":{"title":"Eloge de l'\u00e9pure : M\u00e9tiers d'art, savoir-faire d'excellence, cr\u00e9ation contemporaine - Librairie 7L","robots":{"index":"index","follow":"follow","max-snippet":"max-snippet:-1","max-image-preview":"max-image-preview:large","max-video-preview":"max-video-preview:-1"},"canonical":"https:\/\/librairie7l.com\/en\/produit\/eloge-de-lepure-metiers-dart-savoir-faire-dexcellence-creation-contemporaine-2\/","og_locale":"en_US","og_type":"article","og_title":"Eloge de l'\u00e9pure : M\u00e9tiers d'art, savoir-faire d'excellence, cr\u00e9ation contemporaine - Librairie 7L","og_description":"\u00c9pure ! Trois syllabes \u00e0 l&#8217;\u00e9cho d&#8217;une \u00e9poque en qu\u00eate d&#8217;essentiel, un mot accord\u00e9 \u00e0 cet esprit du geste lorsqu&#8217;il compose \u00e0 l&#8217;indispensable. D&#8217;atelier en studio, de manufacture en maison, un num\u00e9ro collector \u00e0 la recherche comme \u00e0 la rencontre de ces m\u00e9tiers d&#8217;art et artisanats d&#8217;excellence qui se font un panache du minimal, de [&hellip;]","og_url":"https:\/\/librairie7l.com\/en\/produit\/eloge-de-lepure-metiers-dart-savoir-faire-dexcellence-creation-contemporaine-2\/","og_site_name":"Librairie 7L","article_modified_time":"2026-04-05T12:33:07+00:00","og_image":[{"width":400,"height":487,"url":"https:\/\/librairie7l.com\/wp-content\/uploads\/2025\/03\/9791020410092_1_75.jpg","type":"image\/jpeg"}],"twitter_card":"summary_large_image","twitter_misc":{"Est. reading time":"1 minute"},"schema":{"@context":"https:\/\/schema.org","@graph":[{"@type":"WebPage","@id":"https:\/\/librairie7l.com\/en\/produit\/eloge-de-lepure-metiers-dart-savoir-faire-dexcellence-creation-contemporaine-2\/","url":"https:\/\/librairie7l.com\/en\/produit\/eloge-de-lepure-metiers-dart-savoir-faire-dexcellence-creation-contemporaine-2\/","name":"Eloge de l'\u00e9pure : M\u00e9tiers d'art, savoir-faire d'excellence, cr\u00e9ation contemporaine - Librairie 7L","isPartOf":{"@id":"https:\/\/librairie7l.com\/en\/#website"},"datePublished":"2025-09-17T07:18:12+00:00","dateModified":"2026-04-05T12:33:07+00:00","breadcrumb":{"@id":"https:\/\/librairie7l.com\/en\/produit\/eloge-de-lepure-metiers-dart-savoir-faire-dexcellence-creation-contemporaine-2\/#breadcrumb"},"inLanguage":"en-US","potentialAction":[{"@type":"ReadAction","target":["https:\/\/librairie7l.com\/en\/produit\/eloge-de-lepure-metiers-dart-savoir-faire-dexcellence-creation-contemporaine-2\/"]}]},{"@type":"BreadcrumbList","@id":"https:\/\/librairie7l.com\/en\/produit\/eloge-de-lepure-metiers-dart-savoir-faire-dexcellence-creation-contemporaine-2\/#breadcrumb","itemListElement":[{"@type":"ListItem","position":1,"name":"Accueil","item":"https:\/\/librairie7l.com\/en\/"},{"@type":"ListItem","position":2,"name":"Shop","item":"https:\/\/librairie7l.com\/en\/shop\/"},{"@type":"ListItem","position":3,"name":"ELOGE DE L&#8217;\u00c9PURE : M\u00c9TIERS D&#8217;ART, SAVOIR-FAIRE D&#8217;EXCELLENCE, CR\u00c9ATION CONTEMPORAINE"}]},{"@type":"WebSite","@id":"https:\/\/librairie7l.com\/en\/#website","url":"https:\/\/librairie7l.com\/en\/","name":"Librairie 7L","description":"Librairie fond\u00e9e en 1999 par Karl Lagerfeld \u00e0 Paris","publisher":{"@id":"https:\/\/librairie7l.com\/en\/#organization"},"potentialAction":[{"@type":"SearchAction","target":{"@type":"EntryPoint","urlTemplate":"https:\/\/librairie7l.com\/en\/?s={search_term_string}"},"query-input":"required name=search_term_string"}],"inLanguage":"en-US"},{"@type":"Organization","@id":"https:\/\/librairie7l.com\/en\/#organization","name":"Librairie 7L","url":"https:\/\/librairie7l.com\/en\/","logo":{"@type":"ImageObject","inLanguage":"en-US","@id":"https:\/\/librairie7l.com\/en\/#\/schema\/logo\/image\/","url":"https:\/\/librairie7l.com\/wp-content\/uploads\/2022\/08\/logo-1.png","contentUrl":"https:\/\/librairie7l.com\/wp-content\/uploads\/2022\/08\/logo-1.png","width":227,"height":301,"caption":"Librairie 7L"},"image":{"@id":"https:\/\/librairie7l.com\/en\/#\/schema\/logo\/image\/"}}]}},"_links":{"self":[{"href":"https:\/\/librairie7l.com\/en\/wp-json\/wp\/v2\/product\/50624"}],"collection":[{"href":"https:\/\/librairie7l.com\/en\/wp-json\/wp\/v2\/product"}],"about":[{"href":"https:\/\/librairie7l.com\/en\/wp-json\/wp\/v2\/types\/product"}],"wp:featuredmedia":[{"embeddable":true,"href":"https:\/\/librairie7l.com\/en\/wp-json\/wp\/v2\/media\/50622"}],"wp:attachment":[{"href":"https:\/\/librairie7l.com\/en\/wp-json\/wp\/v2\/media?parent=50624"}],"wp:term":[{"taxonomy":"product_cat","embeddable":true,"href":"https:\/\/librairie7l.com\/en\/wp-json\/wp\/v2\/product_cat?post=50624"},{"taxonomy":"product_tag","embeddable":true,"href":"https:\/\/librairie7l.com\/en\/wp-json\/wp\/v2\/product_tag?post=50624"}],"curies":[{"name":"wp","href":"https:\/\/api.w.org\/{rel}","templated":true}]}}