{"id":50628,"date":"2025-09-17T09:18:14","date_gmt":"2025-09-17T07:18:14","guid":{"rendered":"https:\/\/librairie7l.com\/?post_type=product&#038;p=50628"},"modified":"2026-04-20T01:51:59","modified_gmt":"2026-04-19T23:51:59","slug":"icones-de-la-mode-hermes-2","status":"publish","type":"product","link":"https:\/\/librairie7l.com\/en\/produit\/icones-de-la-mode-hermes-2\/","title":{"rendered":"IC\u00d4NES DE LA MODE : HERM\u00c8S"},"content":{"rendered":"<p>Ic\u00f4nes de la mode : la collection parfaite pour (re)d\u00e9couvrir l&#8217;oeuvre des plus grandes maisons de cr\u00e9ation.<br \/>\nAtelier de sellerie fond\u00e9 au xixe si\u00e8cle, Herm\u00e8s se fait rapidement un nom aupr\u00e8s de la noblesse europ\u00e9enne gr\u00e2ce \u00e0 l&#8217;excellence de son savoir-faire et son souci du d\u00e9tail. L&#8217;empire familial grandit au fil des d\u00e9cennies et des innovations, consolidant une image toujours \u00e0 part dans le monde de la cr\u00e9ation parisienne : celle du raffinement extr\u00eame mais du rejet du luxe, pour son sillage d&#8217;ostentation. Son r\u00e8gne s&#8217;\u00e9tend bient\u00f4t sur la parfumerie, l&#8217;horlogerie, les arts de la table et le pr\u00eat-\u00e0-porter.<\/p>\n<p>Tout comme elle se refuse \u00e0 laisser le moindre d\u00e9faut sortir de ses ateliers et \u00e0 se soumettre aux tendances, Herm\u00e8s n&#8217;a jamais vers\u00e9 dans le faste. \u00c0 jamais, son nom est li\u00e9 \u00e0 son c\u00e9l\u00e9brissime carr\u00e9 de soie, r\u00e9invent\u00e9 plusieurs fois chaque ann\u00e9e, et au sac Birkin, dont certains mod\u00e8les ont \u00e9t\u00e9 adjug\u00e9s plusieurs centaines de milliers d&#8217;euros aux ench\u00e8res.<\/p>\n<p>Dans ce livre concis, pr\u00e9cis et richement illustr\u00e9, retrouvez les plus grandes et les plus iconiques cr\u00e9ations de la maison, parfaites incarnations du savoir-faire \u00e0 la fran\u00e7aise.<\/p>\n<p>Publication ind\u00e9pendante de la maison Herm\u00e8s.<\/p>\n","protected":false},"excerpt":{"rendered":"<p>Ic\u00f4nes de la mode : la collection parfaite pour (re)d\u00e9couvrir l&#8217;oeuvre des plus grandes maisons de cr\u00e9ation. Atelier de sellerie fond\u00e9 au xixe si\u00e8cle, Herm\u00e8s se fait rapidement un nom aupr\u00e8s de la noblesse europ\u00e9enne gr\u00e2ce \u00e0 l&#8217;excellence de son savoir-faire et son souci du d\u00e9tail. L&#8217;empire familial grandit au fil des d\u00e9cennies et des [&hellip;]<\/p>\n","protected":false},"featured_media":50626,"template":"","meta":[],"product_cat":[2948,2957],"product_tag":[],"acf":[],"yoast_head":"<!-- This site is optimized with the Yoast SEO plugin v20.11 - https:\/\/yoast.com\/wordpress\/plugins\/seo\/ -->\n<title>Ic\u00f4nes de la mode : Herm\u00e8s - Librairie 7L<\/title>\n<meta name=\"robots\" content=\"index, follow, max-snippet:-1, max-image-preview:large, max-video-preview:-1\" \/>\n<link rel=\"canonical\" href=\"https:\/\/librairie7l.com\/en\/produit\/icones-de-la-mode-hermes-2\/\" \/>\n<meta property=\"og:locale\" content=\"en_US\" \/>\n<meta property=\"og:type\" content=\"article\" \/>\n<meta property=\"og:title\" content=\"Ic\u00f4nes de la mode : Herm\u00e8s - Librairie 7L\" \/>\n<meta property=\"og:description\" content=\"Ic\u00f4nes de la mode : la collection parfaite pour (re)d\u00e9couvrir l&#8217;oeuvre des plus grandes maisons de cr\u00e9ation. Atelier de sellerie fond\u00e9 au xixe si\u00e8cle, Herm\u00e8s se fait rapidement un nom aupr\u00e8s de la noblesse europ\u00e9enne gr\u00e2ce \u00e0 l&#8217;excellence de son savoir-faire et son souci du d\u00e9tail. L&#8217;empire familial grandit au fil des d\u00e9cennies et des [&hellip;]\" \/>\n<meta property=\"og:url\" content=\"https:\/\/librairie7l.com\/en\/produit\/icones-de-la-mode-hermes-2\/\" \/>\n<meta property=\"og:site_name\" content=\"Librairie 7L\" \/>\n<meta property=\"article:modified_time\" content=\"2026-04-19T23:51:59+00:00\" \/>\n<meta property=\"og:image\" content=\"https:\/\/librairie7l.com\/wp-content\/uploads\/2025\/04\/9782324036811_1_75.jpg\" \/>\n\t<meta property=\"og:image:width\" content=\"600\" \/>\n\t<meta property=\"og:image:height\" content=\"771\" \/>\n\t<meta property=\"og:image:type\" content=\"image\/jpeg\" \/>\n<meta name=\"twitter:card\" content=\"summary_large_image\" \/>\n<meta name=\"twitter:label1\" content=\"Est. reading time\" \/>\n\t<meta name=\"twitter:data1\" content=\"1 minute\" \/>\n<script type=\"application\/ld+json\" class=\"yoast-schema-graph\">{\"@context\":\"https:\/\/schema.org\",\"@graph\":[{\"@type\":\"WebPage\",\"@id\":\"https:\/\/librairie7l.com\/en\/produit\/icones-de-la-mode-hermes-2\/\",\"url\":\"https:\/\/librairie7l.com\/en\/produit\/icones-de-la-mode-hermes-2\/\",\"name\":\"Ic\u00f4nes de la mode : Herm\u00e8s - Librairie 7L\",\"isPartOf\":{\"@id\":\"https:\/\/librairie7l.com\/en\/#website\"},\"datePublished\":\"2025-09-17T07:18:14+00:00\",\"dateModified\":\"2026-04-19T23:51:59+00:00\",\"breadcrumb\":{\"@id\":\"https:\/\/librairie7l.com\/en\/produit\/icones-de-la-mode-hermes-2\/#breadcrumb\"},\"inLanguage\":\"en-US\",\"potentialAction\":[{\"@type\":\"ReadAction\",\"target\":[\"https:\/\/librairie7l.com\/en\/produit\/icones-de-la-mode-hermes-2\/\"]}]},{\"@type\":\"BreadcrumbList\",\"@id\":\"https:\/\/librairie7l.com\/en\/produit\/icones-de-la-mode-hermes-2\/#breadcrumb\",\"itemListElement\":[{\"@type\":\"ListItem\",\"position\":1,\"name\":\"Accueil\",\"item\":\"https:\/\/librairie7l.com\/en\/\"},{\"@type\":\"ListItem\",\"position\":2,\"name\":\"Shop\",\"item\":\"https:\/\/librairie7l.com\/en\/shop\/\"},{\"@type\":\"ListItem\",\"position\":3,\"name\":\"IC\u00d4NES DE LA MODE : HERM\u00c8S\"}]},{\"@type\":\"WebSite\",\"@id\":\"https:\/\/librairie7l.com\/en\/#website\",\"url\":\"https:\/\/librairie7l.com\/en\/\",\"name\":\"Librairie 7L\",\"description\":\"Librairie fond\u00e9e en 1999 par Karl Lagerfeld \u00e0 Paris\",\"publisher\":{\"@id\":\"https:\/\/librairie7l.com\/en\/#organization\"},\"potentialAction\":[{\"@type\":\"SearchAction\",\"target\":{\"@type\":\"EntryPoint\",\"urlTemplate\":\"https:\/\/librairie7l.com\/en\/?s={search_term_string}\"},\"query-input\":\"required name=search_term_string\"}],\"inLanguage\":\"en-US\"},{\"@type\":\"Organization\",\"@id\":\"https:\/\/librairie7l.com\/en\/#organization\",\"name\":\"Librairie 7L\",\"url\":\"https:\/\/librairie7l.com\/en\/\",\"logo\":{\"@type\":\"ImageObject\",\"inLanguage\":\"en-US\",\"@id\":\"https:\/\/librairie7l.com\/en\/#\/schema\/logo\/image\/\",\"url\":\"https:\/\/librairie7l.com\/wp-content\/uploads\/2022\/08\/logo-1.png\",\"contentUrl\":\"https:\/\/librairie7l.com\/wp-content\/uploads\/2022\/08\/logo-1.png\",\"width\":227,\"height\":301,\"caption\":\"Librairie 7L\"},\"image\":{\"@id\":\"https:\/\/librairie7l.com\/en\/#\/schema\/logo\/image\/\"}}]}<\/script>\n<!-- \/ Yoast SEO plugin. -->","yoast_head_json":{"title":"Ic\u00f4nes de la mode : Herm\u00e8s - Librairie 7L","robots":{"index":"index","follow":"follow","max-snippet":"max-snippet:-1","max-image-preview":"max-image-preview:large","max-video-preview":"max-video-preview:-1"},"canonical":"https:\/\/librairie7l.com\/en\/produit\/icones-de-la-mode-hermes-2\/","og_locale":"en_US","og_type":"article","og_title":"Ic\u00f4nes de la mode : Herm\u00e8s - Librairie 7L","og_description":"Ic\u00f4nes de la mode : la collection parfaite pour (re)d\u00e9couvrir l&#8217;oeuvre des plus grandes maisons de cr\u00e9ation. Atelier de sellerie fond\u00e9 au xixe si\u00e8cle, Herm\u00e8s se fait rapidement un nom aupr\u00e8s de la noblesse europ\u00e9enne gr\u00e2ce \u00e0 l&#8217;excellence de son savoir-faire et son souci du d\u00e9tail. L&#8217;empire familial grandit au fil des d\u00e9cennies et des [&hellip;]","og_url":"https:\/\/librairie7l.com\/en\/produit\/icones-de-la-mode-hermes-2\/","og_site_name":"Librairie 7L","article_modified_time":"2026-04-19T23:51:59+00:00","og_image":[{"width":600,"height":771,"url":"https:\/\/librairie7l.com\/wp-content\/uploads\/2025\/04\/9782324036811_1_75.jpg","type":"image\/jpeg"}],"twitter_card":"summary_large_image","twitter_misc":{"Est. reading time":"1 minute"},"schema":{"@context":"https:\/\/schema.org","@graph":[{"@type":"WebPage","@id":"https:\/\/librairie7l.com\/en\/produit\/icones-de-la-mode-hermes-2\/","url":"https:\/\/librairie7l.com\/en\/produit\/icones-de-la-mode-hermes-2\/","name":"Ic\u00f4nes de la mode : Herm\u00e8s - Librairie 7L","isPartOf":{"@id":"https:\/\/librairie7l.com\/en\/#website"},"datePublished":"2025-09-17T07:18:14+00:00","dateModified":"2026-04-19T23:51:59+00:00","breadcrumb":{"@id":"https:\/\/librairie7l.com\/en\/produit\/icones-de-la-mode-hermes-2\/#breadcrumb"},"inLanguage":"en-US","potentialAction":[{"@type":"ReadAction","target":["https:\/\/librairie7l.com\/en\/produit\/icones-de-la-mode-hermes-2\/"]}]},{"@type":"BreadcrumbList","@id":"https:\/\/librairie7l.com\/en\/produit\/icones-de-la-mode-hermes-2\/#breadcrumb","itemListElement":[{"@type":"ListItem","position":1,"name":"Accueil","item":"https:\/\/librairie7l.com\/en\/"},{"@type":"ListItem","position":2,"name":"Shop","item":"https:\/\/librairie7l.com\/en\/shop\/"},{"@type":"ListItem","position":3,"name":"IC\u00d4NES DE LA MODE : HERM\u00c8S"}]},{"@type":"WebSite","@id":"https:\/\/librairie7l.com\/en\/#website","url":"https:\/\/librairie7l.com\/en\/","name":"Librairie 7L","description":"Librairie fond\u00e9e en 1999 par Karl Lagerfeld \u00e0 Paris","publisher":{"@id":"https:\/\/librairie7l.com\/en\/#organization"},"potentialAction":[{"@type":"SearchAction","target":{"@type":"EntryPoint","urlTemplate":"https:\/\/librairie7l.com\/en\/?s={search_term_string}"},"query-input":"required name=search_term_string"}],"inLanguage":"en-US"},{"@type":"Organization","@id":"https:\/\/librairie7l.com\/en\/#organization","name":"Librairie 7L","url":"https:\/\/librairie7l.com\/en\/","logo":{"@type":"ImageObject","inLanguage":"en-US","@id":"https:\/\/librairie7l.com\/en\/#\/schema\/logo\/image\/","url":"https:\/\/librairie7l.com\/wp-content\/uploads\/2022\/08\/logo-1.png","contentUrl":"https:\/\/librairie7l.com\/wp-content\/uploads\/2022\/08\/logo-1.png","width":227,"height":301,"caption":"Librairie 7L"},"image":{"@id":"https:\/\/librairie7l.com\/en\/#\/schema\/logo\/image\/"}}]}},"_links":{"self":[{"href":"https:\/\/librairie7l.com\/en\/wp-json\/wp\/v2\/product\/50628"}],"collection":[{"href":"https:\/\/librairie7l.com\/en\/wp-json\/wp\/v2\/product"}],"about":[{"href":"https:\/\/librairie7l.com\/en\/wp-json\/wp\/v2\/types\/product"}],"wp:featuredmedia":[{"embeddable":true,"href":"https:\/\/librairie7l.com\/en\/wp-json\/wp\/v2\/media\/50626"}],"wp:attachment":[{"href":"https:\/\/librairie7l.com\/en\/wp-json\/wp\/v2\/media?parent=50628"}],"wp:term":[{"taxonomy":"product_cat","embeddable":true,"href":"https:\/\/librairie7l.com\/en\/wp-json\/wp\/v2\/product_cat?post=50628"},{"taxonomy":"product_tag","embeddable":true,"href":"https:\/\/librairie7l.com\/en\/wp-json\/wp\/v2\/product_tag?post=50628"}],"curies":[{"name":"wp","href":"https:\/\/api.w.org\/{rel}","templated":true}]}}