{"id":50632,"date":"2025-09-17T09:18:19","date_gmt":"2025-09-17T07:18:19","guid":{"rendered":"https:\/\/librairie7l.com\/?post_type=product&#038;p=50632"},"modified":"2026-04-25T22:52:26","modified_gmt":"2026-04-25T20:52:26","slug":"completement-paresseux-et-etourdi-2","status":"publish","type":"product","link":"https:\/\/librairie7l.com\/en\/produit\/completement-paresseux-et-etourdi-2\/","title":{"rendered":"COMPL\u00c8TEMENT PARESSEUX ET \u00c9TOURDI"},"content":{"rendered":"<p>Une parution \u00e9v\u00e9nement :<br \/>\nla premi\u00e8re autobiographie visuelle de Martin Parr, dans laquelle le photographe iconique se d\u00e9voile \u00e0 travers plus de 150 photographies, de ses premi\u00e8res prises de vue \u00e0 ses oeuvres embl\u00e9matiques et actuelles, accompagn\u00e9es de ses souvenirs et r\u00e9flexions personnels sur chaque image.<br \/>\n&#8221; Compl\u00e8tement paresseux et \u00e9tourdi &#8220;, ainsi \u00e9tait d\u00e9crit Martin Parr par sa professeure de fran\u00e7ais sur son bulletin scolaire. De cet esprit non conformiste \u00e0 son statut de g\u00e9nie de la photographie contemporaine, il n&#8217;a cess\u00e9 de d\u00e9concerter et de fasciner.<\/p>\n<p> Ce livre n&#8217;est pas un simple recueil d&#8217;images, mais la toute premi\u00e8re autobiographie imag\u00e9e de l&#8217;artiste, une plong\u00e9e espi\u00e8gle et audacieuse dans l&#8217;univers de l&#8217;un des photographes les plus iconoclastes de notre \u00e9poque.<br \/>\n Pens\u00e9 comme un dialogue entre images et r\u00e9cits, l&#8217;ouvrage rassemble 150 photographies embl\u00e9matiques, accompagn\u00e9es de textes \u00e9crits dans la voix singuli\u00e8re de Parr, en complicit\u00e9 avec Wendy Jones. Ensemble, ils tissent un portrait inattendu et haut en couleur, travers\u00e9 d&#8217;humour, d&#8217;humanit\u00e9 et de cette irr\u00e9v\u00e9rence subtile qui a fait de Parr une figure culte. Son regard aiguis\u00e9 capte l&#8217;absurde du quotidien, transforme l&#8217;ordinaire en une sc\u00e8ne saisissante, o\u00f9 l&#8217;exc\u00e8s, la saturation des couleurs et le d\u00e9tail incongru r\u00e9v\u00e8lent le burlesque du r\u00e9el, que ce soit dans une sc\u00e8ne de plage surpeupl\u00e9e \u00e0 Brighton ou un buffet de mariage d\u00e9bordant de gel\u00e9e fluorescente.<\/p>\n","protected":false},"excerpt":{"rendered":"<p>Une parution \u00e9v\u00e9nement : la premi\u00e8re autobiographie visuelle de Martin Parr, dans laquelle le photographe iconique se d\u00e9voile \u00e0 travers plus de 150 photographies, de ses premi\u00e8res prises de vue \u00e0 ses oeuvres embl\u00e9matiques et actuelles, accompagn\u00e9es de ses souvenirs et r\u00e9flexions personnels sur chaque image. &#8221; Compl\u00e8tement paresseux et \u00e9tourdi &#8220;, ainsi \u00e9tait d\u00e9crit [&hellip;]<\/p>\n","protected":false},"featured_media":50630,"template":"","meta":[],"product_cat":[2948,2958],"product_tag":[],"acf":[],"yoast_head":"<!-- This site is optimized with the Yoast SEO plugin v20.11 - https:\/\/yoast.com\/wordpress\/plugins\/seo\/ -->\n<title>Compl\u00e8tement paresseux et \u00e9tourdi - Librairie 7L<\/title>\n<meta name=\"robots\" content=\"index, follow, max-snippet:-1, max-image-preview:large, max-video-preview:-1\" \/>\n<link rel=\"canonical\" href=\"https:\/\/librairie7l.com\/en\/produit\/completement-paresseux-et-etourdi-2\/\" \/>\n<meta property=\"og:locale\" content=\"en_US\" \/>\n<meta property=\"og:type\" content=\"article\" \/>\n<meta property=\"og:title\" content=\"Compl\u00e8tement paresseux et \u00e9tourdi - Librairie 7L\" \/>\n<meta property=\"og:description\" content=\"Une parution \u00e9v\u00e9nement : la premi\u00e8re autobiographie visuelle de Martin Parr, dans laquelle le photographe iconique se d\u00e9voile \u00e0 travers plus de 150 photographies, de ses premi\u00e8res prises de vue \u00e0 ses oeuvres embl\u00e9matiques et actuelles, accompagn\u00e9es de ses souvenirs et r\u00e9flexions personnels sur chaque image. &#8221; Compl\u00e8tement paresseux et \u00e9tourdi &#8220;, ainsi \u00e9tait d\u00e9crit [&hellip;]\" \/>\n<meta property=\"og:url\" content=\"https:\/\/librairie7l.com\/en\/produit\/completement-paresseux-et-etourdi-2\/\" \/>\n<meta property=\"og:site_name\" content=\"Librairie 7L\" \/>\n<meta property=\"article:modified_time\" content=\"2026-04-25T20:52:26+00:00\" \/>\n<meta property=\"og:image\" content=\"https:\/\/librairie7l.com\/wp-content\/uploads\/2025\/04\/9782749962337_1_75.jpg\" \/>\n\t<meta property=\"og:image:width\" content=\"600\" \/>\n\t<meta property=\"og:image:height\" content=\"813\" \/>\n\t<meta property=\"og:image:type\" content=\"image\/jpeg\" \/>\n<meta name=\"twitter:card\" content=\"summary_large_image\" \/>\n<meta name=\"twitter:label1\" content=\"Est. reading time\" \/>\n\t<meta name=\"twitter:data1\" content=\"1 minute\" \/>\n<script type=\"application\/ld+json\" class=\"yoast-schema-graph\">{\"@context\":\"https:\/\/schema.org\",\"@graph\":[{\"@type\":\"WebPage\",\"@id\":\"https:\/\/librairie7l.com\/en\/produit\/completement-paresseux-et-etourdi-2\/\",\"url\":\"https:\/\/librairie7l.com\/en\/produit\/completement-paresseux-et-etourdi-2\/\",\"name\":\"Compl\u00e8tement paresseux et \u00e9tourdi - Librairie 7L\",\"isPartOf\":{\"@id\":\"https:\/\/librairie7l.com\/en\/#website\"},\"datePublished\":\"2025-09-17T07:18:19+00:00\",\"dateModified\":\"2026-04-25T20:52:26+00:00\",\"breadcrumb\":{\"@id\":\"https:\/\/librairie7l.com\/en\/produit\/completement-paresseux-et-etourdi-2\/#breadcrumb\"},\"inLanguage\":\"en-US\",\"potentialAction\":[{\"@type\":\"ReadAction\",\"target\":[\"https:\/\/librairie7l.com\/en\/produit\/completement-paresseux-et-etourdi-2\/\"]}]},{\"@type\":\"BreadcrumbList\",\"@id\":\"https:\/\/librairie7l.com\/en\/produit\/completement-paresseux-et-etourdi-2\/#breadcrumb\",\"itemListElement\":[{\"@type\":\"ListItem\",\"position\":1,\"name\":\"Accueil\",\"item\":\"https:\/\/librairie7l.com\/en\/\"},{\"@type\":\"ListItem\",\"position\":2,\"name\":\"Shop\",\"item\":\"https:\/\/librairie7l.com\/en\/shop\/\"},{\"@type\":\"ListItem\",\"position\":3,\"name\":\"COMPL\u00c8TEMENT PARESSEUX ET \u00c9TOURDI\"}]},{\"@type\":\"WebSite\",\"@id\":\"https:\/\/librairie7l.com\/en\/#website\",\"url\":\"https:\/\/librairie7l.com\/en\/\",\"name\":\"Librairie 7L\",\"description\":\"Librairie fond\u00e9e en 1999 par Karl Lagerfeld \u00e0 Paris\",\"publisher\":{\"@id\":\"https:\/\/librairie7l.com\/en\/#organization\"},\"potentialAction\":[{\"@type\":\"SearchAction\",\"target\":{\"@type\":\"EntryPoint\",\"urlTemplate\":\"https:\/\/librairie7l.com\/en\/?s={search_term_string}\"},\"query-input\":\"required name=search_term_string\"}],\"inLanguage\":\"en-US\"},{\"@type\":\"Organization\",\"@id\":\"https:\/\/librairie7l.com\/en\/#organization\",\"name\":\"Librairie 7L\",\"url\":\"https:\/\/librairie7l.com\/en\/\",\"logo\":{\"@type\":\"ImageObject\",\"inLanguage\":\"en-US\",\"@id\":\"https:\/\/librairie7l.com\/en\/#\/schema\/logo\/image\/\",\"url\":\"https:\/\/librairie7l.com\/wp-content\/uploads\/2022\/08\/logo-1.png\",\"contentUrl\":\"https:\/\/librairie7l.com\/wp-content\/uploads\/2022\/08\/logo-1.png\",\"width\":227,\"height\":301,\"caption\":\"Librairie 7L\"},\"image\":{\"@id\":\"https:\/\/librairie7l.com\/en\/#\/schema\/logo\/image\/\"}}]}<\/script>\n<!-- \/ Yoast SEO plugin. -->","yoast_head_json":{"title":"Compl\u00e8tement paresseux et \u00e9tourdi - Librairie 7L","robots":{"index":"index","follow":"follow","max-snippet":"max-snippet:-1","max-image-preview":"max-image-preview:large","max-video-preview":"max-video-preview:-1"},"canonical":"https:\/\/librairie7l.com\/en\/produit\/completement-paresseux-et-etourdi-2\/","og_locale":"en_US","og_type":"article","og_title":"Compl\u00e8tement paresseux et \u00e9tourdi - Librairie 7L","og_description":"Une parution \u00e9v\u00e9nement : la premi\u00e8re autobiographie visuelle de Martin Parr, dans laquelle le photographe iconique se d\u00e9voile \u00e0 travers plus de 150 photographies, de ses premi\u00e8res prises de vue \u00e0 ses oeuvres embl\u00e9matiques et actuelles, accompagn\u00e9es de ses souvenirs et r\u00e9flexions personnels sur chaque image. &#8221; Compl\u00e8tement paresseux et \u00e9tourdi &#8220;, ainsi \u00e9tait d\u00e9crit [&hellip;]","og_url":"https:\/\/librairie7l.com\/en\/produit\/completement-paresseux-et-etourdi-2\/","og_site_name":"Librairie 7L","article_modified_time":"2026-04-25T20:52:26+00:00","og_image":[{"width":600,"height":813,"url":"https:\/\/librairie7l.com\/wp-content\/uploads\/2025\/04\/9782749962337_1_75.jpg","type":"image\/jpeg"}],"twitter_card":"summary_large_image","twitter_misc":{"Est. reading time":"1 minute"},"schema":{"@context":"https:\/\/schema.org","@graph":[{"@type":"WebPage","@id":"https:\/\/librairie7l.com\/en\/produit\/completement-paresseux-et-etourdi-2\/","url":"https:\/\/librairie7l.com\/en\/produit\/completement-paresseux-et-etourdi-2\/","name":"Compl\u00e8tement paresseux et \u00e9tourdi - Librairie 7L","isPartOf":{"@id":"https:\/\/librairie7l.com\/en\/#website"},"datePublished":"2025-09-17T07:18:19+00:00","dateModified":"2026-04-25T20:52:26+00:00","breadcrumb":{"@id":"https:\/\/librairie7l.com\/en\/produit\/completement-paresseux-et-etourdi-2\/#breadcrumb"},"inLanguage":"en-US","potentialAction":[{"@type":"ReadAction","target":["https:\/\/librairie7l.com\/en\/produit\/completement-paresseux-et-etourdi-2\/"]}]},{"@type":"BreadcrumbList","@id":"https:\/\/librairie7l.com\/en\/produit\/completement-paresseux-et-etourdi-2\/#breadcrumb","itemListElement":[{"@type":"ListItem","position":1,"name":"Accueil","item":"https:\/\/librairie7l.com\/en\/"},{"@type":"ListItem","position":2,"name":"Shop","item":"https:\/\/librairie7l.com\/en\/shop\/"},{"@type":"ListItem","position":3,"name":"COMPL\u00c8TEMENT PARESSEUX ET \u00c9TOURDI"}]},{"@type":"WebSite","@id":"https:\/\/librairie7l.com\/en\/#website","url":"https:\/\/librairie7l.com\/en\/","name":"Librairie 7L","description":"Librairie fond\u00e9e en 1999 par Karl Lagerfeld \u00e0 Paris","publisher":{"@id":"https:\/\/librairie7l.com\/en\/#organization"},"potentialAction":[{"@type":"SearchAction","target":{"@type":"EntryPoint","urlTemplate":"https:\/\/librairie7l.com\/en\/?s={search_term_string}"},"query-input":"required name=search_term_string"}],"inLanguage":"en-US"},{"@type":"Organization","@id":"https:\/\/librairie7l.com\/en\/#organization","name":"Librairie 7L","url":"https:\/\/librairie7l.com\/en\/","logo":{"@type":"ImageObject","inLanguage":"en-US","@id":"https:\/\/librairie7l.com\/en\/#\/schema\/logo\/image\/","url":"https:\/\/librairie7l.com\/wp-content\/uploads\/2022\/08\/logo-1.png","contentUrl":"https:\/\/librairie7l.com\/wp-content\/uploads\/2022\/08\/logo-1.png","width":227,"height":301,"caption":"Librairie 7L"},"image":{"@id":"https:\/\/librairie7l.com\/en\/#\/schema\/logo\/image\/"}}]}},"_links":{"self":[{"href":"https:\/\/librairie7l.com\/en\/wp-json\/wp\/v2\/product\/50632"}],"collection":[{"href":"https:\/\/librairie7l.com\/en\/wp-json\/wp\/v2\/product"}],"about":[{"href":"https:\/\/librairie7l.com\/en\/wp-json\/wp\/v2\/types\/product"}],"wp:featuredmedia":[{"embeddable":true,"href":"https:\/\/librairie7l.com\/en\/wp-json\/wp\/v2\/media\/50630"}],"wp:attachment":[{"href":"https:\/\/librairie7l.com\/en\/wp-json\/wp\/v2\/media?parent=50632"}],"wp:term":[{"taxonomy":"product_cat","embeddable":true,"href":"https:\/\/librairie7l.com\/en\/wp-json\/wp\/v2\/product_cat?post=50632"},{"taxonomy":"product_tag","embeddable":true,"href":"https:\/\/librairie7l.com\/en\/wp-json\/wp\/v2\/product_tag?post=50632"}],"curies":[{"name":"wp","href":"https:\/\/api.w.org\/{rel}","templated":true}]}}