{"id":50634,"date":"2025-09-17T09:18:21","date_gmt":"2025-09-17T07:18:21","guid":{"rendered":"https:\/\/librairie7l.com\/?post_type=product&#038;p=50634"},"modified":"2026-04-25T22:05:59","modified_gmt":"2026-04-25T20:05:59","slug":"un-aller-simple-pour-le-vietnam-1966-1968-2","status":"publish","type":"product","link":"https:\/\/librairie7l.com\/en\/produit\/un-aller-simple-pour-le-vietnam-1966-1968-2\/","title":{"rendered":"UN ALLER SIMPLE POUR LE VIETNAM (1966-1968)"},"content":{"rendered":"<p>Premi\u00e8re femme \u00e0 recevoir la m\u00e9daille d&#8217;or Robert Capa, qui r\u00e9compense un reporter pour son courage et son esprit d&#8217;ind\u00e9pendance, Catherine Leroy est l&#8217;une des rares femmes photographes \u00e0 couvrir la guerre au Vietnam entre 1966 et 1968.<br \/>\nElle a tout juste vingt-et-un ans lorsqu&#8217;elle s&#8217;envole, avec un aller simple, pour Saigon, avec pour seuls bagages un bo\u00eetier Leica et une centaine de dollars. Tr\u00e8s vite, la jeune femme sympathise avec les soldats am\u00e9ricains et partage leur quotidien &#8211; ils appartiennent \u00e0 la m\u00eame g\u00e9n\u00e9ration. Durant trois ans, elle va couvrir le conflit au plus pr\u00e8s de l&#8217;action. Elle suit les patrouilles en mission, partage avec les soldats leurs rations et couchages de fortune.<br \/>\nSes cadrages serr\u00e9s et sa tr\u00e8s grande proximit\u00e9 avec les Marines saisissent les visages et les corps pris dans la tourmente des tirs. Dans la chaleur et la boue de la jungle vietnamienne, Catherine Leroy capture les moments de courage, de peur, de tension, mais aussi l&#8217;amiti\u00e9, la solidarit\u00e9 et la d\u00e9tresse de jeunes hommes foudroy\u00e9s par la violence du terrain. Son objectif restitue la fulgurance des combats, le d\u00e9sespoir du peuple vietnamien, les ravages de chaque c\u00f4t\u00e9 du conflit. Faite prisonni\u00e8re \u00e0 Hu\u00e9 par les soldats<br \/>\nnord-vietnamiens durant l&#8217;offensive du T\u00eat, elle r\u00e9alise un reportage exceptionnel et fait la couverture de Life.<br \/>\nSes photographies font le tour du monde.<br \/>\nSeule femme civile \u00e0 sauter en parachute avec l&#8217;arm\u00e9e am\u00e9ricaine, Leroy ouvre la voie \u00e0 ses consoeurs reporters de guerre. Ses images, publi\u00e9es dans de prestigieux magazines internationaux, t\u00e9moignent de l&#8217;acuit\u00e9 d&#8217;un regard photographique singulier : celui de l&#8217;une des toutes premi\u00e8res femmes engag\u00e9es au plus pr\u00e8s des combats dans un univers professionnel essentiellement masculin. Son audace, sa curiosit\u00e9, son oeil ac\u00e9r\u00e9 conf\u00e8rent \u00e0 ses photographies une extraordinaire puissance visuelle.<br \/>\nCe livre, qui inclut la correspondance de Catherine Leroy avec ses parents, de 1966 \u00e0 1968, r\u00e9v\u00e8lent l&#8217;\u00e9mergence d&#8217;une jeune photojournaliste et racontent son parcours initiatique : une vie o\u00f9 se m\u00ealent engagement politique, social et f\u00e9ministe.<\/p>\n","protected":false},"excerpt":{"rendered":"<p>Premi\u00e8re femme \u00e0 recevoir la m\u00e9daille d&#8217;or Robert Capa, qui r\u00e9compense un reporter pour son courage et son esprit d&#8217;ind\u00e9pendance, Catherine Leroy est l&#8217;une des rares femmes photographes \u00e0 couvrir la guerre au Vietnam entre 1966 et 1968. Elle a tout juste vingt-et-un ans lorsqu&#8217;elle s&#8217;envole, avec un aller simple, pour Saigon, avec pour seuls [&hellip;]<\/p>\n","protected":false},"featured_media":51292,"template":"","meta":[],"product_cat":[2948,2958],"product_tag":[],"acf":[],"yoast_head":"<!-- This site is optimized with the Yoast SEO plugin v20.11 - https:\/\/yoast.com\/wordpress\/plugins\/seo\/ -->\n<title>Un aller simple pour le Vietnam (1966-1968) - Librairie 7L<\/title>\n<meta name=\"robots\" content=\"index, follow, max-snippet:-1, max-image-preview:large, max-video-preview:-1\" \/>\n<link rel=\"canonical\" href=\"https:\/\/librairie7l.com\/en\/produit\/un-aller-simple-pour-le-vietnam-1966-1968-2\/\" \/>\n<meta property=\"og:locale\" content=\"en_US\" \/>\n<meta property=\"og:type\" content=\"article\" \/>\n<meta property=\"og:title\" content=\"Un aller simple pour le Vietnam (1966-1968) - Librairie 7L\" \/>\n<meta property=\"og:description\" content=\"Premi\u00e8re femme \u00e0 recevoir la m\u00e9daille d&#8217;or Robert Capa, qui r\u00e9compense un reporter pour son courage et son esprit d&#8217;ind\u00e9pendance, Catherine Leroy est l&#8217;une des rares femmes photographes \u00e0 couvrir la guerre au Vietnam entre 1966 et 1968. Elle a tout juste vingt-et-un ans lorsqu&#8217;elle s&#8217;envole, avec un aller simple, pour Saigon, avec pour seuls [&hellip;]\" \/>\n<meta property=\"og:url\" content=\"https:\/\/librairie7l.com\/en\/produit\/un-aller-simple-pour-le-vietnam-1966-1968-2\/\" \/>\n<meta property=\"og:site_name\" content=\"Librairie 7L\" \/>\n<meta property=\"article:modified_time\" content=\"2026-04-25T20:05:59+00:00\" \/>\n<meta name=\"twitter:card\" content=\"summary_large_image\" \/>\n<meta name=\"twitter:label1\" content=\"Est. reading time\" \/>\n\t<meta name=\"twitter:data1\" content=\"2 minutes\" \/>\n<script type=\"application\/ld+json\" class=\"yoast-schema-graph\">{\"@context\":\"https:\/\/schema.org\",\"@graph\":[{\"@type\":\"WebPage\",\"@id\":\"https:\/\/librairie7l.com\/en\/produit\/un-aller-simple-pour-le-vietnam-1966-1968-2\/\",\"url\":\"https:\/\/librairie7l.com\/en\/produit\/un-aller-simple-pour-le-vietnam-1966-1968-2\/\",\"name\":\"Un aller simple pour le Vietnam (1966-1968) - Librairie 7L\",\"isPartOf\":{\"@id\":\"https:\/\/librairie7l.com\/en\/#website\"},\"datePublished\":\"2025-09-17T07:18:21+00:00\",\"dateModified\":\"2026-04-25T20:05:59+00:00\",\"breadcrumb\":{\"@id\":\"https:\/\/librairie7l.com\/en\/produit\/un-aller-simple-pour-le-vietnam-1966-1968-2\/#breadcrumb\"},\"inLanguage\":\"en-US\",\"potentialAction\":[{\"@type\":\"ReadAction\",\"target\":[\"https:\/\/librairie7l.com\/en\/produit\/un-aller-simple-pour-le-vietnam-1966-1968-2\/\"]}]},{\"@type\":\"BreadcrumbList\",\"@id\":\"https:\/\/librairie7l.com\/en\/produit\/un-aller-simple-pour-le-vietnam-1966-1968-2\/#breadcrumb\",\"itemListElement\":[{\"@type\":\"ListItem\",\"position\":1,\"name\":\"Accueil\",\"item\":\"https:\/\/librairie7l.com\/en\/\"},{\"@type\":\"ListItem\",\"position\":2,\"name\":\"Shop\",\"item\":\"https:\/\/librairie7l.com\/en\/shop\/\"},{\"@type\":\"ListItem\",\"position\":3,\"name\":\"UN ALLER SIMPLE POUR LE VIETNAM (1966-1968)\"}]},{\"@type\":\"WebSite\",\"@id\":\"https:\/\/librairie7l.com\/en\/#website\",\"url\":\"https:\/\/librairie7l.com\/en\/\",\"name\":\"Librairie 7L\",\"description\":\"Librairie fond\u00e9e en 1999 par Karl Lagerfeld \u00e0 Paris\",\"publisher\":{\"@id\":\"https:\/\/librairie7l.com\/en\/#organization\"},\"potentialAction\":[{\"@type\":\"SearchAction\",\"target\":{\"@type\":\"EntryPoint\",\"urlTemplate\":\"https:\/\/librairie7l.com\/en\/?s={search_term_string}\"},\"query-input\":\"required name=search_term_string\"}],\"inLanguage\":\"en-US\"},{\"@type\":\"Organization\",\"@id\":\"https:\/\/librairie7l.com\/en\/#organization\",\"name\":\"Librairie 7L\",\"url\":\"https:\/\/librairie7l.com\/en\/\",\"logo\":{\"@type\":\"ImageObject\",\"inLanguage\":\"en-US\",\"@id\":\"https:\/\/librairie7l.com\/en\/#\/schema\/logo\/image\/\",\"url\":\"https:\/\/librairie7l.com\/wp-content\/uploads\/2022\/08\/logo-1.png\",\"contentUrl\":\"https:\/\/librairie7l.com\/wp-content\/uploads\/2022\/08\/logo-1.png\",\"width\":227,\"height\":301,\"caption\":\"Librairie 7L\"},\"image\":{\"@id\":\"https:\/\/librairie7l.com\/en\/#\/schema\/logo\/image\/\"}}]}<\/script>\n<!-- \/ Yoast SEO plugin. -->","yoast_head_json":{"title":"Un aller simple pour le Vietnam (1966-1968) - Librairie 7L","robots":{"index":"index","follow":"follow","max-snippet":"max-snippet:-1","max-image-preview":"max-image-preview:large","max-video-preview":"max-video-preview:-1"},"canonical":"https:\/\/librairie7l.com\/en\/produit\/un-aller-simple-pour-le-vietnam-1966-1968-2\/","og_locale":"en_US","og_type":"article","og_title":"Un aller simple pour le Vietnam (1966-1968) - Librairie 7L","og_description":"Premi\u00e8re femme \u00e0 recevoir la m\u00e9daille d&#8217;or Robert Capa, qui r\u00e9compense un reporter pour son courage et son esprit d&#8217;ind\u00e9pendance, Catherine Leroy est l&#8217;une des rares femmes photographes \u00e0 couvrir la guerre au Vietnam entre 1966 et 1968. Elle a tout juste vingt-et-un ans lorsqu&#8217;elle s&#8217;envole, avec un aller simple, pour Saigon, avec pour seuls [&hellip;]","og_url":"https:\/\/librairie7l.com\/en\/produit\/un-aller-simple-pour-le-vietnam-1966-1968-2\/","og_site_name":"Librairie 7L","article_modified_time":"2026-04-25T20:05:59+00:00","twitter_card":"summary_large_image","twitter_misc":{"Est. reading time":"2 minutes"},"schema":{"@context":"https:\/\/schema.org","@graph":[{"@type":"WebPage","@id":"https:\/\/librairie7l.com\/en\/produit\/un-aller-simple-pour-le-vietnam-1966-1968-2\/","url":"https:\/\/librairie7l.com\/en\/produit\/un-aller-simple-pour-le-vietnam-1966-1968-2\/","name":"Un aller simple pour le Vietnam (1966-1968) - Librairie 7L","isPartOf":{"@id":"https:\/\/librairie7l.com\/en\/#website"},"datePublished":"2025-09-17T07:18:21+00:00","dateModified":"2026-04-25T20:05:59+00:00","breadcrumb":{"@id":"https:\/\/librairie7l.com\/en\/produit\/un-aller-simple-pour-le-vietnam-1966-1968-2\/#breadcrumb"},"inLanguage":"en-US","potentialAction":[{"@type":"ReadAction","target":["https:\/\/librairie7l.com\/en\/produit\/un-aller-simple-pour-le-vietnam-1966-1968-2\/"]}]},{"@type":"BreadcrumbList","@id":"https:\/\/librairie7l.com\/en\/produit\/un-aller-simple-pour-le-vietnam-1966-1968-2\/#breadcrumb","itemListElement":[{"@type":"ListItem","position":1,"name":"Accueil","item":"https:\/\/librairie7l.com\/en\/"},{"@type":"ListItem","position":2,"name":"Shop","item":"https:\/\/librairie7l.com\/en\/shop\/"},{"@type":"ListItem","position":3,"name":"UN ALLER SIMPLE POUR LE VIETNAM (1966-1968)"}]},{"@type":"WebSite","@id":"https:\/\/librairie7l.com\/en\/#website","url":"https:\/\/librairie7l.com\/en\/","name":"Librairie 7L","description":"Librairie fond\u00e9e en 1999 par Karl Lagerfeld \u00e0 Paris","publisher":{"@id":"https:\/\/librairie7l.com\/en\/#organization"},"potentialAction":[{"@type":"SearchAction","target":{"@type":"EntryPoint","urlTemplate":"https:\/\/librairie7l.com\/en\/?s={search_term_string}"},"query-input":"required name=search_term_string"}],"inLanguage":"en-US"},{"@type":"Organization","@id":"https:\/\/librairie7l.com\/en\/#organization","name":"Librairie 7L","url":"https:\/\/librairie7l.com\/en\/","logo":{"@type":"ImageObject","inLanguage":"en-US","@id":"https:\/\/librairie7l.com\/en\/#\/schema\/logo\/image\/","url":"https:\/\/librairie7l.com\/wp-content\/uploads\/2022\/08\/logo-1.png","contentUrl":"https:\/\/librairie7l.com\/wp-content\/uploads\/2022\/08\/logo-1.png","width":227,"height":301,"caption":"Librairie 7L"},"image":{"@id":"https:\/\/librairie7l.com\/en\/#\/schema\/logo\/image\/"}}]}},"_links":{"self":[{"href":"https:\/\/librairie7l.com\/en\/wp-json\/wp\/v2\/product\/50634"}],"collection":[{"href":"https:\/\/librairie7l.com\/en\/wp-json\/wp\/v2\/product"}],"about":[{"href":"https:\/\/librairie7l.com\/en\/wp-json\/wp\/v2\/types\/product"}],"wp:featuredmedia":[{"embeddable":true,"href":"https:\/\/librairie7l.com\/en\/wp-json\/wp\/v2\/media\/51292"}],"wp:attachment":[{"href":"https:\/\/librairie7l.com\/en\/wp-json\/wp\/v2\/media?parent=50634"}],"wp:term":[{"taxonomy":"product_cat","embeddable":true,"href":"https:\/\/librairie7l.com\/en\/wp-json\/wp\/v2\/product_cat?post=50634"},{"taxonomy":"product_tag","embeddable":true,"href":"https:\/\/librairie7l.com\/en\/wp-json\/wp\/v2\/product_tag?post=50634"}],"curies":[{"name":"wp","href":"https:\/\/api.w.org\/{rel}","templated":true}]}}