{"id":50638,"date":"2025-09-17T09:18:26","date_gmt":"2025-09-17T07:18:26","guid":{"rendered":"https:\/\/librairie7l.com\/?post_type=product&#038;p=50638"},"modified":"2026-04-20T00:15:05","modified_gmt":"2026-04-19T22:15:05","slug":"de-la-scene-a-la-ville-modes-de-scene-et-modes-de-ville-de-louis-xvi-aux-ballets-russes-2","status":"publish","type":"product","link":"https:\/\/librairie7l.com\/en\/produit\/de-la-scene-a-la-ville-modes-de-scene-et-modes-de-ville-de-louis-xvi-aux-ballets-russes-2\/","title":{"rendered":"DE LA SC\u00c8NE \u00c0 LA VILLE : MODES DE SC\u00c8NE ET MODES DE VILLE DE LOUIS XVI AUX BALLETS RUSSES"},"content":{"rendered":"<p>Premier ouvrage \u00e0 \u00e9tudier les relations qu&#8217;ont entretenues au cours de l&#8217;histoire les modes de sc\u00e8ne et les modes de ville, De la sc\u00e8ne \u00e0 la ville d\u00e9montre l&#8217;influence pr\u00e9pond\u00e9rante exerc\u00e9e dans ce domaine par le th\u00e9\u00e2tre, lui-m\u00eame parfois conquis par la mode pr\u00e9sente en ville.<br \/>\nDe Louis XVI aux Ballets russes, quelles relations ont entretenu les modes de sc\u00e8ne et celles de ville ? Premier ouvrage \u00e0 traiter ce sujet, cette analyse d\u00e9montre l&#8217;influence pr\u00e9pond\u00e9rante exerc\u00e9e par le th\u00e9\u00e2tre, m\u00eame si, de temps \u00e0 autre, la mode de ville a conquis la sc\u00e8ne.<\/p>\n<p>La migration des costumes de sc\u00e8ne et de leurs motifs fut rarement directe, aussi chaque p\u00e9riode a-t-elle imagin\u00e9 des interm\u00e9diaires qui permettaient de tester les nouveaut\u00e9s. Le premier fut l&#8217;image : au XVIIIe si\u00e8cle, ce fut le portrait, au XIXe si\u00e8cle les gravures. Second interm\u00e9diaire, le bal costum\u00e9, \u00e0 son apog\u00e9e sous la Restauration &#8211; pensons au Quadrille de Marie Stuart organis\u00e9 par la duchesse de Berry. Ces bals offraient l&#8217;occasion d&#8217;exp\u00e9rimenter, par exemple, manches transparentes ou en gigot. Au cours de la seconde moiti\u00e9 du xixe si\u00e8cle, la starisation de Sarah Bernhardt conduisit les femmes \u00e0 adopter les modes que celle-ci avait lanc\u00e9es. Et \u00e0 la fin du XIXe si\u00e8cle, la photographie conjointement avec la presse tint ce r\u00f4le de m\u00e9diateur : les photographes mettaient en sc\u00e8ne actrices et dames de la haute soci\u00e9t\u00e9, au b\u00e9n\u00e9fice de la haute couture. Puis peu avant la Grande Guerre, ce fut un couturier, Paul Poiret, qui gr\u00e2ce aux f\u00eates et aux bals persans d\u00e9veloppa cette fonction d&#8217;interm\u00e9diaire entre les Ballets russes et la haute couture, contribuant \u00e0 modifier la mode. Il fut suivi par une nouvelle r\u00e9volution : on osa afficher sur sc\u00e8ne des tenues sportives d&#8217;abord pr\u00f4n\u00e9es par Nijinski dans Jeux puis par Chanel dans Le Train bleu.<br \/>\n Au cours des ann\u00e9es 1930, le d\u00e9veloppement du cin\u00e9ma hollywoodien devint rapidement un concurrent s\u00e9rieux pour les modes de th\u00e9\u00e2tre : les stars am\u00e9ricaines devinrent les mod\u00e8les \u00e0 suivre, mais c&#8217;est un autre sujet&#8230;<\/p>\n","protected":false},"excerpt":{"rendered":"<p>Premier ouvrage \u00e0 \u00e9tudier les relations qu&#8217;ont entretenues au cours de l&#8217;histoire les modes de sc\u00e8ne et les modes de ville, De la sc\u00e8ne \u00e0 la ville d\u00e9montre l&#8217;influence pr\u00e9pond\u00e9rante exerc\u00e9e dans ce domaine par le th\u00e9\u00e2tre, lui-m\u00eame parfois conquis par la mode pr\u00e9sente en ville. De Louis XVI aux Ballets russes, quelles relations ont [&hellip;]<\/p>\n","protected":false},"featured_media":50636,"template":"","meta":[],"product_cat":[2948,2957],"product_tag":[],"acf":[],"yoast_head":"<!-- This site is optimized with the Yoast SEO plugin v20.11 - https:\/\/yoast.com\/wordpress\/plugins\/seo\/ -->\n<title>De la sc\u00e8ne \u00e0 la ville : Modes de sc\u00e8ne et modes de ville de Louis XVI aux Ballets russes - Librairie 7L<\/title>\n<meta name=\"robots\" content=\"index, follow, max-snippet:-1, max-image-preview:large, max-video-preview:-1\" \/>\n<link rel=\"canonical\" href=\"https:\/\/librairie7l.com\/en\/produit\/de-la-scene-a-la-ville-modes-de-scene-et-modes-de-ville-de-louis-xvi-aux-ballets-russes-2\/\" \/>\n<meta property=\"og:locale\" content=\"en_US\" \/>\n<meta property=\"og:type\" content=\"article\" \/>\n<meta property=\"og:title\" content=\"De la sc\u00e8ne \u00e0 la ville : Modes de sc\u00e8ne et modes de ville de Louis XVI aux Ballets russes - Librairie 7L\" \/>\n<meta property=\"og:description\" content=\"Premier ouvrage \u00e0 \u00e9tudier les relations qu&#8217;ont entretenues au cours de l&#8217;histoire les modes de sc\u00e8ne et les modes de ville, De la sc\u00e8ne \u00e0 la ville d\u00e9montre l&#8217;influence pr\u00e9pond\u00e9rante exerc\u00e9e dans ce domaine par le th\u00e9\u00e2tre, lui-m\u00eame parfois conquis par la mode pr\u00e9sente en ville. De Louis XVI aux Ballets russes, quelles relations ont [&hellip;]\" \/>\n<meta property=\"og:url\" content=\"https:\/\/librairie7l.com\/en\/produit\/de-la-scene-a-la-ville-modes-de-scene-et-modes-de-ville-de-louis-xvi-aux-ballets-russes-2\/\" \/>\n<meta property=\"og:site_name\" content=\"Librairie 7L\" \/>\n<meta property=\"article:modified_time\" content=\"2026-04-19T22:15:05+00:00\" \/>\n<meta property=\"og:image\" content=\"https:\/\/librairie7l.com\/wp-content\/uploads\/2025\/02\/9782847425345_1_75.jpg\" \/>\n\t<meta property=\"og:image:width\" content=\"600\" \/>\n\t<meta property=\"og:image:height\" content=\"754\" \/>\n\t<meta property=\"og:image:type\" content=\"image\/jpeg\" \/>\n<meta name=\"twitter:card\" content=\"summary_large_image\" \/>\n<meta name=\"twitter:label1\" content=\"Est. reading time\" \/>\n\t<meta name=\"twitter:data1\" content=\"2 minutes\" \/>\n<script type=\"application\/ld+json\" class=\"yoast-schema-graph\">{\"@context\":\"https:\/\/schema.org\",\"@graph\":[{\"@type\":\"WebPage\",\"@id\":\"https:\/\/librairie7l.com\/en\/produit\/de-la-scene-a-la-ville-modes-de-scene-et-modes-de-ville-de-louis-xvi-aux-ballets-russes-2\/\",\"url\":\"https:\/\/librairie7l.com\/en\/produit\/de-la-scene-a-la-ville-modes-de-scene-et-modes-de-ville-de-louis-xvi-aux-ballets-russes-2\/\",\"name\":\"De la sc\u00e8ne \u00e0 la ville : Modes de sc\u00e8ne et modes de ville de Louis XVI aux Ballets russes - Librairie 7L\",\"isPartOf\":{\"@id\":\"https:\/\/librairie7l.com\/en\/#website\"},\"datePublished\":\"2025-09-17T07:18:26+00:00\",\"dateModified\":\"2026-04-19T22:15:05+00:00\",\"breadcrumb\":{\"@id\":\"https:\/\/librairie7l.com\/en\/produit\/de-la-scene-a-la-ville-modes-de-scene-et-modes-de-ville-de-louis-xvi-aux-ballets-russes-2\/#breadcrumb\"},\"inLanguage\":\"en-US\",\"potentialAction\":[{\"@type\":\"ReadAction\",\"target\":[\"https:\/\/librairie7l.com\/en\/produit\/de-la-scene-a-la-ville-modes-de-scene-et-modes-de-ville-de-louis-xvi-aux-ballets-russes-2\/\"]}]},{\"@type\":\"BreadcrumbList\",\"@id\":\"https:\/\/librairie7l.com\/en\/produit\/de-la-scene-a-la-ville-modes-de-scene-et-modes-de-ville-de-louis-xvi-aux-ballets-russes-2\/#breadcrumb\",\"itemListElement\":[{\"@type\":\"ListItem\",\"position\":1,\"name\":\"Accueil\",\"item\":\"https:\/\/librairie7l.com\/en\/\"},{\"@type\":\"ListItem\",\"position\":2,\"name\":\"Shop\",\"item\":\"https:\/\/librairie7l.com\/en\/shop\/\"},{\"@type\":\"ListItem\",\"position\":3,\"name\":\"DE LA SC\u00c8NE \u00c0 LA VILLE : MODES DE SC\u00c8NE ET MODES DE VILLE DE LOUIS XVI AUX BALLETS RUSSES\"}]},{\"@type\":\"WebSite\",\"@id\":\"https:\/\/librairie7l.com\/en\/#website\",\"url\":\"https:\/\/librairie7l.com\/en\/\",\"name\":\"Librairie 7L\",\"description\":\"Librairie fond\u00e9e en 1999 par Karl Lagerfeld \u00e0 Paris\",\"publisher\":{\"@id\":\"https:\/\/librairie7l.com\/en\/#organization\"},\"potentialAction\":[{\"@type\":\"SearchAction\",\"target\":{\"@type\":\"EntryPoint\",\"urlTemplate\":\"https:\/\/librairie7l.com\/en\/?s={search_term_string}\"},\"query-input\":\"required name=search_term_string\"}],\"inLanguage\":\"en-US\"},{\"@type\":\"Organization\",\"@id\":\"https:\/\/librairie7l.com\/en\/#organization\",\"name\":\"Librairie 7L\",\"url\":\"https:\/\/librairie7l.com\/en\/\",\"logo\":{\"@type\":\"ImageObject\",\"inLanguage\":\"en-US\",\"@id\":\"https:\/\/librairie7l.com\/en\/#\/schema\/logo\/image\/\",\"url\":\"https:\/\/librairie7l.com\/wp-content\/uploads\/2022\/08\/logo-1.png\",\"contentUrl\":\"https:\/\/librairie7l.com\/wp-content\/uploads\/2022\/08\/logo-1.png\",\"width\":227,\"height\":301,\"caption\":\"Librairie 7L\"},\"image\":{\"@id\":\"https:\/\/librairie7l.com\/en\/#\/schema\/logo\/image\/\"}}]}<\/script>\n<!-- \/ Yoast SEO plugin. -->","yoast_head_json":{"title":"De la sc\u00e8ne \u00e0 la ville : Modes de sc\u00e8ne et modes de ville de Louis XVI aux Ballets russes - Librairie 7L","robots":{"index":"index","follow":"follow","max-snippet":"max-snippet:-1","max-image-preview":"max-image-preview:large","max-video-preview":"max-video-preview:-1"},"canonical":"https:\/\/librairie7l.com\/en\/produit\/de-la-scene-a-la-ville-modes-de-scene-et-modes-de-ville-de-louis-xvi-aux-ballets-russes-2\/","og_locale":"en_US","og_type":"article","og_title":"De la sc\u00e8ne \u00e0 la ville : Modes de sc\u00e8ne et modes de ville de Louis XVI aux Ballets russes - Librairie 7L","og_description":"Premier ouvrage \u00e0 \u00e9tudier les relations qu&#8217;ont entretenues au cours de l&#8217;histoire les modes de sc\u00e8ne et les modes de ville, De la sc\u00e8ne \u00e0 la ville d\u00e9montre l&#8217;influence pr\u00e9pond\u00e9rante exerc\u00e9e dans ce domaine par le th\u00e9\u00e2tre, lui-m\u00eame parfois conquis par la mode pr\u00e9sente en ville. De Louis XVI aux Ballets russes, quelles relations ont [&hellip;]","og_url":"https:\/\/librairie7l.com\/en\/produit\/de-la-scene-a-la-ville-modes-de-scene-et-modes-de-ville-de-louis-xvi-aux-ballets-russes-2\/","og_site_name":"Librairie 7L","article_modified_time":"2026-04-19T22:15:05+00:00","og_image":[{"width":600,"height":754,"url":"https:\/\/librairie7l.com\/wp-content\/uploads\/2025\/02\/9782847425345_1_75.jpg","type":"image\/jpeg"}],"twitter_card":"summary_large_image","twitter_misc":{"Est. reading time":"2 minutes"},"schema":{"@context":"https:\/\/schema.org","@graph":[{"@type":"WebPage","@id":"https:\/\/librairie7l.com\/en\/produit\/de-la-scene-a-la-ville-modes-de-scene-et-modes-de-ville-de-louis-xvi-aux-ballets-russes-2\/","url":"https:\/\/librairie7l.com\/en\/produit\/de-la-scene-a-la-ville-modes-de-scene-et-modes-de-ville-de-louis-xvi-aux-ballets-russes-2\/","name":"De la sc\u00e8ne \u00e0 la ville : Modes de sc\u00e8ne et modes de ville de Louis XVI aux Ballets russes - Librairie 7L","isPartOf":{"@id":"https:\/\/librairie7l.com\/en\/#website"},"datePublished":"2025-09-17T07:18:26+00:00","dateModified":"2026-04-19T22:15:05+00:00","breadcrumb":{"@id":"https:\/\/librairie7l.com\/en\/produit\/de-la-scene-a-la-ville-modes-de-scene-et-modes-de-ville-de-louis-xvi-aux-ballets-russes-2\/#breadcrumb"},"inLanguage":"en-US","potentialAction":[{"@type":"ReadAction","target":["https:\/\/librairie7l.com\/en\/produit\/de-la-scene-a-la-ville-modes-de-scene-et-modes-de-ville-de-louis-xvi-aux-ballets-russes-2\/"]}]},{"@type":"BreadcrumbList","@id":"https:\/\/librairie7l.com\/en\/produit\/de-la-scene-a-la-ville-modes-de-scene-et-modes-de-ville-de-louis-xvi-aux-ballets-russes-2\/#breadcrumb","itemListElement":[{"@type":"ListItem","position":1,"name":"Accueil","item":"https:\/\/librairie7l.com\/en\/"},{"@type":"ListItem","position":2,"name":"Shop","item":"https:\/\/librairie7l.com\/en\/shop\/"},{"@type":"ListItem","position":3,"name":"DE LA SC\u00c8NE \u00c0 LA VILLE : MODES DE SC\u00c8NE ET MODES DE VILLE DE LOUIS XVI AUX BALLETS RUSSES"}]},{"@type":"WebSite","@id":"https:\/\/librairie7l.com\/en\/#website","url":"https:\/\/librairie7l.com\/en\/","name":"Librairie 7L","description":"Librairie fond\u00e9e en 1999 par Karl Lagerfeld \u00e0 Paris","publisher":{"@id":"https:\/\/librairie7l.com\/en\/#organization"},"potentialAction":[{"@type":"SearchAction","target":{"@type":"EntryPoint","urlTemplate":"https:\/\/librairie7l.com\/en\/?s={search_term_string}"},"query-input":"required name=search_term_string"}],"inLanguage":"en-US"},{"@type":"Organization","@id":"https:\/\/librairie7l.com\/en\/#organization","name":"Librairie 7L","url":"https:\/\/librairie7l.com\/en\/","logo":{"@type":"ImageObject","inLanguage":"en-US","@id":"https:\/\/librairie7l.com\/en\/#\/schema\/logo\/image\/","url":"https:\/\/librairie7l.com\/wp-content\/uploads\/2022\/08\/logo-1.png","contentUrl":"https:\/\/librairie7l.com\/wp-content\/uploads\/2022\/08\/logo-1.png","width":227,"height":301,"caption":"Librairie 7L"},"image":{"@id":"https:\/\/librairie7l.com\/en\/#\/schema\/logo\/image\/"}}]}},"_links":{"self":[{"href":"https:\/\/librairie7l.com\/en\/wp-json\/wp\/v2\/product\/50638"}],"collection":[{"href":"https:\/\/librairie7l.com\/en\/wp-json\/wp\/v2\/product"}],"about":[{"href":"https:\/\/librairie7l.com\/en\/wp-json\/wp\/v2\/types\/product"}],"wp:featuredmedia":[{"embeddable":true,"href":"https:\/\/librairie7l.com\/en\/wp-json\/wp\/v2\/media\/50636"}],"wp:attachment":[{"href":"https:\/\/librairie7l.com\/en\/wp-json\/wp\/v2\/media?parent=50638"}],"wp:term":[{"taxonomy":"product_cat","embeddable":true,"href":"https:\/\/librairie7l.com\/en\/wp-json\/wp\/v2\/product_cat?post=50638"},{"taxonomy":"product_tag","embeddable":true,"href":"https:\/\/librairie7l.com\/en\/wp-json\/wp\/v2\/product_tag?post=50638"}],"curies":[{"name":"wp","href":"https:\/\/api.w.org\/{rel}","templated":true}]}}